{"id":7776,"date":"2024-06-26T12:38:34","date_gmt":"2024-06-26T10:38:34","guid":{"rendered":"https:\/\/pkbmachines.com\/?page_id=7776"},"modified":"2025-01-28T17:23:21","modified_gmt":"2025-01-28T16:23:21","slug":"politique-de-confidentialite-2","status":"publish","type":"page","link":"https:\/\/pkbmachines.com\/fr\/politique-de-confidentialite-2\/","title":{"rendered":"Mentions l\u00e9gales"},"content":{"rendered":"<h4>I. \u00c9diteur<\/h4>\n<p>D\u00e9nomination sociale\u00a0: PKB Forme juridique\u00a0: Soci\u00e9t\u00e9 par actions simplifi\u00e9e Capital Social\u00a0: 500\u00a0000,00\u00a0\u20ac Adresse\u00a0: 1 route d\u2019Orl\u00e9ans \u2013 27930 ANGERVILLE-LA-CAMPAGNE Num\u00e9ro RCS\u00a0: 552 150 146 Num\u00e9ro de TVA\u00a0: FR74552150146 \u00c9diteur\u00a0: Jana BLAYBEL \u2013 j.blaybel@pkb.fr E-mail\u00a0: pkb@pkb.fr T\u00e9l\u00e9phone\u00a0: 02 32 37 96 32<\/p>\n<h4>II. H\u00e9bergeur<\/h4>\n<p>D\u00e9nomination sociale\u00a0: OVH Forme juridique\u00a0: Soci\u00e9t\u00e9 par actions simplifi\u00e9e Si\u00e8ge Social\u00a0: 2 Kellermann Street \u2013 59100 ROUBAIX T\u00e9l\u00e9phone\u00a0: https:\/\/www.ovhcloud.com\/en\/contact\/<\/p>\n<h4>III. Propri\u00e9t\u00e9 intellectuelle<\/h4>\n<p>Tous les \u00e9l\u00e9ments de texte, photos, vid\u00e9os, donn\u00e9es, affiches, logos, marques et autres \u00e9l\u00e9ments reproduits sur le site sont r\u00e9serv\u00e9s et prot\u00e9g\u00e9s par le droit de la propri\u00e9t\u00e9 intellectuelle, notamment le droit d\u2019auteur, les droits connexes, le droit des marques et la l\u00e9gislation sur la protection des bases de donn\u00e9es. Par cons\u00e9quent, aucune exploitation, diffusion, reproduction ou autre utilisation m\u00eame partielle de ces \u00e9l\u00e9ments ne peut \u00eatre faite sans l\u2019autorisation expresse de leur auteur, conform\u00e9ment aux articles L\u00a0111-1, L\u00a0122-1 et L\u00a0122-4 du Code de la propri\u00e9t\u00e9 intellectuelle. Toute violation de ces dispositions constitue une infraction et peut faire l\u2019objet de poursuites judiciaires, y compris de sanctions p\u00e9nales.<\/p>\n<h4>IV. Politique de confidentialit\u00e9<\/h4>\n<p>Voir notre politique de confidentialit\u00e9<\/p>\n","protected":false},"excerpt":{"rendered":"<p>I. \u00c9diteur D\u00e9nomination sociale\u00a0: PKB Forme juridique\u00a0: Soci\u00e9t\u00e9 par actions simplifi\u00e9e Capital Social\u00a0: 500\u00a0000,00\u00a0\u20ac Adresse\u00a0: 1 route d\u2019Orl\u00e9ans \u2013 27930 ANGERVILLE-LA-CAMPAGNE Num\u00e9ro RCS\u00a0: 552 150 146 Num\u00e9ro de TVA\u00a0: FR74552150146 \u00c9diteur\u00a0: Jana BLAYBEL \u2013 j.blaybel@pkb.fr E-mail\u00a0: pkb@pkb.fr T\u00e9l\u00e9phone\u00a0: 02 32 37 96 32 II. H\u00e9bergeur D\u00e9nomination sociale\u00a0: OVH Forme juridique\u00a0: Soci\u00e9t\u00e9 par actions simplifi\u00e9e Si\u00e8ge [&hellip;]<\/p>\n","protected":false},"author":2,"featured_media":0,"parent":0,"menu_order":26,"comment_status":"closed","ping_status":"closed","template":"","meta":{"_acf_changed":false,"inline_featured_image":false,"footnotes":""},"class_list":["post-7776","page","type-page","status-publish","hentry"],"acf":[],"yoast_head":"<!-- This site is optimized with the Yoast SEO plugin v27.1.1 - https:\/\/yoast.com\/product\/yoast-seo-wordpress\/ -->\n<title>Mentions l\u00e9gales - PKB<\/title>\n<meta name=\"robots\" content=\"index, follow, max-snippet:-1, max-image-preview:large, max-video-preview:-1\" \/>\n<link rel=\"canonical\" href=\"https:\/\/pkbmachines.com\/fr\/politique-de-confidentialite-2\/\" \/>\n<meta property=\"og:locale\" content=\"fr_FR\" \/>\n<meta property=\"og:type\" content=\"article\" \/>\n<meta property=\"og:title\" content=\"Mentions l\u00e9gales - PKB\" \/>\n<meta property=\"og:description\" content=\"I. \u00c9diteur D\u00e9nomination sociale\u00a0: PKB Forme juridique\u00a0: Soci\u00e9t\u00e9 par actions simplifi\u00e9e Capital Social\u00a0: 500\u00a0000,00\u00a0\u20ac Adresse\u00a0: 1 route d\u2019Orl\u00e9ans \u2013 27930 ANGERVILLE-LA-CAMPAGNE Num\u00e9ro RCS\u00a0: 552 150 146 Num\u00e9ro de TVA\u00a0: FR74552150146 \u00c9diteur\u00a0: Jana BLAYBEL \u2013 j.blaybel@pkb.fr E-mail\u00a0: pkb@pkb.fr T\u00e9l\u00e9phone\u00a0: 02 32 37 96 32 II. H\u00e9bergeur D\u00e9nomination sociale\u00a0: OVH Forme juridique\u00a0: Soci\u00e9t\u00e9 par actions simplifi\u00e9e Si\u00e8ge [&hellip;]\" \/>\n<meta property=\"og:url\" content=\"https:\/\/pkbmachines.com\/fr\/politique-de-confidentialite-2\/\" \/>\n<meta property=\"og:site_name\" content=\"PKB\" \/>\n<meta property=\"article:modified_time\" content=\"2025-01-28T16:23:21+00:00\" \/>\n<meta name=\"twitter:card\" content=\"summary_large_image\" \/>\n<meta name=\"twitter:label1\" content=\"Dur\u00e9e de lecture estim\u00e9e\" \/>\n\t<meta name=\"twitter:data1\" content=\"1 minute\" \/>\n<script type=\"application\/ld+json\" class=\"yoast-schema-graph\">{\"@context\":\"https:\/\/schema.org\",\"@graph\":[{\"@type\":\"WebPage\",\"@id\":\"https:\/\/pkbmachines.com\/fr\/politique-de-confidentialite-2\/\",\"url\":\"https:\/\/pkbmachines.com\/fr\/politique-de-confidentialite-2\/\",\"name\":\"Mentions l\u00e9gales - PKB\",\"isPartOf\":{\"@id\":\"https:\/\/pkbmachines.com\/fr\/#website\"},\"datePublished\":\"2024-06-26T10:38:34+00:00\",\"dateModified\":\"2025-01-28T16:23:21+00:00\",\"breadcrumb\":{\"@id\":\"https:\/\/pkbmachines.com\/fr\/politique-de-confidentialite-2\/#breadcrumb\"},\"inLanguage\":\"fr-FR\",\"potentialAction\":[{\"@type\":\"ReadAction\",\"target\":[\"https:\/\/pkbmachines.com\/fr\/politique-de-confidentialite-2\/\"]}]},{\"@type\":\"BreadcrumbList\",\"@id\":\"https:\/\/pkbmachines.com\/fr\/politique-de-confidentialite-2\/#breadcrumb\",\"itemListElement\":[{\"@type\":\"ListItem\",\"position\":1,\"name\":\"Home\",\"item\":\"https:\/\/pkbmachines.com\/fr\/\"},{\"@type\":\"ListItem\",\"position\":2,\"name\":\"Mentions l\u00e9gales\"}]},{\"@type\":\"WebSite\",\"@id\":\"https:\/\/pkbmachines.com\/fr\/#website\",\"url\":\"https:\/\/pkbmachines.com\/fr\/\",\"name\":\"PKB Machines - Global leader in cosmetics and fragrance lines\",\"description\":\"Engineering Your Success in Cosmetics &amp; Perfume Industries\",\"alternateName\":\"PKB Machines\",\"potentialAction\":[{\"@type\":\"SearchAction\",\"target\":{\"@type\":\"EntryPoint\",\"urlTemplate\":\"https:\/\/pkbmachines.com\/fr\/?s={search_term_string}\"},\"query-input\":{\"@type\":\"PropertyValueSpecification\",\"valueRequired\":true,\"valueName\":\"search_term_string\"}}],\"inLanguage\":\"fr-FR\"}]}<\/script>\n<!-- \/ Yoast SEO plugin. -->","yoast_head_json":{"title":"Mentions l\u00e9gales - PKB","robots":{"index":"index","follow":"follow","max-snippet":"max-snippet:-1","max-image-preview":"max-image-preview:large","max-video-preview":"max-video-preview:-1"},"canonical":"https:\/\/pkbmachines.com\/fr\/politique-de-confidentialite-2\/","og_locale":"fr_FR","og_type":"article","og_title":"Mentions l\u00e9gales - PKB","og_description":"I. \u00c9diteur D\u00e9nomination sociale\u00a0: PKB Forme juridique\u00a0: Soci\u00e9t\u00e9 par actions simplifi\u00e9e Capital Social\u00a0: 500\u00a0000,00\u00a0\u20ac Adresse\u00a0: 1 route d\u2019Orl\u00e9ans \u2013 27930 ANGERVILLE-LA-CAMPAGNE Num\u00e9ro RCS\u00a0: 552 150 146 Num\u00e9ro de TVA\u00a0: FR74552150146 \u00c9diteur\u00a0: Jana BLAYBEL \u2013 j.blaybel@pkb.fr E-mail\u00a0: pkb@pkb.fr T\u00e9l\u00e9phone\u00a0: 02 32 37 96 32 II. H\u00e9bergeur D\u00e9nomination sociale\u00a0: OVH Forme juridique\u00a0: Soci\u00e9t\u00e9 par actions simplifi\u00e9e Si\u00e8ge [&hellip;]","og_url":"https:\/\/pkbmachines.com\/fr\/politique-de-confidentialite-2\/","og_site_name":"PKB","article_modified_time":"2025-01-28T16:23:21+00:00","twitter_card":"summary_large_image","twitter_misc":{"Dur\u00e9e de lecture estim\u00e9e":"1 minute"},"schema":{"@context":"https:\/\/schema.org","@graph":[{"@type":"WebPage","@id":"https:\/\/pkbmachines.com\/fr\/politique-de-confidentialite-2\/","url":"https:\/\/pkbmachines.com\/fr\/politique-de-confidentialite-2\/","name":"Mentions l\u00e9gales - PKB","isPartOf":{"@id":"https:\/\/pkbmachines.com\/fr\/#website"},"datePublished":"2024-06-26T10:38:34+00:00","dateModified":"2025-01-28T16:23:21+00:00","breadcrumb":{"@id":"https:\/\/pkbmachines.com\/fr\/politique-de-confidentialite-2\/#breadcrumb"},"inLanguage":"fr-FR","potentialAction":[{"@type":"ReadAction","target":["https:\/\/pkbmachines.com\/fr\/politique-de-confidentialite-2\/"]}]},{"@type":"BreadcrumbList","@id":"https:\/\/pkbmachines.com\/fr\/politique-de-confidentialite-2\/#breadcrumb","itemListElement":[{"@type":"ListItem","position":1,"name":"Home","item":"https:\/\/pkbmachines.com\/fr\/"},{"@type":"ListItem","position":2,"name":"Mentions l\u00e9gales"}]},{"@type":"WebSite","@id":"https:\/\/pkbmachines.com\/fr\/#website","url":"https:\/\/pkbmachines.com\/fr\/","name":"PKB Machines - Global leader in cosmetics and fragrance lines","description":"Engineering Your Success in Cosmetics &amp; Perfume Industries","alternateName":"PKB Machines","potentialAction":[{"@type":"SearchAction","target":{"@type":"EntryPoint","urlTemplate":"https:\/\/pkbmachines.com\/fr\/?s={search_term_string}"},"query-input":{"@type":"PropertyValueSpecification","valueRequired":true,"valueName":"search_term_string"}}],"inLanguage":"fr-FR"}]}},"_links":{"self":[{"href":"https:\/\/pkbmachines.com\/fr\/wp-json\/wp\/v2\/pages\/7776","targetHints":{"allow":["GET"]}}],"collection":[{"href":"https:\/\/pkbmachines.com\/fr\/wp-json\/wp\/v2\/pages"}],"about":[{"href":"https:\/\/pkbmachines.com\/fr\/wp-json\/wp\/v2\/types\/page"}],"author":[{"embeddable":true,"href":"https:\/\/pkbmachines.com\/fr\/wp-json\/wp\/v2\/users\/2"}],"replies":[{"embeddable":true,"href":"https:\/\/pkbmachines.com\/fr\/wp-json\/wp\/v2\/comments?post=7776"}],"version-history":[{"count":2,"href":"https:\/\/pkbmachines.com\/fr\/wp-json\/wp\/v2\/pages\/7776\/revisions"}],"predecessor-version":[{"id":7859,"href":"https:\/\/pkbmachines.com\/fr\/wp-json\/wp\/v2\/pages\/7776\/revisions\/7859"}],"wp:attachment":[{"href":"https:\/\/pkbmachines.com\/fr\/wp-json\/wp\/v2\/media?parent=7776"}],"curies":[{"name":"wp","href":"https:\/\/api.w.org\/{rel}","templated":true}]}}