{"id":5593,"date":"2023-08-10T22:03:12","date_gmt":"2023-08-10T20:03:12","guid":{"rendered":"https:\/\/dev.pkbmachines.com\/dossier-de-presse\/"},"modified":"2025-01-28T17:25:59","modified_gmt":"2025-01-28T16:25:59","slug":"dossier-de-presse","status":"publish","type":"page","link":"https:\/\/pkbmachines.com\/fr\/dossier-de-presse\/","title":{"rendered":"Dossier de presse"},"content":{"rendered":"\r\n<section class=\"block_parent section newsroom-hero-section presskit-hero-section\r\n     \" >\r\n\r\n    <a id=\"block_a34e999fdc91bf59c8a6ff5bc5b14869\" style=\"position: absolute; top: -120px\"><\/a>\r\n\r\n    \r\n\r\n    \r\n    \r\n\r\n\r\n\r\n\r\n\r\n\r\n    <div class=\"container\">\r\n        <h1>Dossier de presse<\/h1>\r\n    <\/div>\r\n\r\n    <div class=\"swooch-divider swoosh60 py-50\">\r\n        <div class=\"light-gold-bg h100 position-relative z1\">\r\n            <img decoding=\"async\" src=\"https:\/\/pkbmachines.com\/wp-content\/themes\/pkb\/img\/presskit_swoosh.png\" alt=\"\">\r\n        <\/div>\r\n    <\/div>  \r\n\r\n    <div class=\"section team-section p-0 mt-30\">\r\n        <div class=\"container\">\r\n            <div class=\"row\">\r\n                <div class=\"col-lg-12 no_picture\">\r\n                                        \r\n                        <div class=\"team-list-grid grid1\">\r\n\r\n                                                                <div class=\"team d-flex align-items-center\">\r\n                                                                                <div class=\"team-content\">\r\n                                            <h4 class=\"light_gold-color mb-10\">Jana Blaybel<\/h4>\r\n                                                                                            <div class=\"light_gold-color\">Responsable de la communication et du marketing num\u00e9rique<\/div>\r\n                                            \r\n                                            <ul class=\"d-flex flex-column p-0 m-0 my-50\">\r\n                                                \r\n                                                                                                    <li><span><img decoding=\"async\" src=\"https:\/\/pkbmachines.com\/wp-content\/themes\/pkb\/html\/images\/phone_icon.png\" alt=\"phone\"><\/span>\r\n                                                        <p class=\"light_gold-color\">+33 6 18 41 36 97<\/p>\r\n                                                    <\/li>\r\n                                                                                                \r\n                                                                                                    <li><span><img decoding=\"async\" src=\"https:\/\/pkbmachines.com\/wp-content\/themes\/pkb\/html\/images\/mail_icon.png\" alt=\"e-mail\"><\/span>\r\n                                                        <p><a class=\"light_gold-color\" href=\"mailto:j.blaybel@pkb.fr\">j.blaybel@pkb.fr<\/a><\/p>\r\n                                                    <\/li>\r\n                                                \r\n                                            <\/ul>\r\n\r\n                                            <div class=\"col-md-6 p-0\"><p>Pour plus d\u2019informations concernant l\u2019entreprise ou de ressources \u00e0 des fins num\u00e9riques, n\u2019h\u00e9sitez pas \u00e0 me contacter.<\/p>\n<\/div>\r\n                                        <\/div>\r\n                                    <\/div>\r\n                                                        \r\n                            \r\n                            <div class=\"image_accent_small\">\r\n                                <img decoding=\"async\" class=\"rotation_animation\" src=\"https:\/\/pkbmachines.com\/wp-content\/themes\/pkb\/img\/accent_gear.png\" alt=\"Gear\">\r\n                            <\/div>\r\n\r\n                        <\/div>\r\n\r\n\r\n                <\/div>\r\n            <\/div>\r\n        <\/div>\r\n    <\/div>\r\n\r\n<\/section>\r\n<section class=\"block_parent      \" >\r\n\r\n    <a id=\"block_c35cb6b9b10b4c5ba19c669825289b35\" style=\"position: absolute; top: -120px\"><\/a>\r\n\r\n    \r\n\r\n    \r\n            <div \r\n            data-parent_back_color=\"\" \r\n            data-before_back_color=\"\" \r\n            data-center_to=\".download_icon_con\" \r\n            data-snap_to_left=\"\" \r\n            class=\"moving_background_element\">\r\n        <\/div>\r\n    \r\n\r\n\r\n\r\n\r\n\r\n<section class=\"section newsroom-events-section newsroom-events-list-section\">\r\n    <div class=\"container\">\r\n\r\n        <div class=\"\">\r\n\r\n\r\n            \r\n\r\n                                \r\n    \r\n<div class=\"press_kit_single_file\">\r\n    <div class=\"row\">\r\n        <div class=\"col-md-8\">\r\n            <div class=\"press_kit_single_file_content\">\r\n                <h2 class=\"burgund-color mb-20 font23\">Logos<\/h2>\r\n                <p>Diff\u00e9rentes versions du logo PKB pour impression et utilisation num\u00e9rique.<\/p>\r\n            <\/div>\r\n        <\/div>\r\n        <div class=\"col-md-4 ml-auto d-flex justify-content-end\">\r\n            <div class=\"press_kit_single_file_url\">\r\n                <a href=\"https:\/\/pkbmachines.com\/wp-content\/uploads\/2023\/10\/Press-Kit.zip\" target=\"_blank\" class=\"btn-first download\">T\u00e9l\u00e9charger<\/a>\r\n            <\/div>\r\n        <\/div>\r\n    <\/div>\r\n<\/div>\r\n   \r\n                                \r\n    \r\n<div class=\"press_kit_single_file\">\r\n    <div class=\"row\">\r\n        <div class=\"col-md-8\">\r\n            <div class=\"press_kit_single_file_content\">\r\n                <h2 class=\"burgund-color mb-20 font23\">Si\u00e8ge de PKB<\/h2>\r\n                <p>Photos du si\u00e8ge de notre entreprise montrant les pi\u00e8ces et les espaces, les \u00e9quipements, les conditions sociales et une carte montrant les conditions d\u2019acc\u00e8s aux locaux.<\/p>\r\n            <\/div>\r\n        <\/div>\r\n        <div class=\"col-md-4 ml-auto d-flex justify-content-end\">\r\n            <div class=\"press_kit_single_file_url\">\r\n                <a href=\"https:\/\/pkbmachines.com\/wp-content\/uploads\/2023\/10\/Press-Kit.zip\" target=\"_blank\" class=\"btn-first download\">T\u00e9l\u00e9charger<\/a>\r\n            <\/div>\r\n        <\/div>\r\n    <\/div>\r\n<\/div>\r\n   \r\n                                \r\n    \r\n<div class=\"press_kit_single_file\">\r\n    <div class=\"row\">\r\n        <div class=\"col-md-8\">\r\n            <div class=\"press_kit_single_file_content\">\r\n                <h2 class=\"burgund-color mb-20 font23\">Photos des machines PKB<\/h2>\r\n                <p>Diverses photos montrant les machines PKB \u00e0 diff\u00e9rentes \u00e9tapes de la fabrication.<\/p>\r\n            <\/div>\r\n        <\/div>\r\n        <div class=\"col-md-4 ml-auto d-flex justify-content-end\">\r\n            <div class=\"press_kit_single_file_url\">\r\n                <a href=\"https:\/\/pkbmachines.com\/wp-content\/uploads\/2023\/10\/Press-Kit.zip\" target=\"_blank\" class=\"btn-first download\">T\u00e9l\u00e9charger<\/a>\r\n            <\/div>\r\n        <\/div>\r\n    <\/div>\r\n<\/div>\r\n   \r\n            \r\n            \r\n        <\/div>\r\n\r\n    <\/div>\r\n<\/section>\r\n\r\n<\/section>","protected":false},"excerpt":{"rendered":"","protected":false},"author":1,"featured_media":0,"parent":0,"menu_order":36,"comment_status":"closed","ping_status":"closed","template":"","meta":{"_acf_changed":false,"inline_featured_image":false,"footnotes":""},"class_list":["post-5593","page","type-page","status-publish","hentry"],"acf":[],"yoast_head":"<!-- This site is optimized with the Yoast SEO plugin v27.1.1 - https:\/\/yoast.com\/product\/yoast-seo-wordpress\/ -->\n<title>Dossier de presse - PKB<\/title>\n<meta name=\"description\" content=\"Consultez le dossier de presse de PKB pour en savoir plus sur les derni\u00e8res avanc\u00e9es de nos solutions de pointe en mati\u00e8re de remplissage et de bouchage pour produits cosm\u00e9tiques et parfums. T\u00e9l\u00e9chargez les diff\u00e9rentes ressources, communiqu\u00e9s de presse et documents relatifs \u00e0 l\u2019entreprise pour en savoir plus sur la fa\u00e7on dont nous fa\u00e7onnons l\u2019avenir de la technologie.\" \/>\n<meta name=\"robots\" content=\"index, follow, max-snippet:-1, max-image-preview:large, max-video-preview:-1\" \/>\n<link rel=\"canonical\" href=\"https:\/\/pkbmachines.com\/fr\/dossier-de-presse\/\" \/>\n<meta property=\"og:locale\" content=\"fr_FR\" \/>\n<meta property=\"og:type\" content=\"article\" \/>\n<meta property=\"og:title\" content=\"Dossier de presse - PKB\" \/>\n<meta property=\"og:description\" content=\"Consultez le dossier de presse de PKB pour en savoir plus sur les derni\u00e8res avanc\u00e9es de nos solutions de pointe en mati\u00e8re de remplissage et de bouchage pour produits cosm\u00e9tiques et parfums. T\u00e9l\u00e9chargez les diff\u00e9rentes ressources, communiqu\u00e9s de presse et documents relatifs \u00e0 l\u2019entreprise pour en savoir plus sur la fa\u00e7on dont nous fa\u00e7onnons l\u2019avenir de la technologie.\" \/>\n<meta property=\"og:url\" content=\"https:\/\/pkbmachines.com\/fr\/dossier-de-presse\/\" \/>\n<meta property=\"og:site_name\" content=\"PKB\" \/>\n<meta property=\"article:modified_time\" content=\"2025-01-28T16:25:59+00:00\" \/>\n<meta name=\"twitter:card\" content=\"summary_large_image\" \/>\n<script type=\"application\/ld+json\" class=\"yoast-schema-graph\">{\"@context\":\"https:\/\/schema.org\",\"@graph\":[{\"@type\":\"WebPage\",\"@id\":\"https:\/\/pkbmachines.com\/fr\/dossier-de-presse\/\",\"url\":\"https:\/\/pkbmachines.com\/fr\/dossier-de-presse\/\",\"name\":\"Dossier de presse - PKB\",\"isPartOf\":{\"@id\":\"https:\/\/pkbmachines.com\/fr\/#website\"},\"datePublished\":\"2023-08-10T20:03:12+00:00\",\"dateModified\":\"2025-01-28T16:25:59+00:00\",\"description\":\"Consultez le dossier de presse de PKB pour en savoir plus sur les derni\u00e8res avanc\u00e9es de nos solutions de pointe en mati\u00e8re de remplissage et de bouchage pour produits cosm\u00e9tiques et parfums. T\u00e9l\u00e9chargez les diff\u00e9rentes ressources, communiqu\u00e9s de presse et documents relatifs \u00e0 l\u2019entreprise pour en savoir plus sur la fa\u00e7on dont nous fa\u00e7onnons l\u2019avenir de la technologie.\",\"breadcrumb\":{\"@id\":\"https:\/\/pkbmachines.com\/fr\/dossier-de-presse\/#breadcrumb\"},\"inLanguage\":\"fr-FR\",\"potentialAction\":[{\"@type\":\"ReadAction\",\"target\":[\"https:\/\/pkbmachines.com\/fr\/dossier-de-presse\/\"]}]},{\"@type\":\"BreadcrumbList\",\"@id\":\"https:\/\/pkbmachines.com\/fr\/dossier-de-presse\/#breadcrumb\",\"itemListElement\":[{\"@type\":\"ListItem\",\"position\":1,\"name\":\"Home\",\"item\":\"https:\/\/pkbmachines.com\/fr\/\"},{\"@type\":\"ListItem\",\"position\":2,\"name\":\"Dossier de presse\"}]},{\"@type\":\"WebSite\",\"@id\":\"https:\/\/pkbmachines.com\/fr\/#website\",\"url\":\"https:\/\/pkbmachines.com\/fr\/\",\"name\":\"PKB Machines - Global leader in cosmetics and fragrance lines\",\"description\":\"Engineering Your Success in Cosmetics &amp; Perfume Industries\",\"alternateName\":\"PKB Machines\",\"potentialAction\":[{\"@type\":\"SearchAction\",\"target\":{\"@type\":\"EntryPoint\",\"urlTemplate\":\"https:\/\/pkbmachines.com\/fr\/?s={search_term_string}\"},\"query-input\":{\"@type\":\"PropertyValueSpecification\",\"valueRequired\":true,\"valueName\":\"search_term_string\"}}],\"inLanguage\":\"fr-FR\"}]}<\/script>\n<!-- \/ Yoast SEO plugin. -->","yoast_head_json":{"title":"Dossier de presse - PKB","description":"Consultez le dossier de presse de PKB pour en savoir plus sur les derni\u00e8res avanc\u00e9es de nos solutions de pointe en mati\u00e8re de remplissage et de bouchage pour produits cosm\u00e9tiques et parfums. T\u00e9l\u00e9chargez les diff\u00e9rentes ressources, communiqu\u00e9s de presse et documents relatifs \u00e0 l\u2019entreprise pour en savoir plus sur la fa\u00e7on dont nous fa\u00e7onnons l\u2019avenir de la technologie.","robots":{"index":"index","follow":"follow","max-snippet":"max-snippet:-1","max-image-preview":"max-image-preview:large","max-video-preview":"max-video-preview:-1"},"canonical":"https:\/\/pkbmachines.com\/fr\/dossier-de-presse\/","og_locale":"fr_FR","og_type":"article","og_title":"Dossier de presse - PKB","og_description":"Consultez le dossier de presse de PKB pour en savoir plus sur les derni\u00e8res avanc\u00e9es de nos solutions de pointe en mati\u00e8re de remplissage et de bouchage pour produits cosm\u00e9tiques et parfums. T\u00e9l\u00e9chargez les diff\u00e9rentes ressources, communiqu\u00e9s de presse et documents relatifs \u00e0 l\u2019entreprise pour en savoir plus sur la fa\u00e7on dont nous fa\u00e7onnons l\u2019avenir de la technologie.","og_url":"https:\/\/pkbmachines.com\/fr\/dossier-de-presse\/","og_site_name":"PKB","article_modified_time":"2025-01-28T16:25:59+00:00","twitter_card":"summary_large_image","schema":{"@context":"https:\/\/schema.org","@graph":[{"@type":"WebPage","@id":"https:\/\/pkbmachines.com\/fr\/dossier-de-presse\/","url":"https:\/\/pkbmachines.com\/fr\/dossier-de-presse\/","name":"Dossier de presse - PKB","isPartOf":{"@id":"https:\/\/pkbmachines.com\/fr\/#website"},"datePublished":"2023-08-10T20:03:12+00:00","dateModified":"2025-01-28T16:25:59+00:00","description":"Consultez le dossier de presse de PKB pour en savoir plus sur les derni\u00e8res avanc\u00e9es de nos solutions de pointe en mati\u00e8re de remplissage et de bouchage pour produits cosm\u00e9tiques et parfums. T\u00e9l\u00e9chargez les diff\u00e9rentes ressources, communiqu\u00e9s de presse et documents relatifs \u00e0 l\u2019entreprise pour en savoir plus sur la fa\u00e7on dont nous fa\u00e7onnons l\u2019avenir de la technologie.","breadcrumb":{"@id":"https:\/\/pkbmachines.com\/fr\/dossier-de-presse\/#breadcrumb"},"inLanguage":"fr-FR","potentialAction":[{"@type":"ReadAction","target":["https:\/\/pkbmachines.com\/fr\/dossier-de-presse\/"]}]},{"@type":"BreadcrumbList","@id":"https:\/\/pkbmachines.com\/fr\/dossier-de-presse\/#breadcrumb","itemListElement":[{"@type":"ListItem","position":1,"name":"Home","item":"https:\/\/pkbmachines.com\/fr\/"},{"@type":"ListItem","position":2,"name":"Dossier de presse"}]},{"@type":"WebSite","@id":"https:\/\/pkbmachines.com\/fr\/#website","url":"https:\/\/pkbmachines.com\/fr\/","name":"PKB Machines - Global leader in cosmetics and fragrance lines","description":"Engineering Your Success in Cosmetics &amp; Perfume Industries","alternateName":"PKB Machines","potentialAction":[{"@type":"SearchAction","target":{"@type":"EntryPoint","urlTemplate":"https:\/\/pkbmachines.com\/fr\/?s={search_term_string}"},"query-input":{"@type":"PropertyValueSpecification","valueRequired":true,"valueName":"search_term_string"}}],"inLanguage":"fr-FR"}]}},"_links":{"self":[{"href":"https:\/\/pkbmachines.com\/fr\/wp-json\/wp\/v2\/pages\/5593","targetHints":{"allow":["GET"]}}],"collection":[{"href":"https:\/\/pkbmachines.com\/fr\/wp-json\/wp\/v2\/pages"}],"about":[{"href":"https:\/\/pkbmachines.com\/fr\/wp-json\/wp\/v2\/types\/page"}],"author":[{"embeddable":true,"href":"https:\/\/pkbmachines.com\/fr\/wp-json\/wp\/v2\/users\/1"}],"replies":[{"embeddable":true,"href":"https:\/\/pkbmachines.com\/fr\/wp-json\/wp\/v2\/comments?post=5593"}],"version-history":[{"count":2,"href":"https:\/\/pkbmachines.com\/fr\/wp-json\/wp\/v2\/pages\/5593\/revisions"}],"predecessor-version":[{"id":7935,"href":"https:\/\/pkbmachines.com\/fr\/wp-json\/wp\/v2\/pages\/5593\/revisions\/7935"}],"wp:attachment":[{"href":"https:\/\/pkbmachines.com\/fr\/wp-json\/wp\/v2\/media?parent=5593"}],"curies":[{"name":"wp","href":"https:\/\/api.w.org\/{rel}","templated":true}]}}