{"id":5582,"date":"2023-11-27T15:14:54","date_gmt":"2023-11-27T14:14:54","guid":{"rendered":"https:\/\/dev.pkbmachines.com\/carriere\/appliquer\/"},"modified":"2025-01-29T15:18:33","modified_gmt":"2025-01-29T14:18:33","slug":"appliquer","status":"publish","type":"page","link":"https:\/\/pkbmachines.com\/fr\/carriere\/appliquer\/","title":{"rendered":"Appliquer"},"content":{"rendered":"\r\n<section class=\"block_parent section color-cosmetics-hero-section apply-hero-section\r\n     \" >\r\n\r\n    <a id=\"block_c8defd37fcd5b49fbdd5baecb6e57955\" style=\"position: absolute; top: -120px\"><\/a>\r\n\r\n    \r\n\r\n    \r\n    \r\n\r\n\r\n\r\n\r\n\r\n    <div class=\"container z2 position-relative pb-100\">\r\n        <div class=\"row \">\r\n            <div class=\"col-md-3\">\r\n                <a href=\"career\" class=\"back-to-page gold-color\">Career<\/a>\r\n                                    <div class=\"holder_image to_left position-relative\">\r\n                        <img decoding=\"async\" src=\"https:\/\/pkbmachines.com\/wp-content\/uploads\/2023\/11\/apply_swoosh.png\" alt=\"divider\">\r\n                    <\/div>\r\n                            <\/div>\r\n            <div class=\"col-md-7 offset-md-1\">\r\n                <h1 class=\"burgund-color font23\">Vous ne trouvez pas de poste qui vous convienne en ce moment ?<\/h1>\r\n                <div class=\"sub_title font12 mt-30 mb-20\">Ne vous inqui\u00e9tez pas. Soumettez votre CV \u00e0 notre r\u00e9serve de talents et nous vous garderons \u00e0 l&rsquo;esprit lorsque des opportunit\u00e9s correspondant \u00e0 vos comp\u00e9tences et \u00e0 votre exp\u00e9rience se pr\u00e9senteront.  <\/div>\r\n                <div class=\"desc\"><p>Nous appr\u00e9cions votre expertise et serions ravis d&rsquo;avoir l&rsquo;occasion d&rsquo;entrer en contact avec vous au sujet d&rsquo;\u00e9ventuels postes \u00e0 pourvoir.<\/p>\n<\/div>\r\n            <\/div>\r\n        <\/div>\r\n        \r\n        \r\n    <\/div>\r\n\r\n<\/section>\r\n<section class=\"block_parent      \" >\r\n\r\n    <a id=\"block_8315e123623a8a41c62af5c2d3ebca88\" style=\"position: absolute; top: -120px\"><\/a>\r\n\r\n    \r\n\r\n    \r\n            <div \r\n            data-parent_back_color=\"#5c263d\" \r\n            data-before_back_color=\"#f7f5f1\" \r\n            data-center_to=\".job-form-header\" \r\n            data-snap_to_left=\"\" \r\n            class=\"moving_background_element\">\r\n        <\/div>\r\n    \r\n\r\n\r\n\r\n\r\n<section class=\"section job-form-section inverted_buttons dark_form\">\r\n    <div class=\"container\">\r\n\r\n        <div class=\"job-form-grid\">\r\n\r\n            <div class=\"job-form-header\">\r\n                <h4>Restons<br>en contact<\/h4>\r\n            <\/div>\r\n\r\n            <div class=\"job-form-block\">\r\n\r\n\r\n                <h1 class=\"mb-50\">Envoyez-nous votre CV !<\/h1>\r\n                <div class=\"swoosh_apply_holder to_right position-relative mb-70\">\r\n                    <img decoding=\"async\" src=\"https:\/\/pkbmachines.com\/wp-content\/themes\/pkb\/img\/apply_swooch_form.png\">\r\n                <\/div>\r\n\r\n                \n<div class=\"wpcf7 no-js\" id=\"wpcf7-f5684-o1\" lang=\"fr-FR\" dir=\"ltr\" data-wpcf7-id=\"5684\">\n<div class=\"screen-reader-response\"><p role=\"status\" aria-live=\"polite\" aria-atomic=\"true\"><\/p> <ul><\/ul><\/div>\n<form action=\"\/fr\/wp-json\/wp\/v2\/pages\/5582#wpcf7-f5684-o1\" method=\"post\" class=\"wpcf7-form init\" aria-label=\"Formulaire de contact\" enctype=\"multipart\/form-data\" novalidate=\"novalidate\" data-status=\"init\">\n<fieldset class=\"hidden-fields-container\"><input type=\"hidden\" name=\"_wpcf7\" value=\"5684\" \/><input type=\"hidden\" name=\"_wpcf7_version\" value=\"6.1.5\" \/><input type=\"hidden\" name=\"_wpcf7_locale\" value=\"fr_FR\" \/><input type=\"hidden\" name=\"_wpcf7_unit_tag\" value=\"wpcf7-f5684-o1\" \/><input type=\"hidden\" name=\"_wpcf7_container_post\" value=\"0\" \/><input type=\"hidden\" name=\"_wpcf7_posted_data_hash\" value=\"\" \/><input type=\"hidden\" name=\"_wpcf7_recaptcha_response\" value=\"\" \/>\n<\/fieldset>\n<div class=\"job-form\">\n\t<div>\n\t\t<p>Pr\u00e9nom et nom de famille\n\t\t<\/p>\n\t\t<p><span class=\"wpcf7-form-control-wrap\" data-name=\"text-name\"><input size=\"40\" maxlength=\"400\" class=\"wpcf7-form-control wpcf7-text wpcf7-validates-as-required form-control\" aria-required=\"true\" aria-invalid=\"false\" value=\"\" type=\"text\" name=\"text-name\" \/><\/span>\n\t\t<\/p>\n\t<\/div>\n\t<div>\n\t\t<p>Adresse e-mail\n\t\t<\/p>\n\t\t<p><span class=\"wpcf7-form-control-wrap\" data-name=\"text-email\"><input size=\"40\" maxlength=\"400\" class=\"wpcf7-form-control wpcf7-text wpcf7-validates-as-required form-control\" aria-required=\"true\" aria-invalid=\"false\" value=\"\" type=\"text\" name=\"text-email\" \/><\/span>\n\t\t<\/p>\n\t\t<div>\n\t\t\t<p>CV\n\t\t\t<\/p>\n\t\t\t<p><span class=\"wpcf7-form-control-wrap\" data-name=\"text-resume\"><input size=\"40\" maxlength=\"400\" class=\"wpcf7-form-control wpcf7-text wpcf7-validates-as-required form-control\" aria-required=\"true\" aria-invalid=\"false\" value=\"\" type=\"text\" name=\"text-resume\" \/><\/span>\n\t\t\t<\/p>\n\t\t<\/div>\n\t\t<div class=\"attach-file inverted_button\">\n\t\t\t<p>Veuillez joindre un fichier au format *.doc ou *.pdf d\u2019une taille maximale de 1,875\u00a0MO.\n\t\t\t<\/p>\n\t\t\t<div>\n\t\t\t\t<p><span class=\"wpcf7-form-control-wrap\" data-name=\"file-85\"><input size=\"40\" class=\"wpcf7-form-control wpcf7-file\" id=\"formFile\" accept=\"audio\/*,video\/*,image\/*\" aria-invalid=\"false\" type=\"file\" name=\"file-85\" \/><\/span><br \/>\n<label class=\"btn-first\" for=\"formFile\">Joindre un fichier<\/label>\n\t\t\t\t<\/p>\n\t\t\t<\/div>\n\t\t<\/div>\n\t<\/div>\n\t<div>\n\t\t<p>Informations suppl\u00e9mentaires\n\t\t<\/p>\n\t\t<p><span class=\"wpcf7-form-control-wrap\" data-name=\"textarea-613\"><textarea cols=\"40\" rows=\"10\" maxlength=\"2000\" class=\"wpcf7-form-control wpcf7-textarea form-control\" aria-invalid=\"false\" name=\"textarea-613\"><\/textarea><\/span>\n\t\t<\/p>\n\t<\/div>\n\t<div class=\"form-checkbox checkbox-replace\">\n\t\t<p><span class=\"wpcf7-form-control-wrap\" data-name=\"acceptance-817\"><span class=\"wpcf7-form-control wpcf7-acceptance optional\"><span class=\"wpcf7-list-item\"><label><input type=\"checkbox\" name=\"acceptance-817\" value=\"1\" aria-invalid=\"false\" \/><span class=\"wpcf7-list-item-label\">I have read the privacy policy carefully before sending my request.<\/span><\/label><\/span><\/span><\/span>\n\t\t<\/p>\n\t<\/div>\n\t<div class=\"text-end\">\n\t\t<p><button type=\"submit\" class=\"btn-first ml-auto d-table\">ENVOYER<\/button>\n\t\t<\/p>\n\t<\/div>\n<\/div><div class=\"wpcf7-response-output\" aria-hidden=\"true\"><\/div>\n<\/form>\n<\/div>\n\r\n            <\/div>\r\n\r\n        <\/div>\r\n\r\n    <\/div>\r\n<\/section>\r\n\r\n\r\n<\/section>","protected":false},"excerpt":{"rendered":"","protected":false},"author":1,"featured_media":0,"parent":5475,"menu_order":67,"comment_status":"closed","ping_status":"closed","template":"","meta":{"_acf_changed":false,"inline_featured_image":false,"footnotes":""},"class_list":["post-5582","page","type-page","status-publish","hentry"],"acf":[],"yoast_head":"<!-- This site is optimized with the Yoast SEO plugin v27.1.1 - https:\/\/yoast.com\/product\/yoast-seo-wordpress\/ -->\n<title>Appliquer - PKB<\/title>\n<meta name=\"description\" content=\"Faites progresser votre carri\u00e8re chez PKB Machines, un leader en mati\u00e8re de solutions de remplissage et de bouchage. D\u00e9couvrez nos offres d&#039;emploi actuelles dans les secteurs des cosm\u00e9tiques et des parfums et posez votre candidature d\u00e8s aujourd&#039;hui pour rejoindre notre \u00e9quipe dynamique.\" \/>\n<meta name=\"robots\" content=\"index, follow, max-snippet:-1, max-image-preview:large, max-video-preview:-1\" \/>\n<link rel=\"canonical\" href=\"https:\/\/pkbmachines.com\/fr\/carriere\/appliquer\/\" \/>\n<meta property=\"og:locale\" content=\"fr_FR\" \/>\n<meta property=\"og:type\" content=\"article\" \/>\n<meta property=\"og:title\" content=\"Appliquer - PKB\" \/>\n<meta property=\"og:description\" content=\"Faites progresser votre carri\u00e8re chez PKB Machines, un leader en mati\u00e8re de solutions de remplissage et de bouchage. D\u00e9couvrez nos offres d&#039;emploi actuelles dans les secteurs des cosm\u00e9tiques et des parfums et posez votre candidature d\u00e8s aujourd&#039;hui pour rejoindre notre \u00e9quipe dynamique.\" \/>\n<meta property=\"og:url\" content=\"https:\/\/pkbmachines.com\/fr\/carriere\/appliquer\/\" \/>\n<meta property=\"og:site_name\" content=\"PKB\" \/>\n<meta property=\"article:modified_time\" content=\"2025-01-29T14:18:33+00:00\" \/>\n<meta name=\"twitter:card\" content=\"summary_large_image\" \/>\n<script type=\"application\/ld+json\" class=\"yoast-schema-graph\">{\"@context\":\"https:\/\/schema.org\",\"@graph\":[{\"@type\":\"WebPage\",\"@id\":\"https:\/\/pkbmachines.com\/fr\/carriere\/appliquer\/\",\"url\":\"https:\/\/pkbmachines.com\/fr\/carriere\/appliquer\/\",\"name\":\"Appliquer - PKB\",\"isPartOf\":{\"@id\":\"https:\/\/pkbmachines.com\/fr\/#website\"},\"datePublished\":\"2023-11-27T14:14:54+00:00\",\"dateModified\":\"2025-01-29T14:18:33+00:00\",\"description\":\"Faites progresser votre carri\u00e8re chez PKB Machines, un leader en mati\u00e8re de solutions de remplissage et de bouchage. D\u00e9couvrez nos offres d'emploi actuelles dans les secteurs des cosm\u00e9tiques et des parfums et posez votre candidature d\u00e8s aujourd'hui pour rejoindre notre \u00e9quipe dynamique.\",\"breadcrumb\":{\"@id\":\"https:\/\/pkbmachines.com\/fr\/carriere\/appliquer\/#breadcrumb\"},\"inLanguage\":\"fr-FR\",\"potentialAction\":[{\"@type\":\"ReadAction\",\"target\":[\"https:\/\/pkbmachines.com\/fr\/carriere\/appliquer\/\"]}]},{\"@type\":\"BreadcrumbList\",\"@id\":\"https:\/\/pkbmachines.com\/fr\/carriere\/appliquer\/#breadcrumb\",\"itemListElement\":[{\"@type\":\"ListItem\",\"position\":1,\"name\":\"Home\",\"item\":\"https:\/\/pkbmachines.com\/fr\/\"},{\"@type\":\"ListItem\",\"position\":2,\"name\":\"Carri\u00e8re\",\"item\":\"https:\/\/pkbmachines.com\/fr\/carriere\/\"},{\"@type\":\"ListItem\",\"position\":3,\"name\":\"Appliquer\"}]},{\"@type\":\"WebSite\",\"@id\":\"https:\/\/pkbmachines.com\/fr\/#website\",\"url\":\"https:\/\/pkbmachines.com\/fr\/\",\"name\":\"PKB Machines - Global leader in cosmetics and fragrance lines\",\"description\":\"Engineering Your Success in Cosmetics &amp; Perfume Industries\",\"alternateName\":\"PKB Machines\",\"potentialAction\":[{\"@type\":\"SearchAction\",\"target\":{\"@type\":\"EntryPoint\",\"urlTemplate\":\"https:\/\/pkbmachines.com\/fr\/?s={search_term_string}\"},\"query-input\":{\"@type\":\"PropertyValueSpecification\",\"valueRequired\":true,\"valueName\":\"search_term_string\"}}],\"inLanguage\":\"fr-FR\"}]}<\/script>\n<!-- \/ Yoast SEO plugin. -->","yoast_head_json":{"title":"Appliquer - PKB","description":"Faites progresser votre carri\u00e8re chez PKB Machines, un leader en mati\u00e8re de solutions de remplissage et de bouchage. D\u00e9couvrez nos offres d'emploi actuelles dans les secteurs des cosm\u00e9tiques et des parfums et posez votre candidature d\u00e8s aujourd'hui pour rejoindre notre \u00e9quipe dynamique.","robots":{"index":"index","follow":"follow","max-snippet":"max-snippet:-1","max-image-preview":"max-image-preview:large","max-video-preview":"max-video-preview:-1"},"canonical":"https:\/\/pkbmachines.com\/fr\/carriere\/appliquer\/","og_locale":"fr_FR","og_type":"article","og_title":"Appliquer - PKB","og_description":"Faites progresser votre carri\u00e8re chez PKB Machines, un leader en mati\u00e8re de solutions de remplissage et de bouchage. D\u00e9couvrez nos offres d'emploi actuelles dans les secteurs des cosm\u00e9tiques et des parfums et posez votre candidature d\u00e8s aujourd'hui pour rejoindre notre \u00e9quipe dynamique.","og_url":"https:\/\/pkbmachines.com\/fr\/carriere\/appliquer\/","og_site_name":"PKB","article_modified_time":"2025-01-29T14:18:33+00:00","twitter_card":"summary_large_image","schema":{"@context":"https:\/\/schema.org","@graph":[{"@type":"WebPage","@id":"https:\/\/pkbmachines.com\/fr\/carriere\/appliquer\/","url":"https:\/\/pkbmachines.com\/fr\/carriere\/appliquer\/","name":"Appliquer - PKB","isPartOf":{"@id":"https:\/\/pkbmachines.com\/fr\/#website"},"datePublished":"2023-11-27T14:14:54+00:00","dateModified":"2025-01-29T14:18:33+00:00","description":"Faites progresser votre carri\u00e8re chez PKB Machines, un leader en mati\u00e8re de solutions de remplissage et de bouchage. D\u00e9couvrez nos offres d'emploi actuelles dans les secteurs des cosm\u00e9tiques et des parfums et posez votre candidature d\u00e8s aujourd'hui pour rejoindre notre \u00e9quipe dynamique.","breadcrumb":{"@id":"https:\/\/pkbmachines.com\/fr\/carriere\/appliquer\/#breadcrumb"},"inLanguage":"fr-FR","potentialAction":[{"@type":"ReadAction","target":["https:\/\/pkbmachines.com\/fr\/carriere\/appliquer\/"]}]},{"@type":"BreadcrumbList","@id":"https:\/\/pkbmachines.com\/fr\/carriere\/appliquer\/#breadcrumb","itemListElement":[{"@type":"ListItem","position":1,"name":"Home","item":"https:\/\/pkbmachines.com\/fr\/"},{"@type":"ListItem","position":2,"name":"Carri\u00e8re","item":"https:\/\/pkbmachines.com\/fr\/carriere\/"},{"@type":"ListItem","position":3,"name":"Appliquer"}]},{"@type":"WebSite","@id":"https:\/\/pkbmachines.com\/fr\/#website","url":"https:\/\/pkbmachines.com\/fr\/","name":"PKB Machines - Global leader in cosmetics and fragrance lines","description":"Engineering Your Success in Cosmetics &amp; Perfume Industries","alternateName":"PKB Machines","potentialAction":[{"@type":"SearchAction","target":{"@type":"EntryPoint","urlTemplate":"https:\/\/pkbmachines.com\/fr\/?s={search_term_string}"},"query-input":{"@type":"PropertyValueSpecification","valueRequired":true,"valueName":"search_term_string"}}],"inLanguage":"fr-FR"}]}},"_links":{"self":[{"href":"https:\/\/pkbmachines.com\/fr\/wp-json\/wp\/v2\/pages\/5582","targetHints":{"allow":["GET"]}}],"collection":[{"href":"https:\/\/pkbmachines.com\/fr\/wp-json\/wp\/v2\/pages"}],"about":[{"href":"https:\/\/pkbmachines.com\/fr\/wp-json\/wp\/v2\/types\/page"}],"author":[{"embeddable":true,"href":"https:\/\/pkbmachines.com\/fr\/wp-json\/wp\/v2\/users\/1"}],"replies":[{"embeddable":true,"href":"https:\/\/pkbmachines.com\/fr\/wp-json\/wp\/v2\/comments?post=5582"}],"version-history":[{"count":5,"href":"https:\/\/pkbmachines.com\/fr\/wp-json\/wp\/v2\/pages\/5582\/revisions"}],"predecessor-version":[{"id":8040,"href":"https:\/\/pkbmachines.com\/fr\/wp-json\/wp\/v2\/pages\/5582\/revisions\/8040"}],"up":[{"embeddable":true,"href":"https:\/\/pkbmachines.com\/fr\/wp-json\/wp\/v2\/pages\/5475"}],"wp:attachment":[{"href":"https:\/\/pkbmachines.com\/fr\/wp-json\/wp\/v2\/media?parent=5582"}],"curies":[{"name":"wp","href":"https:\/\/api.w.org\/{rel}","templated":true}]}}