{"id":5521,"date":"2023-08-10T22:02:46","date_gmt":"2023-08-10T20:02:46","guid":{"rendered":"https:\/\/dev.pkbmachines.com\/mentions-dans-les-medias\/"},"modified":"2025-01-28T14:49:11","modified_gmt":"2025-01-28T13:49:11","slug":"mentions-dans-les-medias","status":"publish","type":"page","link":"https:\/\/pkbmachines.com\/fr\/mentions-dans-les-medias\/","title":{"rendered":"Mentions dans les m\u00e9dias"},"content":{"rendered":"\r\n<section class=\"block_parent      \" >\r\n\r\n    <a id=\"block_7e35f1432074d0e28e751e0d89a60284\" style=\"position: absolute; top: -120px\"><\/a>\r\n\r\n    \r\n\r\n    \r\n    \r\n\r\n\r\n\r\n\r\n\r\n<section class=\"section newsroom-hero-section\">\r\n    <div class=\"container\">\r\n        <h1>Mentions dans les m\u00e9dias<\/h1>\r\n    <\/div>\r\n\r\n    <div class=\"swooch-divider swoosh60 py-50\">\r\n        <div class=\"light-gold-bg h100 position-relative z1\">\r\n            <img decoding=\"async\" src=\"https:\/\/pkbmachines.com\/wp-content\/uploads\/2023\/11\/swoosh_media_mentions-1900x590.png\" alt=\"\">\r\n        <\/div>\r\n    <\/div>  \r\n\r\n    <div class=\"container\">\r\n        <div class=\"row\">\r\n            <div class=\"col-lg-6 offset-lg-2 line12\">\r\n                                <h4><p>Voir les derni\u00e8res mises \u00e0 jour,<br \/>\nconsultez notre pr\u00e9sence dans les m\u00e9dias et nos communiqu\u00e9s de presse.<\/p>\n<\/h4>\r\n            <\/div>\r\n        <\/div>\r\n    <\/div>\r\n    \r\n<\/section>\r\n<!--\/\/END SECTION-->\r\n\r\n<\/section>\r\n<section class=\"block_parent section newsroom-media-section newsroom-media-mentions-list\r\n     \" >\r\n\r\n    <a id=\"block_4c103cc43cd8af73054461101200e8b3\" style=\"position: absolute; top: -120px\"><\/a>\r\n\r\n    \r\n\r\n    \r\n            <div \r\n            data-parent_back_color=\"\" \r\n            data-before_back_color=\"\" \r\n            data-center_to=\".media-date\" \r\n            data-snap_to_left=\"\" \r\n            class=\"moving_background_element\">\r\n        <\/div>\r\n    \r\n\r\n\r\n\r\n\r\n\r\n\r\n    <div class=\"container\">\r\n\r\n        <div class=\"row\">\r\n            <div class=\"col-md-8 offset-md-2\">\r\n\r\n           \r\n\r\n                <div class=\"newsroom-media-grid grid1\">\r\n\r\n                    \r\n\r\n                                                \r\n     \r\n<div class=\"newsroom-media mb-70\">\r\n    <div class=\"media-date-wrap\">\r\n        <div class=\"media-date\">\r\n            <div class=\"media-date-filler\"><\/div>\r\n            <h6>2024<\/h6>\r\n            <h3>06<\/h3>\r\n        <\/div>\r\n    <\/div>\r\n    <article>\r\n        \r\n        <h6 class=\"font2\"><a href=\"https:\/\/www.packaginginsights.com\/news\/cosmetic-business-2024-pkb-exhibits-multi-flexible-filling-machine-for-beauty-and-fragrance.html\">Cosmetic Business 2024\u00a0: PKB pr\u00e9sente sa remplisseuse \u00ab\u00a0multi-flexible\u00a0\u00bb pour produits de beaut\u00e9 et parfums<\/a><\/h6>\r\n        <p>\n\nPACKAGING INSIGHTS, 21\u00a0juin\u00a02024 \u2013 Lors du r\u00e9cent salon cosm\u00e9tique \u00e0 Munich, en Allemagne, Personal Care Insights&nbsp;a rencontr\u00e9 PKB, expert du remplissage et du bouchage, afin de parler de ses machines&#8230;<\/p>\r\n\r\n        <div class=\"row align-items-center mt-50\">\r\n            <div class=\"col-md-4\">\r\n                        <\/div>\r\n            <div class=\"col-md-4 ml-auto d-flex justify-content-end\">\r\n            <a target=\"_blank\" href=\"https:\/\/www.packaginginsights.com\/news\/cosmetic-business-2024-pkb-exhibits-multi-flexible-filling-machine-for-beauty-and-fragrance.html\" class=\"btn-first external\">READ on external website<\/a>\r\n            <\/div>\r\n        <\/div>\r\n        \r\n\r\n\r\n        \r\n    <\/article>\r\n<\/div>\r\n     \r\n                                                \r\n     \r\n<div class=\"newsroom-media mb-70\">\r\n    <div class=\"media-date-wrap\">\r\n        <div class=\"media-date\">\r\n            <div class=\"media-date-filler\"><\/div>\r\n            <h6>2024<\/h6>\r\n            <h3>05<\/h3>\r\n        <\/div>\r\n    <\/div>\r\n    <article>\r\n        \r\n        <h6 class=\"font2\"><a href=\"https:\/\/www.emballagedigest.fr\/en\/pkb-la-performance-sur-mesure-pour-le-conditionnement-de-pots-cosmetiques-publi-communique\/\">PKB : la performance sur-mesure pour le conditionnement de pots cosm\u00e9tiques<\/a><\/h6>\r\n        <p>Premier fabricant fran\u00e7ais de machines de remplissage et de conditionnement pour parfums et cosm\u00e9tiques, PKB d\u00e9veloppe des solutions dont la fiabilit\u00e9 et les performances sont mondialement connues et reconnues.\n\nEn constante&#8230;<\/p>\r\n\r\n        <div class=\"row align-items-center mt-50\">\r\n            <div class=\"col-md-4\">\r\n                        <\/div>\r\n            <div class=\"col-md-4 ml-auto d-flex justify-content-end\">\r\n            <a target=\"_blank\" href=\"https:\/\/www.emballagedigest.fr\/en\/pkb-la-performance-sur-mesure-pour-le-conditionnement-de-pots-cosmetiques-publi-communique\/\" class=\"btn-first external\">READ on external website<\/a>\r\n            <\/div>\r\n        <\/div>\r\n        \r\n\r\n\r\n        \r\n    <\/article>\r\n<\/div>\r\n     \r\n                                                \r\n     \r\n<div class=\"newsroom-media mb-70\">\r\n    <div class=\"media-date-wrap\">\r\n        <div class=\"media-date\">\r\n            <div class=\"media-date-filler\"><\/div>\r\n            <h6>2024<\/h6>\r\n            <h3>05<\/h3>\r\n        <\/div>\r\n    <\/div>\r\n    <article>\r\n        \r\n        <h6 class=\"font2\"><a href=\"https:\/\/www.emballagedigest.fr\/en\/pkb-la-performance-sur-mesure-pour-le-conditionnement-de-pots-cosmetiques-publi-communique\/\">PKB : la performance sur-mesure pour le conditionnement de pots cosm\u00e9tiques<\/a><\/h6>\r\n        <p>Premier fabricant fran\u00e7ais de machines de remplissage et de conditionnement pour parfums et cosm\u00e9tiques, PKB d\u00e9veloppe des solutions dont la fiabilit\u00e9 et les performances sont mondialement connues et reconnues.\n\nEn constante&#8230;<\/p>\r\n\r\n        <div class=\"row align-items-center mt-50\">\r\n            <div class=\"col-md-4\">\r\n                        <\/div>\r\n            <div class=\"col-md-4 ml-auto d-flex justify-content-end\">\r\n            <a target=\"_blank\" href=\"https:\/\/www.emballagedigest.fr\/en\/pkb-la-performance-sur-mesure-pour-le-conditionnement-de-pots-cosmetiques-publi-communique\/\" class=\"btn-first external\">READ on external website<\/a>\r\n            <\/div>\r\n        <\/div>\r\n        \r\n\r\n\r\n        \r\n    <\/article>\r\n<\/div>\r\n     \r\n                    \r\n                    \r\n                    \r\n                <\/div>\r\n\r\n            <\/div>\r\n        <\/div>\r\n\r\n\r\n    <\/div>\r\n\r\n\r\n<\/section>","protected":false},"excerpt":{"rendered":"","protected":false},"author":1,"featured_media":0,"parent":0,"menu_order":51,"comment_status":"closed","ping_status":"closed","template":"","meta":{"_acf_changed":false,"inline_featured_image":false,"footnotes":""},"class_list":["post-5521","page","type-page","status-publish","hentry"],"acf":[],"yoast_head":"<!-- This site is optimized with the Yoast SEO plugin v27.1.1 - https:\/\/yoast.com\/product\/yoast-seo-wordpress\/ -->\n<title>Mentions dans les m\u00e9dias - PKB<\/title>\n<meta name=\"description\" content=\"Explorez les mentions de PKB dans les m\u00e9dias pour vous assurer que nous sommes reconnus en tant que leader mondial du secteur des solutions de remplissage et de bouchage pour produits cosm\u00e9tiques et parfums. D\u00e9couvrez les avis sur notre entreprise et les compliments que nous avons re\u00e7u de la part des principales publications du secteur.\" \/>\n<meta name=\"robots\" content=\"index, follow, max-snippet:-1, max-image-preview:large, max-video-preview:-1\" \/>\n<link rel=\"canonical\" href=\"https:\/\/pkbmachines.com\/fr\/mentions-dans-les-medias\/\" \/>\n<meta property=\"og:locale\" content=\"fr_FR\" \/>\n<meta property=\"og:type\" content=\"article\" \/>\n<meta property=\"og:title\" content=\"Mentions dans les m\u00e9dias - PKB\" \/>\n<meta property=\"og:description\" content=\"Explorez les mentions de PKB dans les m\u00e9dias pour vous assurer que nous sommes reconnus en tant que leader mondial du secteur des solutions de remplissage et de bouchage pour produits cosm\u00e9tiques et parfums. D\u00e9couvrez les avis sur notre entreprise et les compliments que nous avons re\u00e7u de la part des principales publications du secteur.\" \/>\n<meta property=\"og:url\" content=\"https:\/\/pkbmachines.com\/fr\/mentions-dans-les-medias\/\" \/>\n<meta property=\"og:site_name\" content=\"PKB\" \/>\n<meta property=\"article:modified_time\" content=\"2025-01-28T13:49:11+00:00\" \/>\n<meta name=\"twitter:card\" content=\"summary_large_image\" \/>\n<script type=\"application\/ld+json\" class=\"yoast-schema-graph\">{\"@context\":\"https:\/\/schema.org\",\"@graph\":[{\"@type\":\"WebPage\",\"@id\":\"https:\/\/pkbmachines.com\/fr\/mentions-dans-les-medias\/\",\"url\":\"https:\/\/pkbmachines.com\/fr\/mentions-dans-les-medias\/\",\"name\":\"Mentions dans les m\u00e9dias - PKB\",\"isPartOf\":{\"@id\":\"https:\/\/pkbmachines.com\/fr\/#website\"},\"datePublished\":\"2023-08-10T20:02:46+00:00\",\"dateModified\":\"2025-01-28T13:49:11+00:00\",\"description\":\"Explorez les mentions de PKB dans les m\u00e9dias pour vous assurer que nous sommes reconnus en tant que leader mondial du secteur des solutions de remplissage et de bouchage pour produits cosm\u00e9tiques et parfums. D\u00e9couvrez les avis sur notre entreprise et les compliments que nous avons re\u00e7u de la part des principales publications du secteur.\",\"breadcrumb\":{\"@id\":\"https:\/\/pkbmachines.com\/fr\/mentions-dans-les-medias\/#breadcrumb\"},\"inLanguage\":\"fr-FR\",\"potentialAction\":[{\"@type\":\"ReadAction\",\"target\":[\"https:\/\/pkbmachines.com\/fr\/mentions-dans-les-medias\/\"]}]},{\"@type\":\"BreadcrumbList\",\"@id\":\"https:\/\/pkbmachines.com\/fr\/mentions-dans-les-medias\/#breadcrumb\",\"itemListElement\":[{\"@type\":\"ListItem\",\"position\":1,\"name\":\"Home\",\"item\":\"https:\/\/pkbmachines.com\/fr\/\"},{\"@type\":\"ListItem\",\"position\":2,\"name\":\"Mentions dans les m\u00e9dias\"}]},{\"@type\":\"WebSite\",\"@id\":\"https:\/\/pkbmachines.com\/fr\/#website\",\"url\":\"https:\/\/pkbmachines.com\/fr\/\",\"name\":\"PKB Machines - Global leader in cosmetics and fragrance lines\",\"description\":\"Engineering Your Success in Cosmetics &amp; Perfume Industries\",\"alternateName\":\"PKB Machines\",\"potentialAction\":[{\"@type\":\"SearchAction\",\"target\":{\"@type\":\"EntryPoint\",\"urlTemplate\":\"https:\/\/pkbmachines.com\/fr\/?s={search_term_string}\"},\"query-input\":{\"@type\":\"PropertyValueSpecification\",\"valueRequired\":true,\"valueName\":\"search_term_string\"}}],\"inLanguage\":\"fr-FR\"}]}<\/script>\n<!-- \/ Yoast SEO plugin. -->","yoast_head_json":{"title":"Mentions dans les m\u00e9dias - PKB","description":"Explorez les mentions de PKB dans les m\u00e9dias pour vous assurer que nous sommes reconnus en tant que leader mondial du secteur des solutions de remplissage et de bouchage pour produits cosm\u00e9tiques et parfums. D\u00e9couvrez les avis sur notre entreprise et les compliments que nous avons re\u00e7u de la part des principales publications du secteur.","robots":{"index":"index","follow":"follow","max-snippet":"max-snippet:-1","max-image-preview":"max-image-preview:large","max-video-preview":"max-video-preview:-1"},"canonical":"https:\/\/pkbmachines.com\/fr\/mentions-dans-les-medias\/","og_locale":"fr_FR","og_type":"article","og_title":"Mentions dans les m\u00e9dias - PKB","og_description":"Explorez les mentions de PKB dans les m\u00e9dias pour vous assurer que nous sommes reconnus en tant que leader mondial du secteur des solutions de remplissage et de bouchage pour produits cosm\u00e9tiques et parfums. D\u00e9couvrez les avis sur notre entreprise et les compliments que nous avons re\u00e7u de la part des principales publications du secteur.","og_url":"https:\/\/pkbmachines.com\/fr\/mentions-dans-les-medias\/","og_site_name":"PKB","article_modified_time":"2025-01-28T13:49:11+00:00","twitter_card":"summary_large_image","schema":{"@context":"https:\/\/schema.org","@graph":[{"@type":"WebPage","@id":"https:\/\/pkbmachines.com\/fr\/mentions-dans-les-medias\/","url":"https:\/\/pkbmachines.com\/fr\/mentions-dans-les-medias\/","name":"Mentions dans les m\u00e9dias - PKB","isPartOf":{"@id":"https:\/\/pkbmachines.com\/fr\/#website"},"datePublished":"2023-08-10T20:02:46+00:00","dateModified":"2025-01-28T13:49:11+00:00","description":"Explorez les mentions de PKB dans les m\u00e9dias pour vous assurer que nous sommes reconnus en tant que leader mondial du secteur des solutions de remplissage et de bouchage pour produits cosm\u00e9tiques et parfums. D\u00e9couvrez les avis sur notre entreprise et les compliments que nous avons re\u00e7u de la part des principales publications du secteur.","breadcrumb":{"@id":"https:\/\/pkbmachines.com\/fr\/mentions-dans-les-medias\/#breadcrumb"},"inLanguage":"fr-FR","potentialAction":[{"@type":"ReadAction","target":["https:\/\/pkbmachines.com\/fr\/mentions-dans-les-medias\/"]}]},{"@type":"BreadcrumbList","@id":"https:\/\/pkbmachines.com\/fr\/mentions-dans-les-medias\/#breadcrumb","itemListElement":[{"@type":"ListItem","position":1,"name":"Home","item":"https:\/\/pkbmachines.com\/fr\/"},{"@type":"ListItem","position":2,"name":"Mentions dans les m\u00e9dias"}]},{"@type":"WebSite","@id":"https:\/\/pkbmachines.com\/fr\/#website","url":"https:\/\/pkbmachines.com\/fr\/","name":"PKB Machines - Global leader in cosmetics and fragrance lines","description":"Engineering Your Success in Cosmetics &amp; Perfume Industries","alternateName":"PKB Machines","potentialAction":[{"@type":"SearchAction","target":{"@type":"EntryPoint","urlTemplate":"https:\/\/pkbmachines.com\/fr\/?s={search_term_string}"},"query-input":{"@type":"PropertyValueSpecification","valueRequired":true,"valueName":"search_term_string"}}],"inLanguage":"fr-FR"}]}},"_links":{"self":[{"href":"https:\/\/pkbmachines.com\/fr\/wp-json\/wp\/v2\/pages\/5521","targetHints":{"allow":["GET"]}}],"collection":[{"href":"https:\/\/pkbmachines.com\/fr\/wp-json\/wp\/v2\/pages"}],"about":[{"href":"https:\/\/pkbmachines.com\/fr\/wp-json\/wp\/v2\/types\/page"}],"author":[{"embeddable":true,"href":"https:\/\/pkbmachines.com\/fr\/wp-json\/wp\/v2\/users\/1"}],"replies":[{"embeddable":true,"href":"https:\/\/pkbmachines.com\/fr\/wp-json\/wp\/v2\/comments?post=5521"}],"version-history":[{"count":5,"href":"https:\/\/pkbmachines.com\/fr\/wp-json\/wp\/v2\/pages\/5521\/revisions"}],"predecessor-version":[{"id":7998,"href":"https:\/\/pkbmachines.com\/fr\/wp-json\/wp\/v2\/pages\/5521\/revisions\/7998"}],"wp:attachment":[{"href":"https:\/\/pkbmachines.com\/fr\/wp-json\/wp\/v2\/media?parent=5521"}],"curies":[{"name":"wp","href":"https:\/\/api.w.org\/{rel}","templated":true}]}}