{"id":5475,"date":"2023-07-10T14:47:42","date_gmt":"2023-07-10T12:47:42","guid":{"rendered":"https:\/\/dev.pkbmachines.com\/carriere\/"},"modified":"2026-03-10T10:58:16","modified_gmt":"2026-03-10T09:58:16","slug":"carriere","status":"publish","type":"page","link":"https:\/\/pkbmachines.com\/fr\/carriere\/","title":{"rendered":"Carri\u00e8re"},"content":{"rendered":"\r\n<section class=\"block_parent section about-hero-section\r\n     \" >\r\n\r\n    <a id=\"block_8891eb55b8e528f0daa4a8f5168d394f\" style=\"position: absolute; top: -120px\"><\/a>\r\n\r\n    \r\n\r\n    \r\n    \r\n\r\n\r\n\r\n\r\n\r\n\r\n    <div class=\"container\">\r\n        <div class=\"about-hero-grid\">\r\n            <div class=\"about-hero-content\">\r\n                <h1 class=\"font6\">Carri\u00e8re<\/h1>\r\n                                    <h4 class=\"line12\"><p>Avancez dans votre carri\u00e8re chez PKB. Ensemble, atteignons l\u2019excellence !<\/p>\n<\/h4>\r\n                                <div class=\"about-shape to_left mt-50\"><img decoding=\"async\" src=\"https:\/\/pkbmachines.com\/wp-content\/uploads\/2023\/11\/swoosh_career.png\" alt=\"\"><\/div>\r\n            <\/div>\r\n            <div class=\"about-hero-banner-column to_right\">\r\n                <div class=\"about-hero-banner bg-center bg-cover \"\r\n                    style=\"background-image:url(https:\/\/pkbmachines.com\/wp-content\/uploads\/2024\/07\/2Careers-Image.jpg);\">\r\n                <\/div>\r\n\r\n            <\/div>\r\n        <\/div>\r\n    <\/div>\r\n\r\n\r\n<\/section>\n\n\r\n<section class=\"block_parent      \" >\r\n\r\n    <a id=\"block_38adb7c37a973d32b7db502aefa9afc5\" style=\"position: absolute; top: -120px\"><\/a>\r\n\r\n    \r\n\r\n    \r\n            <div \r\n            data-parent_back_color=\"\" \r\n            data-before_back_color=\"\" \r\n            data-center_to=\"\" \r\n            data-snap_to_left=\"\" \r\n            class=\"moving_background_element\">\r\n        <\/div>\r\n    \r\n\r\n\r\n\r\n\r\n\r\n<section class=\"section aboutPKB-section\">\r\n    <div class=\"container\">\r\n\r\n        <div class=\"section-header\">\r\n            <h2 class=\"fw-extraLight\">About PKB<\/h2>\r\n        <\/div>\r\n\r\n        <div class=\"section-content\">\r\n            <div class=\"aboutPKB-grid\">\r\n\r\n                <div><img decoding=\"async\" src=\"https:\/\/pkbmachines.com\/wp-content\/themes\/pkb\/html\/images\/career-icon.png\" alt=\"\"><\/div>\r\n\r\n                <article>\r\n                    <p><p>Nous sommes une entreprise mondiale pr\u00e9sente sur trois continents, mais dans chacune de nos succursales, nous veillons \u00e0 offrir les meilleures conditions possibles de croissance et de d\u00e9veloppement professionnels. L&rsquo;\u00e9quipe de PKB est compos\u00e9e de personnes qui partagent une passion pour la technologie, une curiosit\u00e9 constante pour la conception et la livraison des machines les plus efficaces. Nous attachons autant d\u2019importance \u00e0 nos relations humaines qu\u2019\u00e0 notre travail.<\/p>\n                    <\/p>\r\n                    <p class=\"gold\">Depuis plus de 70 ans, nous construisons un h\u00e9ritage d&rsquo;excellence. Nous voulons la construire avec vous.<\/p>\r\n                    <div class=\"text-center\">\r\n                        <a href=\"https:\/\/pkbmachines.com\/fr\/a-propos-de-nous\/\" class=\"btn-first\">MORE ABOUT US<\/a>\r\n                    <\/div>\r\n                <\/article>\r\n\r\n            <\/div>\r\n        <\/div>\r\n\r\n    <\/div>\r\n<\/section>\r\n\r\n\r\n<\/section>\n\n\n\n\r\n<section class=\"block_parent section counting-section\r\n     \" >\r\n\r\n    <a id=\"block_4645bd952f23f925dcfc9d688925c23e\" style=\"position: absolute; top: -120px\"><\/a>\r\n\r\n    \r\n\r\n    \r\n    \r\n\r\n\r\n\r\n\r\n\r\n\r\n\r\n<div class=\"container\">\r\n\r\n    <div class=\"countings-wrap\">\r\n        <div class=\"countings\">\r\n\r\n            \r\n                <div class=\"counting\">\r\n                    <div class=\"clipping-mask\"><\/div>\r\n                    <h1 class=\"number-animation\" data-target-value=\"75\">75<\/h1>\r\n                    <h5><p>ann\u00e9es d&rsquo;exp\u00e9rience<\/p>\n<\/h5>\r\n                <\/div>\r\n\r\n            \r\n                <div class=\"counting\">\r\n                    <div class=\"clipping-mask\"><\/div>\r\n                    <h1 class=\"number-animation\" data-target-value=\"4\">4<\/h1>\r\n                    <h5><p>branches<\/p>\n<\/h5>\r\n                <\/div>\r\n\r\n            \r\n                <div class=\"counting\">\r\n                    <div class=\"clipping-mask\"><\/div>\r\n                    <h1 class=\"number-animation\" data-target-value=\"14000\">14 000<\/h1>\r\n                    <h5><p>machines vendues dans le monde entier<\/p>\n<\/h5>\r\n                <\/div>\r\n\r\n            \r\n        <\/div>\r\n    <\/div>\r\n\r\n<\/div>\r\n\r\n\r\n\r\n<script>\r\nlet done_animation = [];\r\nconst observer = new IntersectionObserver(entries => {\r\n    entries.forEach(entry => {\r\n        if (entry.isIntersecting) {\r\n            animateNumbers(entry.target);\r\n        }\r\n    });\r\n});\r\n\r\nconst numberElements = document.querySelectorAll('.number-animation');\r\nnumberElements.forEach(element => observer.observe(element));\r\n\r\nfunction animateNumbers(element) {\r\n\r\n  if (done_animation.includes(element)) return;\r\n  \r\n  const targetValue = parseInt(element.dataset.targetValue, 10);\r\n  let duration = 4000; \/\/ Duration in milliseconds (3 seconds in this case)\r\n\r\n  if (targetValue < 500) {\r\n    duration = 2000;\r\n  }\r\n\r\n  if (targetValue < 50) {\r\n    duration = 1000;\r\n  }\r\n  let start = null;\r\n\r\n  \/\/ Function to format numbers larger than 9999\r\n  const formatNumber = (number) => {\r\n    if (number > 9999) {\r\n      return number.toString().replace(\/\\B(?=(\\d{3})+(?!\\d))\/g, \" \");\r\n    }\r\n    return number.toString();\r\n  };\r\n\r\n  const step = (timestamp) => {\r\n    if (!start) start = timestamp;\r\n    const progress = timestamp - start;\r\n    let currentValue = Math.min(Math.round(progress \/ duration * targetValue), targetValue);\r\n    \r\n    \/\/ Format the number if it's larger than 9999\r\n    const formattedValue = formatNumber(currentValue);\r\n\r\n    element.textContent = formattedValue;\r\n    if (currentValue < targetValue) {\r\n      requestAnimationFrame(step);\r\n    }\r\n  };\r\n  requestAnimationFrame(step);\r\n\r\n  done_animation.push(element);\r\n}\r\n<\/script>\r\n<\/section>\n\n\n\n\n\n\n\n\n\n\n\n\n\n\r\n<section class=\"block_parent section whereweare-section whereweare-section-4box\r\n  light-gold-bg   \" >\r\n\r\n    <a id=\"block_98d6f99d2132fa34ba994962c5c4371f\" style=\"position: absolute; top: -120px\"><\/a>\r\n\r\n    \r\n\r\n    \r\n            <div \r\n            data-parent_back_color=\"\" \r\n            data-before_back_color=\"#ffffff\" \r\n            data-center_to=\"\" \r\n            data-snap_to_left=\"\" \r\n            class=\"moving_background_element\">\r\n        <\/div>\r\n    \r\n\r\n\r\n\r\n\r\n\r\n\r\n\r\n    <div class=\"container\">\r\n\r\n        <h1>Nos bureaux<\/h1>\r\n\r\n        <div class=\"whereweare-list grid1\">\r\n\r\n\r\n                                                <div class=\"col-md-3\">\r\n                                \r\n<div class=\"whereweare\">\r\n    <div class=\"whereweare-header\">\r\n        <span>\r\n        <div class=\"location-image bg-center bg-cover\" style=\"background-image:url(https:\/\/pkbmachines.com\/wp-content\/uploads\/2023\/08\/Frame-2.png);\"><\/div>\r\n        <\/span>\r\n        <h4>France &#038; International<\/h4>\r\n    <\/div>\r\n    <div class=\"whereweare-content\">\r\n        <p><p>1 Route d\u2019Orl\u00e9ans<br \/>\n27930 Angerville la Campagne<br \/>\nFrance<\/p>\n<\/p>\r\n    <\/div>\r\n<\/div>                            <\/div>\r\n                                \r\n                                                <div class=\"col-md-3\">\r\n                                \r\n<div class=\"whereweare\">\r\n    <div class=\"whereweare-header\">\r\n        <span>\r\n        <div class=\"location-image bg-center bg-cover\" style=\"background-image:url(https:\/\/pkbmachines.com\/wp-content\/uploads\/2023\/11\/Flag-Germany.png);\"><\/div>\r\n        <\/span>\r\n        <h4>Allemagne, Autriche, Suisse Al\u00e9manique, Europe de l\u2019Est<\/h4>\r\n    <\/div>\r\n    <div class=\"whereweare-content\">\r\n        <p>\r\n<p>PKB GmbH, Lebacher Stra\u00dfe 66113 Sarrebruck Allemagne<\/p>\r\n<\/p>\r\n    <\/div>\r\n<\/div>                            <\/div>\r\n                                \r\n                                                <div class=\"col-md-3\">\r\n                                \r\n<div class=\"whereweare\">\r\n    <div class=\"whereweare-header\">\r\n        <span>\r\n        <div class=\"location-image bg-center bg-cover\" style=\"background-image:url(https:\/\/pkbmachines.com\/wp-content\/uploads\/2023\/08\/Frame-1.png);\"><\/div>\r\n        <\/span>\r\n        <h4>Inde<\/h4>\r\n    <\/div>\r\n    <div class=\"whereweare-content\">\r\n        <p><p>PKB INDIA PVT. LTD, Gat No. 251\/1, Plot No. 3 Mahadevi Industrial Park, Behind Hotel Matrix Talegaon Road, Village Kharabwadi Chakan Pune 410501 Inde<\/p>\n<\/p>\r\n    <\/div>\r\n<\/div>                            <\/div>\r\n                                \r\n                                                <div class=\"col-md-3\">\r\n                                \r\n<div class=\"whereweare\">\r\n    <div class=\"whereweare-header\">\r\n        <span>\r\n        <div class=\"location-image bg-center bg-cover\" style=\"background-image:url(https:\/\/pkbmachines.com\/wp-content\/uploads\/2023\/08\/Frame-3.png);\"><\/div>\r\n        <\/span>\r\n        <h4>\u00c9tats-Unis d\u2019Am\u00e9rique<\/h4>\r\n    <\/div>\r\n    <div class=\"whereweare-content\">\r\n        <p>\r\n<div class=\"wp-block-group\"><div class=\"wp-block-group__inner-container is-layout-constrained wp-block-group-is-layout-constrained\">\r\n<p>PKB INC<br \/><span data-olk-copy-source=\"MessageBody\">19 Washington Road<\/span><br \/>Princeton Junction, New Jersey 08550<br \/>\u00c9tats-Unis d\u2019Am\u00e9rique<\/p>\r\n<\/div><\/div>\r\n<\/p>\r\n    <\/div>\r\n<\/div>                            <\/div>\r\n                                \r\n                                        \r\n        <\/div>\r\n\r\n    <\/div>\r\n\r\n\r\n\r\n<\/section>\n\n\r\n<section class=\"block_parent empty-space\r\n pt-0  pb-0 mt-0 \" >\r\n\r\n    <a id=\"block_bd795eb8d1384d59a95277b6c37a7fd8\" style=\"position: absolute; top: -120px\"><\/a>\r\n\r\n    \r\n\r\n    \r\n            <div \r\n            data-parent_back_color=\"\" \r\n            data-before_back_color=\"\" \r\n            data-center_to=\"\" \r\n            data-snap_to_left=\"\" \r\n            class=\"moving_background_element\">\r\n        <\/div>\r\n    \r\n\r\n\r\n\r\n\r\n\r\n    <div class=\"empty-space\" style=\"height: -1px;\"><\/div>\r\n\r\n\r\n<\/section>","protected":false},"excerpt":{"rendered":"","protected":false},"author":1,"featured_media":0,"parent":0,"menu_order":63,"comment_status":"closed","ping_status":"closed","template":"","meta":{"_acf_changed":false,"inline_featured_image":false,"footnotes":""},"class_list":["post-5475","page","type-page","status-publish","hentry"],"acf":[],"yoast_head":"<!-- This site is optimized with the Yoast SEO plugin v27.1.1 - https:\/\/yoast.com\/product\/yoast-seo-wordpress\/ -->\n<title>Carri\u00e8re - PKB<\/title>\n<meta name=\"description\" content=\"Rejoignez l&#039;\u00e9quipe de PKB Machines et contribuez \u00e0 fa\u00e7onner l&#039;avenir du remplissage et du bouchage dans l&#039;industrie des cosm\u00e9tiques et des parfums. D\u00e9couvrez les offres d&#039;emploi actuelles et commencez d\u00e8s aujourd&#039;hui votre carri\u00e8re aupr\u00e8s d&#039;un leader mondial.\" \/>\n<meta name=\"robots\" content=\"index, follow, max-snippet:-1, max-image-preview:large, max-video-preview:-1\" \/>\n<link rel=\"canonical\" href=\"https:\/\/pkbmachines.com\/fr\/carriere\/\" \/>\n<meta property=\"og:locale\" content=\"fr_FR\" \/>\n<meta property=\"og:type\" content=\"article\" \/>\n<meta property=\"og:title\" content=\"Carri\u00e8re - PKB\" \/>\n<meta property=\"og:description\" content=\"Rejoignez l&#039;\u00e9quipe de PKB Machines et contribuez \u00e0 fa\u00e7onner l&#039;avenir du remplissage et du bouchage dans l&#039;industrie des cosm\u00e9tiques et des parfums. D\u00e9couvrez les offres d&#039;emploi actuelles et commencez d\u00e8s aujourd&#039;hui votre carri\u00e8re aupr\u00e8s d&#039;un leader mondial.\" \/>\n<meta property=\"og:url\" content=\"https:\/\/pkbmachines.com\/fr\/carriere\/\" \/>\n<meta property=\"og:site_name\" content=\"PKB\" \/>\n<meta property=\"article:modified_time\" content=\"2026-03-10T09:58:16+00:00\" \/>\n<meta name=\"twitter:card\" content=\"summary_large_image\" \/>\n<script type=\"application\/ld+json\" class=\"yoast-schema-graph\">{\"@context\":\"https:\/\/schema.org\",\"@graph\":[{\"@type\":\"WebPage\",\"@id\":\"https:\/\/pkbmachines.com\/fr\/carriere\/\",\"url\":\"https:\/\/pkbmachines.com\/fr\/carriere\/\",\"name\":\"Carri\u00e8re - PKB\",\"isPartOf\":{\"@id\":\"https:\/\/pkbmachines.com\/fr\/#website\"},\"datePublished\":\"2023-07-10T12:47:42+00:00\",\"dateModified\":\"2026-03-10T09:58:16+00:00\",\"description\":\"Rejoignez l'\u00e9quipe de PKB Machines et contribuez \u00e0 fa\u00e7onner l'avenir du remplissage et du bouchage dans l'industrie des cosm\u00e9tiques et des parfums. D\u00e9couvrez les offres d'emploi actuelles et commencez d\u00e8s aujourd'hui votre carri\u00e8re aupr\u00e8s d'un leader mondial.\",\"breadcrumb\":{\"@id\":\"https:\/\/pkbmachines.com\/fr\/carriere\/#breadcrumb\"},\"inLanguage\":\"fr-FR\",\"potentialAction\":[{\"@type\":\"ReadAction\",\"target\":[\"https:\/\/pkbmachines.com\/fr\/carriere\/\"]}]},{\"@type\":\"BreadcrumbList\",\"@id\":\"https:\/\/pkbmachines.com\/fr\/carriere\/#breadcrumb\",\"itemListElement\":[{\"@type\":\"ListItem\",\"position\":1,\"name\":\"Home\",\"item\":\"https:\/\/pkbmachines.com\/fr\/\"},{\"@type\":\"ListItem\",\"position\":2,\"name\":\"Carri\u00e8re\"}]},{\"@type\":\"WebSite\",\"@id\":\"https:\/\/pkbmachines.com\/fr\/#website\",\"url\":\"https:\/\/pkbmachines.com\/fr\/\",\"name\":\"PKB Machines - Global leader in cosmetics and fragrance lines\",\"description\":\"Engineering Your Success in Cosmetics &amp; Perfume Industries\",\"alternateName\":\"PKB Machines\",\"potentialAction\":[{\"@type\":\"SearchAction\",\"target\":{\"@type\":\"EntryPoint\",\"urlTemplate\":\"https:\/\/pkbmachines.com\/fr\/?s={search_term_string}\"},\"query-input\":{\"@type\":\"PropertyValueSpecification\",\"valueRequired\":true,\"valueName\":\"search_term_string\"}}],\"inLanguage\":\"fr-FR\"}]}<\/script>\n<!-- \/ Yoast SEO plugin. -->","yoast_head_json":{"title":"Carri\u00e8re - PKB","description":"Rejoignez l'\u00e9quipe de PKB Machines et contribuez \u00e0 fa\u00e7onner l'avenir du remplissage et du bouchage dans l'industrie des cosm\u00e9tiques et des parfums. D\u00e9couvrez les offres d'emploi actuelles et commencez d\u00e8s aujourd'hui votre carri\u00e8re aupr\u00e8s d'un leader mondial.","robots":{"index":"index","follow":"follow","max-snippet":"max-snippet:-1","max-image-preview":"max-image-preview:large","max-video-preview":"max-video-preview:-1"},"canonical":"https:\/\/pkbmachines.com\/fr\/carriere\/","og_locale":"fr_FR","og_type":"article","og_title":"Carri\u00e8re - PKB","og_description":"Rejoignez l'\u00e9quipe de PKB Machines et contribuez \u00e0 fa\u00e7onner l'avenir du remplissage et du bouchage dans l'industrie des cosm\u00e9tiques et des parfums. D\u00e9couvrez les offres d'emploi actuelles et commencez d\u00e8s aujourd'hui votre carri\u00e8re aupr\u00e8s d'un leader mondial.","og_url":"https:\/\/pkbmachines.com\/fr\/carriere\/","og_site_name":"PKB","article_modified_time":"2026-03-10T09:58:16+00:00","twitter_card":"summary_large_image","schema":{"@context":"https:\/\/schema.org","@graph":[{"@type":"WebPage","@id":"https:\/\/pkbmachines.com\/fr\/carriere\/","url":"https:\/\/pkbmachines.com\/fr\/carriere\/","name":"Carri\u00e8re - PKB","isPartOf":{"@id":"https:\/\/pkbmachines.com\/fr\/#website"},"datePublished":"2023-07-10T12:47:42+00:00","dateModified":"2026-03-10T09:58:16+00:00","description":"Rejoignez l'\u00e9quipe de PKB Machines et contribuez \u00e0 fa\u00e7onner l'avenir du remplissage et du bouchage dans l'industrie des cosm\u00e9tiques et des parfums. D\u00e9couvrez les offres d'emploi actuelles et commencez d\u00e8s aujourd'hui votre carri\u00e8re aupr\u00e8s d'un leader mondial.","breadcrumb":{"@id":"https:\/\/pkbmachines.com\/fr\/carriere\/#breadcrumb"},"inLanguage":"fr-FR","potentialAction":[{"@type":"ReadAction","target":["https:\/\/pkbmachines.com\/fr\/carriere\/"]}]},{"@type":"BreadcrumbList","@id":"https:\/\/pkbmachines.com\/fr\/carriere\/#breadcrumb","itemListElement":[{"@type":"ListItem","position":1,"name":"Home","item":"https:\/\/pkbmachines.com\/fr\/"},{"@type":"ListItem","position":2,"name":"Carri\u00e8re"}]},{"@type":"WebSite","@id":"https:\/\/pkbmachines.com\/fr\/#website","url":"https:\/\/pkbmachines.com\/fr\/","name":"PKB Machines - Global leader in cosmetics and fragrance lines","description":"Engineering Your Success in Cosmetics &amp; Perfume Industries","alternateName":"PKB Machines","potentialAction":[{"@type":"SearchAction","target":{"@type":"EntryPoint","urlTemplate":"https:\/\/pkbmachines.com\/fr\/?s={search_term_string}"},"query-input":{"@type":"PropertyValueSpecification","valueRequired":true,"valueName":"search_term_string"}}],"inLanguage":"fr-FR"}]}},"_links":{"self":[{"href":"https:\/\/pkbmachines.com\/fr\/wp-json\/wp\/v2\/pages\/5475","targetHints":{"allow":["GET"]}}],"collection":[{"href":"https:\/\/pkbmachines.com\/fr\/wp-json\/wp\/v2\/pages"}],"about":[{"href":"https:\/\/pkbmachines.com\/fr\/wp-json\/wp\/v2\/types\/page"}],"author":[{"embeddable":true,"href":"https:\/\/pkbmachines.com\/fr\/wp-json\/wp\/v2\/users\/1"}],"replies":[{"embeddable":true,"href":"https:\/\/pkbmachines.com\/fr\/wp-json\/wp\/v2\/comments?post=5475"}],"version-history":[{"count":12,"href":"https:\/\/pkbmachines.com\/fr\/wp-json\/wp\/v2\/pages\/5475\/revisions"}],"predecessor-version":[{"id":8622,"href":"https:\/\/pkbmachines.com\/fr\/wp-json\/wp\/v2\/pages\/5475\/revisions\/8622"}],"wp:attachment":[{"href":"https:\/\/pkbmachines.com\/fr\/wp-json\/wp\/v2\/media?parent=5475"}],"curies":[{"name":"wp","href":"https:\/\/api.w.org\/{rel}","templated":true}]}}