{"id":5457,"date":"2023-07-10T14:45:49","date_gmt":"2023-07-10T12:45:49","guid":{"rendered":"https:\/\/dev.pkbmachines.com\/industries\/"},"modified":"2024-03-20T16:14:17","modified_gmt":"2024-03-20T15:14:17","slug":"industries","status":"publish","type":"page","link":"https:\/\/pkbmachines.com\/fr\/industries\/","title":{"rendered":"Industries"},"content":{"rendered":"\r\n<section class=\"block_parent section partner-section inverted_buttons\r\n     \" >\r\n\r\n    <a id=\"block_159e71853f16730edfc3f1800156ed43\" style=\"position: absolute; top: -120px\"><\/a>\r\n\r\n    \r\n\r\n    \r\n    \r\n\r\n\r\n\r\n\r\n\r\n\r\n    <div class=\"container\">\r\n\r\n        <div class=\"section-header\">\r\n                        <h1 class=\"fw-extraLight meroon\">Industries avec lesquelles nous travaillons en partenariat<\/h1>\r\n        <\/div>\r\n\r\n        <div class=\"section-content\">\r\n            <div class=\"partner position-relative width_50\">\r\n\r\n     \r\n                \r\n                        <div class=\"partner-block pt-50 clickable \">\r\n                            <div data-parent_back_color=\"#5C263D\" data-before_back_color=\"#F7F5F1\" data-center_to=\"\"  class=\"moving_background_element\"><\/div>\r\n                            <h6>Produits cosm\u00e9tiques<\/h6>\r\n                            <div class=\"partner-image bg-cover b-center\"\r\n                                style=\"background-image:url(https:\/\/pkbmachines.com\/wp-content\/uploads\/2023\/08\/1683893385614-1-684x1024.jpeg);\"><img decoding=\"async\"\r\n                                    src=\"https:\/\/pkbmachines.com\/wp-content\/uploads\/2023\/08\/cosmetics_icon.svg\" alt=\"Produits cosm\u00e9tiques\"><\/div>\r\n                            <p><p>Nous proposons une gamme compl\u00e8te et polyvalente de remplisseuses\/boucheuses pour les produits cosm\u00e9tiques color\u00e9s, les soins pour les cheveux et le corps et les produits de sant\u00e9 et de beaut\u00e9. Nos machines sont adapt\u00e9es pour les processus de conditionnement les plus sophistiqu\u00e9s.<\/p>\n<\/p>\r\n                            <div class=\"text-end\"><a href=\"https:\/\/pkbmachines.com\/fr\/industries\/cosmetiques\/\" class=\"btn-first clear ml-auto\">PLUS <\/a><\/div>\r\n                        <\/div>\r\n                    \r\n                    \r\n                \r\n                        <div class=\"partner-block pt-50 clickable \">\r\n                            <div data-parent_back_color=\"#5C263D\" data-before_back_color=\"#F7F5F1\" data-center_to=\"\"  class=\"moving_background_element\"><\/div>\r\n                            <h6>Parfums<\/h6>\r\n                            <div class=\"partner-image bg-cover b-center\"\r\n                                style=\"background-image:url(https:\/\/pkbmachines.com\/wp-content\/uploads\/2023\/08\/1672909051939-1024x684.jpeg);\"><img decoding=\"async\"\r\n                                    src=\"https:\/\/pkbmachines.com\/wp-content\/uploads\/2023\/08\/fragrances_icon.svg\" alt=\"Parfums\"><\/div>\r\n                            <p><p>PKB est sp\u00e9cialis\u00e9 dans les remplisseuses\/boucheuses pour tous types de parfums. Nous avons une forte pr\u00e9sence sur le march\u00e9, puisque nous fournissons 80\u00a0% des machines en France pour des grandes marques et des conditionneurs \u00e0 fa\u00e7on.<\/p>\n<\/p>\r\n                            <div class=\"text-end\"><a href=\"https:\/\/pkbmachines.com\/fr\/industries\/parfums\/\" class=\"btn-first clear ml-auto\">PLUS <\/a><\/div>\r\n                        <\/div>\r\n                    \r\n                    \r\n                \r\n                   \r\n\r\n            <\/div>\r\n        <\/div>\r\n\r\n\r\n\r\n    <\/div>\r\n\r\n<\/section>","protected":false},"excerpt":{"rendered":"","protected":false},"author":1,"featured_media":0,"parent":0,"menu_order":81,"comment_status":"closed","ping_status":"closed","template":"","meta":{"_acf_changed":false,"inline_featured_image":false,"footnotes":""},"class_list":["post-5457","page","type-page","status-publish","hentry"],"acf":[],"yoast_head":"<!-- This site is optimized with the Yoast SEO plugin v27.1.1 - https:\/\/yoast.com\/product\/yoast-seo-wordpress\/ -->\n<title>Industries - PKB<\/title>\n<meta name=\"robots\" content=\"index, follow, max-snippet:-1, max-image-preview:large, max-video-preview:-1\" \/>\n<link rel=\"canonical\" href=\"https:\/\/pkbmachines.com\/fr\/industries\/\" \/>\n<meta property=\"og:locale\" content=\"fr_FR\" \/>\n<meta property=\"og:type\" content=\"article\" \/>\n<meta property=\"og:title\" content=\"Industries - PKB\" \/>\n<meta property=\"og:url\" content=\"https:\/\/pkbmachines.com\/fr\/industries\/\" \/>\n<meta property=\"og:site_name\" content=\"PKB\" \/>\n<meta property=\"article:modified_time\" content=\"2024-03-20T15:14:17+00:00\" \/>\n<meta name=\"twitter:card\" content=\"summary_large_image\" \/>\n<script type=\"application\/ld+json\" class=\"yoast-schema-graph\">{\"@context\":\"https:\/\/schema.org\",\"@graph\":[{\"@type\":\"WebPage\",\"@id\":\"https:\/\/pkbmachines.com\/fr\/industries\/\",\"url\":\"https:\/\/pkbmachines.com\/fr\/industries\/\",\"name\":\"Industries - PKB\",\"isPartOf\":{\"@id\":\"https:\/\/pkbmachines.com\/fr\/#website\"},\"datePublished\":\"2023-07-10T12:45:49+00:00\",\"dateModified\":\"2024-03-20T15:14:17+00:00\",\"breadcrumb\":{\"@id\":\"https:\/\/pkbmachines.com\/fr\/industries\/#breadcrumb\"},\"inLanguage\":\"fr-FR\",\"potentialAction\":[{\"@type\":\"ReadAction\",\"target\":[\"https:\/\/pkbmachines.com\/fr\/industries\/\"]}]},{\"@type\":\"BreadcrumbList\",\"@id\":\"https:\/\/pkbmachines.com\/fr\/industries\/#breadcrumb\",\"itemListElement\":[{\"@type\":\"ListItem\",\"position\":1,\"name\":\"Home\",\"item\":\"https:\/\/pkbmachines.com\/fr\/\"},{\"@type\":\"ListItem\",\"position\":2,\"name\":\"Industries\"}]},{\"@type\":\"WebSite\",\"@id\":\"https:\/\/pkbmachines.com\/fr\/#website\",\"url\":\"https:\/\/pkbmachines.com\/fr\/\",\"name\":\"PKB Machines - Global leader in cosmetics and fragrance lines\",\"description\":\"Engineering Your Success in Cosmetics &amp; Perfume Industries\",\"alternateName\":\"PKB Machines\",\"potentialAction\":[{\"@type\":\"SearchAction\",\"target\":{\"@type\":\"EntryPoint\",\"urlTemplate\":\"https:\/\/pkbmachines.com\/fr\/?s={search_term_string}\"},\"query-input\":{\"@type\":\"PropertyValueSpecification\",\"valueRequired\":true,\"valueName\":\"search_term_string\"}}],\"inLanguage\":\"fr-FR\"}]}<\/script>\n<!-- \/ Yoast SEO plugin. -->","yoast_head_json":{"title":"Industries - PKB","robots":{"index":"index","follow":"follow","max-snippet":"max-snippet:-1","max-image-preview":"max-image-preview:large","max-video-preview":"max-video-preview:-1"},"canonical":"https:\/\/pkbmachines.com\/fr\/industries\/","og_locale":"fr_FR","og_type":"article","og_title":"Industries - PKB","og_url":"https:\/\/pkbmachines.com\/fr\/industries\/","og_site_name":"PKB","article_modified_time":"2024-03-20T15:14:17+00:00","twitter_card":"summary_large_image","schema":{"@context":"https:\/\/schema.org","@graph":[{"@type":"WebPage","@id":"https:\/\/pkbmachines.com\/fr\/industries\/","url":"https:\/\/pkbmachines.com\/fr\/industries\/","name":"Industries - PKB","isPartOf":{"@id":"https:\/\/pkbmachines.com\/fr\/#website"},"datePublished":"2023-07-10T12:45:49+00:00","dateModified":"2024-03-20T15:14:17+00:00","breadcrumb":{"@id":"https:\/\/pkbmachines.com\/fr\/industries\/#breadcrumb"},"inLanguage":"fr-FR","potentialAction":[{"@type":"ReadAction","target":["https:\/\/pkbmachines.com\/fr\/industries\/"]}]},{"@type":"BreadcrumbList","@id":"https:\/\/pkbmachines.com\/fr\/industries\/#breadcrumb","itemListElement":[{"@type":"ListItem","position":1,"name":"Home","item":"https:\/\/pkbmachines.com\/fr\/"},{"@type":"ListItem","position":2,"name":"Industries"}]},{"@type":"WebSite","@id":"https:\/\/pkbmachines.com\/fr\/#website","url":"https:\/\/pkbmachines.com\/fr\/","name":"PKB Machines - Global leader in cosmetics and fragrance lines","description":"Engineering Your Success in Cosmetics &amp; Perfume Industries","alternateName":"PKB Machines","potentialAction":[{"@type":"SearchAction","target":{"@type":"EntryPoint","urlTemplate":"https:\/\/pkbmachines.com\/fr\/?s={search_term_string}"},"query-input":{"@type":"PropertyValueSpecification","valueRequired":true,"valueName":"search_term_string"}}],"inLanguage":"fr-FR"}]}},"_links":{"self":[{"href":"https:\/\/pkbmachines.com\/fr\/wp-json\/wp\/v2\/pages\/5457","targetHints":{"allow":["GET"]}}],"collection":[{"href":"https:\/\/pkbmachines.com\/fr\/wp-json\/wp\/v2\/pages"}],"about":[{"href":"https:\/\/pkbmachines.com\/fr\/wp-json\/wp\/v2\/types\/page"}],"author":[{"embeddable":true,"href":"https:\/\/pkbmachines.com\/fr\/wp-json\/wp\/v2\/users\/1"}],"replies":[{"embeddable":true,"href":"https:\/\/pkbmachines.com\/fr\/wp-json\/wp\/v2\/comments?post=5457"}],"version-history":[{"count":1,"href":"https:\/\/pkbmachines.com\/fr\/wp-json\/wp\/v2\/pages\/5457\/revisions"}],"predecessor-version":[{"id":5467,"href":"https:\/\/pkbmachines.com\/fr\/wp-json\/wp\/v2\/pages\/5457\/revisions\/5467"}],"wp:attachment":[{"href":"https:\/\/pkbmachines.com\/fr\/wp-json\/wp\/v2\/media?parent=5457"}],"curies":[{"name":"wp","href":"https:\/\/api.w.org\/{rel}","templated":true}]}}