{"id":5426,"date":"2023-07-10T14:46:05","date_gmt":"2023-07-10T12:46:05","guid":{"rendered":"https:\/\/dev.pkbmachines.com\/fonctions\/"},"modified":"2025-02-12T16:09:58","modified_gmt":"2025-02-12T15:09:58","slug":"fonctions","status":"publish","type":"page","link":"https:\/\/pkbmachines.com\/fr\/fonctions\/","title":{"rendered":"Fonctions"},"content":{"rendered":"","protected":false},"excerpt":{"rendered":"","protected":false},"author":1,"featured_media":0,"parent":0,"menu_order":100,"comment_status":"closed","ping_status":"closed","template":"","meta":{"_acf_changed":false,"inline_featured_image":false,"footnotes":""},"class_list":["post-5426","page","type-page","status-publish","hentry"],"acf":[],"yoast_head":"<!-- This site is optimized with the Yoast SEO plugin v27.1.1 - https:\/\/yoast.com\/product\/yoast-seo-wordpress\/ -->\n<title>Fonctions - PKB<\/title>\n<meta name=\"description\" content=\"Parcourez la gamme compl\u00e8te de fonctions de remplissage et de bouchage propos\u00e9e par PKB Machines. D\u00e9couvrez comment nos solutions avanc\u00e9es peuvent permettre d\u2019optimiser chaque \u00e9tape de vos processus de production dans les industries cosm\u00e9tiques et de parfumerie.\" \/>\n<meta name=\"robots\" content=\"index, follow, max-snippet:-1, max-image-preview:large, max-video-preview:-1\" \/>\n<link rel=\"canonical\" href=\"https:\/\/pkbmachines.com\/fr\/fonctions\/\" \/>\n<meta property=\"og:locale\" content=\"fr_FR\" \/>\n<meta property=\"og:type\" content=\"article\" \/>\n<meta property=\"og:title\" content=\"Fonctions - PKB\" \/>\n<meta property=\"og:description\" content=\"Parcourez la gamme compl\u00e8te de fonctions de remplissage et de bouchage propos\u00e9e par PKB Machines. D\u00e9couvrez comment nos solutions avanc\u00e9es peuvent permettre d\u2019optimiser chaque \u00e9tape de vos processus de production dans les industries cosm\u00e9tiques et de parfumerie.\" \/>\n<meta property=\"og:url\" content=\"https:\/\/pkbmachines.com\/fr\/fonctions\/\" \/>\n<meta property=\"og:site_name\" content=\"PKB\" \/>\n<meta property=\"article:modified_time\" content=\"2025-02-12T15:09:58+00:00\" \/>\n<meta name=\"twitter:card\" content=\"summary_large_image\" \/>\n<script type=\"application\/ld+json\" class=\"yoast-schema-graph\">{\"@context\":\"https:\/\/schema.org\",\"@graph\":[{\"@type\":\"WebPage\",\"@id\":\"https:\/\/pkbmachines.com\/fr\/fonctions\/\",\"url\":\"https:\/\/pkbmachines.com\/fr\/fonctions\/\",\"name\":\"Fonctions - PKB\",\"isPartOf\":{\"@id\":\"https:\/\/pkbmachines.com\/fr\/#website\"},\"datePublished\":\"2023-07-10T12:46:05+00:00\",\"dateModified\":\"2025-02-12T15:09:58+00:00\",\"description\":\"Parcourez la gamme compl\u00e8te de fonctions de remplissage et de bouchage propos\u00e9e par PKB Machines. D\u00e9couvrez comment nos solutions avanc\u00e9es peuvent permettre d\u2019optimiser chaque \u00e9tape de vos processus de production dans les industries cosm\u00e9tiques et de parfumerie.\",\"breadcrumb\":{\"@id\":\"https:\/\/pkbmachines.com\/fr\/fonctions\/#breadcrumb\"},\"inLanguage\":\"fr-FR\",\"potentialAction\":[{\"@type\":\"ReadAction\",\"target\":[\"https:\/\/pkbmachines.com\/fr\/fonctions\/\"]}]},{\"@type\":\"BreadcrumbList\",\"@id\":\"https:\/\/pkbmachines.com\/fr\/fonctions\/#breadcrumb\",\"itemListElement\":[{\"@type\":\"ListItem\",\"position\":1,\"name\":\"Home\",\"item\":\"https:\/\/pkbmachines.com\/fr\/\"},{\"@type\":\"ListItem\",\"position\":2,\"name\":\"Fonctions\"}]},{\"@type\":\"WebSite\",\"@id\":\"https:\/\/pkbmachines.com\/fr\/#website\",\"url\":\"https:\/\/pkbmachines.com\/fr\/\",\"name\":\"PKB Machines - Global leader in cosmetics and fragrance lines\",\"description\":\"Engineering Your Success in Cosmetics &amp; Perfume Industries\",\"alternateName\":\"PKB Machines\",\"potentialAction\":[{\"@type\":\"SearchAction\",\"target\":{\"@type\":\"EntryPoint\",\"urlTemplate\":\"https:\/\/pkbmachines.com\/fr\/?s={search_term_string}\"},\"query-input\":{\"@type\":\"PropertyValueSpecification\",\"valueRequired\":true,\"valueName\":\"search_term_string\"}}],\"inLanguage\":\"fr-FR\"}]}<\/script>\n<!-- \/ Yoast SEO plugin. -->","yoast_head_json":{"title":"Fonctions - PKB","description":"Parcourez la gamme compl\u00e8te de fonctions de remplissage et de bouchage propos\u00e9e par PKB Machines. D\u00e9couvrez comment nos solutions avanc\u00e9es peuvent permettre d\u2019optimiser chaque \u00e9tape de vos processus de production dans les industries cosm\u00e9tiques et de parfumerie.","robots":{"index":"index","follow":"follow","max-snippet":"max-snippet:-1","max-image-preview":"max-image-preview:large","max-video-preview":"max-video-preview:-1"},"canonical":"https:\/\/pkbmachines.com\/fr\/fonctions\/","og_locale":"fr_FR","og_type":"article","og_title":"Fonctions - PKB","og_description":"Parcourez la gamme compl\u00e8te de fonctions de remplissage et de bouchage propos\u00e9e par PKB Machines. D\u00e9couvrez comment nos solutions avanc\u00e9es peuvent permettre d\u2019optimiser chaque \u00e9tape de vos processus de production dans les industries cosm\u00e9tiques et de parfumerie.","og_url":"https:\/\/pkbmachines.com\/fr\/fonctions\/","og_site_name":"PKB","article_modified_time":"2025-02-12T15:09:58+00:00","twitter_card":"summary_large_image","schema":{"@context":"https:\/\/schema.org","@graph":[{"@type":"WebPage","@id":"https:\/\/pkbmachines.com\/fr\/fonctions\/","url":"https:\/\/pkbmachines.com\/fr\/fonctions\/","name":"Fonctions - PKB","isPartOf":{"@id":"https:\/\/pkbmachines.com\/fr\/#website"},"datePublished":"2023-07-10T12:46:05+00:00","dateModified":"2025-02-12T15:09:58+00:00","description":"Parcourez la gamme compl\u00e8te de fonctions de remplissage et de bouchage propos\u00e9e par PKB Machines. D\u00e9couvrez comment nos solutions avanc\u00e9es peuvent permettre d\u2019optimiser chaque \u00e9tape de vos processus de production dans les industries cosm\u00e9tiques et de parfumerie.","breadcrumb":{"@id":"https:\/\/pkbmachines.com\/fr\/fonctions\/#breadcrumb"},"inLanguage":"fr-FR","potentialAction":[{"@type":"ReadAction","target":["https:\/\/pkbmachines.com\/fr\/fonctions\/"]}]},{"@type":"BreadcrumbList","@id":"https:\/\/pkbmachines.com\/fr\/fonctions\/#breadcrumb","itemListElement":[{"@type":"ListItem","position":1,"name":"Home","item":"https:\/\/pkbmachines.com\/fr\/"},{"@type":"ListItem","position":2,"name":"Fonctions"}]},{"@type":"WebSite","@id":"https:\/\/pkbmachines.com\/fr\/#website","url":"https:\/\/pkbmachines.com\/fr\/","name":"PKB Machines - Global leader in cosmetics and fragrance lines","description":"Engineering Your Success in Cosmetics &amp; Perfume Industries","alternateName":"PKB Machines","potentialAction":[{"@type":"SearchAction","target":{"@type":"EntryPoint","urlTemplate":"https:\/\/pkbmachines.com\/fr\/?s={search_term_string}"},"query-input":{"@type":"PropertyValueSpecification","valueRequired":true,"valueName":"search_term_string"}}],"inLanguage":"fr-FR"}]}},"_links":{"self":[{"href":"https:\/\/pkbmachines.com\/fr\/wp-json\/wp\/v2\/pages\/5426","targetHints":{"allow":["GET"]}}],"collection":[{"href":"https:\/\/pkbmachines.com\/fr\/wp-json\/wp\/v2\/pages"}],"about":[{"href":"https:\/\/pkbmachines.com\/fr\/wp-json\/wp\/v2\/types\/page"}],"author":[{"embeddable":true,"href":"https:\/\/pkbmachines.com\/fr\/wp-json\/wp\/v2\/users\/1"}],"replies":[{"embeddable":true,"href":"https:\/\/pkbmachines.com\/fr\/wp-json\/wp\/v2\/comments?post=5426"}],"version-history":[{"count":1,"href":"https:\/\/pkbmachines.com\/fr\/wp-json\/wp\/v2\/pages\/5426\/revisions"}],"predecessor-version":[{"id":7327,"href":"https:\/\/pkbmachines.com\/fr\/wp-json\/wp\/v2\/pages\/5426\/revisions\/7327"}],"wp:attachment":[{"href":"https:\/\/pkbmachines.com\/fr\/wp-json\/wp\/v2\/media?parent=5426"}],"curies":[{"name":"wp","href":"https:\/\/api.w.org\/{rel}","templated":true}]}}