{"id":5394,"date":"2023-08-10T22:03:36","date_gmt":"2023-08-10T20:03:36","guid":{"rendered":"https:\/\/dev.pkbmachines.com\/etudes-de-cas\/"},"modified":"2025-01-28T17:24:09","modified_gmt":"2025-01-28T16:24:09","slug":"etudes-de-cas","status":"publish","type":"page","link":"https:\/\/pkbmachines.com\/fr\/etudes-de-cas\/","title":{"rendered":"\u00c9tudes de cas"},"content":{"rendered":"\r\n<section class=\"block_parent      \" >\r\n\r\n    <a id=\"block_67245d47de1ec85b683d6ae6117de260\" style=\"position: absolute; top: -120px\"><\/a>\r\n\r\n    \r\n\r\n    \r\n    \r\n\r\n\r\n\r\n\r\n\r\n<section class=\"section newsroom-hero-section\">\r\n    <div class=\"container\">\r\n        <h1>\u00c9tudes de cas<\/h1>\r\n    <\/div>\r\n\r\n    <div class=\"swooch-divider swoosh67 py-50\">\r\n        <div class=\"light-gold-bg h100 position-relative z1\">\r\n            <img decoding=\"async\" src=\"https:\/\/pkbmachines.com\/wp-content\/uploads\/2023\/11\/case_studies_swoosh-1900x640.png\" alt=\"\">\r\n        <\/div>\r\n    <\/div>  \r\n\r\n    <div class=\"container\">\r\n        <div class=\"row\">\r\n            <div class=\"col-lg-6 offset-lg-2 line12\">\r\n                                <h4><p>Consultez nos \u00e9tudes de cas pour voir comment notre technologie am\u00e9liore la performance du processus de production et comment elle contribue au succ\u00e8s de nos clients.<\/p>\n<\/h4>\r\n            <\/div>\r\n        <\/div>\r\n    <\/div>\r\n    \r\n<\/section>\r\n<!--\/\/END SECTION-->\r\n\r\n<\/section>\r\n<section class=\"block_parent section case-studies-section white-b-color case-studies-section-list\r\n     \" >\r\n\r\n    <a id=\"block_14e23ca4fe4e98da8be5a2e6db69bd90\" style=\"position: absolute; top: -120px\"><\/a>\r\n\r\n    \r\n\r\n    \r\n    \r\n\r\n\r\n\r\n\r\n\r\n\r\n    <div class=\"container\">\r\n        <div class=\"col-lg-8 offset-lg-2\">\r\n            <div class=\"section-content\">\r\n                <div class=\"case-studies-slider\">\r\n                    <div class=\"swiper-wrapper grid1\">\r\n\r\n                        \r\n\r\n                        \r\n                        \r\n\r\n                    <\/div>\r\n                <\/div>\r\n            <\/div>\r\n        <\/div>\r\n        \r\n\r\n    <\/div>\r\n\r\n\r\n<\/section>","protected":false},"excerpt":{"rendered":"","protected":false},"author":1,"featured_media":0,"parent":0,"menu_order":31,"comment_status":"closed","ping_status":"closed","template":"","meta":{"_acf_changed":false,"inline_featured_image":false,"footnotes":""},"class_list":["post-5394","page","type-page","status-publish","hentry"],"acf":[],"yoast_head":"<!-- This site is optimized with the Yoast SEO plugin v27.1.1 - https:\/\/yoast.com\/product\/yoast-seo-wordpress\/ -->\n<title>\u00c9tudes de cas - PKB<\/title>\n<meta name=\"description\" content=\"Consultez des \u00e9tudes de cas de PKB Machines pour voir \u00e0 quel point nos solutions avanc\u00e9es de remplissage et de bouchage contribuent au succ\u00e8s des acteurs des secteurs des produits cosm\u00e9tiques et de la parfumerie. Constatez ce succ\u00e8s \u00e0 partir d\u2019applications et de r\u00e9sultats r\u00e9els.\" \/>\n<meta name=\"robots\" content=\"index, follow, max-snippet:-1, max-image-preview:large, max-video-preview:-1\" \/>\n<link rel=\"canonical\" href=\"https:\/\/pkbmachines.com\/fr\/etudes-de-cas\/\" \/>\n<meta property=\"og:locale\" content=\"fr_FR\" \/>\n<meta property=\"og:type\" content=\"article\" \/>\n<meta property=\"og:title\" content=\"\u00c9tudes de cas - PKB\" \/>\n<meta property=\"og:description\" content=\"Consultez des \u00e9tudes de cas de PKB Machines pour voir \u00e0 quel point nos solutions avanc\u00e9es de remplissage et de bouchage contribuent au succ\u00e8s des acteurs des secteurs des produits cosm\u00e9tiques et de la parfumerie. Constatez ce succ\u00e8s \u00e0 partir d\u2019applications et de r\u00e9sultats r\u00e9els.\" \/>\n<meta property=\"og:url\" content=\"https:\/\/pkbmachines.com\/fr\/etudes-de-cas\/\" \/>\n<meta property=\"og:site_name\" content=\"PKB\" \/>\n<meta property=\"article:modified_time\" content=\"2025-01-28T16:24:09+00:00\" \/>\n<meta name=\"twitter:card\" content=\"summary_large_image\" \/>\n<script type=\"application\/ld+json\" class=\"yoast-schema-graph\">{\"@context\":\"https:\/\/schema.org\",\"@graph\":[{\"@type\":\"WebPage\",\"@id\":\"https:\/\/pkbmachines.com\/fr\/etudes-de-cas\/\",\"url\":\"https:\/\/pkbmachines.com\/fr\/etudes-de-cas\/\",\"name\":\"\u00c9tudes de cas - PKB\",\"isPartOf\":{\"@id\":\"https:\/\/pkbmachines.com\/fr\/#website\"},\"datePublished\":\"2023-08-10T20:03:36+00:00\",\"dateModified\":\"2025-01-28T16:24:09+00:00\",\"description\":\"Consultez des \u00e9tudes de cas de PKB Machines pour voir \u00e0 quel point nos solutions avanc\u00e9es de remplissage et de bouchage contribuent au succ\u00e8s des acteurs des secteurs des produits cosm\u00e9tiques et de la parfumerie. Constatez ce succ\u00e8s \u00e0 partir d\u2019applications et de r\u00e9sultats r\u00e9els.\",\"breadcrumb\":{\"@id\":\"https:\/\/pkbmachines.com\/fr\/etudes-de-cas\/#breadcrumb\"},\"inLanguage\":\"fr-FR\",\"potentialAction\":[{\"@type\":\"ReadAction\",\"target\":[\"https:\/\/pkbmachines.com\/fr\/etudes-de-cas\/\"]}]},{\"@type\":\"BreadcrumbList\",\"@id\":\"https:\/\/pkbmachines.com\/fr\/etudes-de-cas\/#breadcrumb\",\"itemListElement\":[{\"@type\":\"ListItem\",\"position\":1,\"name\":\"Home\",\"item\":\"https:\/\/pkbmachines.com\/fr\/\"},{\"@type\":\"ListItem\",\"position\":2,\"name\":\"\u00c9tudes de cas\"}]},{\"@type\":\"WebSite\",\"@id\":\"https:\/\/pkbmachines.com\/fr\/#website\",\"url\":\"https:\/\/pkbmachines.com\/fr\/\",\"name\":\"PKB Machines - Global leader in cosmetics and fragrance lines\",\"description\":\"Engineering Your Success in Cosmetics &amp; Perfume Industries\",\"alternateName\":\"PKB Machines\",\"potentialAction\":[{\"@type\":\"SearchAction\",\"target\":{\"@type\":\"EntryPoint\",\"urlTemplate\":\"https:\/\/pkbmachines.com\/fr\/?s={search_term_string}\"},\"query-input\":{\"@type\":\"PropertyValueSpecification\",\"valueRequired\":true,\"valueName\":\"search_term_string\"}}],\"inLanguage\":\"fr-FR\"}]}<\/script>\n<!-- \/ Yoast SEO plugin. -->","yoast_head_json":{"title":"\u00c9tudes de cas - PKB","description":"Consultez des \u00e9tudes de cas de PKB Machines pour voir \u00e0 quel point nos solutions avanc\u00e9es de remplissage et de bouchage contribuent au succ\u00e8s des acteurs des secteurs des produits cosm\u00e9tiques et de la parfumerie. Constatez ce succ\u00e8s \u00e0 partir d\u2019applications et de r\u00e9sultats r\u00e9els.","robots":{"index":"index","follow":"follow","max-snippet":"max-snippet:-1","max-image-preview":"max-image-preview:large","max-video-preview":"max-video-preview:-1"},"canonical":"https:\/\/pkbmachines.com\/fr\/etudes-de-cas\/","og_locale":"fr_FR","og_type":"article","og_title":"\u00c9tudes de cas - PKB","og_description":"Consultez des \u00e9tudes de cas de PKB Machines pour voir \u00e0 quel point nos solutions avanc\u00e9es de remplissage et de bouchage contribuent au succ\u00e8s des acteurs des secteurs des produits cosm\u00e9tiques et de la parfumerie. Constatez ce succ\u00e8s \u00e0 partir d\u2019applications et de r\u00e9sultats r\u00e9els.","og_url":"https:\/\/pkbmachines.com\/fr\/etudes-de-cas\/","og_site_name":"PKB","article_modified_time":"2025-01-28T16:24:09+00:00","twitter_card":"summary_large_image","schema":{"@context":"https:\/\/schema.org","@graph":[{"@type":"WebPage","@id":"https:\/\/pkbmachines.com\/fr\/etudes-de-cas\/","url":"https:\/\/pkbmachines.com\/fr\/etudes-de-cas\/","name":"\u00c9tudes de cas - PKB","isPartOf":{"@id":"https:\/\/pkbmachines.com\/fr\/#website"},"datePublished":"2023-08-10T20:03:36+00:00","dateModified":"2025-01-28T16:24:09+00:00","description":"Consultez des \u00e9tudes de cas de PKB Machines pour voir \u00e0 quel point nos solutions avanc\u00e9es de remplissage et de bouchage contribuent au succ\u00e8s des acteurs des secteurs des produits cosm\u00e9tiques et de la parfumerie. Constatez ce succ\u00e8s \u00e0 partir d\u2019applications et de r\u00e9sultats r\u00e9els.","breadcrumb":{"@id":"https:\/\/pkbmachines.com\/fr\/etudes-de-cas\/#breadcrumb"},"inLanguage":"fr-FR","potentialAction":[{"@type":"ReadAction","target":["https:\/\/pkbmachines.com\/fr\/etudes-de-cas\/"]}]},{"@type":"BreadcrumbList","@id":"https:\/\/pkbmachines.com\/fr\/etudes-de-cas\/#breadcrumb","itemListElement":[{"@type":"ListItem","position":1,"name":"Home","item":"https:\/\/pkbmachines.com\/fr\/"},{"@type":"ListItem","position":2,"name":"\u00c9tudes de cas"}]},{"@type":"WebSite","@id":"https:\/\/pkbmachines.com\/fr\/#website","url":"https:\/\/pkbmachines.com\/fr\/","name":"PKB Machines - Global leader in cosmetics and fragrance lines","description":"Engineering Your Success in Cosmetics &amp; Perfume Industries","alternateName":"PKB Machines","potentialAction":[{"@type":"SearchAction","target":{"@type":"EntryPoint","urlTemplate":"https:\/\/pkbmachines.com\/fr\/?s={search_term_string}"},"query-input":{"@type":"PropertyValueSpecification","valueRequired":true,"valueName":"search_term_string"}}],"inLanguage":"fr-FR"}]}},"_links":{"self":[{"href":"https:\/\/pkbmachines.com\/fr\/wp-json\/wp\/v2\/pages\/5394","targetHints":{"allow":["GET"]}}],"collection":[{"href":"https:\/\/pkbmachines.com\/fr\/wp-json\/wp\/v2\/pages"}],"about":[{"href":"https:\/\/pkbmachines.com\/fr\/wp-json\/wp\/v2\/types\/page"}],"author":[{"embeddable":true,"href":"https:\/\/pkbmachines.com\/fr\/wp-json\/wp\/v2\/users\/1"}],"replies":[{"embeddable":true,"href":"https:\/\/pkbmachines.com\/fr\/wp-json\/wp\/v2\/comments?post=5394"}],"version-history":[{"count":2,"href":"https:\/\/pkbmachines.com\/fr\/wp-json\/wp\/v2\/pages\/5394\/revisions"}],"predecessor-version":[{"id":7916,"href":"https:\/\/pkbmachines.com\/fr\/wp-json\/wp\/v2\/pages\/5394\/revisions\/7916"}],"wp:attachment":[{"href":"https:\/\/pkbmachines.com\/fr\/wp-json\/wp\/v2\/media?parent=5394"}],"curies":[{"name":"wp","href":"https:\/\/api.w.org\/{rel}","templated":true}]}}