{"id":7775,"date":"2024-06-26T12:38:34","date_gmt":"2024-06-26T10:38:34","guid":{"rendered":"https:\/\/pkbmachines.com\/?page_id=7775"},"modified":"2025-02-12T14:59:46","modified_gmt":"2025-02-12T13:59:46","slug":"politica-de-privacidad-2","status":"publish","type":"page","link":"https:\/\/pkbmachines.com\/es\/politica-de-privacidad-2\/","title":{"rendered":"Aviso legal"},"content":{"rendered":"<h4>I. Titular del sitio<\/h4>\n<p>Nombre legal: PKB Forma jur\u00eddica: sociedad por acciones simplificada Capital social: 500\u00a0000,00 euros Direcci\u00f3n: 1 route d\u2019Orl\u00e9ans, 27930, Angerville-la-Campagne (Francia) N.\u00ba RCS: 552 150 146 N.\u00ba IVA: FR74552150146 Editor: Jana BLAYBEL \u2013 j.blaybel@pkb.fr E-mail: pkb@pkb.fr Tel.: +33 (0)2 32 37 96 32<\/p>\n<h4>II. Anfitri\u00f3n<\/h4>\n<p>Nombre legal: OVH Forma jur\u00eddica: Sociedad por acciones simplificada Direcci\u00f3n: 2 rue Kellermann, 59100, Roubaix (Francia) Contacto: https:\/\/www.ovhcloud.com\/en\/contact\/<\/p>\n<h4>III. Propiedad intelectual<\/h4>\n<p>Todos los textos, fotos, v\u00eddeos, datos, carteles, logotipos, marcas y dem\u00e1s elementos reproducidos en el sitio web est\u00e1n reservados y protegidos por la legislaci\u00f3n sobre propiedad intelectual, incluidos los derechos de autor, los derechos afines, la legislaci\u00f3n sobre marcas y la legislaci\u00f3n sobre protecci\u00f3n de bases de datos. En consecuencia, no podr\u00e1 realizarse ninguna explotaci\u00f3n, distribuci\u00f3n, reproducci\u00f3n u otro uso de estos elementos, ni siquiera parcial, sin la autorizaci\u00f3n expresa de su autor en virtud de los art\u00edculos L 111-1, L 122-1 y L 122-4 del C\u00f3digo franc\u00e9s de Propiedad Intelectual. Cualquier incumplimiento de estas disposiciones constituye una infracci\u00f3n y puede ser objeto de procedimientos judiciales, incluidas sanciones penales.<\/p>\n<h4>IV. Pol\u00edtica de privacidad<\/h4>\n<p>Consultar nuestra pol\u00edtica de privacidad<\/p>\n","protected":false},"excerpt":{"rendered":"<p>I. Titular del sitio Nombre legal: PKB Forma jur\u00eddica: sociedad por acciones simplificada Capital social: 500\u00a0000,00 euros Direcci\u00f3n: 1 route d\u2019Orl\u00e9ans, 27930, Angerville-la-Campagne (Francia) N.\u00ba RCS: 552 150 146 N.\u00ba IVA: FR74552150146 Editor: Jana BLAYBEL \u2013 j.blaybel@pkb.fr E-mail: pkb@pkb.fr Tel.: +33 (0)2 32 37 96 32 II. Anfitri\u00f3n Nombre legal: OVH Forma jur\u00eddica: Sociedad por [&hellip;]<\/p>\n","protected":false},"author":2,"featured_media":0,"parent":0,"menu_order":25,"comment_status":"closed","ping_status":"closed","template":"","meta":{"_acf_changed":false,"inline_featured_image":false,"footnotes":""},"class_list":["post-7775","page","type-page","status-publish","hentry"],"acf":[],"yoast_head":"<!-- This site is optimized with the Yoast SEO plugin v27.1.1 - https:\/\/yoast.com\/product\/yoast-seo-wordpress\/ -->\n<title>Aviso legal - PKB<\/title>\n<meta name=\"robots\" content=\"index, follow, max-snippet:-1, max-image-preview:large, max-video-preview:-1\" \/>\n<link rel=\"canonical\" href=\"https:\/\/pkbmachines.com\/es\/politica-de-privacidad-2\/\" \/>\n<meta property=\"og:locale\" content=\"es_ES\" \/>\n<meta property=\"og:type\" content=\"article\" \/>\n<meta property=\"og:title\" content=\"Aviso legal - PKB\" \/>\n<meta property=\"og:description\" content=\"I. Titular del sitio Nombre legal: PKB Forma jur\u00eddica: sociedad por acciones simplificada Capital social: 500\u00a0000,00 euros Direcci\u00f3n: 1 route d\u2019Orl\u00e9ans, 27930, Angerville-la-Campagne (Francia) N.\u00ba RCS: 552 150 146 N.\u00ba IVA: FR74552150146 Editor: Jana BLAYBEL \u2013 j.blaybel@pkb.fr E-mail: pkb@pkb.fr Tel.: +33 (0)2 32 37 96 32 II. Anfitri\u00f3n Nombre legal: OVH Forma jur\u00eddica: Sociedad por [&hellip;]\" \/>\n<meta property=\"og:url\" content=\"https:\/\/pkbmachines.com\/es\/politica-de-privacidad-2\/\" \/>\n<meta property=\"og:site_name\" content=\"PKB\" \/>\n<meta property=\"article:modified_time\" content=\"2025-02-12T13:59:46+00:00\" \/>\n<meta name=\"twitter:card\" content=\"summary_large_image\" \/>\n<meta name=\"twitter:label1\" content=\"Tiempo de lectura\" \/>\n\t<meta name=\"twitter:data1\" content=\"1 minuto\" \/>\n<script type=\"application\/ld+json\" class=\"yoast-schema-graph\">{\"@context\":\"https:\/\/schema.org\",\"@graph\":[{\"@type\":\"WebPage\",\"@id\":\"https:\/\/pkbmachines.com\/es\/politica-de-privacidad-2\/\",\"url\":\"https:\/\/pkbmachines.com\/es\/politica-de-privacidad-2\/\",\"name\":\"Aviso legal - PKB\",\"isPartOf\":{\"@id\":\"https:\/\/pkbmachines.com\/es\/#website\"},\"datePublished\":\"2024-06-26T10:38:34+00:00\",\"dateModified\":\"2025-02-12T13:59:46+00:00\",\"breadcrumb\":{\"@id\":\"https:\/\/pkbmachines.com\/es\/politica-de-privacidad-2\/#breadcrumb\"},\"inLanguage\":\"es\",\"potentialAction\":[{\"@type\":\"ReadAction\",\"target\":[\"https:\/\/pkbmachines.com\/es\/politica-de-privacidad-2\/\"]}]},{\"@type\":\"BreadcrumbList\",\"@id\":\"https:\/\/pkbmachines.com\/es\/politica-de-privacidad-2\/#breadcrumb\",\"itemListElement\":[{\"@type\":\"ListItem\",\"position\":1,\"name\":\"Home\",\"item\":\"https:\/\/pkbmachines.com\/es\/\"},{\"@type\":\"ListItem\",\"position\":2,\"name\":\"Aviso legal\"}]},{\"@type\":\"WebSite\",\"@id\":\"https:\/\/pkbmachines.com\/es\/#website\",\"url\":\"https:\/\/pkbmachines.com\/es\/\",\"name\":\"PKB Machines - Global leader in cosmetics and fragrance lines\",\"description\":\"Engineering Your Success in Cosmetics &amp; Perfume Industries\",\"alternateName\":\"PKB Machines\",\"potentialAction\":[{\"@type\":\"SearchAction\",\"target\":{\"@type\":\"EntryPoint\",\"urlTemplate\":\"https:\/\/pkbmachines.com\/es\/?s={search_term_string}\"},\"query-input\":{\"@type\":\"PropertyValueSpecification\",\"valueRequired\":true,\"valueName\":\"search_term_string\"}}],\"inLanguage\":\"es\"}]}<\/script>\n<!-- \/ Yoast SEO plugin. -->","yoast_head_json":{"title":"Aviso legal - PKB","robots":{"index":"index","follow":"follow","max-snippet":"max-snippet:-1","max-image-preview":"max-image-preview:large","max-video-preview":"max-video-preview:-1"},"canonical":"https:\/\/pkbmachines.com\/es\/politica-de-privacidad-2\/","og_locale":"es_ES","og_type":"article","og_title":"Aviso legal - PKB","og_description":"I. Titular del sitio Nombre legal: PKB Forma jur\u00eddica: sociedad por acciones simplificada Capital social: 500\u00a0000,00 euros Direcci\u00f3n: 1 route d\u2019Orl\u00e9ans, 27930, Angerville-la-Campagne (Francia) N.\u00ba RCS: 552 150 146 N.\u00ba IVA: FR74552150146 Editor: Jana BLAYBEL \u2013 j.blaybel@pkb.fr E-mail: pkb@pkb.fr Tel.: +33 (0)2 32 37 96 32 II. Anfitri\u00f3n Nombre legal: OVH Forma jur\u00eddica: Sociedad por [&hellip;]","og_url":"https:\/\/pkbmachines.com\/es\/politica-de-privacidad-2\/","og_site_name":"PKB","article_modified_time":"2025-02-12T13:59:46+00:00","twitter_card":"summary_large_image","twitter_misc":{"Tiempo de lectura":"1 minuto"},"schema":{"@context":"https:\/\/schema.org","@graph":[{"@type":"WebPage","@id":"https:\/\/pkbmachines.com\/es\/politica-de-privacidad-2\/","url":"https:\/\/pkbmachines.com\/es\/politica-de-privacidad-2\/","name":"Aviso legal - PKB","isPartOf":{"@id":"https:\/\/pkbmachines.com\/es\/#website"},"datePublished":"2024-06-26T10:38:34+00:00","dateModified":"2025-02-12T13:59:46+00:00","breadcrumb":{"@id":"https:\/\/pkbmachines.com\/es\/politica-de-privacidad-2\/#breadcrumb"},"inLanguage":"es","potentialAction":[{"@type":"ReadAction","target":["https:\/\/pkbmachines.com\/es\/politica-de-privacidad-2\/"]}]},{"@type":"BreadcrumbList","@id":"https:\/\/pkbmachines.com\/es\/politica-de-privacidad-2\/#breadcrumb","itemListElement":[{"@type":"ListItem","position":1,"name":"Home","item":"https:\/\/pkbmachines.com\/es\/"},{"@type":"ListItem","position":2,"name":"Aviso legal"}]},{"@type":"WebSite","@id":"https:\/\/pkbmachines.com\/es\/#website","url":"https:\/\/pkbmachines.com\/es\/","name":"PKB Machines - Global leader in cosmetics and fragrance lines","description":"Engineering Your Success in Cosmetics &amp; Perfume Industries","alternateName":"PKB Machines","potentialAction":[{"@type":"SearchAction","target":{"@type":"EntryPoint","urlTemplate":"https:\/\/pkbmachines.com\/es\/?s={search_term_string}"},"query-input":{"@type":"PropertyValueSpecification","valueRequired":true,"valueName":"search_term_string"}}],"inLanguage":"es"}]}},"_links":{"self":[{"href":"https:\/\/pkbmachines.com\/es\/wp-json\/wp\/v2\/pages\/7775","targetHints":{"allow":["GET"]}}],"collection":[{"href":"https:\/\/pkbmachines.com\/es\/wp-json\/wp\/v2\/pages"}],"about":[{"href":"https:\/\/pkbmachines.com\/es\/wp-json\/wp\/v2\/types\/page"}],"author":[{"embeddable":true,"href":"https:\/\/pkbmachines.com\/es\/wp-json\/wp\/v2\/users\/2"}],"replies":[{"embeddable":true,"href":"https:\/\/pkbmachines.com\/es\/wp-json\/wp\/v2\/comments?post=7775"}],"version-history":[{"count":2,"href":"https:\/\/pkbmachines.com\/es\/wp-json\/wp\/v2\/pages\/7775\/revisions"}],"predecessor-version":[{"id":7874,"href":"https:\/\/pkbmachines.com\/es\/wp-json\/wp\/v2\/pages\/7775\/revisions\/7874"}],"wp:attachment":[{"href":"https:\/\/pkbmachines.com\/es\/wp-json\/wp\/v2\/media?parent=7775"}],"curies":[{"name":"wp","href":"https:\/\/api.w.org\/{rel}","templated":true}]}}