{"id":5553,"date":"2023-11-27T15:14:54","date_gmt":"2023-11-27T14:14:54","guid":{"rendered":"https:\/\/dev.pkbmachines.com\/carrera-profesional\/solicitar\/"},"modified":"2025-02-12T15:20:36","modified_gmt":"2025-02-12T14:20:36","slug":"solicitar","status":"publish","type":"page","link":"https:\/\/pkbmachines.com\/es\/carrera-profesional\/solicitar\/","title":{"rendered":"Solicitar"},"content":{"rendered":"\r\n<section class=\"block_parent section color-cosmetics-hero-section apply-hero-section\r\n     \" >\r\n\r\n    <a id=\"block_7694e820f31d2717afd051d7cc2fd882\" style=\"position: absolute; top: -120px\"><\/a>\r\n\r\n    \r\n\r\n    \r\n    \r\n\r\n\r\n\r\n\r\n\r\n    <div class=\"container z2 position-relative pb-100\">\r\n        <div class=\"row \">\r\n            <div class=\"col-md-3\">\r\n                <a href=\"career\" class=\"back-to-page gold-color\">Career<\/a>\r\n                                    <div class=\"holder_image to_left position-relative\">\r\n                        <img decoding=\"async\" src=\"https:\/\/pkbmachines.com\/wp-content\/uploads\/2023\/11\/apply_swoosh.png\" alt=\"divider\">\r\n                    <\/div>\r\n                            <\/div>\r\n            <div class=\"col-md-7 offset-md-1\">\r\n                <h1 class=\"burgund-color font23\">\u00bfNo encuentra un puesto adecuado en este momento?<\/h1>\r\n                <div class=\"sub_title font12 mt-30 mb-20\">No se preocupe. Env\u00ede su curr\u00edculo a nuestro departamento de RR. HH. y le tendremos en cuenta cuando surjan oportunidades que se ajusten a sus aptitudes y experiencia. <\/div>\r\n                <div class=\"desc\"><p>Valoramos su experiencia y nos encantar\u00eda tener la oportunidad de ponernos en contacto con usted para futuras vacantes.<\/p>\n<\/div>\r\n            <\/div>\r\n        <\/div>\r\n        \r\n        \r\n    <\/div>\r\n\r\n<\/section>\r\n<section class=\"block_parent      \" >\r\n\r\n    <a id=\"block_031c848bf63f0556135dd002d2813003\" style=\"position: absolute; top: -120px\"><\/a>\r\n\r\n    \r\n\r\n    \r\n            <div \r\n            data-parent_back_color=\"#5c263d\" \r\n            data-before_back_color=\"#f7f5f1\" \r\n            data-center_to=\".job-form-header\" \r\n            data-snap_to_left=\"\" \r\n            class=\"moving_background_element\">\r\n        <\/div>\r\n    \r\n\r\n\r\n\r\n\r\n<section class=\"section job-form-section inverted_buttons dark_form\">\r\n    <div class=\"container\">\r\n\r\n        <div class=\"job-form-grid\">\r\n\r\n            <div class=\"job-form-header\">\r\n                <h4>Manteng\u00e1monos en contacto<\/h4>\r\n            <\/div>\r\n\r\n            <div class=\"job-form-block\">\r\n\r\n\r\n                <h1 class=\"mb-50\">\u00a1Env\u00edenos su CV!<\/h1>\r\n                <div class=\"swoosh_apply_holder to_right position-relative mb-70\">\r\n                    <img decoding=\"async\" src=\"https:\/\/pkbmachines.com\/wp-content\/themes\/pkb\/img\/apply_swooch_form.png\">\r\n                <\/div>\r\n\r\n                \n<div class=\"wpcf7 no-js\" id=\"wpcf7-f5669-o1\" lang=\"es-ES\" dir=\"ltr\" data-wpcf7-id=\"5669\">\n<div class=\"screen-reader-response\"><p role=\"status\" aria-live=\"polite\" aria-atomic=\"true\"><\/p> <ul><\/ul><\/div>\n<form action=\"\/es\/wp-json\/wp\/v2\/pages\/5553#wpcf7-f5669-o1\" method=\"post\" class=\"wpcf7-form init\" aria-label=\"Formulario de contacto\" enctype=\"multipart\/form-data\" novalidate=\"novalidate\" data-status=\"init\">\n<fieldset class=\"hidden-fields-container\"><input type=\"hidden\" name=\"_wpcf7\" value=\"5669\" \/><input type=\"hidden\" name=\"_wpcf7_version\" value=\"6.1.5\" \/><input type=\"hidden\" name=\"_wpcf7_locale\" value=\"es_ES\" \/><input type=\"hidden\" name=\"_wpcf7_unit_tag\" value=\"wpcf7-f5669-o1\" \/><input type=\"hidden\" name=\"_wpcf7_container_post\" value=\"0\" \/><input type=\"hidden\" name=\"_wpcf7_posted_data_hash\" value=\"\" \/><input type=\"hidden\" name=\"_wpcf7_recaptcha_response\" value=\"\" \/>\n<\/fieldset>\n<div class=\"job-form\">\n\t<div>\n\t\t<p>Nombre y apellidos\n\t\t<\/p>\n\t\t<p><span class=\"wpcf7-form-control-wrap\" data-name=\"text-name\"><input size=\"40\" maxlength=\"400\" class=\"wpcf7-form-control wpcf7-text wpcf7-validates-as-required form-control\" aria-required=\"true\" aria-invalid=\"false\" value=\"\" type=\"text\" name=\"text-name\" \/><\/span>\n\t\t<\/p>\n\t<\/div>\n\t<div>\n\t\t<p>E-mail\n\t\t<\/p>\n\t\t<p><span class=\"wpcf7-form-control-wrap\" data-name=\"text-email\"><input size=\"40\" maxlength=\"400\" class=\"wpcf7-form-control wpcf7-text wpcf7-validates-as-required form-control\" aria-required=\"true\" aria-invalid=\"false\" value=\"\" type=\"text\" name=\"text-email\" \/><\/span>\n\t\t<\/p>\n\t\t<div>\n\t\t\t<p>CV\n\t\t\t<\/p>\n\t\t\t<p><span class=\"wpcf7-form-control-wrap\" data-name=\"text-resume\"><input size=\"40\" maxlength=\"400\" class=\"wpcf7-form-control wpcf7-text wpcf7-validates-as-required form-control\" aria-required=\"true\" aria-invalid=\"false\" value=\"\" type=\"text\" name=\"text-resume\" \/><\/span>\n\t\t\t<\/p>\n\t\t<\/div>\n\t\t<div class=\"attach-file inverted_button\">\n\t\t\t<p>Adjuntar archivo en formato *.doc o *.pdf con un tama\u00f1o m\u00e1ximo de 15 mb.\n\t\t\t<\/p>\n\t\t\t<div>\n\t\t\t\t<p><span class=\"wpcf7-form-control-wrap\" data-name=\"file-85\"><input size=\"40\" class=\"wpcf7-form-control wpcf7-file\" id=\"formFile\" accept=\"audio\/*,video\/*,image\/*\" aria-invalid=\"false\" type=\"file\" name=\"file-85\" \/><\/span><br \/>\n<label class=\"btn-first\" for=\"formFile\">Adjuntar archivo<\/label>\n\t\t\t\t<\/p>\n\t\t\t<\/div>\n\t\t<\/div>\n\t<\/div>\n\t<div>\n\t\t<p>Informaci\u00f3n adicional\n\t\t<\/p>\n\t\t<p><span class=\"wpcf7-form-control-wrap\" data-name=\"textarea-613\"><textarea cols=\"40\" rows=\"10\" maxlength=\"2000\" class=\"wpcf7-form-control wpcf7-textarea form-control\" aria-invalid=\"false\" name=\"textarea-613\"><\/textarea><\/span>\n\t\t<\/p>\n\t<\/div>\n\t<div class=\"form-checkbox checkbox-replace\">\n\t\t<p><span class=\"wpcf7-form-control-wrap\" data-name=\"acceptance-817\"><span class=\"wpcf7-form-control wpcf7-acceptance optional\"><span class=\"wpcf7-list-item\"><label><input type=\"checkbox\" name=\"acceptance-817\" value=\"1\" aria-invalid=\"false\" \/><span class=\"wpcf7-list-item-label\">I have read the privacy policy carefully before sending my request.<\/span><\/label><\/span><\/span><\/span>\n\t\t<\/p>\n\t<\/div>\n\t<div class=\"text-end\">\n\t\t<p><button type=\"submit\" class=\"btn-first ml-auto d-table\">ENVIAR<\/button>\n\t\t<\/p>\n\t<\/div>\n<\/div><div class=\"wpcf7-response-output\" aria-hidden=\"true\"><\/div>\n<\/form>\n<\/div>\n\r\n            <\/div>\r\n\r\n        <\/div>\r\n\r\n    <\/div>\r\n<\/section>\r\n\r\n\r\n<\/section>","protected":false},"excerpt":{"rendered":"","protected":false},"author":1,"featured_media":0,"parent":5379,"menu_order":66,"comment_status":"closed","ping_status":"closed","template":"","meta":{"_acf_changed":false,"inline_featured_image":false,"footnotes":""},"class_list":["post-5553","page","type-page","status-publish","hentry"],"acf":[],"yoast_head":"<!-- This site is optimized with the Yoast SEO plugin v27.1.1 - https:\/\/yoast.com\/product\/yoast-seo-wordpress\/ -->\n<title>Solicitar - PKB<\/title>\n<meta name=\"description\" content=\"Avance en su carrera profesional con PKB Machines, l\u00edder en soluciones de llenado y tapado. Descubra nuestras ofertas de empleo actuales en los sectores de la cosm\u00e9tica y la perfumer\u00eda y presente hoy mismo su candidatura para unirse a nuestro din\u00e1mico equipo.\" \/>\n<meta name=\"robots\" content=\"index, follow, max-snippet:-1, max-image-preview:large, max-video-preview:-1\" \/>\n<link rel=\"canonical\" href=\"https:\/\/pkbmachines.com\/es\/carrera-profesional\/solicitar\/\" \/>\n<meta property=\"og:locale\" content=\"es_ES\" \/>\n<meta property=\"og:type\" content=\"article\" \/>\n<meta property=\"og:title\" content=\"Solicitar - PKB\" \/>\n<meta property=\"og:description\" content=\"Avance en su carrera profesional con PKB Machines, l\u00edder en soluciones de llenado y tapado. Descubra nuestras ofertas de empleo actuales en los sectores de la cosm\u00e9tica y la perfumer\u00eda y presente hoy mismo su candidatura para unirse a nuestro din\u00e1mico equipo.\" \/>\n<meta property=\"og:url\" content=\"https:\/\/pkbmachines.com\/es\/carrera-profesional\/solicitar\/\" \/>\n<meta property=\"og:site_name\" content=\"PKB\" \/>\n<meta property=\"article:modified_time\" content=\"2025-02-12T14:20:36+00:00\" \/>\n<meta name=\"twitter:card\" content=\"summary_large_image\" \/>\n<script type=\"application\/ld+json\" class=\"yoast-schema-graph\">{\"@context\":\"https:\/\/schema.org\",\"@graph\":[{\"@type\":\"WebPage\",\"@id\":\"https:\/\/pkbmachines.com\/es\/carrera-profesional\/solicitar\/\",\"url\":\"https:\/\/pkbmachines.com\/es\/carrera-profesional\/solicitar\/\",\"name\":\"Solicitar - PKB\",\"isPartOf\":{\"@id\":\"https:\/\/pkbmachines.com\/es\/#website\"},\"datePublished\":\"2023-11-27T14:14:54+00:00\",\"dateModified\":\"2025-02-12T14:20:36+00:00\",\"description\":\"Avance en su carrera profesional con PKB Machines, l\u00edder en soluciones de llenado y tapado. Descubra nuestras ofertas de empleo actuales en los sectores de la cosm\u00e9tica y la perfumer\u00eda y presente hoy mismo su candidatura para unirse a nuestro din\u00e1mico equipo.\",\"breadcrumb\":{\"@id\":\"https:\/\/pkbmachines.com\/es\/carrera-profesional\/solicitar\/#breadcrumb\"},\"inLanguage\":\"es\",\"potentialAction\":[{\"@type\":\"ReadAction\",\"target\":[\"https:\/\/pkbmachines.com\/es\/carrera-profesional\/solicitar\/\"]}]},{\"@type\":\"BreadcrumbList\",\"@id\":\"https:\/\/pkbmachines.com\/es\/carrera-profesional\/solicitar\/#breadcrumb\",\"itemListElement\":[{\"@type\":\"ListItem\",\"position\":1,\"name\":\"Home\",\"item\":\"https:\/\/pkbmachines.com\/es\/\"},{\"@type\":\"ListItem\",\"position\":2,\"name\":\"Carrera profesional\",\"item\":\"https:\/\/pkbmachines.com\/es\/carrera-profesional\/\"},{\"@type\":\"ListItem\",\"position\":3,\"name\":\"Solicitar\"}]},{\"@type\":\"WebSite\",\"@id\":\"https:\/\/pkbmachines.com\/es\/#website\",\"url\":\"https:\/\/pkbmachines.com\/es\/\",\"name\":\"PKB Machines - Global leader in cosmetics and fragrance lines\",\"description\":\"Engineering Your Success in Cosmetics &amp; Perfume Industries\",\"alternateName\":\"PKB Machines\",\"potentialAction\":[{\"@type\":\"SearchAction\",\"target\":{\"@type\":\"EntryPoint\",\"urlTemplate\":\"https:\/\/pkbmachines.com\/es\/?s={search_term_string}\"},\"query-input\":{\"@type\":\"PropertyValueSpecification\",\"valueRequired\":true,\"valueName\":\"search_term_string\"}}],\"inLanguage\":\"es\"}]}<\/script>\n<!-- \/ Yoast SEO plugin. -->","yoast_head_json":{"title":"Solicitar - PKB","description":"Avance en su carrera profesional con PKB Machines, l\u00edder en soluciones de llenado y tapado. Descubra nuestras ofertas de empleo actuales en los sectores de la cosm\u00e9tica y la perfumer\u00eda y presente hoy mismo su candidatura para unirse a nuestro din\u00e1mico equipo.","robots":{"index":"index","follow":"follow","max-snippet":"max-snippet:-1","max-image-preview":"max-image-preview:large","max-video-preview":"max-video-preview:-1"},"canonical":"https:\/\/pkbmachines.com\/es\/carrera-profesional\/solicitar\/","og_locale":"es_ES","og_type":"article","og_title":"Solicitar - PKB","og_description":"Avance en su carrera profesional con PKB Machines, l\u00edder en soluciones de llenado y tapado. Descubra nuestras ofertas de empleo actuales en los sectores de la cosm\u00e9tica y la perfumer\u00eda y presente hoy mismo su candidatura para unirse a nuestro din\u00e1mico equipo.","og_url":"https:\/\/pkbmachines.com\/es\/carrera-profesional\/solicitar\/","og_site_name":"PKB","article_modified_time":"2025-02-12T14:20:36+00:00","twitter_card":"summary_large_image","schema":{"@context":"https:\/\/schema.org","@graph":[{"@type":"WebPage","@id":"https:\/\/pkbmachines.com\/es\/carrera-profesional\/solicitar\/","url":"https:\/\/pkbmachines.com\/es\/carrera-profesional\/solicitar\/","name":"Solicitar - PKB","isPartOf":{"@id":"https:\/\/pkbmachines.com\/es\/#website"},"datePublished":"2023-11-27T14:14:54+00:00","dateModified":"2025-02-12T14:20:36+00:00","description":"Avance en su carrera profesional con PKB Machines, l\u00edder en soluciones de llenado y tapado. Descubra nuestras ofertas de empleo actuales en los sectores de la cosm\u00e9tica y la perfumer\u00eda y presente hoy mismo su candidatura para unirse a nuestro din\u00e1mico equipo.","breadcrumb":{"@id":"https:\/\/pkbmachines.com\/es\/carrera-profesional\/solicitar\/#breadcrumb"},"inLanguage":"es","potentialAction":[{"@type":"ReadAction","target":["https:\/\/pkbmachines.com\/es\/carrera-profesional\/solicitar\/"]}]},{"@type":"BreadcrumbList","@id":"https:\/\/pkbmachines.com\/es\/carrera-profesional\/solicitar\/#breadcrumb","itemListElement":[{"@type":"ListItem","position":1,"name":"Home","item":"https:\/\/pkbmachines.com\/es\/"},{"@type":"ListItem","position":2,"name":"Carrera profesional","item":"https:\/\/pkbmachines.com\/es\/carrera-profesional\/"},{"@type":"ListItem","position":3,"name":"Solicitar"}]},{"@type":"WebSite","@id":"https:\/\/pkbmachines.com\/es\/#website","url":"https:\/\/pkbmachines.com\/es\/","name":"PKB Machines - Global leader in cosmetics and fragrance lines","description":"Engineering Your Success in Cosmetics &amp; Perfume Industries","alternateName":"PKB Machines","potentialAction":[{"@type":"SearchAction","target":{"@type":"EntryPoint","urlTemplate":"https:\/\/pkbmachines.com\/es\/?s={search_term_string}"},"query-input":{"@type":"PropertyValueSpecification","valueRequired":true,"valueName":"search_term_string"}}],"inLanguage":"es"}]}},"_links":{"self":[{"href":"https:\/\/pkbmachines.com\/es\/wp-json\/wp\/v2\/pages\/5553","targetHints":{"allow":["GET"]}}],"collection":[{"href":"https:\/\/pkbmachines.com\/es\/wp-json\/wp\/v2\/pages"}],"about":[{"href":"https:\/\/pkbmachines.com\/es\/wp-json\/wp\/v2\/types\/page"}],"author":[{"embeddable":true,"href":"https:\/\/pkbmachines.com\/es\/wp-json\/wp\/v2\/users\/1"}],"replies":[{"embeddable":true,"href":"https:\/\/pkbmachines.com\/es\/wp-json\/wp\/v2\/comments?post=5553"}],"version-history":[{"count":2,"href":"https:\/\/pkbmachines.com\/es\/wp-json\/wp\/v2\/pages\/5553\/revisions"}],"predecessor-version":[{"id":7944,"href":"https:\/\/pkbmachines.com\/es\/wp-json\/wp\/v2\/pages\/5553\/revisions\/7944"}],"up":[{"embeddable":true,"href":"https:\/\/pkbmachines.com\/es\/wp-json\/wp\/v2\/pages\/5379"}],"wp:attachment":[{"href":"https:\/\/pkbmachines.com\/es\/wp-json\/wp\/v2\/media?parent=5553"}],"curies":[{"name":"wp","href":"https:\/\/api.w.org\/{rel}","templated":true}]}}