{"id":5546,"date":"2023-11-24T13:47:53","date_gmt":"2023-11-24T12:47:53","guid":{"rendered":"https:\/\/dev.pkbmachines.com\/empleo\/"},"modified":"2025-01-14T10:43:30","modified_gmt":"2025-01-14T09:43:30","slug":"empleo","status":"publish","type":"page","link":"https:\/\/pkbmachines.com\/es\/empleo\/","title":{"rendered":"Empleos"},"content":{"rendered":"\r\n<section class=\"block_parent section available-positions-section inverted_buttons\r\n     \" >\r\n\r\n    <a id=\"block_dfcb9766d2c29824ec1ab3587933b690\" style=\"position: absolute; top: -120px\"><\/a>\r\n\r\n    \r\n\r\n    \r\n    \r\n\r\n\r\n\r\n\r\n\r\n\r\n    <div class=\"container\">\r\n\r\n        <div class=\"section-header\">\r\n            <h2 class=\"fw-extraLight white\">Available <br \/> positions<\/h2>\r\n        <\/div>\r\n\r\n        <div class=\"available-positions-table\">\r\n\r\n            <div class=\"available-positions-table-block jobs_categories_select\">\r\n                <div class=\"table-controls\">\r\n                    <div class=\"table-controls-block\">\r\n                        <p>Department<\/p>\r\n                        <select name=\"departments\">\r\n                            <option value=\"\" selected>All departments<\/option><option value=\"121\">Marketing<\/option><option value=\"95\">Departamento de I+D<\/option><option value=\"107\">Departamento Comercial<\/option><option value=\"109\">Oficina<\/option> \r\n                        <\/select> \r\n                    <\/div>\r\n                    <div class=\"table-controls-block\">\r\n                        <p>Locations<\/p>\r\n                        <select name=\"locations\">\r\n                            <option value=\"\" selected>All locations<\/option><option value=\"120\">Chakan, India<\/option><option value=\"99\">Evreux, Francia<\/option><option value=\"108\">Nueva Jersey, EE.UU.<\/option><option value=\"110\">Bonn, Alemania<\/option><option value=\"115\">Par\u00eds, Francia<\/option>                        <\/select>\r\n                    <\/div>\r\n                <\/div>\r\n            <\/div>\r\n\r\n            <div class=\"available-positions-table-block\">\r\n                <div class=\"position-table-wrap\">\r\n                    <table class=\"position-table\">\r\n                        <tbody class=\"append_here\">\r\n                            \r\n\r\n                                                                    <tr class=\"clickable\">\r\n    <td>\r\n        <p>Vendedor<\/p>\r\n    <\/td>\r\n    <td>Marketing<\/td>\r\n    <td>25\/11\/2023<\/td>\r\n    <td>Bonn, Alemania<\/td>\r\n    <td class=\"button-wrap\">\r\n        <div>\r\n            <a href=\"https:\/\/pkbmachines.com\/es\/jobs\/vendedor\/\" class=\"btn-first simple d-inline-block\">\r\n                JOB OFFER            <\/a>\r\n        <\/div>\r\n    <\/td>\r\n<\/tr>                                                                    <tr class=\"clickable\">\r\n    <td>\r\n        <p>Desarrollador senior de javascritpt<\/p>\r\n    <\/td>\r\n    <td>Oficina<\/td>\r\n    <td>13\/11\/2023<\/td>\r\n    <td>Chakan, India<\/td>\r\n    <td class=\"button-wrap\">\r\n        <div>\r\n            <a href=\"https:\/\/pkbmachines.com\/es\/jobs\/desarrollador-senior-de-javascritpt\/\" class=\"btn-first simple d-inline-block\">\r\n                JOB OFFER            <\/a>\r\n        <\/div>\r\n    <\/td>\r\n<\/tr>                                                                    <tr class=\"clickable\">\r\n    <td>\r\n        <p>Desarrollador PHP<\/p>\r\n    <\/td>\r\n    <td>Departamento Comercial<\/td>\r\n    <td>22\/11\/2023<\/td>\r\n    <td>Nueva Jersey, EE.UU.<\/td>\r\n    <td class=\"button-wrap\">\r\n        <div>\r\n            <a href=\"https:\/\/pkbmachines.com\/es\/jobs\/desarrollador-php\/\" class=\"btn-first simple d-inline-block\">\r\n                JOB OFFER            <\/a>\r\n        <\/div>\r\n    <\/td>\r\n<\/tr>                                \r\n                            \r\n                        <\/tbody>\r\n                    <\/table>\r\n                <\/div>\r\n            <\/div>\r\n\r\n            <div class=\"available-positions-table-block text-center\">\r\n                <a href=\"#\" class=\"btn-first simple more_posts d-table mx-auto\"  \r\n                    data-posts_per_page=\"3\" \r\n                    data-post_type=\"jobs\" \r\n                    data-offset=\"3\" \r\n                    data-append_container=\".append_here\" \r\n                    data-loading_container=\".available-positions-section\"\r\n                    >\r\n                    \r\n                    \r\n                    SHOW MORE                <\/a>\r\n            <\/div>\r\n\r\n        <\/div>\r\n\r\n    <\/div>\r\n\r\n\r\n\r\n<\/section>","protected":false},"excerpt":{"rendered":"","protected":false},"author":1,"featured_media":0,"parent":0,"menu_order":13,"comment_status":"closed","ping_status":"closed","template":"","meta":{"_acf_changed":false,"inline_featured_image":false,"footnotes":""},"class_list":["post-5546","page","type-page","status-publish","hentry"],"acf":[],"yoast_head":"<!-- This site is optimized with the Yoast SEO plugin v27.1.1 - https:\/\/yoast.com\/product\/yoast-seo-wordpress\/ -->\n<title>Empleos - PKB<\/title>\n<meta name=\"description\" content=\"\u00danase al equipo de PKB Machines y contribuya a dar forma al proceso de envasado del futuro en los sectores de la cosm\u00e9tica y la perfumer\u00eda. Descubra las ofertas de empleo actuales y comience hoy mismo su carrera profesional en una empresa l\u00edder mundial.\" \/>\n<meta name=\"robots\" content=\"index, follow, max-snippet:-1, max-image-preview:large, max-video-preview:-1\" \/>\n<link rel=\"canonical\" href=\"https:\/\/pkbmachines.com\/es\/empleo\/\" \/>\n<meta property=\"og:locale\" content=\"es_ES\" \/>\n<meta property=\"og:type\" content=\"article\" \/>\n<meta property=\"og:title\" content=\"Empleos - PKB\" \/>\n<meta property=\"og:description\" content=\"\u00danase al equipo de PKB Machines y contribuya a dar forma al proceso de envasado del futuro en los sectores de la cosm\u00e9tica y la perfumer\u00eda. Descubra las ofertas de empleo actuales y comience hoy mismo su carrera profesional en una empresa l\u00edder mundial.\" \/>\n<meta property=\"og:url\" content=\"https:\/\/pkbmachines.com\/es\/empleo\/\" \/>\n<meta property=\"og:site_name\" content=\"PKB\" \/>\n<meta property=\"article:modified_time\" content=\"2025-01-14T09:43:30+00:00\" \/>\n<meta name=\"twitter:card\" content=\"summary_large_image\" \/>\n<script type=\"application\/ld+json\" class=\"yoast-schema-graph\">{\"@context\":\"https:\/\/schema.org\",\"@graph\":[{\"@type\":\"WebPage\",\"@id\":\"https:\/\/pkbmachines.com\/es\/empleo\/\",\"url\":\"https:\/\/pkbmachines.com\/es\/empleo\/\",\"name\":\"Empleos - PKB\",\"isPartOf\":{\"@id\":\"https:\/\/pkbmachines.com\/es\/#website\"},\"datePublished\":\"2023-11-24T12:47:53+00:00\",\"dateModified\":\"2025-01-14T09:43:30+00:00\",\"description\":\"\u00danase al equipo de PKB Machines y contribuya a dar forma al proceso de envasado del futuro en los sectores de la cosm\u00e9tica y la perfumer\u00eda. Descubra las ofertas de empleo actuales y comience hoy mismo su carrera profesional en una empresa l\u00edder mundial.\",\"breadcrumb\":{\"@id\":\"https:\/\/pkbmachines.com\/es\/empleo\/#breadcrumb\"},\"inLanguage\":\"es\",\"potentialAction\":[{\"@type\":\"ReadAction\",\"target\":[\"https:\/\/pkbmachines.com\/es\/empleo\/\"]}]},{\"@type\":\"BreadcrumbList\",\"@id\":\"https:\/\/pkbmachines.com\/es\/empleo\/#breadcrumb\",\"itemListElement\":[{\"@type\":\"ListItem\",\"position\":1,\"name\":\"Home\",\"item\":\"https:\/\/pkbmachines.com\/es\/\"},{\"@type\":\"ListItem\",\"position\":2,\"name\":\"Empleos\"}]},{\"@type\":\"WebSite\",\"@id\":\"https:\/\/pkbmachines.com\/es\/#website\",\"url\":\"https:\/\/pkbmachines.com\/es\/\",\"name\":\"PKB Machines - Global leader in cosmetics and fragrance lines\",\"description\":\"Engineering Your Success in Cosmetics &amp; Perfume Industries\",\"alternateName\":\"PKB Machines\",\"potentialAction\":[{\"@type\":\"SearchAction\",\"target\":{\"@type\":\"EntryPoint\",\"urlTemplate\":\"https:\/\/pkbmachines.com\/es\/?s={search_term_string}\"},\"query-input\":{\"@type\":\"PropertyValueSpecification\",\"valueRequired\":true,\"valueName\":\"search_term_string\"}}],\"inLanguage\":\"es\"}]}<\/script>\n<!-- \/ Yoast SEO plugin. -->","yoast_head_json":{"title":"Empleos - PKB","description":"\u00danase al equipo de PKB Machines y contribuya a dar forma al proceso de envasado del futuro en los sectores de la cosm\u00e9tica y la perfumer\u00eda. Descubra las ofertas de empleo actuales y comience hoy mismo su carrera profesional en una empresa l\u00edder mundial.","robots":{"index":"index","follow":"follow","max-snippet":"max-snippet:-1","max-image-preview":"max-image-preview:large","max-video-preview":"max-video-preview:-1"},"canonical":"https:\/\/pkbmachines.com\/es\/empleo\/","og_locale":"es_ES","og_type":"article","og_title":"Empleos - PKB","og_description":"\u00danase al equipo de PKB Machines y contribuya a dar forma al proceso de envasado del futuro en los sectores de la cosm\u00e9tica y la perfumer\u00eda. Descubra las ofertas de empleo actuales y comience hoy mismo su carrera profesional en una empresa l\u00edder mundial.","og_url":"https:\/\/pkbmachines.com\/es\/empleo\/","og_site_name":"PKB","article_modified_time":"2025-01-14T09:43:30+00:00","twitter_card":"summary_large_image","schema":{"@context":"https:\/\/schema.org","@graph":[{"@type":"WebPage","@id":"https:\/\/pkbmachines.com\/es\/empleo\/","url":"https:\/\/pkbmachines.com\/es\/empleo\/","name":"Empleos - PKB","isPartOf":{"@id":"https:\/\/pkbmachines.com\/es\/#website"},"datePublished":"2023-11-24T12:47:53+00:00","dateModified":"2025-01-14T09:43:30+00:00","description":"\u00danase al equipo de PKB Machines y contribuya a dar forma al proceso de envasado del futuro en los sectores de la cosm\u00e9tica y la perfumer\u00eda. Descubra las ofertas de empleo actuales y comience hoy mismo su carrera profesional en una empresa l\u00edder mundial.","breadcrumb":{"@id":"https:\/\/pkbmachines.com\/es\/empleo\/#breadcrumb"},"inLanguage":"es","potentialAction":[{"@type":"ReadAction","target":["https:\/\/pkbmachines.com\/es\/empleo\/"]}]},{"@type":"BreadcrumbList","@id":"https:\/\/pkbmachines.com\/es\/empleo\/#breadcrumb","itemListElement":[{"@type":"ListItem","position":1,"name":"Home","item":"https:\/\/pkbmachines.com\/es\/"},{"@type":"ListItem","position":2,"name":"Empleos"}]},{"@type":"WebSite","@id":"https:\/\/pkbmachines.com\/es\/#website","url":"https:\/\/pkbmachines.com\/es\/","name":"PKB Machines - Global leader in cosmetics and fragrance lines","description":"Engineering Your Success in Cosmetics &amp; Perfume Industries","alternateName":"PKB Machines","potentialAction":[{"@type":"SearchAction","target":{"@type":"EntryPoint","urlTemplate":"https:\/\/pkbmachines.com\/es\/?s={search_term_string}"},"query-input":{"@type":"PropertyValueSpecification","valueRequired":true,"valueName":"search_term_string"}}],"inLanguage":"es"}]}},"_links":{"self":[{"href":"https:\/\/pkbmachines.com\/es\/wp-json\/wp\/v2\/pages\/5546","targetHints":{"allow":["GET"]}}],"collection":[{"href":"https:\/\/pkbmachines.com\/es\/wp-json\/wp\/v2\/pages"}],"about":[{"href":"https:\/\/pkbmachines.com\/es\/wp-json\/wp\/v2\/types\/page"}],"author":[{"embeddable":true,"href":"https:\/\/pkbmachines.com\/es\/wp-json\/wp\/v2\/users\/1"}],"replies":[{"embeddable":true,"href":"https:\/\/pkbmachines.com\/es\/wp-json\/wp\/v2\/comments?post=5546"}],"version-history":[{"count":2,"href":"https:\/\/pkbmachines.com\/es\/wp-json\/wp\/v2\/pages\/5546\/revisions"}],"predecessor-version":[{"id":7946,"href":"https:\/\/pkbmachines.com\/es\/wp-json\/wp\/v2\/pages\/5546\/revisions\/7946"}],"wp:attachment":[{"href":"https:\/\/pkbmachines.com\/es\/wp-json\/wp\/v2\/media?parent=5546"}],"curies":[{"name":"wp","href":"https:\/\/api.w.org\/{rel}","templated":true}]}}