{"id":5528,"date":"2023-07-10T14:46:19","date_gmt":"2023-07-10T12:46:19","guid":{"rendered":"https:\/\/dev.pkbmachines.com\/servicios\/"},"modified":"2025-02-12T15:22:34","modified_gmt":"2025-02-12T14:22:34","slug":"servicios","status":"publish","type":"page","link":"https:\/\/pkbmachines.com\/es\/servicios\/","title":{"rendered":"Servicios"},"content":{"rendered":"\r\n<section class=\"block_parent section about-hero-section\r\n     \" >\r\n\r\n    <a id=\"block_a69214fded18801554f71e5127020893\" style=\"position: absolute; top: -120px\"><\/a>\r\n\r\n    \r\n\r\n    \r\n    \r\n\r\n\r\n\r\n\r\n\r\n\r\n    <div class=\"container\">\r\n        <div class=\"about-hero-grid\">\r\n            <div class=\"about-hero-content\">\r\n                <h1 class=\"font6\">Servicios<\/h1>\r\n                                    <h4 class=\"line12\"><p>Le proporcionamos la tecnolog\u00eda adecuada y le ayudamos en todas las fases del proceso<\/p>\n<\/h4>\r\n                                <div class=\"about-shape to_left mt-50\"><img decoding=\"async\" src=\"https:\/\/pkbmachines.com\/wp-content\/uploads\/2023\/11\/swoosh_services_top.png\" alt=\"\"><\/div>\r\n            <\/div>\r\n            <div class=\"about-hero-banner-column to_right\">\r\n                <div class=\"about-hero-banner bg-center bg-cover \"\r\n                    style=\"background-image:url(https:\/\/pkbmachines.com\/wp-content\/uploads\/2023\/11\/PKB-Mai-2022-48-_2500px-1.png);\">\r\n                <\/div>\r\n\r\n            <\/div>\r\n        <\/div>\r\n    <\/div>\r\n\r\n\r\n<\/section>\r\n<section class=\"block_parent      \" >\r\n\r\n    <a id=\"block_8706b3bbca7e8e2ca7c4fae9a9eb09aa\" style=\"position: absolute; top: -120px\"><\/a>\r\n\r\n    \r\n\r\n    \r\n    \r\n\r\n\r\n\r\n\r\n\r\n<section class=\"section service-intro-section\">\r\n    <div class=\"container\">\r\n\r\n        <div class=\"service-intro\">\r\n            \r\n            <img decoding=\"async\" class=\"rotation_animation\" src=\"https:\/\/pkbmachines.com\/wp-content\/themes\/pkb\/html\/images\/badge.png\" alt=\"\">\r\n            <div>\r\n                <p><p>PKB es un socio comercial a la escucha de sus necesidades y en quien puede confiar. <strong>Siempre buscamos la mejor manera de proceder y creamos soluciones juntos.<\/strong> Le ayudamos en todas las fases del proceso para mejorar el rendimiento y la eficiencia de sus l\u00edneas de producci\u00f3n. Siempre podr\u00e1 contar con nuestro equipo de atenci\u00f3n al cliente y nuestro servicio t\u00e9cnico, y en particular con nuestros agentes del servicio posventa.<\/p>\n<\/p>\r\n\r\n                            <\/div>\r\n        <\/div>\r\n\r\n    <\/div>\r\n<\/section>\r\n\r\n\r\n<\/section>\r\n<section class=\"block_parent      \" >\r\n\r\n    <a id=\"block_63a099a34a5e3b6843f46d1ec227e150\" style=\"position: absolute; top: -120px\"><\/a>\r\n\r\n    \r\n\r\n    \r\n    \r\n\r\n\r\n\r\n\r\n\r\n<section class=\"section customer-travel-section\">\r\n    <div class=\"container\">\r\n\r\n        <div class=\"customer-travel\">\r\n            <div class=\"customer-travel-image bg-cover bg-center\"\r\n                style=\"background-image:url(https:\/\/pkbmachines.com\/wp-content\/uploads\/2023\/11\/Big-Photo-1.png);\"><\/div>\r\n            <article>\r\n                <h3>Asistencia en viaje al cliente<\/h3>\r\n                <p><p>La mejor manera de iniciar una colaboraci\u00f3n empresarial es conocerse en persona. \u00a1Estaremos encantados de que venga a visitarnos!<\/p>\n<p>Le ayudaremos a organizar el encuentro y haremos que el viaje resulte lo m\u00e1s c\u00f3modo posible. Nuestros comerciales est\u00e1n a su disposici\u00f3n para ayudarle a encontrar el alojamiento y el transporte m\u00e1s adecuados a sus necesidades y realizar por usted las reservas oportunas para ahorrarle tiempo y contratiempos.<\/p>\n<\/p>\r\n                <a href=\"https:\/\/pkbmachines.com\/es\/\/services\/customer-travel-assistance\/\" class=\"btn-first\">LEARN M\u00c1S<\/a>\r\n            <\/article>\r\n        <\/div>\r\n\r\n    <\/div>\r\n<\/section>\r\n\r\n<\/section>\r\n<section class=\"block_parent      \" >\r\n\r\n    <a id=\"block_95dd2d2b63de54e867d9f3eb3836ba2a\" style=\"position: absolute; top: -120px\"><\/a>\r\n\r\n    \r\n\r\n    \r\n    \r\n\r\n\r\n\r\n\r\n\r\n<section class=\"section installation-section\">\r\n    <div class=\"container\">\r\n\r\n        <div class=\"installation\">\r\n            <h2 class=\"text-left\">Instalaci\u00f3n y puesta en servicio<\/h2>\r\n            <div class=\"installation-grid\">\r\n                <div class=\"installation-image bg-cover bg-center\"\r\n                    style=\"background-image:url(https:\/\/pkbmachines.com\/wp-content\/uploads\/2024\/07\/PKB-Mai-2022-108-867x1300.jpeg);\">\r\n                <\/div>\r\n                <article>\r\n                    <p><p>Nuestras l\u00edneas de llenado son instaladas y puestas en servicio por nuestros experimentados equipos <strong>biling\u00fces de ingenieros de servicio al cliente (ISC).<\/strong> Con su ayuda, su personal podr\u00e1 manejar la l\u00ednea de llenado r\u00e1pidamente. Adem\u00e1s, nuestros ISC estar\u00e1n disponibles en todo momento para responder a sus necesidades durante el periodo de entrega de las m\u00e1quinas, durante el cual tambi\u00e9n facilitar\u00e1n instrucciones de mantenimiento y formaci\u00f3n a los operarios. Porque sabemos que la formaci\u00f3n y el apoyo son cruciales para el \u00e9xito, definimos con usted las fechas de puesta en servicio para garantizar que la entrega de las m\u00e1quinas se realice sin problemas y que sus operarios e ingenieros reciban la formaci\u00f3n adecuada.<\/p>\n<\/p>\r\n                <\/article>\r\n            <\/div>\r\n        <\/div>\r\n\r\n    <\/div>\r\n<\/section>\r\n\r\n\r\n<\/section>\r\n<section class=\"block_parent      \" >\r\n\r\n    <a id=\"block_2511a2357ad266e8da2a4b51154d67e1\" style=\"position: absolute; top: -120px\"><\/a>\r\n\r\n    \r\n\r\n    \r\n    \r\n\r\n\r\n\r\n\r\n\r\n<div class=\"service-strip bg-center bg-cover flex-column\">\r\n    <h4>Trabajamos para asegurar el \u00e9xito de su negocio y puede contar con nosotros en cada paso del camino.<\/h4>\r\n    <\/div>\r\n\r\n<\/section>\r\n<section class=\"block_parent      \" >\r\n\r\n    <a id=\"block_c2b192b44357702b32a669e467a769c6\" style=\"position: absolute; top: -120px\"><\/a>\r\n\r\n    \r\n\r\n    \r\n    \r\n\r\n\r\n\r\n\r\n\r\n<section class=\"section installation-section\">\r\n    <div class=\"container\">\r\n\r\n        <div class=\"installation\">\r\n            <div class=\"installation-grid\">\r\n                <div class=\"installation-header\">\r\n                    <h4>\u00bfNecesita formaci\u00f3n espec\u00edfica para su personal?<\/h4>\r\n                    <img decoding=\"async\" src=\"https:\/\/pkbmachines.com\/wp-content\/themes\/pkb\/html\/images\/service-icon-image.png\" alt=\"\">\r\n                <\/div>\r\n                <article>\r\n                    <p><p>\u00bfQuiere mejorar la eficiencia y la productividad de su plantilla? Porque sabemos que los cambios de personal pueden suponer un reto, \u00a1estamos aqu\u00ed para ayudarle! <strong>Nuestro curso de actualizaci\u00f3n<\/strong> est\u00e1 dise\u00f1ado para desarrollar las competencias internas de su equipo con el fin de que se adapten con facilidad a los cambios de formato, controlen las tareas de mantenimiento preventivo y correctivo y dominen los ajustes de la l\u00ednea (mec\u00e1nicos o de automatizaci\u00f3n) seg\u00fan las necesidades espec\u00edficas. Nos comprometemos a trabajar con usted para comprender las necesidades de formaci\u00f3n de su empresa, tanto para ingenieros como para operarios. Juntos las definiremos y adaptaremos el curso para garantizar que cumple con los objetivos de su equipo y de su negocio. Nuestro objetivo es dotar a su personal de las habilidades y los conocimientos necesarios para sobresalir en sus funciones e impulsar su empresa. \u00a1Construyamos juntos la excelencia!<\/p>\n<\/p>\r\n                <\/article>\r\n            <\/div>\r\n        <\/div>\r\n\r\n    <\/div>\r\n<\/section>\r\n\r\n<\/section>\r\n<section class=\"block_parent      \" >\r\n\r\n    <a id=\"block_ed3522df6caaceb1ce4906ddd79f8ebc\" style=\"position: absolute; top: -120px\"><\/a>\r\n\r\n    \r\n\r\n    \r\n    \r\n\r\n\r\n\r\n\r\n\r\n<section class=\"section customer-service-section\">\r\n    <div class=\"container\">\r\n\r\n        <div class=\"section-header\">\r\n            <h2>Servicio de atenci\u00f3n al cliente de PKB<\/h2>\r\n        <\/div>\r\n\r\n        <div class=\"customer-services\">\r\n            <span class=\"customer-service-icon z1\"><img decoding=\"async\" class=\"rotation_animation\" src=\"https:\/\/pkbmachines.com\/wp-content\/themes\/pkb\/html\/images\/pkb-icon.png\"\r\n                    alt=\"\"><\/span>\r\n\r\n            \r\n                <div class=\"customer-service\">\r\n                    <div class=\"customer-service-header\">\r\n                        <div class=\"customer-service-image bg-center bg-cover\"\r\n                            style=\"background-image:url(https:\/\/pkbmachines.com\/wp-content\/uploads\/2024\/07\/PKB-Mai-2022-115-533x800.jpeg);\"><\/div>\r\n                        <h4>Auditor\u00edas in situ<\/h4>\r\n                    <\/div>\r\n                    <article>\r\n                        <p><p>Nuestro servicio de auditor\u00edas in situ a petici\u00f3n del cliente est\u00e1 dise\u00f1ado para ayudarle <strong>a optimizar la productividad de sus m\u00e1quinas<\/strong>. Nuestros ISC realizar\u00e1n un an\u00e1lisis exhaustivo del rendimiento de estas y le proporcionar\u00e1n recomendaciones pr\u00e1cticas de mejora. Porque sabemos que su flota de m\u00e1quinas es crucial para su negocio, estamos aqu\u00ed para ayudarle a asegurar su m\u00e1ximo rendimiento.<\/p>\n<\/p>\r\n                    <\/article>\r\n                <\/div>\r\n\r\n\r\n            \r\n                <div class=\"customer-service\">\r\n                    <div class=\"customer-service-header\">\r\n                        <div class=\"customer-service-image bg-center bg-cover\"\r\n                            style=\"background-image:url(https:\/\/pkbmachines.com\/wp-content\/uploads\/2023\/11\/PKB-Mai-2022-131-_edit-2.png);\"><\/div>\r\n                        <h4>Adaptaci\u00f3n a nuevos formatos<\/h4>\r\n                    <\/div>\r\n                    <article>\r\n                        <p><p>Porque sabemos que las necesidades de su negocio evolucionan sin cesar, nuestras m\u00e1quinas est\u00e1n dise\u00f1adas para ser flexibles y adaptarse a nuevos formatos. Nos esforzamos continuamente para satisfacer sus necesidades y proporcionarle el dise\u00f1o y el suministro necesarios de piezas de nuevo formato. Tanto si desea <strong>ampliar su l\u00ednea de productos como cambiar el formato de sus envases<\/strong>, estamos aqu\u00ed para ayudarle en todo momento.<\/p>\n<\/p>\r\n                    <\/article>\r\n                <\/div>\r\n\r\n\r\n            \r\n                <div class=\"customer-service\">\r\n                    <div class=\"customer-service-header\">\r\n                        <div class=\"customer-service-image bg-center bg-cover\"\r\n                            style=\"background-image:url(https:\/\/pkbmachines.com\/wp-content\/uploads\/2023\/11\/PKB-Mai-2022-120-_edit-1.png);\"><\/div>\r\n                        <h4>Contrato de mantenimiento<\/h4>\r\n                    <\/div>\r\n                    <article>\r\n                        <p><p>El mantenimiento peri\u00f3dico es esencial para que las m\u00e1quinas de la l\u00ednea de producci\u00f3n funcionen a pleno rendimiento. Disponemos de contratos de mantenimiento <strong>espec\u00edficos para cada m\u00e1quina, que incluyen piezas de recambio y mano de obra<\/strong>. Nuestros ingenieros visitar\u00e1n sus instalaciones para realizar operaciones de mantenimiento preventivo y se asegurar\u00e1n de que sus m\u00e1quinas funcionen a pleno rendimiento. Porque sabemos que su flota de m\u00e1quinas es crucial para su negocio, estamos aqu\u00ed para ayudarle a que funcionen sin problemas.<\/p>\n<\/p>\r\n                    <\/article>\r\n                <\/div>\r\n\r\n\r\n            \r\n                <div class=\"customer-service\">\r\n                    <div class=\"customer-service-header\">\r\n                        <div class=\"customer-service-image bg-center bg-cover\"\r\n                            style=\"background-image:url(https:\/\/pkbmachines.com\/wp-content\/uploads\/2023\/11\/PKB-Mai-2022-13-_edit-1.png);\"><\/div>\r\n                        <h4>Renovaci\u00f3n y modernizaci\u00f3n de maquinaria<\/h4>\r\n                    <\/div>\r\n                    <article>\r\n                        <p><p>Trabajamos sin tregua para <strong>mejorar nuestras m\u00e1quinas e integrar nuevas tecnolog\u00edas que aumenten su eficiencia<\/strong>. Le mantendremos informado de todas las posibles mejoras y actualizaciones que puedan realizarse en sus m\u00e1quinas actuales. Nuestros equipos le ayudar\u00e1n a mantener la competitividad de su negocio y a aumentar su productividad y eficiencia.<\/p>\n<\/p>\r\n                    <\/article>\r\n                <\/div>\r\n\r\n\r\n            \r\n        <\/div>\r\n\r\n    <\/div>\r\n<\/section>\r\n\r\n<\/section>\r\n\r\n<section class=\"block_parent image100\r\n     \" >\r\n\r\n    <a id=\"block_1d1a1966d6373414b25adae7e1c25526\" style=\"position: absolute; top: -120px\"><\/a>\r\n\r\n    \r\n\r\n    \r\n    \r\n\r\n\r\n\r\n\r\n\r\n\r\n    <div data-offset=\"40\" class=\"section-block agile-production-banner super_light_grey-b-color bg-cover bg-center w100  d-flex align-items-end \r\n    parallax \" \r\n    style=\"background-image:url(https:\/\/pkbmachines.com\/wp-content\/uploads\/2024\/02\/PKB-Mai-2022-133-867x1300.jpeg); background-size: 140%\">\r\n                <\/div>\r\n\r\n<\/section>\r\n<section class=\"block_parent      \" >\r\n\r\n    <a id=\"block_701a5a7e76dfdabc6126a4afdaad3376\" style=\"position: absolute; top: -120px\"><\/a>\r\n\r\n    \r\n\r\n    \r\n    \r\n\r\n\r\n\r\n\r\n\r\n<section class=\"section after-support-section\">\r\n    <div class=\"container\">\r\n\r\n        <div class=\"section-header\">\r\n            <h2>Servicio posventa y asistencia<\/h2>\r\n        <\/div>\r\n\r\n        <div class=\"after-support-grid\">\r\n\r\n            <div class=\"after-support-image bg-center bg-cover\"\r\n                style=\"background-image:url(https:\/\/pkbmachines.com\/wp-content\/uploads\/2023\/11\/Frame-197.png);\">\r\n                <img decoding=\"async\" src=\"https:\/\/pkbmachines.com\/wp-content\/themes\/pkb\/html\/images\/badge.png\" alt=\"\">\r\n            <\/div>\r\n\r\n            \r\n                <div class=\"after-support\">\r\n                    <div class=\"after-support-header\">\r\n                        <div class=\"whereweare-header\">\r\n                            <span>\r\n                                <h6>01<\/h6>\r\n                                <div class=\"b-image-100 bg-center bg-cover border100p\"style=\"background-image:url(https:\/\/pkbmachines.com\/wp-content\/uploads\/2023\/11\/image-223-1.png);\"><\/div>\r\n                            <\/span>\r\n                        <\/div>\r\n                        <h4>Servicio de asistencia remota<\/h4>\r\n                    <\/div>\r\n                    <article>\r\n                        <p><p>La mayor parte del tiempo de inactividad de las m\u00e1quinas se debe a problemas menores que pueden resolverse r\u00e1pidamente por tel\u00e9fono o por correo electr\u00f3nico. Con nuestra <strong>hot-line<\/strong> podemos resolver eficazmente los problemas b\u00e1sicos y proporcionar asistencia r\u00e1pida para incidentes m\u00e1s graves que requieren un estudio avanzado. Porque sabemos que el tiempo de inactividad puede resultar costoso y perjudicial para su negocio, pondremos sus m\u00e1quinas en funcionamiento lo antes posible.<\/p>\n<\/p>\r\n                    <\/article>\r\n                <\/div>\r\n            \r\n                <div class=\"after-support\">\r\n                    <div class=\"after-support-header\">\r\n                        <div class=\"whereweare-header\">\r\n                            <span>\r\n                                <h6>02<\/h6>\r\n                                <div class=\"b-image-100 bg-center bg-cover border100p\"style=\"background-image:url(https:\/\/pkbmachines.com\/wp-content\/uploads\/2023\/11\/image-223-2.png);\"><\/div>\r\n                            <\/span>\r\n                        <\/div>\r\n                        <h4>Servicio de mantenimiento remoto<\/h4>\r\n                    <\/div>\r\n                    <article>\r\n                        <p><p>Nuestras m\u00e1quinas est\u00e1n preconfiguradas para el <strong>diagn\u00f3stico y el mantenimiento a distancia a trav\u00e9s de internet<\/strong>, lo que significa que podemos asistirle muy r\u00e1pidamente sin necesidad de desplazarnos, en particular analizando y preparando de manera oportuna una posible intervenci\u00f3n in situ. As\u00ed ahorrar\u00e1 tiempo y dinero y obtendr\u00e1 una asistencia de mayor calidad.<\/p>\n<\/p>\r\n                    <\/article>\r\n                <\/div>\r\n            \r\n                <div class=\"after-support\">\r\n                    <div class=\"after-support-header\">\r\n                        <div class=\"whereweare-header\">\r\n                            <span>\r\n                                <h6>03<\/h6>\r\n                                <div class=\"b-image-100 bg-center bg-cover border100p\"style=\"background-image:url(https:\/\/pkbmachines.com\/wp-content\/uploads\/2023\/11\/image-223-3.png);\"><\/div>\r\n                            <\/span>\r\n                        <\/div>\r\n                        <h4>Intervenci\u00f3n a petici\u00f3n del cliente<\/h4>\r\n                    <\/div>\r\n                    <article>\r\n                        <p><p>Tanto si la m\u00e1quina est\u00e1 en garant\u00eda como si no, <strong>nos comprometemos a intervenir en cualquier parte del mundo<\/strong> en el plazo m\u00e1s breve posible siempre que sea necesario. Nuestros experimentados ingenieros biling\u00fces le brindar\u00e1n un servicio r\u00e1pido y eficaz en cualquier parte del mundo.<\/p>\n<\/p>\r\n                    <\/article>\r\n                <\/div>\r\n            \r\n                <div class=\"after-support\">\r\n                    <div class=\"after-support-header\">\r\n                        <div class=\"whereweare-header\">\r\n                            <span>\r\n                                <h6>04<\/h6>\r\n                                <div class=\"b-image-100 bg-center bg-cover border100p\"style=\"background-image:url(https:\/\/pkbmachines.com\/wp-content\/uploads\/2023\/08\/AdobeStock_544997994-1-300x208.png);\"><\/div>\r\n                            <\/span>\r\n                        <\/div>\r\n                        <h4>Disponibilidad de piezas de recambio<\/h4>\r\n                    <\/div>\r\n                    <article>\r\n                        <p><p>Todas nuestras piezas de origen CE est\u00e1n en stock o disponibles r\u00e1pidamente al mejor precio. Porque sabemos que disponer de las piezas adecuadas<strong> en el momento oportuno es crucial<\/strong> para que sus m\u00e1quinas funcionen a pleno rendimiento.<\/p>\n<\/p>\r\n                    <\/article>\r\n                <\/div>\r\n            \r\n        <\/div>\r\n\r\n    <\/div>\r\n<\/section>\r\n\r\n<\/section>","protected":false},"excerpt":{"rendered":"","protected":false},"author":1,"featured_media":0,"parent":0,"menu_order":89,"comment_status":"closed","ping_status":"closed","template":"","meta":{"_acf_changed":false,"inline_featured_image":false,"footnotes":""},"class_list":["post-5528","page","type-page","status-publish","hentry"],"acf":[],"yoast_head":"<!-- This site is optimized with the Yoast SEO plugin v27.1.1 - https:\/\/yoast.com\/product\/yoast-seo-wordpress\/ -->\n<title>Servicios - PKB<\/title>\n<meta name=\"description\" content=\"Descubra la amplia gama de servicios que ofrece PKB Machines para mejorar y mantener sus sistemas de llenado y tapado de envases. Descubra nuestros programas personalizados de mantenimiento, actualizaciones y formaci\u00f3n dise\u00f1ados para optimizar la eficiencia de su producci\u00f3n.\" \/>\n<meta name=\"robots\" content=\"index, follow, max-snippet:-1, max-image-preview:large, max-video-preview:-1\" \/>\n<link rel=\"canonical\" href=\"https:\/\/pkbmachines.com\/es\/servicios\/\" \/>\n<meta property=\"og:locale\" content=\"es_ES\" \/>\n<meta property=\"og:type\" content=\"article\" \/>\n<meta property=\"og:title\" content=\"Servicios - PKB\" \/>\n<meta property=\"og:description\" content=\"Descubra la amplia gama de servicios que ofrece PKB Machines para mejorar y mantener sus sistemas de llenado y tapado de envases. Descubra nuestros programas personalizados de mantenimiento, actualizaciones y formaci\u00f3n dise\u00f1ados para optimizar la eficiencia de su producci\u00f3n.\" \/>\n<meta property=\"og:url\" content=\"https:\/\/pkbmachines.com\/es\/servicios\/\" \/>\n<meta property=\"og:site_name\" content=\"PKB\" \/>\n<meta property=\"article:modified_time\" content=\"2025-02-12T14:22:34+00:00\" \/>\n<meta name=\"twitter:card\" content=\"summary_large_image\" \/>\n<script type=\"application\/ld+json\" class=\"yoast-schema-graph\">{\"@context\":\"https:\/\/schema.org\",\"@graph\":[{\"@type\":\"WebPage\",\"@id\":\"https:\/\/pkbmachines.com\/es\/servicios\/\",\"url\":\"https:\/\/pkbmachines.com\/es\/servicios\/\",\"name\":\"Servicios - PKB\",\"isPartOf\":{\"@id\":\"https:\/\/pkbmachines.com\/es\/#website\"},\"datePublished\":\"2023-07-10T12:46:19+00:00\",\"dateModified\":\"2025-02-12T14:22:34+00:00\",\"description\":\"Descubra la amplia gama de servicios que ofrece PKB Machines para mejorar y mantener sus sistemas de llenado y tapado de envases. Descubra nuestros programas personalizados de mantenimiento, actualizaciones y formaci\u00f3n dise\u00f1ados para optimizar la eficiencia de su producci\u00f3n.\",\"breadcrumb\":{\"@id\":\"https:\/\/pkbmachines.com\/es\/servicios\/#breadcrumb\"},\"inLanguage\":\"es\",\"potentialAction\":[{\"@type\":\"ReadAction\",\"target\":[\"https:\/\/pkbmachines.com\/es\/servicios\/\"]}]},{\"@type\":\"BreadcrumbList\",\"@id\":\"https:\/\/pkbmachines.com\/es\/servicios\/#breadcrumb\",\"itemListElement\":[{\"@type\":\"ListItem\",\"position\":1,\"name\":\"Home\",\"item\":\"https:\/\/pkbmachines.com\/es\/\"},{\"@type\":\"ListItem\",\"position\":2,\"name\":\"Servicios\"}]},{\"@type\":\"WebSite\",\"@id\":\"https:\/\/pkbmachines.com\/es\/#website\",\"url\":\"https:\/\/pkbmachines.com\/es\/\",\"name\":\"PKB Machines - Global leader in cosmetics and fragrance lines\",\"description\":\"Engineering Your Success in Cosmetics &amp; Perfume Industries\",\"alternateName\":\"PKB Machines\",\"potentialAction\":[{\"@type\":\"SearchAction\",\"target\":{\"@type\":\"EntryPoint\",\"urlTemplate\":\"https:\/\/pkbmachines.com\/es\/?s={search_term_string}\"},\"query-input\":{\"@type\":\"PropertyValueSpecification\",\"valueRequired\":true,\"valueName\":\"search_term_string\"}}],\"inLanguage\":\"es\"}]}<\/script>\n<!-- \/ Yoast SEO plugin. -->","yoast_head_json":{"title":"Servicios - PKB","description":"Descubra la amplia gama de servicios que ofrece PKB Machines para mejorar y mantener sus sistemas de llenado y tapado de envases. Descubra nuestros programas personalizados de mantenimiento, actualizaciones y formaci\u00f3n dise\u00f1ados para optimizar la eficiencia de su producci\u00f3n.","robots":{"index":"index","follow":"follow","max-snippet":"max-snippet:-1","max-image-preview":"max-image-preview:large","max-video-preview":"max-video-preview:-1"},"canonical":"https:\/\/pkbmachines.com\/es\/servicios\/","og_locale":"es_ES","og_type":"article","og_title":"Servicios - PKB","og_description":"Descubra la amplia gama de servicios que ofrece PKB Machines para mejorar y mantener sus sistemas de llenado y tapado de envases. Descubra nuestros programas personalizados de mantenimiento, actualizaciones y formaci\u00f3n dise\u00f1ados para optimizar la eficiencia de su producci\u00f3n.","og_url":"https:\/\/pkbmachines.com\/es\/servicios\/","og_site_name":"PKB","article_modified_time":"2025-02-12T14:22:34+00:00","twitter_card":"summary_large_image","schema":{"@context":"https:\/\/schema.org","@graph":[{"@type":"WebPage","@id":"https:\/\/pkbmachines.com\/es\/servicios\/","url":"https:\/\/pkbmachines.com\/es\/servicios\/","name":"Servicios - PKB","isPartOf":{"@id":"https:\/\/pkbmachines.com\/es\/#website"},"datePublished":"2023-07-10T12:46:19+00:00","dateModified":"2025-02-12T14:22:34+00:00","description":"Descubra la amplia gama de servicios que ofrece PKB Machines para mejorar y mantener sus sistemas de llenado y tapado de envases. Descubra nuestros programas personalizados de mantenimiento, actualizaciones y formaci\u00f3n dise\u00f1ados para optimizar la eficiencia de su producci\u00f3n.","breadcrumb":{"@id":"https:\/\/pkbmachines.com\/es\/servicios\/#breadcrumb"},"inLanguage":"es","potentialAction":[{"@type":"ReadAction","target":["https:\/\/pkbmachines.com\/es\/servicios\/"]}]},{"@type":"BreadcrumbList","@id":"https:\/\/pkbmachines.com\/es\/servicios\/#breadcrumb","itemListElement":[{"@type":"ListItem","position":1,"name":"Home","item":"https:\/\/pkbmachines.com\/es\/"},{"@type":"ListItem","position":2,"name":"Servicios"}]},{"@type":"WebSite","@id":"https:\/\/pkbmachines.com\/es\/#website","url":"https:\/\/pkbmachines.com\/es\/","name":"PKB Machines - Global leader in cosmetics and fragrance lines","description":"Engineering Your Success in Cosmetics &amp; Perfume Industries","alternateName":"PKB Machines","potentialAction":[{"@type":"SearchAction","target":{"@type":"EntryPoint","urlTemplate":"https:\/\/pkbmachines.com\/es\/?s={search_term_string}"},"query-input":{"@type":"PropertyValueSpecification","valueRequired":true,"valueName":"search_term_string"}}],"inLanguage":"es"}]}},"_links":{"self":[{"href":"https:\/\/pkbmachines.com\/es\/wp-json\/wp\/v2\/pages\/5528","targetHints":{"allow":["GET"]}}],"collection":[{"href":"https:\/\/pkbmachines.com\/es\/wp-json\/wp\/v2\/pages"}],"about":[{"href":"https:\/\/pkbmachines.com\/es\/wp-json\/wp\/v2\/types\/page"}],"author":[{"embeddable":true,"href":"https:\/\/pkbmachines.com\/es\/wp-json\/wp\/v2\/users\/1"}],"replies":[{"embeddable":true,"href":"https:\/\/pkbmachines.com\/es\/wp-json\/wp\/v2\/comments?post=5528"}],"version-history":[{"count":6,"href":"https:\/\/pkbmachines.com\/es\/wp-json\/wp\/v2\/pages\/5528\/revisions"}],"predecessor-version":[{"id":8126,"href":"https:\/\/pkbmachines.com\/es\/wp-json\/wp\/v2\/pages\/5528\/revisions\/8126"}],"wp:attachment":[{"href":"https:\/\/pkbmachines.com\/es\/wp-json\/wp\/v2\/media?parent=5528"}],"curies":[{"name":"wp","href":"https:\/\/api.w.org\/{rel}","templated":true}]}}