{"id":5502,"date":"2023-08-10T22:02:46","date_gmt":"2023-08-10T20:02:46","guid":{"rendered":"https:\/\/dev.pkbmachines.com\/menciones-en-los-medios-de-comunicacion\/"},"modified":"2025-02-12T15:18:39","modified_gmt":"2025-02-12T14:18:39","slug":"menciones-en-los-medios-de-comunicacion","status":"publish","type":"page","link":"https:\/\/pkbmachines.com\/es\/menciones-en-los-medios-de-comunicacion\/","title":{"rendered":"Menciones en los medios de comunicaci\u00f3n"},"content":{"rendered":"\r\n<section class=\"block_parent      \" >\r\n\r\n    <a id=\"block_108cb7973014772e0d2aa33f5f814083\" style=\"position: absolute; top: -120px\"><\/a>\r\n\r\n    \r\n\r\n    \r\n    \r\n\r\n\r\n\r\n\r\n\r\n<section class=\"section newsroom-hero-section\">\r\n    <div class=\"container\">\r\n        <h1>Menciones en los medios de comunicaci\u00f3n<\/h1>\r\n    <\/div>\r\n\r\n    <div class=\"swooch-divider swoosh60 py-50\">\r\n        <div class=\"light-gold-bg h100 position-relative z1\">\r\n            <img decoding=\"async\" src=\"https:\/\/pkbmachines.com\/wp-content\/uploads\/2023\/11\/swoosh_media_mentions-1900x590.png\" alt=\"\">\r\n        <\/div>\r\n    <\/div>  \r\n\r\n    <div class=\"container\">\r\n        <div class=\"row\">\r\n            <div class=\"col-lg-6 offset-lg-2 line12\">\r\n                                <h4><p>Consulte las \u00faltimas actualizaciones,<br \/>\nnuestra presencia en los medios y nuestros comunicados de prensa.<\/p>\n<\/h4>\r\n            <\/div>\r\n        <\/div>\r\n    <\/div>\r\n    \r\n<\/section>\r\n<!--\/\/END SECTION-->\r\n\r\n<\/section>\r\n<section class=\"block_parent section newsroom-media-section newsroom-media-mentions-list\r\n     \" >\r\n\r\n    <a id=\"block_732e7cc0fea0797b884390f4004a4c5f\" style=\"position: absolute; top: -120px\"><\/a>\r\n\r\n    \r\n\r\n    \r\n            <div \r\n            data-parent_back_color=\"\" \r\n            data-before_back_color=\"\" \r\n            data-center_to=\".media-date\" \r\n            data-snap_to_left=\"\" \r\n            class=\"moving_background_element\">\r\n        <\/div>\r\n    \r\n\r\n\r\n\r\n\r\n\r\n\r\n    <div class=\"container\">\r\n\r\n        <div class=\"row\">\r\n            <div class=\"col-md-8 offset-md-2\">\r\n\r\n           \r\n\r\n                <div class=\"newsroom-media-grid grid1\">\r\n\r\n                    \r\n\r\n                                                \r\n     \r\n<div class=\"newsroom-media mb-70\">\r\n    <div class=\"media-date-wrap\">\r\n        <div class=\"media-date\">\r\n            <div class=\"media-date-filler\"><\/div>\r\n            <h6>2024<\/h6>\r\n            <h3>06<\/h3>\r\n        <\/div>\r\n    <\/div>\r\n    <article>\r\n        \r\n        <h6 class=\"font2\"><a href=\"https:\/\/www.packaginginsights.com\/news\/cosmetic-business-2024-pkb-exhibits-multi-flexible-filling-machine-for-beauty-and-fragrance.html\">Cosmetic Business 2024: PKB presenta una envasadora multiflexible para productos cosm\u00e9ticos y de perfumer\u00eda<\/a><\/h6>\r\n        <p>\n\nPACKAGING INSIGHTS, 21 de junio de 2024 &#8212; En la reciente feria Cosmetic Business de M\u00fanich (Alemania), Personal Care Insights&nbsp;se reuni\u00f3 con el especialista en llenado y tapado PKB para&#8230;<\/p>\r\n\r\n        <div class=\"row align-items-center mt-50\">\r\n            <div class=\"col-md-4\">\r\n                        <\/div>\r\n            <div class=\"col-md-4 ml-auto d-flex justify-content-end\">\r\n            <a target=\"_blank\" href=\"https:\/\/www.packaginginsights.com\/news\/cosmetic-business-2024-pkb-exhibits-multi-flexible-filling-machine-for-beauty-and-fragrance.html\" class=\"btn-first external\">READ on external website<\/a>\r\n            <\/div>\r\n        <\/div>\r\n        \r\n\r\n\r\n        \r\n    <\/article>\r\n<\/div>\r\n     \r\n                                                \r\n     \r\n<div class=\"newsroom-media mb-70\">\r\n    <div class=\"media-date-wrap\">\r\n        <div class=\"media-date\">\r\n            <div class=\"media-date-filler\"><\/div>\r\n            <h6>2024<\/h6>\r\n            <h3>05<\/h3>\r\n        <\/div>\r\n    <\/div>\r\n    <article>\r\n        \r\n        <h6 class=\"font2\"><a href=\"https:\/\/www.emballagedigest.fr\/en\/pkb-la-performance-sur-mesure-pour-le-conditionnement-de-pots-cosmetiques-publi-communique\/\">PKB: el rendimiento a toda prueba para el acondicionamiento de tarros cosm\u00e9ticos<\/a><\/h6>\r\n        <p>Primer fabricante franc\u00e9s de m\u00e1quinas de reposici\u00f3n y acondicionamiento para perfumes y cosm\u00e9ticos, PKB desarrolla soluciones cuya fiabilidad y rendimiento son conocidos y reconocidos en todo el mundo.\n\nEn constante evoluci\u00f3n,&#8230;<\/p>\r\n\r\n        <div class=\"row align-items-center mt-50\">\r\n            <div class=\"col-md-4\">\r\n                        <\/div>\r\n            <div class=\"col-md-4 ml-auto d-flex justify-content-end\">\r\n            <a target=\"_blank\" href=\"https:\/\/www.emballagedigest.fr\/en\/pkb-la-performance-sur-mesure-pour-le-conditionnement-de-pots-cosmetiques-publi-communique\/\" class=\"btn-first external\">READ on external website<\/a>\r\n            <\/div>\r\n        <\/div>\r\n        \r\n\r\n\r\n        \r\n    <\/article>\r\n<\/div>\r\n     \r\n                                                \r\n     \r\n<div class=\"newsroom-media mb-70\">\r\n    <div class=\"media-date-wrap\">\r\n        <div class=\"media-date\">\r\n            <div class=\"media-date-filler\"><\/div>\r\n            <h6>2024<\/h6>\r\n            <h3>05<\/h3>\r\n        <\/div>\r\n    <\/div>\r\n    <article>\r\n        \r\n        <h6 class=\"font2\"><a href=\"https:\/\/www.emballagedigest.fr\/en\/pkb-la-performance-sur-mesure-pour-le-conditionnement-de-pots-cosmetiques-publi-communique\/\">PKB: el rendimiento a toda prueba para el acondicionamiento de tarros cosm\u00e9ticos<\/a><\/h6>\r\n        <p>Primer fabricante franc\u00e9s de m\u00e1quinas de reposici\u00f3n y acondicionamiento para perfumes y cosm\u00e9ticos, PKB desarrolla soluciones cuya fiabilidad y rendimiento son conocidos y reconocidos en todo el mundo.\n\nEn constante evoluci\u00f3n,&#8230;<\/p>\r\n\r\n        <div class=\"row align-items-center mt-50\">\r\n            <div class=\"col-md-4\">\r\n                        <\/div>\r\n            <div class=\"col-md-4 ml-auto d-flex justify-content-end\">\r\n            <a target=\"_blank\" href=\"https:\/\/www.emballagedigest.fr\/en\/pkb-la-performance-sur-mesure-pour-le-conditionnement-de-pots-cosmetiques-publi-communique\/\" class=\"btn-first external\">READ on external website<\/a>\r\n            <\/div>\r\n        <\/div>\r\n        \r\n\r\n\r\n        \r\n    <\/article>\r\n<\/div>\r\n     \r\n                    \r\n                    \r\n                    \r\n                <\/div>\r\n\r\n            <\/div>\r\n        <\/div>\r\n\r\n\r\n    <\/div>\r\n\r\n\r\n<\/section>","protected":false},"excerpt":{"rendered":"","protected":false},"author":1,"featured_media":0,"parent":0,"menu_order":50,"comment_status":"closed","ping_status":"closed","template":"","meta":{"_acf_changed":false,"inline_featured_image":false,"footnotes":""},"class_list":["post-5502","page","type-page","status-publish","hentry"],"acf":[],"yoast_head":"<!-- This site is optimized with the Yoast SEO plugin v27.1.1 - https:\/\/yoast.com\/product\/yoast-seo-wordpress\/ -->\n<title>Menciones en los medios de comunicaci\u00f3n - PKB<\/title>\n<meta name=\"description\" content=\"Descubra las menciones en los medios de PKB Machines para ver c\u00f3mo se nos reconoce mundialmente como l\u00edder en soluciones de llenado y tapado para cosm\u00e9ticos y perfumes. Conozca las opiniones y los elogios de las principales publicaciones del sector.\" \/>\n<meta name=\"robots\" content=\"index, follow, max-snippet:-1, max-image-preview:large, max-video-preview:-1\" \/>\n<link rel=\"canonical\" href=\"https:\/\/pkbmachines.com\/es\/menciones-en-los-medios-de-comunicacion\/\" \/>\n<meta property=\"og:locale\" content=\"es_ES\" \/>\n<meta property=\"og:type\" content=\"article\" \/>\n<meta property=\"og:title\" content=\"Menciones en los medios de comunicaci\u00f3n - PKB\" \/>\n<meta property=\"og:description\" content=\"Descubra las menciones en los medios de PKB Machines para ver c\u00f3mo se nos reconoce mundialmente como l\u00edder en soluciones de llenado y tapado para cosm\u00e9ticos y perfumes. Conozca las opiniones y los elogios de las principales publicaciones del sector.\" \/>\n<meta property=\"og:url\" content=\"https:\/\/pkbmachines.com\/es\/menciones-en-los-medios-de-comunicacion\/\" \/>\n<meta property=\"og:site_name\" content=\"PKB\" \/>\n<meta property=\"article:modified_time\" content=\"2025-02-12T14:18:39+00:00\" \/>\n<meta name=\"twitter:card\" content=\"summary_large_image\" \/>\n<script type=\"application\/ld+json\" class=\"yoast-schema-graph\">{\"@context\":\"https:\/\/schema.org\",\"@graph\":[{\"@type\":\"WebPage\",\"@id\":\"https:\/\/pkbmachines.com\/es\/menciones-en-los-medios-de-comunicacion\/\",\"url\":\"https:\/\/pkbmachines.com\/es\/menciones-en-los-medios-de-comunicacion\/\",\"name\":\"Menciones en los medios de comunicaci\u00f3n - PKB\",\"isPartOf\":{\"@id\":\"https:\/\/pkbmachines.com\/es\/#website\"},\"datePublished\":\"2023-08-10T20:02:46+00:00\",\"dateModified\":\"2025-02-12T14:18:39+00:00\",\"description\":\"Descubra las menciones en los medios de PKB Machines para ver c\u00f3mo se nos reconoce mundialmente como l\u00edder en soluciones de llenado y tapado para cosm\u00e9ticos y perfumes. Conozca las opiniones y los elogios de las principales publicaciones del sector.\",\"breadcrumb\":{\"@id\":\"https:\/\/pkbmachines.com\/es\/menciones-en-los-medios-de-comunicacion\/#breadcrumb\"},\"inLanguage\":\"es\",\"potentialAction\":[{\"@type\":\"ReadAction\",\"target\":[\"https:\/\/pkbmachines.com\/es\/menciones-en-los-medios-de-comunicacion\/\"]}]},{\"@type\":\"BreadcrumbList\",\"@id\":\"https:\/\/pkbmachines.com\/es\/menciones-en-los-medios-de-comunicacion\/#breadcrumb\",\"itemListElement\":[{\"@type\":\"ListItem\",\"position\":1,\"name\":\"Home\",\"item\":\"https:\/\/pkbmachines.com\/es\/\"},{\"@type\":\"ListItem\",\"position\":2,\"name\":\"Menciones en los medios de comunicaci\u00f3n\"}]},{\"@type\":\"WebSite\",\"@id\":\"https:\/\/pkbmachines.com\/es\/#website\",\"url\":\"https:\/\/pkbmachines.com\/es\/\",\"name\":\"PKB Machines - Global leader in cosmetics and fragrance lines\",\"description\":\"Engineering Your Success in Cosmetics &amp; Perfume Industries\",\"alternateName\":\"PKB Machines\",\"potentialAction\":[{\"@type\":\"SearchAction\",\"target\":{\"@type\":\"EntryPoint\",\"urlTemplate\":\"https:\/\/pkbmachines.com\/es\/?s={search_term_string}\"},\"query-input\":{\"@type\":\"PropertyValueSpecification\",\"valueRequired\":true,\"valueName\":\"search_term_string\"}}],\"inLanguage\":\"es\"}]}<\/script>\n<!-- \/ Yoast SEO plugin. -->","yoast_head_json":{"title":"Menciones en los medios de comunicaci\u00f3n - PKB","description":"Descubra las menciones en los medios de PKB Machines para ver c\u00f3mo se nos reconoce mundialmente como l\u00edder en soluciones de llenado y tapado para cosm\u00e9ticos y perfumes. Conozca las opiniones y los elogios de las principales publicaciones del sector.","robots":{"index":"index","follow":"follow","max-snippet":"max-snippet:-1","max-image-preview":"max-image-preview:large","max-video-preview":"max-video-preview:-1"},"canonical":"https:\/\/pkbmachines.com\/es\/menciones-en-los-medios-de-comunicacion\/","og_locale":"es_ES","og_type":"article","og_title":"Menciones en los medios de comunicaci\u00f3n - PKB","og_description":"Descubra las menciones en los medios de PKB Machines para ver c\u00f3mo se nos reconoce mundialmente como l\u00edder en soluciones de llenado y tapado para cosm\u00e9ticos y perfumes. Conozca las opiniones y los elogios de las principales publicaciones del sector.","og_url":"https:\/\/pkbmachines.com\/es\/menciones-en-los-medios-de-comunicacion\/","og_site_name":"PKB","article_modified_time":"2025-02-12T14:18:39+00:00","twitter_card":"summary_large_image","schema":{"@context":"https:\/\/schema.org","@graph":[{"@type":"WebPage","@id":"https:\/\/pkbmachines.com\/es\/menciones-en-los-medios-de-comunicacion\/","url":"https:\/\/pkbmachines.com\/es\/menciones-en-los-medios-de-comunicacion\/","name":"Menciones en los medios de comunicaci\u00f3n - PKB","isPartOf":{"@id":"https:\/\/pkbmachines.com\/es\/#website"},"datePublished":"2023-08-10T20:02:46+00:00","dateModified":"2025-02-12T14:18:39+00:00","description":"Descubra las menciones en los medios de PKB Machines para ver c\u00f3mo se nos reconoce mundialmente como l\u00edder en soluciones de llenado y tapado para cosm\u00e9ticos y perfumes. Conozca las opiniones y los elogios de las principales publicaciones del sector.","breadcrumb":{"@id":"https:\/\/pkbmachines.com\/es\/menciones-en-los-medios-de-comunicacion\/#breadcrumb"},"inLanguage":"es","potentialAction":[{"@type":"ReadAction","target":["https:\/\/pkbmachines.com\/es\/menciones-en-los-medios-de-comunicacion\/"]}]},{"@type":"BreadcrumbList","@id":"https:\/\/pkbmachines.com\/es\/menciones-en-los-medios-de-comunicacion\/#breadcrumb","itemListElement":[{"@type":"ListItem","position":1,"name":"Home","item":"https:\/\/pkbmachines.com\/es\/"},{"@type":"ListItem","position":2,"name":"Menciones en los medios de comunicaci\u00f3n"}]},{"@type":"WebSite","@id":"https:\/\/pkbmachines.com\/es\/#website","url":"https:\/\/pkbmachines.com\/es\/","name":"PKB Machines - Global leader in cosmetics and fragrance lines","description":"Engineering Your Success in Cosmetics &amp; Perfume Industries","alternateName":"PKB Machines","potentialAction":[{"@type":"SearchAction","target":{"@type":"EntryPoint","urlTemplate":"https:\/\/pkbmachines.com\/es\/?s={search_term_string}"},"query-input":{"@type":"PropertyValueSpecification","valueRequired":true,"valueName":"search_term_string"}}],"inLanguage":"es"}]}},"_links":{"self":[{"href":"https:\/\/pkbmachines.com\/es\/wp-json\/wp\/v2\/pages\/5502","targetHints":{"allow":["GET"]}}],"collection":[{"href":"https:\/\/pkbmachines.com\/es\/wp-json\/wp\/v2\/pages"}],"about":[{"href":"https:\/\/pkbmachines.com\/es\/wp-json\/wp\/v2\/types\/page"}],"author":[{"embeddable":true,"href":"https:\/\/pkbmachines.com\/es\/wp-json\/wp\/v2\/users\/1"}],"replies":[{"embeddable":true,"href":"https:\/\/pkbmachines.com\/es\/wp-json\/wp\/v2\/comments?post=5502"}],"version-history":[{"count":6,"href":"https:\/\/pkbmachines.com\/es\/wp-json\/wp\/v2\/pages\/5502\/revisions"}],"predecessor-version":[{"id":8105,"href":"https:\/\/pkbmachines.com\/es\/wp-json\/wp\/v2\/pages\/5502\/revisions\/8105"}],"wp:attachment":[{"href":"https:\/\/pkbmachines.com\/es\/wp-json\/wp\/v2\/media?parent=5502"}],"curies":[{"name":"wp","href":"https:\/\/api.w.org\/{rel}","templated":true}]}}