{"id":5501,"date":"2023-08-10T22:03:12","date_gmt":"2023-08-10T20:03:12","guid":{"rendered":"https:\/\/dev.pkbmachines.com\/dossier-de-prensa\/"},"modified":"2025-02-12T15:01:44","modified_gmt":"2025-02-12T14:01:44","slug":"dossier-de-prensa","status":"publish","type":"page","link":"https:\/\/pkbmachines.com\/es\/dossier-de-prensa\/","title":{"rendered":"Dossier de prensa"},"content":{"rendered":"\r\n<section class=\"block_parent section newsroom-hero-section presskit-hero-section\r\n     \" >\r\n\r\n    <a id=\"block_56ab7df12b129e0a05316f3c541c847c\" style=\"position: absolute; top: -120px\"><\/a>\r\n\r\n    \r\n\r\n    \r\n    \r\n\r\n\r\n\r\n\r\n\r\n\r\n    <div class=\"container\">\r\n        <h1>Dossier de prensa<\/h1>\r\n    <\/div>\r\n\r\n    <div class=\"swooch-divider swoosh60 py-50\">\r\n        <div class=\"light-gold-bg h100 position-relative z1\">\r\n            <img decoding=\"async\" src=\"https:\/\/pkbmachines.com\/wp-content\/themes\/pkb\/img\/presskit_swoosh.png\" alt=\"\">\r\n        <\/div>\r\n    <\/div>  \r\n\r\n    <div class=\"section team-section p-0 mt-30\">\r\n        <div class=\"container\">\r\n            <div class=\"row\">\r\n                <div class=\"col-lg-12 no_picture\">\r\n                                        \r\n                        <div class=\"team-list-grid grid1\">\r\n\r\n                                                                <div class=\"team d-flex align-items-center\">\r\n                                                                                <div class=\"team-content\">\r\n                                            <h4 class=\"light_gold-color mb-10\">Jana Blaybel<\/h4>\r\n                                                                                            <div class=\"light_gold-color\">Responsable de Comunicaci\u00f3n y Marketing Digital<\/div>\r\n                                            \r\n                                            <ul class=\"d-flex flex-column p-0 m-0 my-50\">\r\n                                                \r\n                                                                                                    <li><span><img decoding=\"async\" src=\"https:\/\/pkbmachines.com\/wp-content\/themes\/pkb\/html\/images\/phone_icon.png\" alt=\"phone\"><\/span>\r\n                                                        <p class=\"light_gold-color\">+33 6 18 41 36 97<\/p>\r\n                                                    <\/li>\r\n                                                                                                \r\n                                                                                                    <li><span><img decoding=\"async\" src=\"https:\/\/pkbmachines.com\/wp-content\/themes\/pkb\/html\/images\/mail_icon.png\" alt=\"e-mail\"><\/span>\r\n                                                        <p><a class=\"light_gold-color\" href=\"mailto:j.blaybel@pkb.fr\">j.blaybel@pkb.fr<\/a><\/p>\r\n                                                    <\/li>\r\n                                                \r\n                                            <\/ul>\r\n\r\n                                            <div class=\"col-md-6 p-0\"><p>Si necesita m\u00e1s informaci\u00f3n sobre la empresa o material adicional para los medios de comunicaci\u00f3n, no dude en ponerse en contacto conmigo.<\/p>\n<\/div>\r\n                                        <\/div>\r\n                                    <\/div>\r\n                                                        \r\n                            \r\n                            <div class=\"image_accent_small\">\r\n                                <img decoding=\"async\" class=\"rotation_animation\" src=\"https:\/\/pkbmachines.com\/wp-content\/themes\/pkb\/img\/accent_gear.png\" alt=\"Gear\">\r\n                            <\/div>\r\n\r\n                        <\/div>\r\n\r\n\r\n                <\/div>\r\n            <\/div>\r\n        <\/div>\r\n    <\/div>\r\n\r\n<\/section>\r\n<section class=\"block_parent      \" >\r\n\r\n    <a id=\"block_7adda1d02cda0e415fadf6660a844b38\" style=\"position: absolute; top: -120px\"><\/a>\r\n\r\n    \r\n\r\n    \r\n            <div \r\n            data-parent_back_color=\"\" \r\n            data-before_back_color=\"\" \r\n            data-center_to=\".download_icon_con\" \r\n            data-snap_to_left=\"\" \r\n            class=\"moving_background_element\">\r\n        <\/div>\r\n    \r\n\r\n\r\n\r\n\r\n\r\n<section class=\"section newsroom-events-section newsroom-events-list-section\">\r\n    <div class=\"container\">\r\n\r\n        <div class=\"\">\r\n\r\n\r\n            \r\n\r\n                                \r\n    \r\n<div class=\"press_kit_single_file\">\r\n    <div class=\"row\">\r\n        <div class=\"col-md-8\">\r\n            <div class=\"press_kit_single_file_content\">\r\n                <h2 class=\"burgund-color mb-20 font23\">Pack logo<\/h2>\r\n                <p>Varias versiones del logotipo de PKB para uso impreso y web.<\/p>\r\n            <\/div>\r\n        <\/div>\r\n        <div class=\"col-md-4 ml-auto d-flex justify-content-end\">\r\n            <div class=\"press_kit_single_file_url\">\r\n                <a href=\"https:\/\/pkbmachines.com\/wp-content\/uploads\/2023\/10\/Press-Kit.zip\" target=\"_blank\" class=\"btn-first download\">Descargar<\/a>\r\n            <\/div>\r\n        <\/div>\r\n    <\/div>\r\n<\/div>\r\n   \r\n                                \r\n    \r\n<div class=\"press_kit_single_file\">\r\n    <div class=\"row\">\r\n        <div class=\"col-md-8\">\r\n            <div class=\"press_kit_single_file_content\">\r\n                <h2 class=\"burgund-color mb-20 font23\">Sedes PKB<\/h2>\r\n                <p>Fotos de las sedes de nuestra empresa en las que se muestran las salas y el espacio, el equipamiento, el entorno y un mapa con el acceso a la ubicaci\u00f3n.<\/p>\r\n            <\/div>\r\n        <\/div>\r\n        <div class=\"col-md-4 ml-auto d-flex justify-content-end\">\r\n            <div class=\"press_kit_single_file_url\">\r\n                <a href=\"https:\/\/pkbmachines.com\/wp-content\/uploads\/2023\/10\/Press-Kit.zip\" target=\"_blank\" class=\"btn-first download\">Descargar<\/a>\r\n            <\/div>\r\n        <\/div>\r\n    <\/div>\r\n<\/div>\r\n   \r\n                                \r\n    \r\n<div class=\"press_kit_single_file\">\r\n    <div class=\"row\">\r\n        <div class=\"col-md-8\">\r\n            <div class=\"press_kit_single_file_content\">\r\n                <h2 class=\"burgund-color mb-20 font23\">Pack fotos de m\u00e1quinas<\/h2>\r\n                <p>Varias fotos de las m\u00e1quinas PKB en distintas fases de fabricaci\u00f3n.<\/p>\r\n            <\/div>\r\n        <\/div>\r\n        <div class=\"col-md-4 ml-auto d-flex justify-content-end\">\r\n            <div class=\"press_kit_single_file_url\">\r\n                <a href=\"https:\/\/pkbmachines.com\/wp-content\/uploads\/2023\/10\/Press-Kit.zip\" target=\"_blank\" class=\"btn-first download\">Descargar<\/a>\r\n            <\/div>\r\n        <\/div>\r\n    <\/div>\r\n<\/div>\r\n   \r\n            \r\n            \r\n        <\/div>\r\n\r\n    <\/div>\r\n<\/section>\r\n\r\n<\/section>","protected":false},"excerpt":{"rendered":"","protected":false},"author":1,"featured_media":0,"parent":0,"menu_order":37,"comment_status":"closed","ping_status":"closed","template":"","meta":{"_acf_changed":false,"inline_featured_image":false,"footnotes":""},"class_list":["post-5501","page","type-page","status-publish","hentry"],"acf":[],"yoast_head":"<!-- This site is optimized with the Yoast SEO plugin v27.1.1 - https:\/\/yoast.com\/product\/yoast-seo-wordpress\/ -->\n<title>Dossier de prensa - PKB<\/title>\n<meta name=\"description\" content=\"Acceda al dossier de prensa de PKB Machines para obtener las \u00faltimas actualizaciones sobre nuestras soluciones de llenado y tapado que lideran el sector de los cosm\u00e9ticos y perfumes. Descargue recursos, comunicados de prensa y datos de la empresa para saber c\u00f3mo damos forma al futuro de la tecnolog\u00eda.\" \/>\n<meta name=\"robots\" content=\"index, follow, max-snippet:-1, max-image-preview:large, max-video-preview:-1\" \/>\n<link rel=\"canonical\" href=\"https:\/\/pkbmachines.com\/es\/dossier-de-prensa\/\" \/>\n<meta property=\"og:locale\" content=\"es_ES\" \/>\n<meta property=\"og:type\" content=\"article\" \/>\n<meta property=\"og:title\" content=\"Dossier de prensa - PKB\" \/>\n<meta property=\"og:description\" content=\"Acceda al dossier de prensa de PKB Machines para obtener las \u00faltimas actualizaciones sobre nuestras soluciones de llenado y tapado que lideran el sector de los cosm\u00e9ticos y perfumes. Descargue recursos, comunicados de prensa y datos de la empresa para saber c\u00f3mo damos forma al futuro de la tecnolog\u00eda.\" \/>\n<meta property=\"og:url\" content=\"https:\/\/pkbmachines.com\/es\/dossier-de-prensa\/\" \/>\n<meta property=\"og:site_name\" content=\"PKB\" \/>\n<meta property=\"article:modified_time\" content=\"2025-02-12T14:01:44+00:00\" \/>\n<meta name=\"twitter:card\" content=\"summary_large_image\" \/>\n<script type=\"application\/ld+json\" class=\"yoast-schema-graph\">{\"@context\":\"https:\/\/schema.org\",\"@graph\":[{\"@type\":\"WebPage\",\"@id\":\"https:\/\/pkbmachines.com\/es\/dossier-de-prensa\/\",\"url\":\"https:\/\/pkbmachines.com\/es\/dossier-de-prensa\/\",\"name\":\"Dossier de prensa - PKB\",\"isPartOf\":{\"@id\":\"https:\/\/pkbmachines.com\/es\/#website\"},\"datePublished\":\"2023-08-10T20:03:12+00:00\",\"dateModified\":\"2025-02-12T14:01:44+00:00\",\"description\":\"Acceda al dossier de prensa de PKB Machines para obtener las \u00faltimas actualizaciones sobre nuestras soluciones de llenado y tapado que lideran el sector de los cosm\u00e9ticos y perfumes. Descargue recursos, comunicados de prensa y datos de la empresa para saber c\u00f3mo damos forma al futuro de la tecnolog\u00eda.\",\"breadcrumb\":{\"@id\":\"https:\/\/pkbmachines.com\/es\/dossier-de-prensa\/#breadcrumb\"},\"inLanguage\":\"es\",\"potentialAction\":[{\"@type\":\"ReadAction\",\"target\":[\"https:\/\/pkbmachines.com\/es\/dossier-de-prensa\/\"]}]},{\"@type\":\"BreadcrumbList\",\"@id\":\"https:\/\/pkbmachines.com\/es\/dossier-de-prensa\/#breadcrumb\",\"itemListElement\":[{\"@type\":\"ListItem\",\"position\":1,\"name\":\"Home\",\"item\":\"https:\/\/pkbmachines.com\/es\/\"},{\"@type\":\"ListItem\",\"position\":2,\"name\":\"Dossier de prensa\"}]},{\"@type\":\"WebSite\",\"@id\":\"https:\/\/pkbmachines.com\/es\/#website\",\"url\":\"https:\/\/pkbmachines.com\/es\/\",\"name\":\"PKB Machines - Global leader in cosmetics and fragrance lines\",\"description\":\"Engineering Your Success in Cosmetics &amp; Perfume Industries\",\"alternateName\":\"PKB Machines\",\"potentialAction\":[{\"@type\":\"SearchAction\",\"target\":{\"@type\":\"EntryPoint\",\"urlTemplate\":\"https:\/\/pkbmachines.com\/es\/?s={search_term_string}\"},\"query-input\":{\"@type\":\"PropertyValueSpecification\",\"valueRequired\":true,\"valueName\":\"search_term_string\"}}],\"inLanguage\":\"es\"}]}<\/script>\n<!-- \/ Yoast SEO plugin. -->","yoast_head_json":{"title":"Dossier de prensa - PKB","description":"Acceda al dossier de prensa de PKB Machines para obtener las \u00faltimas actualizaciones sobre nuestras soluciones de llenado y tapado que lideran el sector de los cosm\u00e9ticos y perfumes. Descargue recursos, comunicados de prensa y datos de la empresa para saber c\u00f3mo damos forma al futuro de la tecnolog\u00eda.","robots":{"index":"index","follow":"follow","max-snippet":"max-snippet:-1","max-image-preview":"max-image-preview:large","max-video-preview":"max-video-preview:-1"},"canonical":"https:\/\/pkbmachines.com\/es\/dossier-de-prensa\/","og_locale":"es_ES","og_type":"article","og_title":"Dossier de prensa - PKB","og_description":"Acceda al dossier de prensa de PKB Machines para obtener las \u00faltimas actualizaciones sobre nuestras soluciones de llenado y tapado que lideran el sector de los cosm\u00e9ticos y perfumes. Descargue recursos, comunicados de prensa y datos de la empresa para saber c\u00f3mo damos forma al futuro de la tecnolog\u00eda.","og_url":"https:\/\/pkbmachines.com\/es\/dossier-de-prensa\/","og_site_name":"PKB","article_modified_time":"2025-02-12T14:01:44+00:00","twitter_card":"summary_large_image","schema":{"@context":"https:\/\/schema.org","@graph":[{"@type":"WebPage","@id":"https:\/\/pkbmachines.com\/es\/dossier-de-prensa\/","url":"https:\/\/pkbmachines.com\/es\/dossier-de-prensa\/","name":"Dossier de prensa - PKB","isPartOf":{"@id":"https:\/\/pkbmachines.com\/es\/#website"},"datePublished":"2023-08-10T20:03:12+00:00","dateModified":"2025-02-12T14:01:44+00:00","description":"Acceda al dossier de prensa de PKB Machines para obtener las \u00faltimas actualizaciones sobre nuestras soluciones de llenado y tapado que lideran el sector de los cosm\u00e9ticos y perfumes. Descargue recursos, comunicados de prensa y datos de la empresa para saber c\u00f3mo damos forma al futuro de la tecnolog\u00eda.","breadcrumb":{"@id":"https:\/\/pkbmachines.com\/es\/dossier-de-prensa\/#breadcrumb"},"inLanguage":"es","potentialAction":[{"@type":"ReadAction","target":["https:\/\/pkbmachines.com\/es\/dossier-de-prensa\/"]}]},{"@type":"BreadcrumbList","@id":"https:\/\/pkbmachines.com\/es\/dossier-de-prensa\/#breadcrumb","itemListElement":[{"@type":"ListItem","position":1,"name":"Home","item":"https:\/\/pkbmachines.com\/es\/"},{"@type":"ListItem","position":2,"name":"Dossier de prensa"}]},{"@type":"WebSite","@id":"https:\/\/pkbmachines.com\/es\/#website","url":"https:\/\/pkbmachines.com\/es\/","name":"PKB Machines - Global leader in cosmetics and fragrance lines","description":"Engineering Your Success in Cosmetics &amp; Perfume Industries","alternateName":"PKB Machines","potentialAction":[{"@type":"SearchAction","target":{"@type":"EntryPoint","urlTemplate":"https:\/\/pkbmachines.com\/es\/?s={search_term_string}"},"query-input":{"@type":"PropertyValueSpecification","valueRequired":true,"valueName":"search_term_string"}}],"inLanguage":"es"}]}},"_links":{"self":[{"href":"https:\/\/pkbmachines.com\/es\/wp-json\/wp\/v2\/pages\/5501","targetHints":{"allow":["GET"]}}],"collection":[{"href":"https:\/\/pkbmachines.com\/es\/wp-json\/wp\/v2\/pages"}],"about":[{"href":"https:\/\/pkbmachines.com\/es\/wp-json\/wp\/v2\/types\/page"}],"author":[{"embeddable":true,"href":"https:\/\/pkbmachines.com\/es\/wp-json\/wp\/v2\/users\/1"}],"replies":[{"embeddable":true,"href":"https:\/\/pkbmachines.com\/es\/wp-json\/wp\/v2\/comments?post=5501"}],"version-history":[{"count":4,"href":"https:\/\/pkbmachines.com\/es\/wp-json\/wp\/v2\/pages\/5501\/revisions"}],"predecessor-version":[{"id":7929,"href":"https:\/\/pkbmachines.com\/es\/wp-json\/wp\/v2\/pages\/5501\/revisions\/7929"}],"wp:attachment":[{"href":"https:\/\/pkbmachines.com\/es\/wp-json\/wp\/v2\/media?parent=5501"}],"curies":[{"name":"wp","href":"https:\/\/api.w.org\/{rel}","templated":true}]}}