{"id":5422,"date":"2023-07-10T14:46:38","date_gmt":"2023-07-10T12:46:38","guid":{"rendered":"https:\/\/dev.pkbmachines.com\/redaccion\/"},"modified":"2025-02-12T15:21:03","modified_gmt":"2025-02-12T14:21:03","slug":"redaccion","status":"publish","type":"page","link":"https:\/\/pkbmachines.com\/es\/redaccion\/","title":{"rendered":"Noticias"},"content":{"rendered":"\r\n<section class=\"block_parent      \" >\r\n\r\n    <a id=\"block_488ee1d9baf9faac8deeb832cb565cd6\" style=\"position: absolute; top: -120px\"><\/a>\r\n\r\n    \r\n\r\n    \r\n    \r\n\r\n\r\n\r\n\r\n\r\n<section class=\"section newsroom-hero-section\">\r\n    <div class=\"container\">\r\n        <h1>Noticias<\/h1>\r\n    <\/div>\r\n\r\n    <div class=\"swooch-divider swoosh67 py-50\">\r\n        <div class=\"light-gold-bg h100 position-relative z1\">\r\n            <img decoding=\"async\" src=\"https:\/\/pkbmachines.com\/wp-content\/uploads\/2023\/11\/newsroom_swooch-1900x648.png\" alt=\"\">\r\n        <\/div>\r\n    <\/div>  \r\n\r\n    <div class=\"container\">\r\n        <div class=\"row\">\r\n            <div class=\"col-lg-6 offset-lg-2 line12\">\r\n                                <h4><p>Descubra el universo<br \/>\nde PKB, obtenga m\u00e1s informaci\u00f3n sobre tecnolog\u00eda y mant\u00e9ngase al d\u00eda de las noticias del sector.<\/p>\n<\/h4>\r\n            <\/div>\r\n        <\/div>\r\n    <\/div>\r\n    \r\n<\/section>\r\n<!--\/\/END SECTION-->\r\n\r\n<\/section>\r\n<section class=\"block_parent      \" >\r\n\r\n    <a id=\"block_9a4383d55d55e598b61412786dc78266\" style=\"position: absolute; top: -120px\"><\/a>\r\n\r\n    \r\n\r\n    \r\n    \r\n\r\n\r\n\r\n\r\n\r\n\r\n<section class=\"section newsroom-blog-section\">\r\n    <div class=\"container\">\r\n\r\n        <div class=\"section-header\">\r\n            <h1>Blog<\/h1>\r\n        <\/div>\r\n\r\n\r\n        \r\n\r\n        \r\n\r\n        <div class=\"posts\">\r\n\r\n            \r\n               \r\n\r\n        <\/div>\r\n\r\n        <div class=\"btn-wrap\"><a href=\"https:\/\/pkbmachines.com\/es\/\/blog\/\" class=\"btn-first\">ALL POSTS<\/a><\/div>\r\n\r\n    <\/div>\r\n<\/section>\r\n\r\n<\/section>\r\n<section class=\"block_parent section newsroom-events-section\r\n     my-50\" >\r\n\r\n    <a id=\"block_6d3e7eccfac72223d92e6ca5fd7865a5\" style=\"position: absolute; top: -120px\"><\/a>\r\n\r\n    \r\n\r\n    \r\n    \r\n\r\n\r\n\r\n\r\n\r\n            \r\n            \r\n    <div class=\"container\">\r\n\r\n        <div class=\"section-header\">\r\n            <h1>Ferias comerciales y eventos<\/h1>\r\n        <\/div>\r\n\r\n        <div class=\"events\">\r\n\r\n\r\n            \r\n\r\n            \r\n                    \r\n<div fd=\"1778114771\" cd=\"1776038400\" event-start-date=\"1778114771\" class=\"clickable event \" style=\"order: 1778114771\">\r\n    <div class=\"newsroom-content-block\">\r\n        <a href=\"https:\/\/beauty-istanbul.com\/\" class=\"newsroom-logo-box\" style=\"height: auto; min-height: 22rem\"><span>\r\n            <img decoding=\"async\" src=\"https:\/\/pkbmachines.com\/wp-content\/themes\/pkb\/html\/images\/link-icon-box.png\" alt=\"\" ><\/span>\r\n            <img decoding=\"async\" src=\"https:\/\/pkbmachines.com\/wp-content\/uploads\/2025\/11\/BeautyIstanbul.jpg\" alt=\"\" style=\"max-height: 90px;\">\r\n        <\/a>\r\n\r\n                    <div class=\"date-box \">\r\n                <div class=\"date-box-icons\">\r\n                                            <span><img decoding=\"async\" src=\"https:\/\/pkbmachines.com\/wp-content\/themes\/pkb\/html\/images\/calendar.png\" alt=\"\"><\/span>\r\n                    \r\n                                            <span><img decoding=\"async\" src=\"https:\/\/pkbmachines.com\/wp-content\/themes\/pkb\/html\/images\/map-marker.png\" alt=\"\"><\/span>\r\n                                    <\/div>\r\n                <div>\r\n                                            <p>07\/05\/2026 &#8211; 09\/05\/2026<\/p>\r\n                    \r\n                                            <p>Estanbul<\/p>\r\n                                    <\/div>\r\n            <\/div>\r\n        \r\n        <h6>\r\n            BEAUTY ISTANBUL 2026            <a class=\"btn-first external\" href=\"https:\/\/beauty-istanbul.com\/\">\r\n               \r\n                M\u00e1s            <\/a>\r\n        <\/h6>\r\n    <\/div>\r\n<\/div>   \r\n                \r\n            \r\n                       \r\n                \r\n            \r\n                       \r\n                \r\n            \r\n            \r\n        <\/div>\r\n\r\n        <div class=\"btn-wrap\"><a href=\"https:\/\/pkbmachines.com\/es\/\/trade-shows\" class=\"btn-first\">TODOS LOS EVENTOS\n <span>\u00bb<\/span><\/a><\/div>\r\n\r\n    <\/div>\r\n\r\n    \r\n\r\n<\/section>","protected":false},"excerpt":{"rendered":"","protected":false},"author":1,"featured_media":5414,"parent":0,"menu_order":84,"comment_status":"closed","ping_status":"closed","template":"","meta":{"_acf_changed":false,"inline_featured_image":false,"footnotes":""},"class_list":["post-5422","page","type-page","status-publish","has-post-thumbnail","hentry"],"acf":[],"yoast_head":"<!-- This site is optimized with the Yoast SEO plugin v27.1.1 - https:\/\/yoast.com\/product\/yoast-seo-wordpress\/ -->\n<title>Noticias - PKB<\/title>\n<meta name=\"description\" content=\"Mant\u00e9ngase al d\u00eda de las \u00faltimas novedades de PKB Machines. Visite nuestra secci\u00f3n Noticias para conocer las actualizaciones y los anuncios m\u00e1s recientes sobre nuestras soluciones de llenado y tapado de envases para cosm\u00e9ticos y perfumes.\" \/>\n<meta name=\"robots\" content=\"index, follow, max-snippet:-1, max-image-preview:large, max-video-preview:-1\" \/>\n<link rel=\"canonical\" href=\"https:\/\/pkbmachines.com\/es\/redaccion\/\" \/>\n<meta property=\"og:locale\" content=\"es_ES\" \/>\n<meta property=\"og:type\" content=\"article\" \/>\n<meta property=\"og:title\" content=\"Noticias - PKB\" \/>\n<meta property=\"og:description\" content=\"Mant\u00e9ngase al d\u00eda de las \u00faltimas novedades de PKB Machines. Visite nuestra secci\u00f3n Noticias para conocer las actualizaciones y los anuncios m\u00e1s recientes sobre nuestras soluciones de llenado y tapado de envases para cosm\u00e9ticos y perfumes.\" \/>\n<meta property=\"og:url\" content=\"https:\/\/pkbmachines.com\/es\/redaccion\/\" \/>\n<meta property=\"og:site_name\" content=\"PKB\" \/>\n<meta property=\"article:modified_time\" content=\"2025-02-12T14:21:03+00:00\" \/>\n<meta property=\"og:image\" content=\"https:\/\/pkbmachines.com\/wp-content\/uploads\/2023\/11\/Frame-66.jpg\" \/>\n\t<meta property=\"og:image:width\" content=\"285\" \/>\n\t<meta property=\"og:image:height\" content=\"190\" \/>\n\t<meta property=\"og:image:type\" content=\"image\/jpeg\" \/>\n<meta name=\"twitter:card\" content=\"summary_large_image\" \/>\n<script type=\"application\/ld+json\" class=\"yoast-schema-graph\">{\"@context\":\"https:\/\/schema.org\",\"@graph\":[{\"@type\":\"WebPage\",\"@id\":\"https:\/\/pkbmachines.com\/es\/redaccion\/\",\"url\":\"https:\/\/pkbmachines.com\/es\/redaccion\/\",\"name\":\"Noticias - PKB\",\"isPartOf\":{\"@id\":\"https:\/\/pkbmachines.com\/es\/#website\"},\"primaryImageOfPage\":{\"@id\":\"https:\/\/pkbmachines.com\/es\/redaccion\/#primaryimage\"},\"image\":{\"@id\":\"https:\/\/pkbmachines.com\/es\/redaccion\/#primaryimage\"},\"thumbnailUrl\":\"https:\/\/pkbmachines.com\/wp-content\/uploads\/2023\/11\/Frame-66.jpg\",\"datePublished\":\"2023-07-10T12:46:38+00:00\",\"dateModified\":\"2025-02-12T14:21:03+00:00\",\"description\":\"Mant\u00e9ngase al d\u00eda de las \u00faltimas novedades de PKB Machines. Visite nuestra secci\u00f3n Noticias para conocer las actualizaciones y los anuncios m\u00e1s recientes sobre nuestras soluciones de llenado y tapado de envases para cosm\u00e9ticos y perfumes.\",\"breadcrumb\":{\"@id\":\"https:\/\/pkbmachines.com\/es\/redaccion\/#breadcrumb\"},\"inLanguage\":\"es\",\"potentialAction\":[{\"@type\":\"ReadAction\",\"target\":[\"https:\/\/pkbmachines.com\/es\/redaccion\/\"]}]},{\"@type\":\"ImageObject\",\"inLanguage\":\"es\",\"@id\":\"https:\/\/pkbmachines.com\/es\/redaccion\/#primaryimage\",\"url\":\"https:\/\/pkbmachines.com\/wp-content\/uploads\/2023\/11\/Frame-66.jpg\",\"contentUrl\":\"https:\/\/pkbmachines.com\/wp-content\/uploads\/2023\/11\/Frame-66.jpg\",\"width\":285,\"height\":190},{\"@type\":\"BreadcrumbList\",\"@id\":\"https:\/\/pkbmachines.com\/es\/redaccion\/#breadcrumb\",\"itemListElement\":[{\"@type\":\"ListItem\",\"position\":1,\"name\":\"Home\",\"item\":\"https:\/\/pkbmachines.com\/es\/\"},{\"@type\":\"ListItem\",\"position\":2,\"name\":\"Noticias\"}]},{\"@type\":\"WebSite\",\"@id\":\"https:\/\/pkbmachines.com\/es\/#website\",\"url\":\"https:\/\/pkbmachines.com\/es\/\",\"name\":\"PKB Machines - Global leader in cosmetics and fragrance lines\",\"description\":\"Engineering Your Success in Cosmetics &amp; Perfume Industries\",\"alternateName\":\"PKB Machines\",\"potentialAction\":[{\"@type\":\"SearchAction\",\"target\":{\"@type\":\"EntryPoint\",\"urlTemplate\":\"https:\/\/pkbmachines.com\/es\/?s={search_term_string}\"},\"query-input\":{\"@type\":\"PropertyValueSpecification\",\"valueRequired\":true,\"valueName\":\"search_term_string\"}}],\"inLanguage\":\"es\"}]}<\/script>\n<!-- \/ Yoast SEO plugin. -->","yoast_head_json":{"title":"Noticias - PKB","description":"Mant\u00e9ngase al d\u00eda de las \u00faltimas novedades de PKB Machines. Visite nuestra secci\u00f3n Noticias para conocer las actualizaciones y los anuncios m\u00e1s recientes sobre nuestras soluciones de llenado y tapado de envases para cosm\u00e9ticos y perfumes.","robots":{"index":"index","follow":"follow","max-snippet":"max-snippet:-1","max-image-preview":"max-image-preview:large","max-video-preview":"max-video-preview:-1"},"canonical":"https:\/\/pkbmachines.com\/es\/redaccion\/","og_locale":"es_ES","og_type":"article","og_title":"Noticias - PKB","og_description":"Mant\u00e9ngase al d\u00eda de las \u00faltimas novedades de PKB Machines. Visite nuestra secci\u00f3n Noticias para conocer las actualizaciones y los anuncios m\u00e1s recientes sobre nuestras soluciones de llenado y tapado de envases para cosm\u00e9ticos y perfumes.","og_url":"https:\/\/pkbmachines.com\/es\/redaccion\/","og_site_name":"PKB","article_modified_time":"2025-02-12T14:21:03+00:00","og_image":[{"width":285,"height":190,"url":"https:\/\/pkbmachines.com\/wp-content\/uploads\/2023\/11\/Frame-66.jpg","type":"image\/jpeg"}],"twitter_card":"summary_large_image","schema":{"@context":"https:\/\/schema.org","@graph":[{"@type":"WebPage","@id":"https:\/\/pkbmachines.com\/es\/redaccion\/","url":"https:\/\/pkbmachines.com\/es\/redaccion\/","name":"Noticias - PKB","isPartOf":{"@id":"https:\/\/pkbmachines.com\/es\/#website"},"primaryImageOfPage":{"@id":"https:\/\/pkbmachines.com\/es\/redaccion\/#primaryimage"},"image":{"@id":"https:\/\/pkbmachines.com\/es\/redaccion\/#primaryimage"},"thumbnailUrl":"https:\/\/pkbmachines.com\/wp-content\/uploads\/2023\/11\/Frame-66.jpg","datePublished":"2023-07-10T12:46:38+00:00","dateModified":"2025-02-12T14:21:03+00:00","description":"Mant\u00e9ngase al d\u00eda de las \u00faltimas novedades de PKB Machines. Visite nuestra secci\u00f3n Noticias para conocer las actualizaciones y los anuncios m\u00e1s recientes sobre nuestras soluciones de llenado y tapado de envases para cosm\u00e9ticos y perfumes.","breadcrumb":{"@id":"https:\/\/pkbmachines.com\/es\/redaccion\/#breadcrumb"},"inLanguage":"es","potentialAction":[{"@type":"ReadAction","target":["https:\/\/pkbmachines.com\/es\/redaccion\/"]}]},{"@type":"ImageObject","inLanguage":"es","@id":"https:\/\/pkbmachines.com\/es\/redaccion\/#primaryimage","url":"https:\/\/pkbmachines.com\/wp-content\/uploads\/2023\/11\/Frame-66.jpg","contentUrl":"https:\/\/pkbmachines.com\/wp-content\/uploads\/2023\/11\/Frame-66.jpg","width":285,"height":190},{"@type":"BreadcrumbList","@id":"https:\/\/pkbmachines.com\/es\/redaccion\/#breadcrumb","itemListElement":[{"@type":"ListItem","position":1,"name":"Home","item":"https:\/\/pkbmachines.com\/es\/"},{"@type":"ListItem","position":2,"name":"Noticias"}]},{"@type":"WebSite","@id":"https:\/\/pkbmachines.com\/es\/#website","url":"https:\/\/pkbmachines.com\/es\/","name":"PKB Machines - Global leader in cosmetics and fragrance lines","description":"Engineering Your Success in Cosmetics &amp; Perfume Industries","alternateName":"PKB Machines","potentialAction":[{"@type":"SearchAction","target":{"@type":"EntryPoint","urlTemplate":"https:\/\/pkbmachines.com\/es\/?s={search_term_string}"},"query-input":{"@type":"PropertyValueSpecification","valueRequired":true,"valueName":"search_term_string"}}],"inLanguage":"es"}]}},"_links":{"self":[{"href":"https:\/\/pkbmachines.com\/es\/wp-json\/wp\/v2\/pages\/5422","targetHints":{"allow":["GET"]}}],"collection":[{"href":"https:\/\/pkbmachines.com\/es\/wp-json\/wp\/v2\/pages"}],"about":[{"href":"https:\/\/pkbmachines.com\/es\/wp-json\/wp\/v2\/types\/page"}],"author":[{"embeddable":true,"href":"https:\/\/pkbmachines.com\/es\/wp-json\/wp\/v2\/users\/1"}],"replies":[{"embeddable":true,"href":"https:\/\/pkbmachines.com\/es\/wp-json\/wp\/v2\/comments?post=5422"}],"version-history":[{"count":11,"href":"https:\/\/pkbmachines.com\/es\/wp-json\/wp\/v2\/pages\/5422\/revisions"}],"predecessor-version":[{"id":8117,"href":"https:\/\/pkbmachines.com\/es\/wp-json\/wp\/v2\/pages\/5422\/revisions\/8117"}],"wp:featuredmedia":[{"embeddable":true,"href":"https:\/\/pkbmachines.com\/es\/wp-json\/wp\/v2\/media\/5414"}],"wp:attachment":[{"href":"https:\/\/pkbmachines.com\/es\/wp-json\/wp\/v2\/media?parent=5422"}],"curies":[{"name":"wp","href":"https:\/\/api.w.org\/{rel}","templated":true}]}}