{"id":5386,"date":"2023-08-10T22:03:36","date_gmt":"2023-08-10T20:03:36","guid":{"rendered":"https:\/\/dev.pkbmachines.com\/casos-practicos\/"},"modified":"2025-02-12T15:01:10","modified_gmt":"2025-02-12T14:01:10","slug":"casos-practicos","status":"publish","type":"page","link":"https:\/\/pkbmachines.com\/es\/casos-practicos\/","title":{"rendered":"Casos pr\u00e1cticos"},"content":{"rendered":"\r\n<section class=\"block_parent      \" >\r\n\r\n    <a id=\"block_e07b5e5597ab7562107ac76c4139696d\" style=\"position: absolute; top: -120px\"><\/a>\r\n\r\n    \r\n\r\n    \r\n    \r\n\r\n\r\n\r\n\r\n\r\n<section class=\"section newsroom-hero-section\">\r\n    <div class=\"container\">\r\n        <h1>Casos pr\u00e1cticos<\/h1>\r\n    <\/div>\r\n\r\n    <div class=\"swooch-divider swoosh67 py-50\">\r\n        <div class=\"light-gold-bg h100 position-relative z1\">\r\n            <img decoding=\"async\" src=\"https:\/\/pkbmachines.com\/wp-content\/uploads\/2023\/11\/case_studies_swoosh-1900x640.png\" alt=\"\">\r\n        <\/div>\r\n    <\/div>  \r\n\r\n    <div class=\"container\">\r\n        <div class=\"row\">\r\n            <div class=\"col-lg-6 offset-lg-2 line12\">\r\n                                <h4><p>Vea c\u00f3mo nuestra tecnolog\u00eda mejora el rendimiento en el proceso de producci\u00f3n y contribuye al \u00e9xito de nuestros clientes<\/p>\n<\/h4>\r\n            <\/div>\r\n        <\/div>\r\n    <\/div>\r\n    \r\n<\/section>\r\n<!--\/\/END SECTION-->\r\n\r\n<\/section>\r\n<section class=\"block_parent section case-studies-section white-b-color case-studies-section-list\r\n     \" >\r\n\r\n    <a id=\"block_0bac558d331c61f90701849234dd8b71\" style=\"position: absolute; top: -120px\"><\/a>\r\n\r\n    \r\n\r\n    \r\n    \r\n\r\n\r\n\r\n\r\n\r\n\r\n    <div class=\"container\">\r\n        <div class=\"col-lg-8 offset-lg-2\">\r\n            <div class=\"section-content\">\r\n                <div class=\"case-studies-slider\">\r\n                    <div class=\"swiper-wrapper grid1\">\r\n\r\n                        \r\n\r\n                        \r\n                        \r\n\r\n                    <\/div>\r\n                <\/div>\r\n            <\/div>\r\n        <\/div>\r\n        \r\n\r\n    <\/div>\r\n\r\n\r\n<\/section>","protected":false},"excerpt":{"rendered":"","protected":false},"author":1,"featured_media":0,"parent":0,"menu_order":32,"comment_status":"closed","ping_status":"closed","template":"","meta":{"_acf_changed":false,"inline_featured_image":false,"footnotes":""},"class_list":["post-5386","page","type-page","status-publish","hentry"],"acf":[],"yoast_head":"<!-- This site is optimized with the Yoast SEO plugin v27.1.1 - https:\/\/yoast.com\/product\/yoast-seo-wordpress\/ -->\n<title>Casos pr\u00e1cticos - PKB<\/title>\n<meta name=\"description\" content=\"Descubra los casos pr\u00e1cticos de PKB Machines y vea c\u00f3mo nuestras soluciones avanzadas de llenado y tapado impulsan el \u00e9xito en los sectores de la cosm\u00e9tica y la perfumer\u00eda. Conozca aplicaciones y resultados reales.\" \/>\n<meta name=\"robots\" content=\"index, follow, max-snippet:-1, max-image-preview:large, max-video-preview:-1\" \/>\n<link rel=\"canonical\" href=\"https:\/\/pkbmachines.com\/es\/casos-practicos\/\" \/>\n<meta property=\"og:locale\" content=\"es_ES\" \/>\n<meta property=\"og:type\" content=\"article\" \/>\n<meta property=\"og:title\" content=\"Casos pr\u00e1cticos - PKB\" \/>\n<meta property=\"og:description\" content=\"Descubra los casos pr\u00e1cticos de PKB Machines y vea c\u00f3mo nuestras soluciones avanzadas de llenado y tapado impulsan el \u00e9xito en los sectores de la cosm\u00e9tica y la perfumer\u00eda. Conozca aplicaciones y resultados reales.\" \/>\n<meta property=\"og:url\" content=\"https:\/\/pkbmachines.com\/es\/casos-practicos\/\" \/>\n<meta property=\"og:site_name\" content=\"PKB\" \/>\n<meta property=\"article:modified_time\" content=\"2025-02-12T14:01:10+00:00\" \/>\n<meta name=\"twitter:card\" content=\"summary_large_image\" \/>\n<script type=\"application\/ld+json\" class=\"yoast-schema-graph\">{\"@context\":\"https:\/\/schema.org\",\"@graph\":[{\"@type\":\"WebPage\",\"@id\":\"https:\/\/pkbmachines.com\/es\/casos-practicos\/\",\"url\":\"https:\/\/pkbmachines.com\/es\/casos-practicos\/\",\"name\":\"Casos pr\u00e1cticos - PKB\",\"isPartOf\":{\"@id\":\"https:\/\/pkbmachines.com\/es\/#website\"},\"datePublished\":\"2023-08-10T20:03:36+00:00\",\"dateModified\":\"2025-02-12T14:01:10+00:00\",\"description\":\"Descubra los casos pr\u00e1cticos de PKB Machines y vea c\u00f3mo nuestras soluciones avanzadas de llenado y tapado impulsan el \u00e9xito en los sectores de la cosm\u00e9tica y la perfumer\u00eda. Conozca aplicaciones y resultados reales.\",\"breadcrumb\":{\"@id\":\"https:\/\/pkbmachines.com\/es\/casos-practicos\/#breadcrumb\"},\"inLanguage\":\"es\",\"potentialAction\":[{\"@type\":\"ReadAction\",\"target\":[\"https:\/\/pkbmachines.com\/es\/casos-practicos\/\"]}]},{\"@type\":\"BreadcrumbList\",\"@id\":\"https:\/\/pkbmachines.com\/es\/casos-practicos\/#breadcrumb\",\"itemListElement\":[{\"@type\":\"ListItem\",\"position\":1,\"name\":\"Home\",\"item\":\"https:\/\/pkbmachines.com\/es\/\"},{\"@type\":\"ListItem\",\"position\":2,\"name\":\"Casos pr\u00e1cticos\"}]},{\"@type\":\"WebSite\",\"@id\":\"https:\/\/pkbmachines.com\/es\/#website\",\"url\":\"https:\/\/pkbmachines.com\/es\/\",\"name\":\"PKB Machines - Global leader in cosmetics and fragrance lines\",\"description\":\"Engineering Your Success in Cosmetics &amp; Perfume Industries\",\"alternateName\":\"PKB Machines\",\"potentialAction\":[{\"@type\":\"SearchAction\",\"target\":{\"@type\":\"EntryPoint\",\"urlTemplate\":\"https:\/\/pkbmachines.com\/es\/?s={search_term_string}\"},\"query-input\":{\"@type\":\"PropertyValueSpecification\",\"valueRequired\":true,\"valueName\":\"search_term_string\"}}],\"inLanguage\":\"es\"}]}<\/script>\n<!-- \/ Yoast SEO plugin. -->","yoast_head_json":{"title":"Casos pr\u00e1cticos - PKB","description":"Descubra los casos pr\u00e1cticos de PKB Machines y vea c\u00f3mo nuestras soluciones avanzadas de llenado y tapado impulsan el \u00e9xito en los sectores de la cosm\u00e9tica y la perfumer\u00eda. Conozca aplicaciones y resultados reales.","robots":{"index":"index","follow":"follow","max-snippet":"max-snippet:-1","max-image-preview":"max-image-preview:large","max-video-preview":"max-video-preview:-1"},"canonical":"https:\/\/pkbmachines.com\/es\/casos-practicos\/","og_locale":"es_ES","og_type":"article","og_title":"Casos pr\u00e1cticos - PKB","og_description":"Descubra los casos pr\u00e1cticos de PKB Machines y vea c\u00f3mo nuestras soluciones avanzadas de llenado y tapado impulsan el \u00e9xito en los sectores de la cosm\u00e9tica y la perfumer\u00eda. Conozca aplicaciones y resultados reales.","og_url":"https:\/\/pkbmachines.com\/es\/casos-practicos\/","og_site_name":"PKB","article_modified_time":"2025-02-12T14:01:10+00:00","twitter_card":"summary_large_image","schema":{"@context":"https:\/\/schema.org","@graph":[{"@type":"WebPage","@id":"https:\/\/pkbmachines.com\/es\/casos-practicos\/","url":"https:\/\/pkbmachines.com\/es\/casos-practicos\/","name":"Casos pr\u00e1cticos - PKB","isPartOf":{"@id":"https:\/\/pkbmachines.com\/es\/#website"},"datePublished":"2023-08-10T20:03:36+00:00","dateModified":"2025-02-12T14:01:10+00:00","description":"Descubra los casos pr\u00e1cticos de PKB Machines y vea c\u00f3mo nuestras soluciones avanzadas de llenado y tapado impulsan el \u00e9xito en los sectores de la cosm\u00e9tica y la perfumer\u00eda. Conozca aplicaciones y resultados reales.","breadcrumb":{"@id":"https:\/\/pkbmachines.com\/es\/casos-practicos\/#breadcrumb"},"inLanguage":"es","potentialAction":[{"@type":"ReadAction","target":["https:\/\/pkbmachines.com\/es\/casos-practicos\/"]}]},{"@type":"BreadcrumbList","@id":"https:\/\/pkbmachines.com\/es\/casos-practicos\/#breadcrumb","itemListElement":[{"@type":"ListItem","position":1,"name":"Home","item":"https:\/\/pkbmachines.com\/es\/"},{"@type":"ListItem","position":2,"name":"Casos pr\u00e1cticos"}]},{"@type":"WebSite","@id":"https:\/\/pkbmachines.com\/es\/#website","url":"https:\/\/pkbmachines.com\/es\/","name":"PKB Machines - Global leader in cosmetics and fragrance lines","description":"Engineering Your Success in Cosmetics &amp; Perfume Industries","alternateName":"PKB Machines","potentialAction":[{"@type":"SearchAction","target":{"@type":"EntryPoint","urlTemplate":"https:\/\/pkbmachines.com\/es\/?s={search_term_string}"},"query-input":{"@type":"PropertyValueSpecification","valueRequired":true,"valueName":"search_term_string"}}],"inLanguage":"es"}]}},"_links":{"self":[{"href":"https:\/\/pkbmachines.com\/es\/wp-json\/wp\/v2\/pages\/5386","targetHints":{"allow":["GET"]}}],"collection":[{"href":"https:\/\/pkbmachines.com\/es\/wp-json\/wp\/v2\/pages"}],"about":[{"href":"https:\/\/pkbmachines.com\/es\/wp-json\/wp\/v2\/types\/page"}],"author":[{"embeddable":true,"href":"https:\/\/pkbmachines.com\/es\/wp-json\/wp\/v2\/users\/1"}],"replies":[{"embeddable":true,"href":"https:\/\/pkbmachines.com\/es\/wp-json\/wp\/v2\/comments?post=5386"}],"version-history":[{"count":1,"href":"https:\/\/pkbmachines.com\/es\/wp-json\/wp\/v2\/pages\/5386\/revisions"}],"predecessor-version":[{"id":5388,"href":"https:\/\/pkbmachines.com\/es\/wp-json\/wp\/v2\/pages\/5386\/revisions\/5388"}],"wp:attachment":[{"href":"https:\/\/pkbmachines.com\/es\/wp-json\/wp\/v2\/media?parent=5386"}],"curies":[{"name":"wp","href":"https:\/\/api.w.org\/{rel}","templated":true}]}}