{"id":5379,"date":"2023-07-10T14:47:42","date_gmt":"2023-07-10T12:47:42","guid":{"rendered":"https:\/\/dev.pkbmachines.com\/carrera-profesional\/"},"modified":"2026-03-10T11:07:20","modified_gmt":"2026-03-10T10:07:20","slug":"carrera-profesional","status":"publish","type":"page","link":"https:\/\/pkbmachines.com\/es\/carrera-profesional\/","title":{"rendered":"Carrera profesional"},"content":{"rendered":"\r\n<section class=\"block_parent section about-hero-section\r\n     \" >\r\n\r\n    <a id=\"block_446f18ac078702c9cd8529b80f44264b\" style=\"position: absolute; top: -120px\"><\/a>\r\n\r\n    \r\n\r\n    \r\n    \r\n\r\n\r\n\r\n\r\n\r\n\r\n    <div class=\"container\">\r\n        <div class=\"about-hero-grid\">\r\n            <div class=\"about-hero-content\">\r\n                <h1 class=\"font6\">Carrera profesional<\/h1>\r\n                                    <h4 class=\"line12\"><p>Impulse su carrera en PKB. \u00a1Construyamos juntos la excelencia!<\/p>\n<\/h4>\r\n                                <div class=\"about-shape to_left mt-50\"><img decoding=\"async\" src=\"https:\/\/pkbmachines.com\/wp-content\/uploads\/2023\/11\/swoosh_career.png\" alt=\"\"><\/div>\r\n            <\/div>\r\n            <div class=\"about-hero-banner-column to_right\">\r\n                <div class=\"about-hero-banner bg-center bg-cover \"\r\n                    style=\"background-image:url(https:\/\/pkbmachines.com\/wp-content\/uploads\/2024\/07\/2Careers-Image.jpg);\">\r\n                <\/div>\r\n\r\n            <\/div>\r\n        <\/div>\r\n    <\/div>\r\n\r\n\r\n<\/section>\n\n\r\n<section class=\"block_parent      \" >\r\n\r\n    <a id=\"block_e285ec0f7fad77f8ae6364819e308374\" style=\"position: absolute; top: -120px\"><\/a>\r\n\r\n    \r\n\r\n    \r\n            <div \r\n            data-parent_back_color=\"\" \r\n            data-before_back_color=\"\" \r\n            data-center_to=\"\" \r\n            data-snap_to_left=\"\" \r\n            class=\"moving_background_element\">\r\n        <\/div>\r\n    \r\n\r\n\r\n\r\n\r\n\r\n<section class=\"section aboutPKB-section\">\r\n    <div class=\"container\">\r\n\r\n        <div class=\"section-header\">\r\n            <h2 class=\"fw-extraLight\">Acerca de PKB<\/h2>\r\n        <\/div>\r\n\r\n        <div class=\"section-content\">\r\n            <div class=\"aboutPKB-grid\">\r\n\r\n                <div><img decoding=\"async\" src=\"https:\/\/pkbmachines.com\/wp-content\/themes\/pkb\/html\/images\/career-icon.png\" alt=\"\"><\/div>\r\n\r\n                <article>\r\n                    <p><p>Somos una empresa global presente en tres continentes, pero en cada una de nuestras sucursales nos aseguramos de ofrecer las mejores condiciones posibles para el crecimiento y el desarrollo profesionales. El equipo de PKB est\u00e1 formado por personas que comparten la pasi\u00f3n por la tecnolog\u00eda, la curiosidad constante por dise\u00f1ar y ofrecer la maquinaria m\u00e1s eficiente. Cuidamos nuestro trabajo tanto como nos cuidamos los unos a los otros.<\/p>\n                    <\/p>\r\n                    <p class=\"gold\">Llevamos m\u00e1s de 70 a\u00f1os construyendo un legado de excelencia. Queremos construirlo contigo.<\/p>\r\n                    <div class=\"text-center\">\r\n                        <a href=\"https:\/\/pkbmachines.com\/es\/quienes-somos\/\" class=\"btn-first\">MORE ABOUT US<\/a>\r\n                    <\/div>\r\n                <\/article>\r\n\r\n            <\/div>\r\n        <\/div>\r\n\r\n    <\/div>\r\n<\/section>\r\n\r\n\r\n<\/section>\n\n\n\n\r\n<section class=\"block_parent section counting-section\r\n     \" >\r\n\r\n    <a id=\"block_a2584bd28bfb821a1bf4636353e62d61\" style=\"position: absolute; top: -120px\"><\/a>\r\n\r\n    \r\n\r\n    \r\n    \r\n\r\n\r\n\r\n\r\n\r\n\r\n\r\n<div class=\"container\">\r\n\r\n    <div class=\"countings-wrap\">\r\n        <div class=\"countings\">\r\n\r\n            \r\n                <div class=\"counting\">\r\n                    <div class=\"clipping-mask\"><\/div>\r\n                    <h1 class=\"number-animation\" data-target-value=\"75\">75<\/h1>\r\n                    <h5><p>a\u00f1os de experiencia<\/p>\n<\/h5>\r\n                <\/div>\r\n\r\n            \r\n                <div class=\"counting\">\r\n                    <div class=\"clipping-mask\"><\/div>\r\n                    <h1 class=\"number-animation\" data-target-value=\"4\">4<\/h1>\r\n                    <h5><p>ramas<\/p>\n<\/h5>\r\n                <\/div>\r\n\r\n            \r\n                <div class=\"counting\">\r\n                    <div class=\"clipping-mask\"><\/div>\r\n                    <h1 class=\"number-animation\" data-target-value=\"14000\">14 000<\/h1>\r\n                    <h5><p>m\u00e1quinas vendidas en todo el mundo<\/p>\n<\/h5>\r\n                <\/div>\r\n\r\n            \r\n        <\/div>\r\n    <\/div>\r\n\r\n<\/div>\r\n\r\n\r\n\r\n<script>\r\nlet done_animation = [];\r\nconst observer = new IntersectionObserver(entries => {\r\n    entries.forEach(entry => {\r\n        if (entry.isIntersecting) {\r\n            animateNumbers(entry.target);\r\n        }\r\n    });\r\n});\r\n\r\nconst numberElements = document.querySelectorAll('.number-animation');\r\nnumberElements.forEach(element => observer.observe(element));\r\n\r\nfunction animateNumbers(element) {\r\n\r\n  if (done_animation.includes(element)) return;\r\n  \r\n  const targetValue = parseInt(element.dataset.targetValue, 10);\r\n  let duration = 4000; \/\/ Duration in milliseconds (3 seconds in this case)\r\n\r\n  if (targetValue < 500) {\r\n    duration = 2000;\r\n  }\r\n\r\n  if (targetValue < 50) {\r\n    duration = 1000;\r\n  }\r\n  let start = null;\r\n\r\n  \/\/ Function to format numbers larger than 9999\r\n  const formatNumber = (number) => {\r\n    if (number > 9999) {\r\n      return number.toString().replace(\/\\B(?=(\\d{3})+(?!\\d))\/g, \" \");\r\n    }\r\n    return number.toString();\r\n  };\r\n\r\n  const step = (timestamp) => {\r\n    if (!start) start = timestamp;\r\n    const progress = timestamp - start;\r\n    let currentValue = Math.min(Math.round(progress \/ duration * targetValue), targetValue);\r\n    \r\n    \/\/ Format the number if it's larger than 9999\r\n    const formattedValue = formatNumber(currentValue);\r\n\r\n    element.textContent = formattedValue;\r\n    if (currentValue < targetValue) {\r\n      requestAnimationFrame(step);\r\n    }\r\n  };\r\n  requestAnimationFrame(step);\r\n\r\n  done_animation.push(element);\r\n}\r\n<\/script>\r\n<\/section>\n\n\n\n\n\n\n\n\n\n\n\n\n\n\r\n<section class=\"block_parent section whereweare-section whereweare-section-4box\r\n  light-gold-bg   \" >\r\n\r\n    <a id=\"block_dc63bbd4eb5c2ff1a61971e51681a243\" style=\"position: absolute; top: -120px\"><\/a>\r\n\r\n    \r\n\r\n    \r\n            <div \r\n            data-parent_back_color=\"\" \r\n            data-before_back_color=\"#ffffff\" \r\n            data-center_to=\"\" \r\n            data-snap_to_left=\"\" \r\n            class=\"moving_background_element\">\r\n        <\/div>\r\n    \r\n\r\n\r\n\r\n\r\n\r\n\r\n\r\n    <div class=\"container\">\r\n\r\n        <h1>Nuestras oficinas<\/h1>\r\n\r\n        <div class=\"whereweare-list grid1\">\r\n\r\n\r\n                                                <div class=\"col-md-3\">\r\n                                \r\n<div class=\"whereweare\">\r\n    <div class=\"whereweare-header\">\r\n        <span>\r\n        <div class=\"location-image bg-center bg-cover\" style=\"background-image:url(https:\/\/pkbmachines.com\/wp-content\/uploads\/2023\/08\/Frame-2.png);\"><\/div>\r\n        <\/span>\r\n        <h4>Francia e internacional<\/h4>\r\n    <\/div>\r\n    <div class=\"whereweare-content\">\r\n        <p><p>1 route d&#8217;Orl\u00e9ans<br \/>\nF-27930 Angerville la Campagne<br \/>\nFrancia<\/p>\n<\/p>\r\n    <\/div>\r\n<\/div>                            <\/div>\r\n                                \r\n                                                <div class=\"col-md-3\">\r\n                                \r\n<div class=\"whereweare\">\r\n    <div class=\"whereweare-header\">\r\n        <span>\r\n        <div class=\"location-image bg-center bg-cover\" style=\"background-image:url(https:\/\/pkbmachines.com\/wp-content\/uploads\/2023\/08\/Frame.png);\"><\/div>\r\n        <\/span>\r\n        <h4>Alemania, Austria, Suiza german\u00f3fona, Europa del Este<\/h4>\r\n    <\/div>\r\n    <div class=\"whereweare-content\">\r\n        <p>\r\n<p>PKB GmbH, Lebacher Stra\u00dfe 66113 Saarbr\u00fccken, Alemania<\/p>\r\n<\/p>\r\n    <\/div>\r\n<\/div>                            <\/div>\r\n                                \r\n                                                <div class=\"col-md-3\">\r\n                                \r\n<div class=\"whereweare\">\r\n    <div class=\"whereweare-header\">\r\n        <span>\r\n        <div class=\"location-image bg-center bg-cover\" style=\"background-image:url(https:\/\/pkbmachines.com\/wp-content\/uploads\/2023\/08\/Frame-1.png);\"><\/div>\r\n        <\/span>\r\n        <h4>India<\/h4>\r\n    <\/div>\r\n    <div class=\"whereweare-content\">\r\n        <p><p>PKB INDIA PVT. LTD, Gat No. 251\/1, Plot No. 3 Mahadevi Industrial Park, Behind Hotel Matrix Talegaon Road, Village Kharabwadi Chakan Pune 410501 India<\/p>\n<\/p>\r\n    <\/div>\r\n<\/div>                            <\/div>\r\n                                \r\n                                                <div class=\"col-md-3\">\r\n                                \r\n<div class=\"whereweare\">\r\n    <div class=\"whereweare-header\">\r\n        <span>\r\n        <div class=\"location-image bg-center bg-cover\" style=\"background-image:url(https:\/\/pkbmachines.com\/wp-content\/uploads\/2023\/08\/Frame-3.png);\"><\/div>\r\n        <\/span>\r\n        <h4>USA<\/h4>\r\n    <\/div>\r\n    <div class=\"whereweare-content\">\r\n        <p>\r\n<div class=\"wp-block-group\"><div class=\"wp-block-group__inner-container is-layout-constrained wp-block-group-is-layout-constrained\">\r\n<p>PKB INC<br \/><span data-olk-copy-source=\"MessageBody\">19 Washington Road<\/span><br \/>Princeton Junction, NJ 08550<br \/>USA<\/p>\r\n<\/div><\/div>\r\n<\/p>\r\n    <\/div>\r\n<\/div>                            <\/div>\r\n                                \r\n                                        \r\n        <\/div>\r\n\r\n    <\/div>\r\n\r\n\r\n\r\n<\/section>\n\n\r\n<section class=\"block_parent empty-space\r\n pt-0  pb-0 mt-0 \" >\r\n\r\n    <a id=\"block_9fcd65e280932983d2865f1b388ecd3e\" style=\"position: absolute; top: -120px\"><\/a>\r\n\r\n    \r\n\r\n    \r\n            <div \r\n            data-parent_back_color=\"\" \r\n            data-before_back_color=\"\" \r\n            data-center_to=\"\" \r\n            data-snap_to_left=\"\" \r\n            class=\"moving_background_element\">\r\n        <\/div>\r\n    \r\n\r\n\r\n\r\n\r\n\r\n    <div class=\"empty-space\" style=\"height: -1px;\"><\/div>\r\n\r\n\r\n<\/section>","protected":false},"excerpt":{"rendered":"","protected":false},"author":1,"featured_media":0,"parent":0,"menu_order":63,"comment_status":"closed","ping_status":"closed","template":"","meta":{"_acf_changed":false,"inline_featured_image":false,"footnotes":""},"class_list":["post-5379","page","type-page","status-publish","hentry"],"acf":[],"yoast_head":"<!-- This site is optimized with the Yoast SEO plugin v27.1.1 - https:\/\/yoast.com\/product\/yoast-seo-wordpress\/ -->\n<title>Carrera profesional - PKB<\/title>\n<meta name=\"description\" content=\"\u00danete al equipo de PKB Machines y ayuda a dar forma al futuro del llenado y taponado en las industrias de cosm\u00e9ticos y fragancias. Explora las ofertas de empleo actuales y comienza hoy mismo tu carrera profesional en una empresa l\u00edder mundial.\" \/>\n<meta name=\"robots\" content=\"index, follow, max-snippet:-1, max-image-preview:large, max-video-preview:-1\" \/>\n<link rel=\"canonical\" href=\"https:\/\/pkbmachines.com\/es\/carrera-profesional\/\" \/>\n<meta property=\"og:locale\" content=\"es_ES\" \/>\n<meta property=\"og:type\" content=\"article\" \/>\n<meta property=\"og:title\" content=\"Carrera profesional - PKB\" \/>\n<meta property=\"og:description\" content=\"\u00danete al equipo de PKB Machines y ayuda a dar forma al futuro del llenado y taponado en las industrias de cosm\u00e9ticos y fragancias. Explora las ofertas de empleo actuales y comienza hoy mismo tu carrera profesional en una empresa l\u00edder mundial.\" \/>\n<meta property=\"og:url\" content=\"https:\/\/pkbmachines.com\/es\/carrera-profesional\/\" \/>\n<meta property=\"og:site_name\" content=\"PKB\" \/>\n<meta property=\"article:modified_time\" content=\"2026-03-10T10:07:20+00:00\" \/>\n<meta name=\"twitter:card\" content=\"summary_large_image\" \/>\n<script type=\"application\/ld+json\" class=\"yoast-schema-graph\">{\"@context\":\"https:\/\/schema.org\",\"@graph\":[{\"@type\":\"WebPage\",\"@id\":\"https:\/\/pkbmachines.com\/es\/carrera-profesional\/\",\"url\":\"https:\/\/pkbmachines.com\/es\/carrera-profesional\/\",\"name\":\"Carrera profesional - PKB\",\"isPartOf\":{\"@id\":\"https:\/\/pkbmachines.com\/es\/#website\"},\"datePublished\":\"2023-07-10T12:47:42+00:00\",\"dateModified\":\"2026-03-10T10:07:20+00:00\",\"description\":\"\u00danete al equipo de PKB Machines y ayuda a dar forma al futuro del llenado y taponado en las industrias de cosm\u00e9ticos y fragancias. Explora las ofertas de empleo actuales y comienza hoy mismo tu carrera profesional en una empresa l\u00edder mundial.\",\"breadcrumb\":{\"@id\":\"https:\/\/pkbmachines.com\/es\/carrera-profesional\/#breadcrumb\"},\"inLanguage\":\"es\",\"potentialAction\":[{\"@type\":\"ReadAction\",\"target\":[\"https:\/\/pkbmachines.com\/es\/carrera-profesional\/\"]}]},{\"@type\":\"BreadcrumbList\",\"@id\":\"https:\/\/pkbmachines.com\/es\/carrera-profesional\/#breadcrumb\",\"itemListElement\":[{\"@type\":\"ListItem\",\"position\":1,\"name\":\"Home\",\"item\":\"https:\/\/pkbmachines.com\/es\/\"},{\"@type\":\"ListItem\",\"position\":2,\"name\":\"Carrera profesional\"}]},{\"@type\":\"WebSite\",\"@id\":\"https:\/\/pkbmachines.com\/es\/#website\",\"url\":\"https:\/\/pkbmachines.com\/es\/\",\"name\":\"PKB Machines - Global leader in cosmetics and fragrance lines\",\"description\":\"Engineering Your Success in Cosmetics &amp; Perfume Industries\",\"alternateName\":\"PKB Machines\",\"potentialAction\":[{\"@type\":\"SearchAction\",\"target\":{\"@type\":\"EntryPoint\",\"urlTemplate\":\"https:\/\/pkbmachines.com\/es\/?s={search_term_string}\"},\"query-input\":{\"@type\":\"PropertyValueSpecification\",\"valueRequired\":true,\"valueName\":\"search_term_string\"}}],\"inLanguage\":\"es\"}]}<\/script>\n<!-- \/ Yoast SEO plugin. -->","yoast_head_json":{"title":"Carrera profesional - PKB","description":"\u00danete al equipo de PKB Machines y ayuda a dar forma al futuro del llenado y taponado en las industrias de cosm\u00e9ticos y fragancias. Explora las ofertas de empleo actuales y comienza hoy mismo tu carrera profesional en una empresa l\u00edder mundial.","robots":{"index":"index","follow":"follow","max-snippet":"max-snippet:-1","max-image-preview":"max-image-preview:large","max-video-preview":"max-video-preview:-1"},"canonical":"https:\/\/pkbmachines.com\/es\/carrera-profesional\/","og_locale":"es_ES","og_type":"article","og_title":"Carrera profesional - PKB","og_description":"\u00danete al equipo de PKB Machines y ayuda a dar forma al futuro del llenado y taponado en las industrias de cosm\u00e9ticos y fragancias. Explora las ofertas de empleo actuales y comienza hoy mismo tu carrera profesional en una empresa l\u00edder mundial.","og_url":"https:\/\/pkbmachines.com\/es\/carrera-profesional\/","og_site_name":"PKB","article_modified_time":"2026-03-10T10:07:20+00:00","twitter_card":"summary_large_image","schema":{"@context":"https:\/\/schema.org","@graph":[{"@type":"WebPage","@id":"https:\/\/pkbmachines.com\/es\/carrera-profesional\/","url":"https:\/\/pkbmachines.com\/es\/carrera-profesional\/","name":"Carrera profesional - PKB","isPartOf":{"@id":"https:\/\/pkbmachines.com\/es\/#website"},"datePublished":"2023-07-10T12:47:42+00:00","dateModified":"2026-03-10T10:07:20+00:00","description":"\u00danete al equipo de PKB Machines y ayuda a dar forma al futuro del llenado y taponado en las industrias de cosm\u00e9ticos y fragancias. Explora las ofertas de empleo actuales y comienza hoy mismo tu carrera profesional en una empresa l\u00edder mundial.","breadcrumb":{"@id":"https:\/\/pkbmachines.com\/es\/carrera-profesional\/#breadcrumb"},"inLanguage":"es","potentialAction":[{"@type":"ReadAction","target":["https:\/\/pkbmachines.com\/es\/carrera-profesional\/"]}]},{"@type":"BreadcrumbList","@id":"https:\/\/pkbmachines.com\/es\/carrera-profesional\/#breadcrumb","itemListElement":[{"@type":"ListItem","position":1,"name":"Home","item":"https:\/\/pkbmachines.com\/es\/"},{"@type":"ListItem","position":2,"name":"Carrera profesional"}]},{"@type":"WebSite","@id":"https:\/\/pkbmachines.com\/es\/#website","url":"https:\/\/pkbmachines.com\/es\/","name":"PKB Machines - Global leader in cosmetics and fragrance lines","description":"Engineering Your Success in Cosmetics &amp; Perfume Industries","alternateName":"PKB Machines","potentialAction":[{"@type":"SearchAction","target":{"@type":"EntryPoint","urlTemplate":"https:\/\/pkbmachines.com\/es\/?s={search_term_string}"},"query-input":{"@type":"PropertyValueSpecification","valueRequired":true,"valueName":"search_term_string"}}],"inLanguage":"es"}]}},"_links":{"self":[{"href":"https:\/\/pkbmachines.com\/es\/wp-json\/wp\/v2\/pages\/5379","targetHints":{"allow":["GET"]}}],"collection":[{"href":"https:\/\/pkbmachines.com\/es\/wp-json\/wp\/v2\/pages"}],"about":[{"href":"https:\/\/pkbmachines.com\/es\/wp-json\/wp\/v2\/types\/page"}],"author":[{"embeddable":true,"href":"https:\/\/pkbmachines.com\/es\/wp-json\/wp\/v2\/users\/1"}],"replies":[{"embeddable":true,"href":"https:\/\/pkbmachines.com\/es\/wp-json\/wp\/v2\/comments?post=5379"}],"version-history":[{"count":10,"href":"https:\/\/pkbmachines.com\/es\/wp-json\/wp\/v2\/pages\/5379\/revisions"}],"predecessor-version":[{"id":8625,"href":"https:\/\/pkbmachines.com\/es\/wp-json\/wp\/v2\/pages\/5379\/revisions\/8625"}],"wp:attachment":[{"href":"https:\/\/pkbmachines.com\/es\/wp-json\/wp\/v2\/media?parent=5379"}],"curies":[{"name":"wp","href":"https:\/\/api.w.org\/{rel}","templated":true}]}}