{"id":7774,"date":"2024-06-26T12:38:34","date_gmt":"2024-06-26T10:38:34","guid":{"rendered":"https:\/\/pkbmachines.com\/?page_id=7774"},"modified":"2025-02-12T14:59:35","modified_gmt":"2025-02-12T13:59:35","slug":"datenschutzbestimmungen-2","status":"publish","type":"page","link":"https:\/\/pkbmachines.com\/de\/datenschutzbestimmungen-2\/","title":{"rendered":"Rechtliche Hinweise"},"content":{"rendered":"<h4>I. Herausgeber<\/h4>\n<p>Juristischer Name: PKB Rechtsform: Vereinfachte Aktiengesellschaft Grundkapital: 500.000,00 \u20ac Anschrift: 1 Route d\u2019Orl\u00e9ans \u2013 27930 ANGERVILLE-LA-CAMPAGNE RCS-Nr.: 552 150 146 USt-IdNr: FR74552150146 Herausgeber: Jana BLAYBEL \u2013 j.blaybel@pkb.fr E-Mail: pkb@pkb.fr Telefon: +33 2 32 37 96 32<\/p>\n<h4>II. Host<\/h4>\n<p>Juristischer Name: OVH Rechtsform: Vereinfachte Aktiengesellschaft Adresse: 2 Kellermann Street \u2013 59100 ROUBAIX Telefon: https:\/\/www.ovhcloud.com\/en\/contact\/<\/p>\n<h4>III. Geistiges Eigentum<\/h4>\n<p>Alle auf der Website enthaltenen Texte, Fotos, Videos, Daten, Poster, Logos, Marken und sonstigen Elemente sind urheberrechtlich gesch\u00fctzt und unterliegen dem Recht des geistigen Eigentums, einschlie\u00dflich des Urheberrechts, der verwandten Schutzrechte, des Markenrechts und des Rechts zum Schutz von Datenbanken. Folglich darf ohne ausdr\u00fcckliche Genehmigung des Urhebers gem\u00e4\u00df Artikel L 111-1, L 122-1 und L 122-4 des franz\u00f6sischen Gesetzbuches \u00fcber das geistige Eigentum keine Nutzung, Verbreitung, Vervielf\u00e4ltigung oder sonstige Verwendung dieser Elemente erfolgen, auch nicht teilweise. Jeder Versto\u00df gegen diese Bestimmungen stellt eine Rechtsverletzung dar und kann strafrechtlich verfolgt werden.<\/p>\n<h4>IV. Datenschutz<\/h4>\n<p>Siehe unsere Datenschutzrichtlinie<\/p>\n","protected":false},"excerpt":{"rendered":"<p>I. Herausgeber Juristischer Name: PKB Rechtsform: Vereinfachte Aktiengesellschaft Grundkapital: 500.000,00 \u20ac Anschrift: 1 Route d\u2019Orl\u00e9ans \u2013 27930 ANGERVILLE-LA-CAMPAGNE RCS-Nr.: 552 150 146 USt-IdNr: FR74552150146 Herausgeber: Jana BLAYBEL \u2013 j.blaybel@pkb.fr E-Mail: pkb@pkb.fr Telefon: +33 2 32 37 96 32 II. Host Juristischer Name: OVH Rechtsform: Vereinfachte Aktiengesellschaft Adresse: 2 Kellermann Street \u2013 59100 ROUBAIX Telefon: https:\/\/www.ovhcloud.com\/en\/contact\/ [&hellip;]<\/p>\n","protected":false},"author":2,"featured_media":0,"parent":0,"menu_order":24,"comment_status":"closed","ping_status":"closed","template":"","meta":{"_acf_changed":false,"inline_featured_image":false,"footnotes":""},"class_list":["post-7774","page","type-page","status-publish","hentry"],"acf":[],"yoast_head":"<!-- This site is optimized with the Yoast SEO plugin v27.1.1 - https:\/\/yoast.com\/product\/yoast-seo-wordpress\/ -->\n<title>Rechtliche Hinweise - PKB<\/title>\n<meta name=\"robots\" content=\"index, follow, max-snippet:-1, max-image-preview:large, max-video-preview:-1\" \/>\n<link rel=\"canonical\" href=\"https:\/\/pkbmachines.com\/de\/datenschutzbestimmungen-2\/\" \/>\n<meta property=\"og:locale\" content=\"de_DE\" \/>\n<meta property=\"og:type\" content=\"article\" \/>\n<meta property=\"og:title\" content=\"Rechtliche Hinweise - PKB\" \/>\n<meta property=\"og:description\" content=\"I. Herausgeber Juristischer Name: PKB Rechtsform: Vereinfachte Aktiengesellschaft Grundkapital: 500.000,00 \u20ac Anschrift: 1 Route d\u2019Orl\u00e9ans \u2013 27930 ANGERVILLE-LA-CAMPAGNE RCS-Nr.: 552 150 146 USt-IdNr: FR74552150146 Herausgeber: Jana BLAYBEL \u2013 j.blaybel@pkb.fr E-Mail: pkb@pkb.fr Telefon: +33 2 32 37 96 32 II. Host Juristischer Name: OVH Rechtsform: Vereinfachte Aktiengesellschaft Adresse: 2 Kellermann Street \u2013 59100 ROUBAIX Telefon: https:\/\/www.ovhcloud.com\/en\/contact\/ [&hellip;]\" \/>\n<meta property=\"og:url\" content=\"https:\/\/pkbmachines.com\/de\/datenschutzbestimmungen-2\/\" \/>\n<meta property=\"og:site_name\" content=\"PKB\" \/>\n<meta property=\"article:modified_time\" content=\"2025-02-12T13:59:35+00:00\" \/>\n<meta name=\"twitter:card\" content=\"summary_large_image\" \/>\n<meta name=\"twitter:label1\" content=\"Gesch\u00e4tzte Lesezeit\" \/>\n\t<meta name=\"twitter:data1\" content=\"1\u00a0Minute\" \/>\n<script type=\"application\/ld+json\" class=\"yoast-schema-graph\">{\"@context\":\"https:\/\/schema.org\",\"@graph\":[{\"@type\":\"WebPage\",\"@id\":\"https:\/\/pkbmachines.com\/de\/datenschutzbestimmungen-2\/\",\"url\":\"https:\/\/pkbmachines.com\/de\/datenschutzbestimmungen-2\/\",\"name\":\"Rechtliche Hinweise - PKB\",\"isPartOf\":{\"@id\":\"https:\/\/pkbmachines.com\/de\/#website\"},\"datePublished\":\"2024-06-26T10:38:34+00:00\",\"dateModified\":\"2025-02-12T13:59:35+00:00\",\"breadcrumb\":{\"@id\":\"https:\/\/pkbmachines.com\/de\/datenschutzbestimmungen-2\/#breadcrumb\"},\"inLanguage\":\"de\",\"potentialAction\":[{\"@type\":\"ReadAction\",\"target\":[\"https:\/\/pkbmachines.com\/de\/datenschutzbestimmungen-2\/\"]}]},{\"@type\":\"BreadcrumbList\",\"@id\":\"https:\/\/pkbmachines.com\/de\/datenschutzbestimmungen-2\/#breadcrumb\",\"itemListElement\":[{\"@type\":\"ListItem\",\"position\":1,\"name\":\"Home\",\"item\":\"https:\/\/pkbmachines.com\/de\/\"},{\"@type\":\"ListItem\",\"position\":2,\"name\":\"Rechtliche Hinweise\"}]},{\"@type\":\"WebSite\",\"@id\":\"https:\/\/pkbmachines.com\/de\/#website\",\"url\":\"https:\/\/pkbmachines.com\/de\/\",\"name\":\"PKB Machines - Global leader in cosmetics and fragrance lines\",\"description\":\"Engineering Your Success in Cosmetics &amp; Perfume Industries\",\"alternateName\":\"PKB Machines\",\"potentialAction\":[{\"@type\":\"SearchAction\",\"target\":{\"@type\":\"EntryPoint\",\"urlTemplate\":\"https:\/\/pkbmachines.com\/de\/?s={search_term_string}\"},\"query-input\":{\"@type\":\"PropertyValueSpecification\",\"valueRequired\":true,\"valueName\":\"search_term_string\"}}],\"inLanguage\":\"de\"}]}<\/script>\n<!-- \/ Yoast SEO plugin. -->","yoast_head_json":{"title":"Rechtliche Hinweise - PKB","robots":{"index":"index","follow":"follow","max-snippet":"max-snippet:-1","max-image-preview":"max-image-preview:large","max-video-preview":"max-video-preview:-1"},"canonical":"https:\/\/pkbmachines.com\/de\/datenschutzbestimmungen-2\/","og_locale":"de_DE","og_type":"article","og_title":"Rechtliche Hinweise - PKB","og_description":"I. Herausgeber Juristischer Name: PKB Rechtsform: Vereinfachte Aktiengesellschaft Grundkapital: 500.000,00 \u20ac Anschrift: 1 Route d\u2019Orl\u00e9ans \u2013 27930 ANGERVILLE-LA-CAMPAGNE RCS-Nr.: 552 150 146 USt-IdNr: FR74552150146 Herausgeber: Jana BLAYBEL \u2013 j.blaybel@pkb.fr E-Mail: pkb@pkb.fr Telefon: +33 2 32 37 96 32 II. Host Juristischer Name: OVH Rechtsform: Vereinfachte Aktiengesellschaft Adresse: 2 Kellermann Street \u2013 59100 ROUBAIX Telefon: https:\/\/www.ovhcloud.com\/en\/contact\/ [&hellip;]","og_url":"https:\/\/pkbmachines.com\/de\/datenschutzbestimmungen-2\/","og_site_name":"PKB","article_modified_time":"2025-02-12T13:59:35+00:00","twitter_card":"summary_large_image","twitter_misc":{"Gesch\u00e4tzte Lesezeit":"1\u00a0Minute"},"schema":{"@context":"https:\/\/schema.org","@graph":[{"@type":"WebPage","@id":"https:\/\/pkbmachines.com\/de\/datenschutzbestimmungen-2\/","url":"https:\/\/pkbmachines.com\/de\/datenschutzbestimmungen-2\/","name":"Rechtliche Hinweise - PKB","isPartOf":{"@id":"https:\/\/pkbmachines.com\/de\/#website"},"datePublished":"2024-06-26T10:38:34+00:00","dateModified":"2025-02-12T13:59:35+00:00","breadcrumb":{"@id":"https:\/\/pkbmachines.com\/de\/datenschutzbestimmungen-2\/#breadcrumb"},"inLanguage":"de","potentialAction":[{"@type":"ReadAction","target":["https:\/\/pkbmachines.com\/de\/datenschutzbestimmungen-2\/"]}]},{"@type":"BreadcrumbList","@id":"https:\/\/pkbmachines.com\/de\/datenschutzbestimmungen-2\/#breadcrumb","itemListElement":[{"@type":"ListItem","position":1,"name":"Home","item":"https:\/\/pkbmachines.com\/de\/"},{"@type":"ListItem","position":2,"name":"Rechtliche Hinweise"}]},{"@type":"WebSite","@id":"https:\/\/pkbmachines.com\/de\/#website","url":"https:\/\/pkbmachines.com\/de\/","name":"PKB Machines - Global leader in cosmetics and fragrance lines","description":"Engineering Your Success in Cosmetics &amp; Perfume Industries","alternateName":"PKB Machines","potentialAction":[{"@type":"SearchAction","target":{"@type":"EntryPoint","urlTemplate":"https:\/\/pkbmachines.com\/de\/?s={search_term_string}"},"query-input":{"@type":"PropertyValueSpecification","valueRequired":true,"valueName":"search_term_string"}}],"inLanguage":"de"}]}},"_links":{"self":[{"href":"https:\/\/pkbmachines.com\/de\/wp-json\/wp\/v2\/pages\/7774","targetHints":{"allow":["GET"]}}],"collection":[{"href":"https:\/\/pkbmachines.com\/de\/wp-json\/wp\/v2\/pages"}],"about":[{"href":"https:\/\/pkbmachines.com\/de\/wp-json\/wp\/v2\/types\/page"}],"author":[{"embeddable":true,"href":"https:\/\/pkbmachines.com\/de\/wp-json\/wp\/v2\/users\/2"}],"replies":[{"embeddable":true,"href":"https:\/\/pkbmachines.com\/de\/wp-json\/wp\/v2\/comments?post=7774"}],"version-history":[{"count":2,"href":"https:\/\/pkbmachines.com\/de\/wp-json\/wp\/v2\/pages\/7774\/revisions"}],"predecessor-version":[{"id":7871,"href":"https:\/\/pkbmachines.com\/de\/wp-json\/wp\/v2\/pages\/7774\/revisions\/7871"}],"wp:attachment":[{"href":"https:\/\/pkbmachines.com\/de\/wp-json\/wp\/v2\/media?parent=7774"}],"curies":[{"name":"wp","href":"https:\/\/api.w.org\/{rel}","templated":true}]}}