{"id":5530,"date":"2023-11-24T13:47:53","date_gmt":"2023-11-24T12:47:53","guid":{"rendered":"https:\/\/dev.pkbmachines.com\/stellenangebote\/"},"modified":"2025-02-12T14:58:05","modified_gmt":"2025-02-12T13:58:05","slug":"stellenangebote","status":"publish","type":"page","link":"https:\/\/pkbmachines.com\/de\/stellenangebote\/","title":{"rendered":"Jobs"},"content":{"rendered":"\r\n<section class=\"block_parent section available-positions-section inverted_buttons\r\n     \" >\r\n\r\n    <a id=\"block_f7f32327786a64b5e397d7df5288bd88\" style=\"position: absolute; top: -120px\"><\/a>\r\n\r\n    \r\n\r\n    \r\n    \r\n\r\n\r\n\r\n\r\n\r\n\r\n    <div class=\"container\">\r\n\r\n        <div class=\"section-header\">\r\n            <h2 class=\"fw-extraLight white\">Available <br \/> positions<\/h2>\r\n        <\/div>\r\n\r\n        <div class=\"available-positions-table\">\r\n\r\n            <div class=\"available-positions-table-block jobs_categories_select\">\r\n                <div class=\"table-controls\">\r\n                    <div class=\"table-controls-block\">\r\n                        <p>Department<\/p>\r\n                        <select name=\"departments\">\r\n                            <option value=\"\" selected>All departments<\/option><option value=\"93\">Verkaufsabteilung<\/option><option value=\"98\">B\u00fcro<\/option><option value=\"111\">F&amp;E-Abteilung<\/option><option value=\"117\">Marketing<\/option> \r\n                        <\/select> \r\n                    <\/div>\r\n                    <div class=\"table-controls-block\">\r\n                        <p>Locations<\/p>\r\n                        <select name=\"locations\">\r\n                            <option value=\"\" selected>All locations<\/option><option value=\"116\">Chakan, Indien<\/option><option value=\"119\">Evreux, Frankreich<\/option><option value=\"96\">New Jersey, USA<\/option><option value=\"100\">Bonn, Deutschland<\/option><option value=\"112\">Paris, Frankreich<\/option>                        <\/select>\r\n                    <\/div>\r\n                <\/div>\r\n            <\/div>\r\n\r\n            <div class=\"available-positions-table-block\">\r\n                <div class=\"position-table-wrap\">\r\n                    <table class=\"position-table\">\r\n                        <tbody class=\"append_here\">\r\n                            \r\n\r\n                                                                    <tr class=\"clickable\">\r\n    <td>\r\n        <p>Verk\u00e4ufer<\/p>\r\n    <\/td>\r\n    <td>Verkaufsabteilung<\/td>\r\n    <td>25\/11\/2023<\/td>\r\n    <td>Bonn, Deutschland<\/td>\r\n    <td class=\"button-wrap\">\r\n        <div>\r\n            <a href=\"https:\/\/pkbmachines.com\/de\/jobs\/verkaeufer\/\" class=\"btn-first simple d-inline-block\">\r\n                JOB OFFER            <\/a>\r\n        <\/div>\r\n    <\/td>\r\n<\/tr>                                                                    <tr class=\"clickable\">\r\n    <td>\r\n        <p>Senior javascritpt Entwickler<\/p>\r\n    <\/td>\r\n    <td>B\u00fcro<\/td>\r\n    <td>13\/11\/2023<\/td>\r\n    <td>Chakan, Indien<\/td>\r\n    <td class=\"button-wrap\">\r\n        <div>\r\n            <a href=\"https:\/\/pkbmachines.com\/de\/jobs\/senior-javascritpt-entwickler\/\" class=\"btn-first simple d-inline-block\">\r\n                JOB OFFER            <\/a>\r\n        <\/div>\r\n    <\/td>\r\n<\/tr>                                                                    <tr class=\"clickable\">\r\n    <td>\r\n        <p>PHP-Entwickler<\/p>\r\n    <\/td>\r\n    <td>Verkaufsabteilung<\/td>\r\n    <td>22\/11\/2023<\/td>\r\n    <td>New Jersey, USA<\/td>\r\n    <td class=\"button-wrap\">\r\n        <div>\r\n            <a href=\"https:\/\/pkbmachines.com\/de\/jobs\/php-entwickler\/\" class=\"btn-first simple d-inline-block\">\r\n                JOB OFFER            <\/a>\r\n        <\/div>\r\n    <\/td>\r\n<\/tr>                                \r\n                            \r\n                        <\/tbody>\r\n                    <\/table>\r\n                <\/div>\r\n            <\/div>\r\n\r\n            <div class=\"available-positions-table-block text-center\">\r\n                <a href=\"#\" class=\"btn-first simple more_posts d-table mx-auto\"  \r\n                    data-posts_per_page=\"3\" \r\n                    data-post_type=\"jobs\" \r\n                    data-offset=\"3\" \r\n                    data-append_container=\".append_here\" \r\n                    data-loading_container=\".available-positions-section\"\r\n                    >\r\n                    \r\n                    \r\n                    SHOW MORE                <\/a>\r\n            <\/div>\r\n\r\n        <\/div>\r\n\r\n    <\/div>\r\n\r\n\r\n\r\n<\/section>","protected":false},"excerpt":{"rendered":"","protected":false},"author":1,"featured_media":0,"parent":0,"menu_order":12,"comment_status":"closed","ping_status":"closed","template":"","meta":{"_acf_changed":false,"inline_featured_image":false,"footnotes":""},"class_list":["post-5530","page","type-page","status-publish","hentry"],"acf":[],"yoast_head":"<!-- This site is optimized with the Yoast SEO plugin v27.1.1 - https:\/\/yoast.com\/product\/yoast-seo-wordpress\/ -->\n<title>Jobs - PKB<\/title>\n<meta name=\"description\" content=\"Werden Sie Teil des Teams von PKB Machines und gestalten Sie mit uns die Zukunft der Verpackung in der Kosmetik- und Parf\u00fcmindustrie. Informieren Sie sich \u00fcber aktuelle Stellenangebote und starten Sie noch heute Ihre Karriere bei einem weltweit f\u00fchrenden Unternehmen.\" \/>\n<meta name=\"robots\" content=\"index, follow, max-snippet:-1, max-image-preview:large, max-video-preview:-1\" \/>\n<link rel=\"canonical\" href=\"https:\/\/pkbmachines.com\/de\/stellenangebote\/\" \/>\n<meta property=\"og:locale\" content=\"de_DE\" \/>\n<meta property=\"og:type\" content=\"article\" \/>\n<meta property=\"og:title\" content=\"Jobs - PKB\" \/>\n<meta property=\"og:description\" content=\"Werden Sie Teil des Teams von PKB Machines und gestalten Sie mit uns die Zukunft der Verpackung in der Kosmetik- und Parf\u00fcmindustrie. Informieren Sie sich \u00fcber aktuelle Stellenangebote und starten Sie noch heute Ihre Karriere bei einem weltweit f\u00fchrenden Unternehmen.\" \/>\n<meta property=\"og:url\" content=\"https:\/\/pkbmachines.com\/de\/stellenangebote\/\" \/>\n<meta property=\"og:site_name\" content=\"PKB\" \/>\n<meta property=\"article:modified_time\" content=\"2025-02-12T13:58:05+00:00\" \/>\n<meta name=\"twitter:card\" content=\"summary_large_image\" \/>\n<script type=\"application\/ld+json\" class=\"yoast-schema-graph\">{\"@context\":\"https:\/\/schema.org\",\"@graph\":[{\"@type\":\"WebPage\",\"@id\":\"https:\/\/pkbmachines.com\/de\/stellenangebote\/\",\"url\":\"https:\/\/pkbmachines.com\/de\/stellenangebote\/\",\"name\":\"Jobs - PKB\",\"isPartOf\":{\"@id\":\"https:\/\/pkbmachines.com\/de\/#website\"},\"datePublished\":\"2023-11-24T12:47:53+00:00\",\"dateModified\":\"2025-02-12T13:58:05+00:00\",\"description\":\"Werden Sie Teil des Teams von PKB Machines und gestalten Sie mit uns die Zukunft der Verpackung in der Kosmetik- und Parf\u00fcmindustrie. Informieren Sie sich \u00fcber aktuelle Stellenangebote und starten Sie noch heute Ihre Karriere bei einem weltweit f\u00fchrenden Unternehmen.\",\"breadcrumb\":{\"@id\":\"https:\/\/pkbmachines.com\/de\/stellenangebote\/#breadcrumb\"},\"inLanguage\":\"de\",\"potentialAction\":[{\"@type\":\"ReadAction\",\"target\":[\"https:\/\/pkbmachines.com\/de\/stellenangebote\/\"]}]},{\"@type\":\"BreadcrumbList\",\"@id\":\"https:\/\/pkbmachines.com\/de\/stellenangebote\/#breadcrumb\",\"itemListElement\":[{\"@type\":\"ListItem\",\"position\":1,\"name\":\"Home\",\"item\":\"https:\/\/pkbmachines.com\/de\/\"},{\"@type\":\"ListItem\",\"position\":2,\"name\":\"Jobs\"}]},{\"@type\":\"WebSite\",\"@id\":\"https:\/\/pkbmachines.com\/de\/#website\",\"url\":\"https:\/\/pkbmachines.com\/de\/\",\"name\":\"PKB Machines - Global leader in cosmetics and fragrance lines\",\"description\":\"Engineering Your Success in Cosmetics &amp; Perfume Industries\",\"alternateName\":\"PKB Machines\",\"potentialAction\":[{\"@type\":\"SearchAction\",\"target\":{\"@type\":\"EntryPoint\",\"urlTemplate\":\"https:\/\/pkbmachines.com\/de\/?s={search_term_string}\"},\"query-input\":{\"@type\":\"PropertyValueSpecification\",\"valueRequired\":true,\"valueName\":\"search_term_string\"}}],\"inLanguage\":\"de\"}]}<\/script>\n<!-- \/ Yoast SEO plugin. -->","yoast_head_json":{"title":"Jobs - PKB","description":"Werden Sie Teil des Teams von PKB Machines und gestalten Sie mit uns die Zukunft der Verpackung in der Kosmetik- und Parf\u00fcmindustrie. Informieren Sie sich \u00fcber aktuelle Stellenangebote und starten Sie noch heute Ihre Karriere bei einem weltweit f\u00fchrenden Unternehmen.","robots":{"index":"index","follow":"follow","max-snippet":"max-snippet:-1","max-image-preview":"max-image-preview:large","max-video-preview":"max-video-preview:-1"},"canonical":"https:\/\/pkbmachines.com\/de\/stellenangebote\/","og_locale":"de_DE","og_type":"article","og_title":"Jobs - PKB","og_description":"Werden Sie Teil des Teams von PKB Machines und gestalten Sie mit uns die Zukunft der Verpackung in der Kosmetik- und Parf\u00fcmindustrie. Informieren Sie sich \u00fcber aktuelle Stellenangebote und starten Sie noch heute Ihre Karriere bei einem weltweit f\u00fchrenden Unternehmen.","og_url":"https:\/\/pkbmachines.com\/de\/stellenangebote\/","og_site_name":"PKB","article_modified_time":"2025-02-12T13:58:05+00:00","twitter_card":"summary_large_image","schema":{"@context":"https:\/\/schema.org","@graph":[{"@type":"WebPage","@id":"https:\/\/pkbmachines.com\/de\/stellenangebote\/","url":"https:\/\/pkbmachines.com\/de\/stellenangebote\/","name":"Jobs - PKB","isPartOf":{"@id":"https:\/\/pkbmachines.com\/de\/#website"},"datePublished":"2023-11-24T12:47:53+00:00","dateModified":"2025-02-12T13:58:05+00:00","description":"Werden Sie Teil des Teams von PKB Machines und gestalten Sie mit uns die Zukunft der Verpackung in der Kosmetik- und Parf\u00fcmindustrie. Informieren Sie sich \u00fcber aktuelle Stellenangebote und starten Sie noch heute Ihre Karriere bei einem weltweit f\u00fchrenden Unternehmen.","breadcrumb":{"@id":"https:\/\/pkbmachines.com\/de\/stellenangebote\/#breadcrumb"},"inLanguage":"de","potentialAction":[{"@type":"ReadAction","target":["https:\/\/pkbmachines.com\/de\/stellenangebote\/"]}]},{"@type":"BreadcrumbList","@id":"https:\/\/pkbmachines.com\/de\/stellenangebote\/#breadcrumb","itemListElement":[{"@type":"ListItem","position":1,"name":"Home","item":"https:\/\/pkbmachines.com\/de\/"},{"@type":"ListItem","position":2,"name":"Jobs"}]},{"@type":"WebSite","@id":"https:\/\/pkbmachines.com\/de\/#website","url":"https:\/\/pkbmachines.com\/de\/","name":"PKB Machines - Global leader in cosmetics and fragrance lines","description":"Engineering Your Success in Cosmetics &amp; Perfume Industries","alternateName":"PKB Machines","potentialAction":[{"@type":"SearchAction","target":{"@type":"EntryPoint","urlTemplate":"https:\/\/pkbmachines.com\/de\/?s={search_term_string}"},"query-input":{"@type":"PropertyValueSpecification","valueRequired":true,"valueName":"search_term_string"}}],"inLanguage":"de"}]}},"_links":{"self":[{"href":"https:\/\/pkbmachines.com\/de\/wp-json\/wp\/v2\/pages\/5530","targetHints":{"allow":["GET"]}}],"collection":[{"href":"https:\/\/pkbmachines.com\/de\/wp-json\/wp\/v2\/pages"}],"about":[{"href":"https:\/\/pkbmachines.com\/de\/wp-json\/wp\/v2\/types\/page"}],"author":[{"embeddable":true,"href":"https:\/\/pkbmachines.com\/de\/wp-json\/wp\/v2\/users\/1"}],"replies":[{"embeddable":true,"href":"https:\/\/pkbmachines.com\/de\/wp-json\/wp\/v2\/comments?post=5530"}],"version-history":[{"count":2,"href":"https:\/\/pkbmachines.com\/de\/wp-json\/wp\/v2\/pages\/5530\/revisions"}],"predecessor-version":[{"id":7941,"href":"https:\/\/pkbmachines.com\/de\/wp-json\/wp\/v2\/pages\/5530\/revisions\/7941"}],"wp:attachment":[{"href":"https:\/\/pkbmachines.com\/de\/wp-json\/wp\/v2\/media?parent=5530"}],"curies":[{"name":"wp","href":"https:\/\/api.w.org\/{rel}","templated":true}]}}