{"id":5519,"date":"2023-11-27T15:14:54","date_gmt":"2023-11-27T14:14:54","guid":{"rendered":"https:\/\/dev.pkbmachines.com\/bewerbung\/"},"modified":"2025-02-12T15:20:24","modified_gmt":"2025-02-12T14:20:24","slug":"bewerbung","status":"publish","type":"page","link":"https:\/\/pkbmachines.com\/de\/karriere\/bewerbung\/","title":{"rendered":"Bewerben"},"content":{"rendered":"\r\n<section class=\"block_parent section color-cosmetics-hero-section apply-hero-section\r\n     \" >\r\n\r\n    <a id=\"block_7134a227be5e18604932a8437a384723\" style=\"position: absolute; top: -120px\"><\/a>\r\n\r\n    \r\n\r\n    \r\n    \r\n\r\n\r\n\r\n\r\n\r\n    <div class=\"container z2 position-relative pb-100\">\r\n        <div class=\"row \">\r\n            <div class=\"col-md-3\">\r\n                <a href=\"career\" class=\"back-to-page gold-color\">Career<\/a>\r\n                                    <div class=\"holder_image to_left position-relative\">\r\n                        <img decoding=\"async\" src=\"https:\/\/pkbmachines.com\/wp-content\/uploads\/2023\/11\/apply_swoosh.png\" alt=\"divider\">\r\n                    <\/div>\r\n                            <\/div>\r\n            <div class=\"col-md-7 offset-md-1\">\r\n                <h1 class=\"burgund-color font23\">Sie finden im Moment keine passende Stelle?<\/h1>\r\n                <div class=\"sub_title font12 mt-30 mb-20\">Kein Problem. Senden Sie Ihren Lebenslauf an unseren Talentpool. Sobald sich eine Gelegenheit ergibt, die Ihren F\u00e4higkeiten und Erfahrungen entspricht, werden wir uns mit Ihnen in Verbindung setzen. <\/div>\r\n                <div class=\"desc\"><p>Wir sch\u00e4tzen Ihr Fachwissen und w\u00fcrden uns freuen, mit Ihnen \u00fcber m\u00f6gliche zuk\u00fcnftige Stellenangebote zu sprechen.<\/p>\n<\/div>\r\n            <\/div>\r\n        <\/div>\r\n        \r\n        \r\n    <\/div>\r\n\r\n<\/section>\r\n<section class=\"block_parent      \" >\r\n\r\n    <a id=\"block_e2d4da81236cf431cd466027b1da2952\" style=\"position: absolute; top: -120px\"><\/a>\r\n\r\n    \r\n\r\n    \r\n            <div \r\n            data-parent_back_color=\"#5c263d\" \r\n            data-before_back_color=\"#f7f5f1\" \r\n            data-center_to=\".job-form-header\" \r\n            data-snap_to_left=\"\" \r\n            class=\"moving_background_element\">\r\n        <\/div>\r\n    \r\n\r\n\r\n\r\n\r\n<section class=\"section job-form-section inverted_buttons dark_form\">\r\n    <div class=\"container\">\r\n\r\n        <div class=\"job-form-grid\">\r\n\r\n            <div class=\"job-form-header\">\r\n                <h4>Lassen Sie uns in Kontakt bleiben<\/h4>\r\n            <\/div>\r\n\r\n            <div class=\"job-form-block\">\r\n\r\n\r\n                <h1 class=\"mb-50\">Senden Sie uns Ihren Lebenslauf!<\/h1>\r\n                <div class=\"swoosh_apply_holder to_right position-relative mb-70\">\r\n                    <img decoding=\"async\" src=\"https:\/\/pkbmachines.com\/wp-content\/themes\/pkb\/img\/apply_swooch_form.png\">\r\n                <\/div>\r\n\r\n                \n<div class=\"wpcf7 no-js\" id=\"wpcf7-f5633-o1\" lang=\"de-DE\" dir=\"ltr\" data-wpcf7-id=\"5633\">\n<div class=\"screen-reader-response\"><p role=\"status\" aria-live=\"polite\" aria-atomic=\"true\"><\/p> <ul><\/ul><\/div>\n<form action=\"\/de\/wp-json\/wp\/v2\/pages\/5519#wpcf7-f5633-o1\" method=\"post\" class=\"wpcf7-form init\" aria-label=\"Kontaktformular\" enctype=\"multipart\/form-data\" novalidate=\"novalidate\" data-status=\"init\">\n<fieldset class=\"hidden-fields-container\"><input type=\"hidden\" name=\"_wpcf7\" value=\"5633\" \/><input type=\"hidden\" name=\"_wpcf7_version\" value=\"6.1.5\" \/><input type=\"hidden\" name=\"_wpcf7_locale\" value=\"de_DE\" \/><input type=\"hidden\" name=\"_wpcf7_unit_tag\" value=\"wpcf7-f5633-o1\" \/><input type=\"hidden\" name=\"_wpcf7_container_post\" value=\"0\" \/><input type=\"hidden\" name=\"_wpcf7_posted_data_hash\" value=\"\" \/><input type=\"hidden\" name=\"_wpcf7_recaptcha_response\" value=\"\" \/>\n<\/fieldset>\n<div class=\"job-form\">\n\t<div>\n\t\t<p>Vorname und Nachname\n\t\t<\/p>\n\t\t<p><span class=\"wpcf7-form-control-wrap\" data-name=\"text-name\"><input size=\"40\" maxlength=\"400\" class=\"wpcf7-form-control wpcf7-text wpcf7-validates-as-required form-control\" aria-required=\"true\" aria-invalid=\"false\" value=\"\" type=\"text\" name=\"text-name\" \/><\/span>\n\t\t<\/p>\n\t<\/div>\n\t<div>\n\t\t<p>E-Mail-Adresse\n\t\t<\/p>\n\t\t<p><span class=\"wpcf7-form-control-wrap\" data-name=\"text-email\"><input size=\"40\" maxlength=\"400\" class=\"wpcf7-form-control wpcf7-text wpcf7-validates-as-required form-control\" aria-required=\"true\" aria-invalid=\"false\" value=\"\" type=\"text\" name=\"text-email\" \/><\/span>\n\t\t<\/p>\n\t\t<div>\n\t\t\t<p>Lebenslauf\n\t\t\t<\/p>\n\t\t\t<p><span class=\"wpcf7-form-control-wrap\" data-name=\"text-resume\"><input size=\"40\" maxlength=\"400\" class=\"wpcf7-form-control wpcf7-text wpcf7-validates-as-required form-control\" aria-required=\"true\" aria-invalid=\"false\" value=\"\" type=\"text\" name=\"text-resume\" \/><\/span>\n\t\t\t<\/p>\n\t\t<\/div>\n\t\t<div class=\"attach-file inverted_button\">\n\t\t\t<p>H\u00e4ngen Sie eine Datei im .doc- oder .pdf-Format mit einer maximalen Gr\u00f6\u00dfe von 15 MB an.\n\t\t\t<\/p>\n\t\t\t<div>\n\t\t\t\t<p><span class=\"wpcf7-form-control-wrap\" data-name=\"file-85\"><input size=\"40\" class=\"wpcf7-form-control wpcf7-file\" id=\"formFile\" accept=\"audio\/*,video\/*,image\/*\" aria-invalid=\"false\" type=\"file\" name=\"file-85\" \/><\/span><br \/>\n<label class=\"btn-first\" for=\"formFile\">Datei anh\u00e4ngen<\/label>\n\t\t\t\t<\/p>\n\t\t\t<\/div>\n\t\t<\/div>\n\t<\/div>\n\t<div>\n\t\t<p>Zus\u00e4tzliche Informationen\n\t\t<\/p>\n\t\t<p><span class=\"wpcf7-form-control-wrap\" data-name=\"textarea-613\"><textarea cols=\"40\" rows=\"10\" maxlength=\"2000\" class=\"wpcf7-form-control wpcf7-textarea form-control\" aria-invalid=\"false\" name=\"textarea-613\"><\/textarea><\/span>\n\t\t<\/p>\n\t<\/div>\n\t<div class=\"form-checkbox checkbox-replace\">\n\t\t<p><span class=\"wpcf7-form-control-wrap\" data-name=\"acceptance-817\"><span class=\"wpcf7-form-control wpcf7-acceptance optional\"><span class=\"wpcf7-list-item\"><label><input type=\"checkbox\" name=\"acceptance-817\" value=\"1\" aria-invalid=\"false\" \/><span class=\"wpcf7-list-item-label\">I have read the privacy policy carefully before sending my request.<\/span><\/label><\/span><\/span><\/span>\n\t\t<\/p>\n\t<\/div>\n\t<div class=\"text-end\">\n\t\t<p><button type=\"submit\" class=\"btn-first ml-auto d-table\">SENDEN<\/button>\n\t\t<\/p>\n\t<\/div>\n<\/div><div class=\"wpcf7-response-output\" aria-hidden=\"true\"><\/div>\n<\/form>\n<\/div>\n\r\n            <\/div>\r\n\r\n        <\/div>\r\n\r\n    <\/div>\r\n<\/section>\r\n\r\n\r\n<\/section>","protected":false},"excerpt":{"rendered":"","protected":false},"author":1,"featured_media":0,"parent":5627,"menu_order":65,"comment_status":"closed","ping_status":"closed","template":"","meta":{"_acf_changed":false,"inline_featured_image":false,"footnotes":""},"class_list":["post-5519","page","type-page","status-publish","hentry"],"acf":[],"yoast_head":"<!-- This site is optimized with the Yoast SEO plugin v27.1.1 - https:\/\/yoast.com\/product\/yoast-seo-wordpress\/ -->\n<title>Bewerben - PKB<\/title>\n<meta name=\"description\" content=\"Starten Sie Ihre Karriere bei PKB Machines, einem f\u00fchrenden Anbieter von Abf\u00fcll- und Verschlie\u00dfl\u00f6sungen. Entdecken Sie unsere aktuellen Stellenangebote in der Kosmetik- und Parf\u00fcmindustrie und bewerben Sie sich noch heute, um Teil unseres dynamischen Teams zu werden.\" \/>\n<meta name=\"robots\" content=\"index, follow, max-snippet:-1, max-image-preview:large, max-video-preview:-1\" \/>\n<link rel=\"canonical\" href=\"https:\/\/pkbmachines.com\/de\/karriere\/bewerbung\/\" \/>\n<meta property=\"og:locale\" content=\"de_DE\" \/>\n<meta property=\"og:type\" content=\"article\" \/>\n<meta property=\"og:title\" content=\"Bewerben - PKB\" \/>\n<meta property=\"og:description\" content=\"Starten Sie Ihre Karriere bei PKB Machines, einem f\u00fchrenden Anbieter von Abf\u00fcll- und Verschlie\u00dfl\u00f6sungen. Entdecken Sie unsere aktuellen Stellenangebote in der Kosmetik- und Parf\u00fcmindustrie und bewerben Sie sich noch heute, um Teil unseres dynamischen Teams zu werden.\" \/>\n<meta property=\"og:url\" content=\"https:\/\/pkbmachines.com\/de\/karriere\/bewerbung\/\" \/>\n<meta property=\"og:site_name\" content=\"PKB\" \/>\n<meta property=\"article:modified_time\" content=\"2025-02-12T14:20:24+00:00\" \/>\n<meta name=\"twitter:card\" content=\"summary_large_image\" \/>\n<script type=\"application\/ld+json\" class=\"yoast-schema-graph\">{\"@context\":\"https:\/\/schema.org\",\"@graph\":[{\"@type\":\"WebPage\",\"@id\":\"https:\/\/pkbmachines.com\/de\/karriere\/bewerbung\/\",\"url\":\"https:\/\/pkbmachines.com\/de\/karriere\/bewerbung\/\",\"name\":\"Bewerben - PKB\",\"isPartOf\":{\"@id\":\"https:\/\/pkbmachines.com\/de\/#website\"},\"datePublished\":\"2023-11-27T14:14:54+00:00\",\"dateModified\":\"2025-02-12T14:20:24+00:00\",\"description\":\"Starten Sie Ihre Karriere bei PKB Machines, einem f\u00fchrenden Anbieter von Abf\u00fcll- und Verschlie\u00dfl\u00f6sungen. Entdecken Sie unsere aktuellen Stellenangebote in der Kosmetik- und Parf\u00fcmindustrie und bewerben Sie sich noch heute, um Teil unseres dynamischen Teams zu werden.\",\"breadcrumb\":{\"@id\":\"https:\/\/pkbmachines.com\/de\/karriere\/bewerbung\/#breadcrumb\"},\"inLanguage\":\"de\",\"potentialAction\":[{\"@type\":\"ReadAction\",\"target\":[\"https:\/\/pkbmachines.com\/de\/karriere\/bewerbung\/\"]}]},{\"@type\":\"BreadcrumbList\",\"@id\":\"https:\/\/pkbmachines.com\/de\/karriere\/bewerbung\/#breadcrumb\",\"itemListElement\":[{\"@type\":\"ListItem\",\"position\":1,\"name\":\"Home\",\"item\":\"https:\/\/pkbmachines.com\/de\/\"},{\"@type\":\"ListItem\",\"position\":2,\"name\":\"Karriere\",\"item\":\"https:\/\/pkbmachines.com\/de\/karriere\/\"},{\"@type\":\"ListItem\",\"position\":3,\"name\":\"Bewerben\"}]},{\"@type\":\"WebSite\",\"@id\":\"https:\/\/pkbmachines.com\/de\/#website\",\"url\":\"https:\/\/pkbmachines.com\/de\/\",\"name\":\"PKB Machines - Global leader in cosmetics and fragrance lines\",\"description\":\"Engineering Your Success in Cosmetics &amp; Perfume Industries\",\"alternateName\":\"PKB Machines\",\"potentialAction\":[{\"@type\":\"SearchAction\",\"target\":{\"@type\":\"EntryPoint\",\"urlTemplate\":\"https:\/\/pkbmachines.com\/de\/?s={search_term_string}\"},\"query-input\":{\"@type\":\"PropertyValueSpecification\",\"valueRequired\":true,\"valueName\":\"search_term_string\"}}],\"inLanguage\":\"de\"}]}<\/script>\n<!-- \/ Yoast SEO plugin. -->","yoast_head_json":{"title":"Bewerben - PKB","description":"Starten Sie Ihre Karriere bei PKB Machines, einem f\u00fchrenden Anbieter von Abf\u00fcll- und Verschlie\u00dfl\u00f6sungen. Entdecken Sie unsere aktuellen Stellenangebote in der Kosmetik- und Parf\u00fcmindustrie und bewerben Sie sich noch heute, um Teil unseres dynamischen Teams zu werden.","robots":{"index":"index","follow":"follow","max-snippet":"max-snippet:-1","max-image-preview":"max-image-preview:large","max-video-preview":"max-video-preview:-1"},"canonical":"https:\/\/pkbmachines.com\/de\/karriere\/bewerbung\/","og_locale":"de_DE","og_type":"article","og_title":"Bewerben - PKB","og_description":"Starten Sie Ihre Karriere bei PKB Machines, einem f\u00fchrenden Anbieter von Abf\u00fcll- und Verschlie\u00dfl\u00f6sungen. Entdecken Sie unsere aktuellen Stellenangebote in der Kosmetik- und Parf\u00fcmindustrie und bewerben Sie sich noch heute, um Teil unseres dynamischen Teams zu werden.","og_url":"https:\/\/pkbmachines.com\/de\/karriere\/bewerbung\/","og_site_name":"PKB","article_modified_time":"2025-02-12T14:20:24+00:00","twitter_card":"summary_large_image","schema":{"@context":"https:\/\/schema.org","@graph":[{"@type":"WebPage","@id":"https:\/\/pkbmachines.com\/de\/karriere\/bewerbung\/","url":"https:\/\/pkbmachines.com\/de\/karriere\/bewerbung\/","name":"Bewerben - PKB","isPartOf":{"@id":"https:\/\/pkbmachines.com\/de\/#website"},"datePublished":"2023-11-27T14:14:54+00:00","dateModified":"2025-02-12T14:20:24+00:00","description":"Starten Sie Ihre Karriere bei PKB Machines, einem f\u00fchrenden Anbieter von Abf\u00fcll- und Verschlie\u00dfl\u00f6sungen. Entdecken Sie unsere aktuellen Stellenangebote in der Kosmetik- und Parf\u00fcmindustrie und bewerben Sie sich noch heute, um Teil unseres dynamischen Teams zu werden.","breadcrumb":{"@id":"https:\/\/pkbmachines.com\/de\/karriere\/bewerbung\/#breadcrumb"},"inLanguage":"de","potentialAction":[{"@type":"ReadAction","target":["https:\/\/pkbmachines.com\/de\/karriere\/bewerbung\/"]}]},{"@type":"BreadcrumbList","@id":"https:\/\/pkbmachines.com\/de\/karriere\/bewerbung\/#breadcrumb","itemListElement":[{"@type":"ListItem","position":1,"name":"Home","item":"https:\/\/pkbmachines.com\/de\/"},{"@type":"ListItem","position":2,"name":"Karriere","item":"https:\/\/pkbmachines.com\/de\/karriere\/"},{"@type":"ListItem","position":3,"name":"Bewerben"}]},{"@type":"WebSite","@id":"https:\/\/pkbmachines.com\/de\/#website","url":"https:\/\/pkbmachines.com\/de\/","name":"PKB Machines - Global leader in cosmetics and fragrance lines","description":"Engineering Your Success in Cosmetics &amp; Perfume Industries","alternateName":"PKB Machines","potentialAction":[{"@type":"SearchAction","target":{"@type":"EntryPoint","urlTemplate":"https:\/\/pkbmachines.com\/de\/?s={search_term_string}"},"query-input":{"@type":"PropertyValueSpecification","valueRequired":true,"valueName":"search_term_string"}}],"inLanguage":"de"}]}},"_links":{"self":[{"href":"https:\/\/pkbmachines.com\/de\/wp-json\/wp\/v2\/pages\/5519","targetHints":{"allow":["GET"]}}],"collection":[{"href":"https:\/\/pkbmachines.com\/de\/wp-json\/wp\/v2\/pages"}],"about":[{"href":"https:\/\/pkbmachines.com\/de\/wp-json\/wp\/v2\/types\/page"}],"author":[{"embeddable":true,"href":"https:\/\/pkbmachines.com\/de\/wp-json\/wp\/v2\/users\/1"}],"replies":[{"embeddable":true,"href":"https:\/\/pkbmachines.com\/de\/wp-json\/wp\/v2\/comments?post=5519"}],"version-history":[{"count":3,"href":"https:\/\/pkbmachines.com\/de\/wp-json\/wp\/v2\/pages\/5519\/revisions"}],"predecessor-version":[{"id":7940,"href":"https:\/\/pkbmachines.com\/de\/wp-json\/wp\/v2\/pages\/5519\/revisions\/7940"}],"up":[{"embeddable":true,"href":"https:\/\/pkbmachines.com\/de\/wp-json\/wp\/v2\/pages\/5627"}],"wp:attachment":[{"href":"https:\/\/pkbmachines.com\/de\/wp-json\/wp\/v2\/media?parent=5519"}],"curies":[{"name":"wp","href":"https:\/\/api.w.org\/{rel}","templated":true}]}}