{"id":5517,"date":"2023-08-11T09:02:46","date_gmt":"2023-08-11T07:02:46","guid":{"rendered":"https:\/\/dev.pkbmachines.com\/datenschutzbestimmungen\/"},"modified":"2025-02-12T14:58:53","modified_gmt":"2025-02-12T13:58:53","slug":"datenschutzbestimmungen","status":"publish","type":"page","link":"https:\/\/pkbmachines.com\/de\/datenschutzbestimmungen\/","title":{"rendered":"Datenschutzerkl\u00e4rung"},"content":{"rendered":"<\/p>\n<h4>I. Pr\u00e9ambule<\/h4>\n<p>As part of their activities, PKB company collectsIn the course of their activities, PKB is required to collect and process personal data about you. PKB places the protection of personal data at the heart of the products and services offered to you. PKB undertakes to comply with the data protection regulations in force, in particular Law No. 78-17 of 6 January 1978, as amended, on the protection of personal data, as well as the European Regulation (EU) 2016\/679 on data protection (hereinafter \u00abGDPR\u00bb).<\/p>\n<p>This policy sets out the principles and guidelines for the protection of your personal data and aims to inform you about:<\/p>\n<ul>\n<li>The personal data that PKB processes and the reasons for such processing,<\/li>\n<li>How personal data is used,<\/li>\n<li>Your rights over your personal data.<\/li>\n<\/ul>\n<p>The policy concerns data processing implemented through:<\/p>\n<ul>\n<li>From the website<\/li>\n<li>From the website recruitment space<\/li>\n<\/ul>\n<p>The Data Controller reserves the right to amend this Privacy Policy at any time in order to provide you with up-to-date information on how data is collected and processed or as a result of legislative changes and regulatory.<\/p>\n<h4>II. Recipients of the document<\/h4>\n<p>The purpose of this document is to present the personal data privacy policy established by PKB. This policy applies to all users of the website <a href=\"https:\/\/pkbmachines.com\">https:\/\/pkbmachines.com<\/a>.<\/p>\n<p>&nbsp;<\/p>\n<h4>III. Glossary<\/h4>\n<p>The terms used in the document mean:<\/p>\n<ul>\n<li><strong>\u00ab Newsletter subscribers \u00bb<\/strong> : means any natural person who has asked to receive the PKB newsletter by filling in his contact details and validating his registration.<\/li>\n<li><strong>\u00ab Personal Data \u00bb<\/strong> or <strong>\u00ab Data \u00bb <\/strong>: means any information relating to an identified or identifiable natural person, directly or indirectly, including by reference to an identifier, such as a name, an identification number, an online identifier, or one or more specific elements specific to its physical, physiological, genetic, psychic, economic, cultural or social identity.<\/li>\n<li><strong>\u00ab Internet user \u00bb<\/strong> : means any person who accesses and navigates the site.<\/li>\n<li><strong>\u00ab Data controller<\/strong> <strong>\u00bb:<\/strong> means the natural or legal person, the public authority, the service or another body which, alone or jointly with others, determines the purposes and means of the processing; where the purposes and means of such processing are determined by Union law or the law of a Member State, the data controller may be designated or the specific criteria applicable to its designation may be provided for by Union law or by the law of a Member State.<\/li>\n<li><strong>\u00ab Site \u00bb<\/strong> : means the website published by PKB<\/li>\n<li><strong>\u00ab Processor \u00bb<\/strong> : means the natural or legal person, public authority, service or other body that processes personal data on behalf of the controller.<\/li>\n<\/ul>\n<p>&nbsp;<\/p>\n<h4>IV. Who is the data controller?<\/h4>\n<p>PKB is responsible for processing the personal data of the actors listed in this Policy.<\/p>\n<p>PKB information is as follows :<\/p>\n<p style=\"text-align: center;\">PKB<\/p>\n<p style=\"text-align: center;\">1 route d\u2019Orl\u00e9ans \u2013 27930 Angerville la Campagne<\/p>\n<p style=\"text-align: center;\">Phone\u00a0: 02 32 37 96 32<\/p>\n<p style=\"text-align: center;\">E-mail\u00a0: <a href=\"mailto:pkb@pkb.fr\">pkb@pkb.fr<\/a><\/p>\n<p>&nbsp;<\/p>\n<h4>V. Who is the data protection officer?<\/h4>\n<p>PKB has a Data Protection Officer (DPO). The contact details of the Data Protection Officer designated by PKB are as follows :<\/p>\n<p style=\"text-align: center;\">PKB \u2013 Le D\u00e9l\u00e9gu\u00e9 \u00e0 la Protection des Donn\u00e9es<\/p>\n<p style=\"text-align: center;\">1 route d\u2019Orl\u00e9ans \u2013 27930 Angerville la Campagne<\/p>\n<p style=\"text-align: center;\">Courriel\u00a0: <a href=\"mailto:dpo@pkb.fr\">dpo@pkb.fr<\/a><\/p>\n<p>&nbsp;<\/p>\n<h4>VI. What data are processed and the pruposes of the processing ?<\/h4>\n<table style=\"height: 500px;\" width=\"900\">\n<tbody>\n<tr>\n<td width=\"150\"><strong>ACTION<\/strong><strong>\u00a0<\/strong><\/p>\n<p><strong><em>Data subjects<\/em><\/strong><\/td>\n<td width=\"180\"><strong>CATEGORIES OF DATA<\/strong><\/td>\n<td width=\"180\"><strong>SOURCES<\/strong><\/td>\n<td width=\"180\"><strong>FINALITES<\/strong><\/td>\n<td width=\"180\"><strong>LEGAL BASIS<\/strong><\/td>\n<\/tr>\n<tr>\n<td width=\"150\">Website navigation<\/p>\n<p><em>Internet users<\/em><\/td>\n<td width=\"180\">Identification data<\/p>\n<p>Connection data<\/td>\n<td width=\"180\">Direct source when browsing the site<\/td>\n<td width=\"180\">Technical Audience measurement<\/td>\n<td width=\"180\">Legitimate interest<\/p>\n<p>Consent of the user (Cookie banner)<\/td>\n<\/tr>\n<tr>\n<td width=\"50\">Contact form<\/p>\n<p><em>Customers\/Prospects\/ Internet users<\/em><\/td>\n<td width=\"180\">Identification data<\/td>\n<td width=\"180\">Direct source when browsing the site<\/td>\n<td width=\"180\">Ensure the processing of your request<\/td>\n<td width=\"180\">Legitimate interest<\/td>\n<\/tr>\n<tr>\n<td width=\"150\">Applications<\/p>\n<p><em>Candidates<\/em><\/td>\n<td width=\"180\">Identification data<\/td>\n<td width=\"180\">Direct source when browsing the site<\/td>\n<td width=\"180\">Ensure the processing of your request<\/td>\n<td width=\"180\">Legitimate interest<\/td>\n<\/tr>\n<\/tbody>\n<\/table>\n<p>All data to be entered are mandatory in the forms submitted to you.<\/p>\n<p>The data collected through the forms are necessary for the provision of the products and services offered. If you do not wish to provide the necessary data, PKB will not be able to process your request.<\/p>\n<p>&nbsp;<\/p>\n<h4>VII. Who receives your personal data?<\/h4>\n<p>For the purposes described above, your data may be transmitted:<\/p>\n<ul>\n<li>Internal services at PKB: the departments and services receiving your request: human resources, sales, marketing, etc.<\/li>\n<li>To service providers external to PKB: technical service providers, including subcontractors who provide services or assistance and advice to PKB;<\/li>\n<li>To external bodies: public bodies as part of legal obligations;<\/li>\n<\/ul>\n<p>PKB may disclose your data, upon request, to any person or authority to which the law, regulations or jurisdictions recognize a right to obtain disclosure of the data.<\/p>\n<p>PKB undertakes not to sell or rent your personal data to third parties without your prior consent.<\/p>\n<p>&nbsp;<\/p>\n<h4>VIII. How long do we keep your personal data ?<\/h4>\n<p>Les donn\u00e9es que nous traitons sont conserv\u00e9es le temps n\u00e9cessaire \u00e0 la r\u00e9alisation des finalit\u00e9s poursuivies telles que pr\u00e9cis\u00e9es dans le tableau ci-apr\u00e8s.<\/p>\n<table>\n<tbody>\n<tr>\n<td width=\"180\"><strong>ACTION<\/strong><\/td>\n<td width=\"250\"><strong>FINALITE<\/strong><\/td>\n<td width=\"250\"><strong>DUREE DE CONSERVATION<\/strong><\/td>\n<\/tr>\n<tr>\n<td width=\"180\">Website navigation<\/p>\n<p><em>Internet users<\/em><\/td>\n<td width=\"250\">TechnicalAudience measurement<\/td>\n<td width=\"250\">(1)<\/td>\n<\/tr>\n<tr>\n<td width=\"180\">Contact form<\/p>\n<p><em>Customers\/Prospects\/ Internet users<\/em><\/td>\n<td width=\"250\">Ensure the processing of your request<\/td>\n<td width=\"250\">The time to process your request<\/td>\n<\/tr>\n<tr>\n<td width=\"180\">Applications<\/p>\n<p><em>Candidates<\/em><\/td>\n<td width=\"250\">Ensure the processing of your request<\/td>\n<td width=\"250\">2 years from last contact. Three additional years with your express agreement<\/td>\n<\/tr>\n<\/tbody>\n<\/table>\n<p>(1)\u00a0 The retention periods of each cookie are indicated on each cookie. To do this, click on the \u00abpadlock\u00bb to the left of the URL, then cookies, then pkbmachines.com, then cookies. All cookies placed on your device will appear with their associated retention period.<\/p>\n<p>These periods are increased by the retention periods imposed by the applicable rules on warranty, legal prescription or by the legal and regulatory obligations incumbent on PKB or its partners.<\/p>\n<p>&nbsp;<\/p>\n<h4>IX. Where are your personnal data\u00a0?<\/h4>\n<p>All processing of your personal data is carried out on the territory of the European Union (EU).<\/p>\n<p>However, if PKB or one of its subcontractors or partners were located outside the European Union and that subcontractor or partner was located in a country that was not recognized as providing an adequate level of protection, PKB would require it to comply with its requirements for the security and confidentiality of your personal data and to process your data only for the purposes determined by PKB. Such subcontractors and partners will have previously signed binding agreements in this area and comply with the legislation and regulations in force.<\/p>\n<p>&nbsp;<\/p>\n<h4>X. How are secured your personal data\u00a0?<\/h4>\n<p>PKB undertakes to implement the technical and organizational means necessary to ensure a level of security adapted to the risk in terms of confidentiality of integrity and availability of data.<\/p>\n<p>PKB undertakes to take into account the protection of your personal data and your privacy when designing new products or services offered to you.<\/p>\n<p>&nbsp;<\/p>\n<h4>XI. Exercising your rights over your personal data<\/h4>\n<p>Under the conditions laid down in the data protection regulations, you have:<\/p>\n<ul>\n<li>A right to object to the processing of its data for legitimate reasons;<\/li>\n<li>A right of access and communication, a right to rectification and erasure of your data;<\/li>\n<li>A right to data portability<\/li>\n<li>A right to restrict the processing of your data.<\/li>\n<\/ul>\n<p>For processing based on your consent you can withdraw it at any time without affecting the lawfulness of the processing carried out before this withdrawal.<\/p>\n<p>PKB may nevertheless oppose manifestly abusive requests, in particular by their number, their repetitive or systematic nature.<\/p>\n<p>Requests to exercise rights should be sent by post or courier:<\/p>\n<p style=\"text-align: center;\">PKB \u2013 Le D\u00e9l\u00e9gu\u00e9 \u00e0 la Protection des Donn\u00e9es<\/p>\n<p style=\"text-align: center;\">1 route d\u2019Orl\u00e9ans \u2013 27930 Angerville la Campagne<\/p>\n<p style=\"text-align: center;\">Courriel\u00a0: <a href=\"mailto:dpo@pkb.fr\">dpo@pkb.fr<\/a><\/p>\n<p>In case of reasonable doubt about your identity, proof of identity (national identity card, passport, etc.) may be required to follow up on your request.<br \/>\nRegarding the commercial offers of PKB, it is also possible to unsubscribe directly by clicking on \u00abunsubscribe\u00bb at the bottom of the emails sent by PKB.<\/p>\n<p>&nbsp;<\/p>\n<h4>XII. Submit a complaint to the CNIL<\/h4>\n<p>If you believe that we have not processed your Data in accordance with the regulations on the protection of Personal Data, you have the possibility to lodge a complaint with the CNIL: <a href=\"https:\/\/www.cnil.fr\/en\/plaintes\">https:\/\/www.cnil.fr\/en\/plaintes<\/a>.<\/p>\n","protected":false},"excerpt":{"rendered":"<p>I. Pr\u00e9ambule As part of their activities, PKB company collectsIn the course of their activities, PKB is required to collect and process personal data about you. PKB places the protection of personal data at the heart of the products and services offered to you. PKB undertakes to comply with the data protection regulations in force, [&hellip;]<\/p>\n","protected":false},"author":1,"featured_media":0,"parent":0,"menu_order":21,"comment_status":"closed","ping_status":"closed","template":"","meta":{"_acf_changed":false,"inline_featured_image":false,"footnotes":""},"class_list":["post-5517","page","type-page","status-publish","hentry"],"acf":[],"yoast_head":"<!-- This site is optimized with the Yoast SEO plugin v27.1.1 - https:\/\/yoast.com\/product\/yoast-seo-wordpress\/ -->\n<title>Datenschutzerkl\u00e4rung - PKB<\/title>\n<meta name=\"robots\" content=\"index, follow, max-snippet:-1, max-image-preview:large, max-video-preview:-1\" \/>\n<link rel=\"canonical\" href=\"https:\/\/pkbmachines.com\/de\/datenschutzbestimmungen\/\" \/>\n<meta property=\"og:locale\" content=\"de_DE\" \/>\n<meta property=\"og:type\" content=\"article\" \/>\n<meta property=\"og:title\" content=\"Datenschutzerkl\u00e4rung - PKB\" \/>\n<meta property=\"og:description\" content=\"I. Pr\u00e9ambule As part of their activities, PKB company collectsIn the course of their activities, PKB is required to collect and process personal data about you. PKB places the protection of personal data at the heart of the products and services offered to you. PKB undertakes to comply with the data protection regulations in force, [&hellip;]\" \/>\n<meta property=\"og:url\" content=\"https:\/\/pkbmachines.com\/de\/datenschutzbestimmungen\/\" \/>\n<meta property=\"og:site_name\" content=\"PKB\" \/>\n<meta property=\"article:modified_time\" content=\"2025-02-12T13:58:53+00:00\" \/>\n<meta name=\"twitter:card\" content=\"summary_large_image\" \/>\n<meta name=\"twitter:label1\" content=\"Gesch\u00e4tzte Lesezeit\" \/>\n\t<meta name=\"twitter:data1\" content=\"7\u00a0Minuten\" \/>\n<script type=\"application\/ld+json\" class=\"yoast-schema-graph\">{\"@context\":\"https:\/\/schema.org\",\"@graph\":[{\"@type\":\"WebPage\",\"@id\":\"https:\/\/pkbmachines.com\/de\/datenschutzbestimmungen\/\",\"url\":\"https:\/\/pkbmachines.com\/de\/datenschutzbestimmungen\/\",\"name\":\"Datenschutzerkl\u00e4rung - PKB\",\"isPartOf\":{\"@id\":\"https:\/\/pkbmachines.com\/de\/#website\"},\"datePublished\":\"2023-08-11T07:02:46+00:00\",\"dateModified\":\"2025-02-12T13:58:53+00:00\",\"breadcrumb\":{\"@id\":\"https:\/\/pkbmachines.com\/de\/datenschutzbestimmungen\/#breadcrumb\"},\"inLanguage\":\"de\",\"potentialAction\":[{\"@type\":\"ReadAction\",\"target\":[\"https:\/\/pkbmachines.com\/de\/datenschutzbestimmungen\/\"]}]},{\"@type\":\"BreadcrumbList\",\"@id\":\"https:\/\/pkbmachines.com\/de\/datenschutzbestimmungen\/#breadcrumb\",\"itemListElement\":[{\"@type\":\"ListItem\",\"position\":1,\"name\":\"Home\",\"item\":\"https:\/\/pkbmachines.com\/de\/\"},{\"@type\":\"ListItem\",\"position\":2,\"name\":\"Datenschutzerkl\u00e4rung\"}]},{\"@type\":\"WebSite\",\"@id\":\"https:\/\/pkbmachines.com\/de\/#website\",\"url\":\"https:\/\/pkbmachines.com\/de\/\",\"name\":\"PKB Machines - Global leader in cosmetics and fragrance lines\",\"description\":\"Engineering Your Success in Cosmetics &amp; Perfume Industries\",\"alternateName\":\"PKB Machines\",\"potentialAction\":[{\"@type\":\"SearchAction\",\"target\":{\"@type\":\"EntryPoint\",\"urlTemplate\":\"https:\/\/pkbmachines.com\/de\/?s={search_term_string}\"},\"query-input\":{\"@type\":\"PropertyValueSpecification\",\"valueRequired\":true,\"valueName\":\"search_term_string\"}}],\"inLanguage\":\"de\"}]}<\/script>\n<!-- \/ Yoast SEO plugin. -->","yoast_head_json":{"title":"Datenschutzerkl\u00e4rung - PKB","robots":{"index":"index","follow":"follow","max-snippet":"max-snippet:-1","max-image-preview":"max-image-preview:large","max-video-preview":"max-video-preview:-1"},"canonical":"https:\/\/pkbmachines.com\/de\/datenschutzbestimmungen\/","og_locale":"de_DE","og_type":"article","og_title":"Datenschutzerkl\u00e4rung - PKB","og_description":"I. Pr\u00e9ambule As part of their activities, PKB company collectsIn the course of their activities, PKB is required to collect and process personal data about you. PKB places the protection of personal data at the heart of the products and services offered to you. PKB undertakes to comply with the data protection regulations in force, [&hellip;]","og_url":"https:\/\/pkbmachines.com\/de\/datenschutzbestimmungen\/","og_site_name":"PKB","article_modified_time":"2025-02-12T13:58:53+00:00","twitter_card":"summary_large_image","twitter_misc":{"Gesch\u00e4tzte Lesezeit":"7\u00a0Minuten"},"schema":{"@context":"https:\/\/schema.org","@graph":[{"@type":"WebPage","@id":"https:\/\/pkbmachines.com\/de\/datenschutzbestimmungen\/","url":"https:\/\/pkbmachines.com\/de\/datenschutzbestimmungen\/","name":"Datenschutzerkl\u00e4rung - PKB","isPartOf":{"@id":"https:\/\/pkbmachines.com\/de\/#website"},"datePublished":"2023-08-11T07:02:46+00:00","dateModified":"2025-02-12T13:58:53+00:00","breadcrumb":{"@id":"https:\/\/pkbmachines.com\/de\/datenschutzbestimmungen\/#breadcrumb"},"inLanguage":"de","potentialAction":[{"@type":"ReadAction","target":["https:\/\/pkbmachines.com\/de\/datenschutzbestimmungen\/"]}]},{"@type":"BreadcrumbList","@id":"https:\/\/pkbmachines.com\/de\/datenschutzbestimmungen\/#breadcrumb","itemListElement":[{"@type":"ListItem","position":1,"name":"Home","item":"https:\/\/pkbmachines.com\/de\/"},{"@type":"ListItem","position":2,"name":"Datenschutzerkl\u00e4rung"}]},{"@type":"WebSite","@id":"https:\/\/pkbmachines.com\/de\/#website","url":"https:\/\/pkbmachines.com\/de\/","name":"PKB Machines - Global leader in cosmetics and fragrance lines","description":"Engineering Your Success in Cosmetics &amp; Perfume Industries","alternateName":"PKB Machines","potentialAction":[{"@type":"SearchAction","target":{"@type":"EntryPoint","urlTemplate":"https:\/\/pkbmachines.com\/de\/?s={search_term_string}"},"query-input":{"@type":"PropertyValueSpecification","valueRequired":true,"valueName":"search_term_string"}}],"inLanguage":"de"}]}},"_links":{"self":[{"href":"https:\/\/pkbmachines.com\/de\/wp-json\/wp\/v2\/pages\/5517","targetHints":{"allow":["GET"]}}],"collection":[{"href":"https:\/\/pkbmachines.com\/de\/wp-json\/wp\/v2\/pages"}],"about":[{"href":"https:\/\/pkbmachines.com\/de\/wp-json\/wp\/v2\/types\/page"}],"author":[{"embeddable":true,"href":"https:\/\/pkbmachines.com\/de\/wp-json\/wp\/v2\/users\/1"}],"replies":[{"embeddable":true,"href":"https:\/\/pkbmachines.com\/de\/wp-json\/wp\/v2\/comments?post=5517"}],"version-history":[{"count":5,"href":"https:\/\/pkbmachines.com\/de\/wp-json\/wp\/v2\/pages\/5517\/revisions"}],"predecessor-version":[{"id":7914,"href":"https:\/\/pkbmachines.com\/de\/wp-json\/wp\/v2\/pages\/5517\/revisions\/7914"}],"wp:attachment":[{"href":"https:\/\/pkbmachines.com\/de\/wp-json\/wp\/v2\/media?parent=5517"}],"curies":[{"name":"wp","href":"https:\/\/api.w.org\/{rel}","templated":true}]}}