{"id":5481,"date":"2023-07-10T14:46:05","date_gmt":"2023-07-10T12:46:05","guid":{"rendered":"https:\/\/dev.pkbmachines.com\/funktionen\/"},"modified":"2025-02-12T15:37:25","modified_gmt":"2025-02-12T14:37:25","slug":"funktionen","status":"publish","type":"page","link":"https:\/\/pkbmachines.com\/de\/funktionen\/","title":{"rendered":"Funktionen"},"content":{"rendered":"","protected":false},"excerpt":{"rendered":"","protected":false},"author":1,"featured_media":0,"parent":0,"menu_order":102,"comment_status":"closed","ping_status":"closed","template":"","meta":{"_acf_changed":false,"inline_featured_image":false,"footnotes":""},"class_list":["post-5481","page","type-page","status-publish","hentry"],"acf":[],"yoast_head":"<!-- This site is optimized with the Yoast SEO plugin v27.1.1 - https:\/\/yoast.com\/product\/yoast-seo-wordpress\/ -->\n<title>Funktionen - PKB<\/title>\n<meta name=\"description\" content=\"Entdecken Sie das umfassende Angebot an Abf\u00fcll- und Verschlie\u00dffunktionen von PKB Machines. Entdecken Sie, wie unsere fortschrittlichen L\u00f6sungen jeden Aspekt Ihres Produktionsprozesses in der Kosmetik- und Duftstoffindustrie optimieren k\u00f6nnen.\" \/>\n<meta name=\"robots\" content=\"index, follow, max-snippet:-1, max-image-preview:large, max-video-preview:-1\" \/>\n<link rel=\"canonical\" href=\"https:\/\/pkbmachines.com\/de\/funktionen\/\" \/>\n<meta property=\"og:locale\" content=\"de_DE\" \/>\n<meta property=\"og:type\" content=\"article\" \/>\n<meta property=\"og:title\" content=\"Funktionen - PKB\" \/>\n<meta property=\"og:description\" content=\"Entdecken Sie das umfassende Angebot an Abf\u00fcll- und Verschlie\u00dffunktionen von PKB Machines. Entdecken Sie, wie unsere fortschrittlichen L\u00f6sungen jeden Aspekt Ihres Produktionsprozesses in der Kosmetik- und Duftstoffindustrie optimieren k\u00f6nnen.\" \/>\n<meta property=\"og:url\" content=\"https:\/\/pkbmachines.com\/de\/funktionen\/\" \/>\n<meta property=\"og:site_name\" content=\"PKB\" \/>\n<meta property=\"article:modified_time\" content=\"2025-02-12T14:37:25+00:00\" \/>\n<meta name=\"twitter:card\" content=\"summary_large_image\" \/>\n<script type=\"application\/ld+json\" class=\"yoast-schema-graph\">{\"@context\":\"https:\/\/schema.org\",\"@graph\":[{\"@type\":\"WebPage\",\"@id\":\"https:\/\/pkbmachines.com\/de\/funktionen\/\",\"url\":\"https:\/\/pkbmachines.com\/de\/funktionen\/\",\"name\":\"Funktionen - PKB\",\"isPartOf\":{\"@id\":\"https:\/\/pkbmachines.com\/de\/#website\"},\"datePublished\":\"2023-07-10T12:46:05+00:00\",\"dateModified\":\"2025-02-12T14:37:25+00:00\",\"description\":\"Entdecken Sie das umfassende Angebot an Abf\u00fcll- und Verschlie\u00dffunktionen von PKB Machines. Entdecken Sie, wie unsere fortschrittlichen L\u00f6sungen jeden Aspekt Ihres Produktionsprozesses in der Kosmetik- und Duftstoffindustrie optimieren k\u00f6nnen.\",\"breadcrumb\":{\"@id\":\"https:\/\/pkbmachines.com\/de\/funktionen\/#breadcrumb\"},\"inLanguage\":\"de\",\"potentialAction\":[{\"@type\":\"ReadAction\",\"target\":[\"https:\/\/pkbmachines.com\/de\/funktionen\/\"]}]},{\"@type\":\"BreadcrumbList\",\"@id\":\"https:\/\/pkbmachines.com\/de\/funktionen\/#breadcrumb\",\"itemListElement\":[{\"@type\":\"ListItem\",\"position\":1,\"name\":\"Home\",\"item\":\"https:\/\/pkbmachines.com\/de\/\"},{\"@type\":\"ListItem\",\"position\":2,\"name\":\"Funktionen\"}]},{\"@type\":\"WebSite\",\"@id\":\"https:\/\/pkbmachines.com\/de\/#website\",\"url\":\"https:\/\/pkbmachines.com\/de\/\",\"name\":\"PKB Machines - Global leader in cosmetics and fragrance lines\",\"description\":\"Engineering Your Success in Cosmetics &amp; Perfume Industries\",\"alternateName\":\"PKB Machines\",\"potentialAction\":[{\"@type\":\"SearchAction\",\"target\":{\"@type\":\"EntryPoint\",\"urlTemplate\":\"https:\/\/pkbmachines.com\/de\/?s={search_term_string}\"},\"query-input\":{\"@type\":\"PropertyValueSpecification\",\"valueRequired\":true,\"valueName\":\"search_term_string\"}}],\"inLanguage\":\"de\"}]}<\/script>\n<!-- \/ Yoast SEO plugin. -->","yoast_head_json":{"title":"Funktionen - PKB","description":"Entdecken Sie das umfassende Angebot an Abf\u00fcll- und Verschlie\u00dffunktionen von PKB Machines. Entdecken Sie, wie unsere fortschrittlichen L\u00f6sungen jeden Aspekt Ihres Produktionsprozesses in der Kosmetik- und Duftstoffindustrie optimieren k\u00f6nnen.","robots":{"index":"index","follow":"follow","max-snippet":"max-snippet:-1","max-image-preview":"max-image-preview:large","max-video-preview":"max-video-preview:-1"},"canonical":"https:\/\/pkbmachines.com\/de\/funktionen\/","og_locale":"de_DE","og_type":"article","og_title":"Funktionen - PKB","og_description":"Entdecken Sie das umfassende Angebot an Abf\u00fcll- und Verschlie\u00dffunktionen von PKB Machines. Entdecken Sie, wie unsere fortschrittlichen L\u00f6sungen jeden Aspekt Ihres Produktionsprozesses in der Kosmetik- und Duftstoffindustrie optimieren k\u00f6nnen.","og_url":"https:\/\/pkbmachines.com\/de\/funktionen\/","og_site_name":"PKB","article_modified_time":"2025-02-12T14:37:25+00:00","twitter_card":"summary_large_image","schema":{"@context":"https:\/\/schema.org","@graph":[{"@type":"WebPage","@id":"https:\/\/pkbmachines.com\/de\/funktionen\/","url":"https:\/\/pkbmachines.com\/de\/funktionen\/","name":"Funktionen - PKB","isPartOf":{"@id":"https:\/\/pkbmachines.com\/de\/#website"},"datePublished":"2023-07-10T12:46:05+00:00","dateModified":"2025-02-12T14:37:25+00:00","description":"Entdecken Sie das umfassende Angebot an Abf\u00fcll- und Verschlie\u00dffunktionen von PKB Machines. Entdecken Sie, wie unsere fortschrittlichen L\u00f6sungen jeden Aspekt Ihres Produktionsprozesses in der Kosmetik- und Duftstoffindustrie optimieren k\u00f6nnen.","breadcrumb":{"@id":"https:\/\/pkbmachines.com\/de\/funktionen\/#breadcrumb"},"inLanguage":"de","potentialAction":[{"@type":"ReadAction","target":["https:\/\/pkbmachines.com\/de\/funktionen\/"]}]},{"@type":"BreadcrumbList","@id":"https:\/\/pkbmachines.com\/de\/funktionen\/#breadcrumb","itemListElement":[{"@type":"ListItem","position":1,"name":"Home","item":"https:\/\/pkbmachines.com\/de\/"},{"@type":"ListItem","position":2,"name":"Funktionen"}]},{"@type":"WebSite","@id":"https:\/\/pkbmachines.com\/de\/#website","url":"https:\/\/pkbmachines.com\/de\/","name":"PKB Machines - Global leader in cosmetics and fragrance lines","description":"Engineering Your Success in Cosmetics &amp; Perfume Industries","alternateName":"PKB Machines","potentialAction":[{"@type":"SearchAction","target":{"@type":"EntryPoint","urlTemplate":"https:\/\/pkbmachines.com\/de\/?s={search_term_string}"},"query-input":{"@type":"PropertyValueSpecification","valueRequired":true,"valueName":"search_term_string"}}],"inLanguage":"de"}]}},"_links":{"self":[{"href":"https:\/\/pkbmachines.com\/de\/wp-json\/wp\/v2\/pages\/5481","targetHints":{"allow":["GET"]}}],"collection":[{"href":"https:\/\/pkbmachines.com\/de\/wp-json\/wp\/v2\/pages"}],"about":[{"href":"https:\/\/pkbmachines.com\/de\/wp-json\/wp\/v2\/types\/page"}],"author":[{"embeddable":true,"href":"https:\/\/pkbmachines.com\/de\/wp-json\/wp\/v2\/users\/1"}],"replies":[{"embeddable":true,"href":"https:\/\/pkbmachines.com\/de\/wp-json\/wp\/v2\/comments?post=5481"}],"version-history":[{"count":1,"href":"https:\/\/pkbmachines.com\/de\/wp-json\/wp\/v2\/pages\/5481\/revisions"}],"predecessor-version":[{"id":7328,"href":"https:\/\/pkbmachines.com\/de\/wp-json\/wp\/v2\/pages\/5481\/revisions\/7328"}],"wp:attachment":[{"href":"https:\/\/pkbmachines.com\/de\/wp-json\/wp\/v2\/media?parent=5481"}],"curies":[{"name":"wp","href":"https:\/\/api.w.org\/{rel}","templated":true}]}}