{"id":5471,"date":"2023-08-10T22:03:12","date_gmt":"2023-08-10T20:03:12","guid":{"rendered":"https:\/\/dev.pkbmachines.com\/pressemappe\/"},"modified":"2025-02-12T15:01:23","modified_gmt":"2025-02-12T14:01:23","slug":"pressemappe","status":"publish","type":"page","link":"https:\/\/pkbmachines.com\/de\/pressemappe\/","title":{"rendered":"Pressemappe"},"content":{"rendered":"\r\n<section class=\"block_parent section newsroom-hero-section presskit-hero-section\r\n     \" >\r\n\r\n    <a id=\"block_6e44dbc42dcf4b775ee0d30a15386539\" style=\"position: absolute; top: -120px\"><\/a>\r\n\r\n    \r\n\r\n    \r\n    \r\n\r\n\r\n\r\n\r\n\r\n\r\n    <div class=\"container\">\r\n        <h1>Pressemappe<\/h1>\r\n    <\/div>\r\n\r\n    <div class=\"swooch-divider swoosh60 py-50\">\r\n        <div class=\"light-gold-bg h100 position-relative z1\">\r\n            <img decoding=\"async\" src=\"https:\/\/pkbmachines.com\/wp-content\/themes\/pkb\/img\/presskit_swoosh.png\" alt=\"\">\r\n        <\/div>\r\n    <\/div>  \r\n\r\n    <div class=\"section team-section p-0 mt-30\">\r\n        <div class=\"container\">\r\n            <div class=\"row\">\r\n                <div class=\"col-lg-12 no_picture\">\r\n                                        \r\n                        <div class=\"team-list-grid grid1\">\r\n\r\n                                                                <div class=\"team d-flex align-items-center\">\r\n                                                                                <div class=\"team-content\">\r\n                                            <h4 class=\"light_gold-color mb-10\">Jana Blaybel<\/h4>\r\n                                                                                            <div class=\"light_gold-color\">Communication &#038; Digital Marketing Manager<\/div>\r\n                                            \r\n                                            <ul class=\"d-flex flex-column p-0 m-0 my-50\">\r\n                                                \r\n                                                                                                    <li><span><img decoding=\"async\" src=\"https:\/\/pkbmachines.com\/wp-content\/themes\/pkb\/html\/images\/phone_icon.png\" alt=\"phone\"><\/span>\r\n                                                        <p class=\"light_gold-color\">+33 6 18 41 36 97<\/p>\r\n                                                    <\/li>\r\n                                                                                                \r\n                                                                                                    <li><span><img decoding=\"async\" src=\"https:\/\/pkbmachines.com\/wp-content\/themes\/pkb\/html\/images\/mail_icon.png\" alt=\"e-mail\"><\/span>\r\n                                                        <p><a class=\"light_gold-color\" href=\"mailto:j.blaybel@pkb.fr\">j.blaybel@pkb.fr<\/a><\/p>\r\n                                                    <\/li>\r\n                                                \r\n                                            <\/ul>\r\n\r\n                                            <div class=\"col-md-6 p-0\"><p>Wenn Sie weitere Informationen \u00fcber das Unternehmen oder zus\u00e4tzliches Pressematerial ben\u00f6tigen, k\u00f6nnen Sie sich gerne an mich wenden.<\/p>\n<\/div>\r\n                                        <\/div>\r\n                                    <\/div>\r\n                                                        \r\n                            \r\n                            <div class=\"image_accent_small\">\r\n                                <img decoding=\"async\" class=\"rotation_animation\" src=\"https:\/\/pkbmachines.com\/wp-content\/themes\/pkb\/img\/accent_gear.png\" alt=\"Gear\">\r\n                            <\/div>\r\n\r\n                        <\/div>\r\n\r\n\r\n                <\/div>\r\n            <\/div>\r\n        <\/div>\r\n    <\/div>\r\n\r\n<\/section>\r\n<section class=\"block_parent      \" >\r\n\r\n    <a id=\"block_0363e6bf5c3c36f7433830baeeaf0145\" style=\"position: absolute; top: -120px\"><\/a>\r\n\r\n    \r\n\r\n    \r\n            <div \r\n            data-parent_back_color=\"\" \r\n            data-before_back_color=\"\" \r\n            data-center_to=\".download_icon_con\" \r\n            data-snap_to_left=\"\" \r\n            class=\"moving_background_element\">\r\n        <\/div>\r\n    \r\n\r\n\r\n\r\n\r\n\r\n<section class=\"section newsroom-events-section newsroom-events-list-section\">\r\n    <div class=\"container\">\r\n\r\n        <div class=\"\">\r\n\r\n\r\n            \r\n\r\n                                \r\n    \r\n<div class=\"press_kit_single_file\">\r\n    <div class=\"row\">\r\n        <div class=\"col-md-8\">\r\n            <div class=\"press_kit_single_file_content\">\r\n                <h2 class=\"burgund-color mb-20 font23\">Logo-Paket<\/h2>\r\n                <p>Verschiedene Versionen des PKB-Logos f\u00fcr Druck und Web.<\/p>\r\n            <\/div>\r\n        <\/div>\r\n        <div class=\"col-md-4 ml-auto d-flex justify-content-end\">\r\n            <div class=\"press_kit_single_file_url\">\r\n                <a href=\"https:\/\/pkbmachines.com\/wp-content\/uploads\/2023\/10\/Press-Kit.zip\" target=\"_blank\" class=\"btn-first download\">Herunterladen<\/a>\r\n            <\/div>\r\n        <\/div>\r\n    <\/div>\r\n<\/div>\r\n   \r\n                                \r\n    \r\n<div class=\"press_kit_single_file\">\r\n    <div class=\"row\">\r\n        <div class=\"col-md-8\">\r\n            <div class=\"press_kit_single_file_content\">\r\n                <h2 class=\"burgund-color mb-20 font23\">PKB-Hauptgesch\u00e4ftsstelle<\/h2>\r\n                <p>Fotos der Hauptgesch\u00e4ftsstelle, der R\u00e4umlichkeiten und des Gel\u00e4ndes, der Anlagen, der sozialen Bedingungen, Anfahrtsskizze.<\/p>\r\n            <\/div>\r\n        <\/div>\r\n        <div class=\"col-md-4 ml-auto d-flex justify-content-end\">\r\n            <div class=\"press_kit_single_file_url\">\r\n                <a href=\"https:\/\/pkbmachines.com\/wp-content\/uploads\/2023\/10\/Press-Kit.zip\" target=\"_blank\" class=\"btn-first download\">Herunterladen<\/a>\r\n            <\/div>\r\n        <\/div>\r\n    <\/div>\r\n<\/div>\r\n   \r\n                                \r\n    \r\n<div class=\"press_kit_single_file\">\r\n    <div class=\"row\">\r\n        <div class=\"col-md-8\">\r\n            <div class=\"press_kit_single_file_content\">\r\n                <h2 class=\"burgund-color mb-20 font23\">Maschinen-Foto-Paket<\/h2>\r\n                <p>Verschiedene Fotos der PKB-Maschinen in verschiedenen Herstellungsphasen.<\/p>\r\n            <\/div>\r\n        <\/div>\r\n        <div class=\"col-md-4 ml-auto d-flex justify-content-end\">\r\n            <div class=\"press_kit_single_file_url\">\r\n                <a href=\"https:\/\/pkbmachines.com\/wp-content\/uploads\/2023\/10\/Press-Kit.zip\" target=\"_blank\" class=\"btn-first download\">Herunterladen<\/a>\r\n            <\/div>\r\n        <\/div>\r\n    <\/div>\r\n<\/div>\r\n   \r\n            \r\n            \r\n        <\/div>\r\n\r\n    <\/div>\r\n<\/section>\r\n\r\n<\/section>","protected":false},"excerpt":{"rendered":"","protected":false},"author":1,"featured_media":0,"parent":0,"menu_order":38,"comment_status":"closed","ping_status":"closed","template":"","meta":{"_acf_changed":false,"inline_featured_image":false,"footnotes":""},"class_list":["post-5471","page","type-page","status-publish","hentry"],"acf":[],"yoast_head":"<!-- This site is optimized with the Yoast SEO plugin v27.1.1 - https:\/\/yoast.com\/product\/yoast-seo-wordpress\/ -->\n<title>Pressemappe - PKB<\/title>\n<meta name=\"description\" content=\"In der Pressemappe von PKB Machines finden Sie die neuesten Informationen zu unseren branchenf\u00fchrenden Abf\u00fcll- und Verschlie\u00dfl\u00f6sungen f\u00fcr Kosmetik und Parf\u00fcms. Laden Sie Informationen, Pressemitteilungen und Unternehmensdaten herunter, um zu erfahren, wie wir die Zukunft der Technologie gestalten.\" \/>\n<meta name=\"robots\" content=\"index, follow, max-snippet:-1, max-image-preview:large, max-video-preview:-1\" \/>\n<link rel=\"canonical\" href=\"https:\/\/pkbmachines.com\/de\/pressemappe\/\" \/>\n<meta property=\"og:locale\" content=\"de_DE\" \/>\n<meta property=\"og:type\" content=\"article\" \/>\n<meta property=\"og:title\" content=\"Pressemappe - PKB\" \/>\n<meta property=\"og:description\" content=\"In der Pressemappe von PKB Machines finden Sie die neuesten Informationen zu unseren branchenf\u00fchrenden Abf\u00fcll- und Verschlie\u00dfl\u00f6sungen f\u00fcr Kosmetik und Parf\u00fcms. Laden Sie Informationen, Pressemitteilungen und Unternehmensdaten herunter, um zu erfahren, wie wir die Zukunft der Technologie gestalten.\" \/>\n<meta property=\"og:url\" content=\"https:\/\/pkbmachines.com\/de\/pressemappe\/\" \/>\n<meta property=\"og:site_name\" content=\"PKB\" \/>\n<meta property=\"article:modified_time\" content=\"2025-02-12T14:01:23+00:00\" \/>\n<meta name=\"twitter:card\" content=\"summary_large_image\" \/>\n<script type=\"application\/ld+json\" class=\"yoast-schema-graph\">{\"@context\":\"https:\/\/schema.org\",\"@graph\":[{\"@type\":\"WebPage\",\"@id\":\"https:\/\/pkbmachines.com\/de\/pressemappe\/\",\"url\":\"https:\/\/pkbmachines.com\/de\/pressemappe\/\",\"name\":\"Pressemappe - PKB\",\"isPartOf\":{\"@id\":\"https:\/\/pkbmachines.com\/de\/#website\"},\"datePublished\":\"2023-08-10T20:03:12+00:00\",\"dateModified\":\"2025-02-12T14:01:23+00:00\",\"description\":\"In der Pressemappe von PKB Machines finden Sie die neuesten Informationen zu unseren branchenf\u00fchrenden Abf\u00fcll- und Verschlie\u00dfl\u00f6sungen f\u00fcr Kosmetik und Parf\u00fcms. Laden Sie Informationen, Pressemitteilungen und Unternehmensdaten herunter, um zu erfahren, wie wir die Zukunft der Technologie gestalten.\",\"breadcrumb\":{\"@id\":\"https:\/\/pkbmachines.com\/de\/pressemappe\/#breadcrumb\"},\"inLanguage\":\"de\",\"potentialAction\":[{\"@type\":\"ReadAction\",\"target\":[\"https:\/\/pkbmachines.com\/de\/pressemappe\/\"]}]},{\"@type\":\"BreadcrumbList\",\"@id\":\"https:\/\/pkbmachines.com\/de\/pressemappe\/#breadcrumb\",\"itemListElement\":[{\"@type\":\"ListItem\",\"position\":1,\"name\":\"Home\",\"item\":\"https:\/\/pkbmachines.com\/de\/\"},{\"@type\":\"ListItem\",\"position\":2,\"name\":\"Pressemappe\"}]},{\"@type\":\"WebSite\",\"@id\":\"https:\/\/pkbmachines.com\/de\/#website\",\"url\":\"https:\/\/pkbmachines.com\/de\/\",\"name\":\"PKB Machines - Global leader in cosmetics and fragrance lines\",\"description\":\"Engineering Your Success in Cosmetics &amp; Perfume Industries\",\"alternateName\":\"PKB Machines\",\"potentialAction\":[{\"@type\":\"SearchAction\",\"target\":{\"@type\":\"EntryPoint\",\"urlTemplate\":\"https:\/\/pkbmachines.com\/de\/?s={search_term_string}\"},\"query-input\":{\"@type\":\"PropertyValueSpecification\",\"valueRequired\":true,\"valueName\":\"search_term_string\"}}],\"inLanguage\":\"de\"}]}<\/script>\n<!-- \/ Yoast SEO plugin. -->","yoast_head_json":{"title":"Pressemappe - PKB","description":"In der Pressemappe von PKB Machines finden Sie die neuesten Informationen zu unseren branchenf\u00fchrenden Abf\u00fcll- und Verschlie\u00dfl\u00f6sungen f\u00fcr Kosmetik und Parf\u00fcms. Laden Sie Informationen, Pressemitteilungen und Unternehmensdaten herunter, um zu erfahren, wie wir die Zukunft der Technologie gestalten.","robots":{"index":"index","follow":"follow","max-snippet":"max-snippet:-1","max-image-preview":"max-image-preview:large","max-video-preview":"max-video-preview:-1"},"canonical":"https:\/\/pkbmachines.com\/de\/pressemappe\/","og_locale":"de_DE","og_type":"article","og_title":"Pressemappe - PKB","og_description":"In der Pressemappe von PKB Machines finden Sie die neuesten Informationen zu unseren branchenf\u00fchrenden Abf\u00fcll- und Verschlie\u00dfl\u00f6sungen f\u00fcr Kosmetik und Parf\u00fcms. Laden Sie Informationen, Pressemitteilungen und Unternehmensdaten herunter, um zu erfahren, wie wir die Zukunft der Technologie gestalten.","og_url":"https:\/\/pkbmachines.com\/de\/pressemappe\/","og_site_name":"PKB","article_modified_time":"2025-02-12T14:01:23+00:00","twitter_card":"summary_large_image","schema":{"@context":"https:\/\/schema.org","@graph":[{"@type":"WebPage","@id":"https:\/\/pkbmachines.com\/de\/pressemappe\/","url":"https:\/\/pkbmachines.com\/de\/pressemappe\/","name":"Pressemappe - PKB","isPartOf":{"@id":"https:\/\/pkbmachines.com\/de\/#website"},"datePublished":"2023-08-10T20:03:12+00:00","dateModified":"2025-02-12T14:01:23+00:00","description":"In der Pressemappe von PKB Machines finden Sie die neuesten Informationen zu unseren branchenf\u00fchrenden Abf\u00fcll- und Verschlie\u00dfl\u00f6sungen f\u00fcr Kosmetik und Parf\u00fcms. Laden Sie Informationen, Pressemitteilungen und Unternehmensdaten herunter, um zu erfahren, wie wir die Zukunft der Technologie gestalten.","breadcrumb":{"@id":"https:\/\/pkbmachines.com\/de\/pressemappe\/#breadcrumb"},"inLanguage":"de","potentialAction":[{"@type":"ReadAction","target":["https:\/\/pkbmachines.com\/de\/pressemappe\/"]}]},{"@type":"BreadcrumbList","@id":"https:\/\/pkbmachines.com\/de\/pressemappe\/#breadcrumb","itemListElement":[{"@type":"ListItem","position":1,"name":"Home","item":"https:\/\/pkbmachines.com\/de\/"},{"@type":"ListItem","position":2,"name":"Pressemappe"}]},{"@type":"WebSite","@id":"https:\/\/pkbmachines.com\/de\/#website","url":"https:\/\/pkbmachines.com\/de\/","name":"PKB Machines - Global leader in cosmetics and fragrance lines","description":"Engineering Your Success in Cosmetics &amp; Perfume Industries","alternateName":"PKB Machines","potentialAction":[{"@type":"SearchAction","target":{"@type":"EntryPoint","urlTemplate":"https:\/\/pkbmachines.com\/de\/?s={search_term_string}"},"query-input":{"@type":"PropertyValueSpecification","valueRequired":true,"valueName":"search_term_string"}}],"inLanguage":"de"}]}},"_links":{"self":[{"href":"https:\/\/pkbmachines.com\/de\/wp-json\/wp\/v2\/pages\/5471","targetHints":{"allow":["GET"]}}],"collection":[{"href":"https:\/\/pkbmachines.com\/de\/wp-json\/wp\/v2\/pages"}],"about":[{"href":"https:\/\/pkbmachines.com\/de\/wp-json\/wp\/v2\/types\/page"}],"author":[{"embeddable":true,"href":"https:\/\/pkbmachines.com\/de\/wp-json\/wp\/v2\/users\/1"}],"replies":[{"embeddable":true,"href":"https:\/\/pkbmachines.com\/de\/wp-json\/wp\/v2\/comments?post=5471"}],"version-history":[{"count":2,"href":"https:\/\/pkbmachines.com\/de\/wp-json\/wp\/v2\/pages\/5471\/revisions"}],"predecessor-version":[{"id":7924,"href":"https:\/\/pkbmachines.com\/de\/wp-json\/wp\/v2\/pages\/5471\/revisions\/7924"}],"wp:attachment":[{"href":"https:\/\/pkbmachines.com\/de\/wp-json\/wp\/v2\/media?parent=5471"}],"curies":[{"name":"wp","href":"https:\/\/api.w.org\/{rel}","templated":true}]}}