{"id":5455,"date":"2023-08-10T22:02:46","date_gmt":"2023-08-10T20:02:46","guid":{"rendered":"https:\/\/dev.pkbmachines.com\/erwaehnungen-in-den-medien\/"},"modified":"2025-01-14T10:43:15","modified_gmt":"2025-01-14T09:43:15","slug":"erwaehnungen-in-den-medien","status":"publish","type":"page","link":"https:\/\/pkbmachines.com\/de\/erwaehnungen-in-den-medien\/","title":{"rendered":"Medienberichte"},"content":{"rendered":"\r\n<section class=\"block_parent      \" >\r\n\r\n    <a id=\"block_4f56d75c796a51cadb95f57d6e100a10\" style=\"position: absolute; top: -120px\"><\/a>\r\n\r\n    \r\n\r\n    \r\n    \r\n\r\n\r\n\r\n\r\n\r\n<section class=\"section newsroom-hero-section\">\r\n    <div class=\"container\">\r\n        <h1>Medienberichte<\/h1>\r\n    <\/div>\r\n\r\n    <div class=\"swooch-divider swoosh60 py-50\">\r\n        <div class=\"light-gold-bg h100 position-relative z1\">\r\n            <img decoding=\"async\" src=\"https:\/\/pkbmachines.com\/wp-content\/uploads\/2023\/11\/swoosh_media_mentions-1900x590.png\" alt=\"\">\r\n        <\/div>\r\n    <\/div>  \r\n\r\n    <div class=\"container\">\r\n        <div class=\"row\">\r\n            <div class=\"col-lg-6 offset-lg-2 line12\">\r\n                                <h4><p>Schauen Sie sich die neusten Updates an,<br \/>\nentdecken Sie unsere Medienpr\u00e4senz und lesen Sie Pressemitteilungen.<\/p>\n<\/h4>\r\n            <\/div>\r\n        <\/div>\r\n    <\/div>\r\n    \r\n<\/section>\r\n<!--\/\/END SECTION-->\r\n\r\n<\/section>\r\n<section class=\"block_parent section newsroom-media-section newsroom-media-mentions-list\r\n     \" >\r\n\r\n    <a id=\"block_aca00919d011b8af28869c7c21d64d03\" style=\"position: absolute; top: -120px\"><\/a>\r\n\r\n    \r\n\r\n    \r\n            <div \r\n            data-parent_back_color=\"\" \r\n            data-before_back_color=\"\" \r\n            data-center_to=\".media-date\" \r\n            data-snap_to_left=\"\" \r\n            class=\"moving_background_element\">\r\n        <\/div>\r\n    \r\n\r\n\r\n\r\n\r\n\r\n\r\n    <div class=\"container\">\r\n\r\n        <div class=\"row\">\r\n            <div class=\"col-md-8 offset-md-2\">\r\n\r\n           \r\n\r\n                <div class=\"newsroom-media-grid grid1\">\r\n\r\n                    \r\n\r\n                                                \r\n     \r\n<div class=\"newsroom-media mb-70\">\r\n    <div class=\"media-date-wrap\">\r\n        <div class=\"media-date\">\r\n            <div class=\"media-date-filler\"><\/div>\r\n            <h6>2024<\/h6>\r\n            <h3>06<\/h3>\r\n        <\/div>\r\n    <\/div>\r\n    <article>\r\n        \r\n        <h6 class=\"font2\"><a href=\"https:\/\/www.packaginginsights.com\/news\/cosmetic-business-2024-pkb-exhibits-multi-flexible-filling-machine-for-beauty-and-fragrance.html\">Cosmetic Business 2024: PKB stellt \u201emultiflexible\u201c Abf\u00fcllmaschine f\u00fcr Beauty- und Duftprodukte aus.<\/a><\/h6>\r\n        <p>\n\nPACKAGING INSIGHTS, 21. Juni 2024 &#8212; Auf der j\u00fcngsten Cosmetic Business-Messe in M\u00fcnchen traf Personal Care Insights&nbsp; den Abf\u00fcll- und Verschlie\u00dfpezialisten PKB, um \u00fcber dessen Maschinenausstattung zu sprechen, die auf&#8230;<\/p>\r\n\r\n        <div class=\"row align-items-center mt-50\">\r\n            <div class=\"col-md-4\">\r\n                        <\/div>\r\n            <div class=\"col-md-4 ml-auto d-flex justify-content-end\">\r\n            <a target=\"_blank\" href=\"https:\/\/www.packaginginsights.com\/news\/cosmetic-business-2024-pkb-exhibits-multi-flexible-filling-machine-for-beauty-and-fragrance.html\" class=\"btn-first external\">READ on external website<\/a>\r\n            <\/div>\r\n        <\/div>\r\n        \r\n\r\n\r\n        \r\n    <\/article>\r\n<\/div>\r\n     \r\n                                                \r\n     \r\n<div class=\"newsroom-media mb-70\">\r\n    <div class=\"media-date-wrap\">\r\n        <div class=\"media-date\">\r\n            <div class=\"media-date-filler\"><\/div>\r\n            <h6>2024<\/h6>\r\n            <h3>05<\/h3>\r\n        <\/div>\r\n    <\/div>\r\n    <article>\r\n        \r\n        <h6 class=\"font2\"><a href=\"https:\/\/www.emballagedigest.fr\/en\/pkb-la-performance-sur-mesure-pour-le-conditionnement-de-pots-cosmetiques-publi-communique\/\">PKB : eine \u00fcberdurchschnittliche Leistung f\u00fcr die Konditionierung von Kosmetikgef\u00e4\u00dfen<\/a><\/h6>\r\n        <p>Als erster franz\u00f6sischer Hersteller von Umf\u00fcll- und Aufbereitungsmaschinen f\u00fcr Parf\u00fcm und Kosmetik entwickelt PKB L\u00f6sungen, deren Zuverl\u00e4ssigkeit und Leistung weltweit bekannt und anerkannt sind.\n\nDie sich st\u00e4ndig weiterentwickelnde PKB-Produktpalette umfasst die&#8230;<\/p>\r\n\r\n        <div class=\"row align-items-center mt-50\">\r\n            <div class=\"col-md-4\">\r\n                        <\/div>\r\n            <div class=\"col-md-4 ml-auto d-flex justify-content-end\">\r\n            <a target=\"_blank\" href=\"https:\/\/www.emballagedigest.fr\/en\/pkb-la-performance-sur-mesure-pour-le-conditionnement-de-pots-cosmetiques-publi-communique\/\" class=\"btn-first external\">READ on external website<\/a>\r\n            <\/div>\r\n        <\/div>\r\n        \r\n\r\n\r\n        \r\n    <\/article>\r\n<\/div>\r\n     \r\n                                                \r\n     \r\n<div class=\"newsroom-media mb-70\">\r\n    <div class=\"media-date-wrap\">\r\n        <div class=\"media-date\">\r\n            <div class=\"media-date-filler\"><\/div>\r\n            <h6>2024<\/h6>\r\n            <h3>05<\/h3>\r\n        <\/div>\r\n    <\/div>\r\n    <article>\r\n        \r\n        <h6 class=\"font2\"><a href=\"https:\/\/www.emballagedigest.fr\/en\/pkb-la-performance-sur-mesure-pour-le-conditionnement-de-pots-cosmetiques-publi-communique\/\">PKB : eine \u00fcberdurchschnittliche Leistung f\u00fcr die Konditionierung von Kosmetikgef\u00e4\u00dfen<\/a><\/h6>\r\n        <p>Als erster franz\u00f6sischer Hersteller von Umf\u00fcll- und Aufbereitungsmaschinen f\u00fcr Parf\u00fcm und Kosmetik entwickelt PKB L\u00f6sungen, deren Zuverl\u00e4ssigkeit und Leistung weltweit bekannt und anerkannt sind.\n\nDie sich st\u00e4ndig weiterentwickelnde PKB-Produktpalette umfasst die&#8230;<\/p>\r\n\r\n        <div class=\"row align-items-center mt-50\">\r\n            <div class=\"col-md-4\">\r\n                        <\/div>\r\n            <div class=\"col-md-4 ml-auto d-flex justify-content-end\">\r\n            <a target=\"_blank\" href=\"https:\/\/www.emballagedigest.fr\/en\/pkb-la-performance-sur-mesure-pour-le-conditionnement-de-pots-cosmetiques-publi-communique\/\" class=\"btn-first external\">READ on external website<\/a>\r\n            <\/div>\r\n        <\/div>\r\n        \r\n\r\n\r\n        \r\n    <\/article>\r\n<\/div>\r\n     \r\n                    \r\n                    \r\n                    \r\n                <\/div>\r\n\r\n            <\/div>\r\n        <\/div>\r\n\r\n\r\n    <\/div>\r\n\r\n\r\n<\/section>","protected":false},"excerpt":{"rendered":"","protected":false},"author":1,"featured_media":0,"parent":0,"menu_order":49,"comment_status":"closed","ping_status":"closed","template":"","meta":{"_acf_changed":false,"inline_featured_image":false,"footnotes":""},"class_list":["post-5455","page","type-page","status-publish","hentry"],"acf":[],"yoast_head":"<!-- This site is optimized with the Yoast SEO plugin v27.1.1 - https:\/\/yoast.com\/product\/yoast-seo-wordpress\/ -->\n<title>Medienberichte - PKB<\/title>\n<meta name=\"description\" content=\"Lesen Sie Medienberichte \u00fcber PKB Machines und erfahren Sie, warum wir weltweit als f\u00fchrender Anbieter von Abf\u00fcll- und Verschlie\u00dfl\u00f6sungen f\u00fcr die Kosmetik- und Parf\u00fcmindustrie anerkannt sind. Werfen Sie einen Blick auf Erkenntnisse und Auszeichnungen, die in den f\u00fchrenden Fachzeitschriften ver\u00f6ffentlicht wurden.\" \/>\n<meta name=\"robots\" content=\"index, follow, max-snippet:-1, max-image-preview:large, max-video-preview:-1\" \/>\n<link rel=\"canonical\" href=\"https:\/\/pkbmachines.com\/de\/erwaehnungen-in-den-medien\/\" \/>\n<meta property=\"og:locale\" content=\"de_DE\" \/>\n<meta property=\"og:type\" content=\"article\" \/>\n<meta property=\"og:title\" content=\"Medienberichte - PKB\" \/>\n<meta property=\"og:description\" content=\"Lesen Sie Medienberichte \u00fcber PKB Machines und erfahren Sie, warum wir weltweit als f\u00fchrender Anbieter von Abf\u00fcll- und Verschlie\u00dfl\u00f6sungen f\u00fcr die Kosmetik- und Parf\u00fcmindustrie anerkannt sind. Werfen Sie einen Blick auf Erkenntnisse und Auszeichnungen, die in den f\u00fchrenden Fachzeitschriften ver\u00f6ffentlicht wurden.\" \/>\n<meta property=\"og:url\" content=\"https:\/\/pkbmachines.com\/de\/erwaehnungen-in-den-medien\/\" \/>\n<meta property=\"og:site_name\" content=\"PKB\" \/>\n<meta property=\"article:modified_time\" content=\"2025-01-14T09:43:15+00:00\" \/>\n<meta name=\"twitter:card\" content=\"summary_large_image\" \/>\n<script type=\"application\/ld+json\" class=\"yoast-schema-graph\">{\"@context\":\"https:\/\/schema.org\",\"@graph\":[{\"@type\":\"WebPage\",\"@id\":\"https:\/\/pkbmachines.com\/de\/erwaehnungen-in-den-medien\/\",\"url\":\"https:\/\/pkbmachines.com\/de\/erwaehnungen-in-den-medien\/\",\"name\":\"Medienberichte - PKB\",\"isPartOf\":{\"@id\":\"https:\/\/pkbmachines.com\/de\/#website\"},\"datePublished\":\"2023-08-10T20:02:46+00:00\",\"dateModified\":\"2025-01-14T09:43:15+00:00\",\"description\":\"Lesen Sie Medienberichte \u00fcber PKB Machines und erfahren Sie, warum wir weltweit als f\u00fchrender Anbieter von Abf\u00fcll- und Verschlie\u00dfl\u00f6sungen f\u00fcr die Kosmetik- und Parf\u00fcmindustrie anerkannt sind. Werfen Sie einen Blick auf Erkenntnisse und Auszeichnungen, die in den f\u00fchrenden Fachzeitschriften ver\u00f6ffentlicht wurden.\",\"breadcrumb\":{\"@id\":\"https:\/\/pkbmachines.com\/de\/erwaehnungen-in-den-medien\/#breadcrumb\"},\"inLanguage\":\"de\",\"potentialAction\":[{\"@type\":\"ReadAction\",\"target\":[\"https:\/\/pkbmachines.com\/de\/erwaehnungen-in-den-medien\/\"]}]},{\"@type\":\"BreadcrumbList\",\"@id\":\"https:\/\/pkbmachines.com\/de\/erwaehnungen-in-den-medien\/#breadcrumb\",\"itemListElement\":[{\"@type\":\"ListItem\",\"position\":1,\"name\":\"Home\",\"item\":\"https:\/\/pkbmachines.com\/de\/\"},{\"@type\":\"ListItem\",\"position\":2,\"name\":\"Medienberichte\"}]},{\"@type\":\"WebSite\",\"@id\":\"https:\/\/pkbmachines.com\/de\/#website\",\"url\":\"https:\/\/pkbmachines.com\/de\/\",\"name\":\"PKB Machines - Global leader in cosmetics and fragrance lines\",\"description\":\"Engineering Your Success in Cosmetics &amp; Perfume Industries\",\"alternateName\":\"PKB Machines\",\"potentialAction\":[{\"@type\":\"SearchAction\",\"target\":{\"@type\":\"EntryPoint\",\"urlTemplate\":\"https:\/\/pkbmachines.com\/de\/?s={search_term_string}\"},\"query-input\":{\"@type\":\"PropertyValueSpecification\",\"valueRequired\":true,\"valueName\":\"search_term_string\"}}],\"inLanguage\":\"de\"}]}<\/script>\n<!-- \/ Yoast SEO plugin. -->","yoast_head_json":{"title":"Medienberichte - PKB","description":"Lesen Sie Medienberichte \u00fcber PKB Machines und erfahren Sie, warum wir weltweit als f\u00fchrender Anbieter von Abf\u00fcll- und Verschlie\u00dfl\u00f6sungen f\u00fcr die Kosmetik- und Parf\u00fcmindustrie anerkannt sind. Werfen Sie einen Blick auf Erkenntnisse und Auszeichnungen, die in den f\u00fchrenden Fachzeitschriften ver\u00f6ffentlicht wurden.","robots":{"index":"index","follow":"follow","max-snippet":"max-snippet:-1","max-image-preview":"max-image-preview:large","max-video-preview":"max-video-preview:-1"},"canonical":"https:\/\/pkbmachines.com\/de\/erwaehnungen-in-den-medien\/","og_locale":"de_DE","og_type":"article","og_title":"Medienberichte - PKB","og_description":"Lesen Sie Medienberichte \u00fcber PKB Machines und erfahren Sie, warum wir weltweit als f\u00fchrender Anbieter von Abf\u00fcll- und Verschlie\u00dfl\u00f6sungen f\u00fcr die Kosmetik- und Parf\u00fcmindustrie anerkannt sind. Werfen Sie einen Blick auf Erkenntnisse und Auszeichnungen, die in den f\u00fchrenden Fachzeitschriften ver\u00f6ffentlicht wurden.","og_url":"https:\/\/pkbmachines.com\/de\/erwaehnungen-in-den-medien\/","og_site_name":"PKB","article_modified_time":"2025-01-14T09:43:15+00:00","twitter_card":"summary_large_image","schema":{"@context":"https:\/\/schema.org","@graph":[{"@type":"WebPage","@id":"https:\/\/pkbmachines.com\/de\/erwaehnungen-in-den-medien\/","url":"https:\/\/pkbmachines.com\/de\/erwaehnungen-in-den-medien\/","name":"Medienberichte - PKB","isPartOf":{"@id":"https:\/\/pkbmachines.com\/de\/#website"},"datePublished":"2023-08-10T20:02:46+00:00","dateModified":"2025-01-14T09:43:15+00:00","description":"Lesen Sie Medienberichte \u00fcber PKB Machines und erfahren Sie, warum wir weltweit als f\u00fchrender Anbieter von Abf\u00fcll- und Verschlie\u00dfl\u00f6sungen f\u00fcr die Kosmetik- und Parf\u00fcmindustrie anerkannt sind. Werfen Sie einen Blick auf Erkenntnisse und Auszeichnungen, die in den f\u00fchrenden Fachzeitschriften ver\u00f6ffentlicht wurden.","breadcrumb":{"@id":"https:\/\/pkbmachines.com\/de\/erwaehnungen-in-den-medien\/#breadcrumb"},"inLanguage":"de","potentialAction":[{"@type":"ReadAction","target":["https:\/\/pkbmachines.com\/de\/erwaehnungen-in-den-medien\/"]}]},{"@type":"BreadcrumbList","@id":"https:\/\/pkbmachines.com\/de\/erwaehnungen-in-den-medien\/#breadcrumb","itemListElement":[{"@type":"ListItem","position":1,"name":"Home","item":"https:\/\/pkbmachines.com\/de\/"},{"@type":"ListItem","position":2,"name":"Medienberichte"}]},{"@type":"WebSite","@id":"https:\/\/pkbmachines.com\/de\/#website","url":"https:\/\/pkbmachines.com\/de\/","name":"PKB Machines - Global leader in cosmetics and fragrance lines","description":"Engineering Your Success in Cosmetics &amp; Perfume Industries","alternateName":"PKB Machines","potentialAction":[{"@type":"SearchAction","target":{"@type":"EntryPoint","urlTemplate":"https:\/\/pkbmachines.com\/de\/?s={search_term_string}"},"query-input":{"@type":"PropertyValueSpecification","valueRequired":true,"valueName":"search_term_string"}}],"inLanguage":"de"}]}},"_links":{"self":[{"href":"https:\/\/pkbmachines.com\/de\/wp-json\/wp\/v2\/pages\/5455","targetHints":{"allow":["GET"]}}],"collection":[{"href":"https:\/\/pkbmachines.com\/de\/wp-json\/wp\/v2\/pages"}],"about":[{"href":"https:\/\/pkbmachines.com\/de\/wp-json\/wp\/v2\/types\/page"}],"author":[{"embeddable":true,"href":"https:\/\/pkbmachines.com\/de\/wp-json\/wp\/v2\/users\/1"}],"replies":[{"embeddable":true,"href":"https:\/\/pkbmachines.com\/de\/wp-json\/wp\/v2\/comments?post=5455"}],"version-history":[{"count":3,"href":"https:\/\/pkbmachines.com\/de\/wp-json\/wp\/v2\/pages\/5455\/revisions"}],"predecessor-version":[{"id":7883,"href":"https:\/\/pkbmachines.com\/de\/wp-json\/wp\/v2\/pages\/5455\/revisions\/7883"}],"wp:attachment":[{"href":"https:\/\/pkbmachines.com\/de\/wp-json\/wp\/v2\/media?parent=5455"}],"curies":[{"name":"wp","href":"https:\/\/api.w.org\/{rel}","templated":true}]}}