{"id":5437,"date":"2023-07-10T14:46:19","date_gmt":"2023-07-10T12:46:19","guid":{"rendered":"https:\/\/dev.pkbmachines.com\/dienstleistungen\/"},"modified":"2025-02-12T15:22:20","modified_gmt":"2025-02-12T14:22:20","slug":"dienstleistungen","status":"publish","type":"page","link":"https:\/\/pkbmachines.com\/de\/dienstleistungen\/","title":{"rendered":"Dienstleistungen"},"content":{"rendered":"\r\n<section class=\"block_parent section about-hero-section\r\n     \" >\r\n\r\n    <a id=\"block_c36d1364ed8af267f2fbde105a34c471\" style=\"position: absolute; top: -120px\"><\/a>\r\n\r\n    \r\n\r\n    \r\n    \r\n\r\n\r\n\r\n\r\n\r\n\r\n    <div class=\"container\">\r\n        <div class=\"about-hero-grid\">\r\n            <div class=\"about-hero-content\">\r\n                <h1 class=\"font6\">Dienstleistungen<\/h1>\r\n                                    <h4 class=\"line12\"><p>Wir liefern Technologie und unterst\u00fctzen Sie Ihnen in jeder Phase des Verfahrens<\/p>\n<\/h4>\r\n                                <div class=\"about-shape to_left mt-50\"><img decoding=\"async\" src=\"https:\/\/pkbmachines.com\/wp-content\/uploads\/2023\/11\/swoosh_services_top.png\" alt=\"\"><\/div>\r\n            <\/div>\r\n            <div class=\"about-hero-banner-column to_right\">\r\n                <div class=\"about-hero-banner bg-center bg-cover \"\r\n                    style=\"background-image:url(https:\/\/pkbmachines.com\/wp-content\/uploads\/2023\/11\/PKB-Mai-2022-48-_2500px-1.png);\">\r\n                <\/div>\r\n\r\n            <\/div>\r\n        <\/div>\r\n    <\/div>\r\n\r\n\r\n<\/section>\r\n<section class=\"block_parent      \" >\r\n\r\n    <a id=\"block_f9d4e9e8d2e64ba51ca4990775fe8b79\" style=\"position: absolute; top: -120px\"><\/a>\r\n\r\n    \r\n\r\n    \r\n    \r\n\r\n\r\n\r\n\r\n\r\n<section class=\"section service-intro-section\">\r\n    <div class=\"container\">\r\n\r\n        <div class=\"service-intro\">\r\n            \r\n            <img decoding=\"async\" class=\"rotation_animation\" src=\"https:\/\/pkbmachines.com\/wp-content\/themes\/pkb\/html\/images\/badge.png\" alt=\"\">\r\n            <div>\r\n                <p><p>PKB ist ein verst\u00e4ndnisvoller Gesch\u00e4ftspartner, dem Sie vertrauen k\u00f6nnen. <strong>Wir finden immer den besten Weg und suchen gemeinsam nach L\u00f6sungen.<\/strong> Wir unterst\u00fctzen Sie in jeder Phase des Verfahrens bei der Verbesserung Ihrer Produktionslinien, um sie effizienter zu machen. Auf unseren fachkundigen Kundenservice und Support k\u00f6nnen Sie sich immer verlassen, und das gilt insbesondere f\u00fcr unseren umfassenden After-Sales-Service.<\/p>\n<\/p>\r\n\r\n                            <\/div>\r\n        <\/div>\r\n\r\n    <\/div>\r\n<\/section>\r\n\r\n\r\n<\/section>\r\n<section class=\"block_parent      \" >\r\n\r\n    <a id=\"block_4d46c7dafb374b233116e97f70fc70c0\" style=\"position: absolute; top: -120px\"><\/a>\r\n\r\n    \r\n\r\n    \r\n    \r\n\r\n\r\n\r\n\r\n\r\n<section class=\"section customer-travel-section\">\r\n    <div class=\"container\">\r\n\r\n        <div class=\"customer-travel\">\r\n            <div class=\"customer-travel-image bg-cover bg-center\"\r\n                style=\"background-image:url(https:\/\/pkbmachines.com\/wp-content\/uploads\/2023\/11\/Big-Photo-1.png);\"><\/div>\r\n            <article>\r\n                <h3>Reiseservice f\u00fcr Kundenbesuche<\/h3>\r\n                <p><p>Der beste Weg, eine gesch\u00e4ftliche Partnerschaft zu beginnen, besteht darin, sich pers\u00f6nlich kennenzulernen. In unserer Hauptgesch\u00e4ftsstelle sind Sie jederzeit willkommen.<\/p>\n<p>Wir helfen Ihnen, ein Treffen zu organisieren, und sorgen daf\u00fcr, dass Ihre gesamte Reise so angenehm wie m\u00f6glich abl\u00e4uft. Unsere Vertriebsmitarbeiter helfen Ihnen gerne dabei, geeignete Unterk\u00fcnfte oder Bef\u00f6rderungsm\u00f6glichkeiten zu finden und nehmen Buchungen f\u00fcr Sie vor, sodass Sie Zeit und M\u00fche sparen.<\/p>\n<\/p>\r\n                <a href=\"https:\/\/pkbmachines.com\/de\/\/services\/customer-travel-assistance\/\" class=\"btn-first\">LEARN MEHR<\/a>\r\n            <\/article>\r\n        <\/div>\r\n\r\n    <\/div>\r\n<\/section>\r\n\r\n<\/section>\r\n<section class=\"block_parent      \" >\r\n\r\n    <a id=\"block_b425351255d6d78c5627feb14c154934\" style=\"position: absolute; top: -120px\"><\/a>\r\n\r\n    \r\n\r\n    \r\n    \r\n\r\n\r\n\r\n\r\n\r\n<section class=\"section installation-section\">\r\n    <div class=\"container\">\r\n\r\n        <div class=\"installation\">\r\n            <h2 class=\"text-left\">Installation und Inbetriebnahme<\/h2>\r\n            <div class=\"installation-grid\">\r\n                <div class=\"installation-image bg-cover bg-center\"\r\n                    style=\"background-image:url(https:\/\/pkbmachines.com\/wp-content\/uploads\/2024\/07\/PKB-Mai-2022-108-867x1300.jpeg);\">\r\n                <\/div>\r\n                <article>\r\n                    <p><p>Unsere Abf\u00fcllanlagen werden von unseren erfahrenen, <strong>zweisprachigen Au\u00dfendiensttechniker-Teams (Field Service Engineers &#8211; FSEs)<\/strong> installiert und in Betrieb genommen. Mit ihrem Fachwissen kann Ihr Team die Abf\u00fcllanlage nicht nur schnell in Betrieb nehmen, unsere FSEs stehen auch w\u00e4hrend der \u00dcbergabe f\u00fcr alle Ihre Fragen bereit \u2013 das kann auch eine Gelegenheit f\u00fcr Wartungs- und Bedienerschulungen sein. Wir wissen, dass Schulung und Unterst\u00fctzung f\u00fcr den Erfolg entscheidend sind. Deshalb legen wir den Zeitpunkt der Inbetriebnahme gemeinsam mit Ihnen fest und stellen so sicher, dass die \u00dcbergabe an Ihre Mitarbeiterinnen und Mitarbeiter reibungslos verl\u00e4uft und Ihre Bediener und Ingenieure eine angemessene Schulung erhalten.<\/p>\n<\/p>\r\n                <\/article>\r\n            <\/div>\r\n        <\/div>\r\n\r\n    <\/div>\r\n<\/section>\r\n\r\n\r\n<\/section>\r\n<section class=\"block_parent      \" >\r\n\r\n    <a id=\"block_8342a8b239793c8fc250710e7f38ceb0\" style=\"position: absolute; top: -120px\"><\/a>\r\n\r\n    \r\n\r\n    \r\n    \r\n\r\n\r\n\r\n\r\n\r\n<div class=\"service-strip bg-center bg-cover flex-column\">\r\n    <h4>Wir setzen uns f\u00fcr Ihren Erfolg ein und stehen Ihnen bei jedem Schritt zur Seite.<\/h4>\r\n    <\/div>\r\n\r\n<\/section>\r\n<section class=\"block_parent      \" >\r\n\r\n    <a id=\"block_4f9844abb5dbaa9ea3d087800c35a3a4\" style=\"position: absolute; top: -120px\"><\/a>\r\n\r\n    \r\n\r\n    \r\n    \r\n\r\n\r\n\r\n\r\n\r\n<section class=\"section installation-section\">\r\n    <div class=\"container\">\r\n\r\n        <div class=\"installation\">\r\n            <div class=\"installation-grid\">\r\n                <div class=\"installation-header\">\r\n                    <h4>Sie ben\u00f6tigen eine spezielle Schulung f\u00fcr Ihre Mitarbeiter?<\/h4>\r\n                    <img decoding=\"async\" src=\"https:\/\/pkbmachines.com\/wp-content\/themes\/pkb\/html\/images\/service-icon-image.png\" alt=\"\">\r\n                <\/div>\r\n                <article>\r\n                    <p><p>M\u00f6chten Sie die Effizienz und Produktivit\u00e4t Ihres Teams verbessern? Wir wissen, dass Personalwechsel eine Herausforderung sein k\u00f6nnen, aber wir sind hier, um Sie dabei zu unterst\u00fctzen. <strong>Unser Upgrade-Kurs<\/strong> ist darauf ausgelegt, die internen Kompetenzen Ihres Teams zu entwickeln, damit es Formatwechsel, vorbeugende und korrektive Wartungsma\u00dfnahmen selbst durchf\u00fchren und die Einstellungen der Produktionslinien (mechanisch oder automatisch) optimieren kann, um Ihren spezifischen Anforderungen gerecht zu werden. Wir arbeiten auch gerne gemeinsam mit Ihnen daran, Ihren Schulungsbedarf zu ermitteln, ganz unabh\u00e4ngig davon, ob es sich um Ingenieure oder Bediener handelt. Gemeinsam definieren wir die Spezifikationen und gestalten den Kurs individuell f\u00fcr Sie, um sicherzustellen, dass er die spezifischen Ziele Ihres Teams und Ihres Unternehmens erf\u00fcllt. Unser Ziel besteht darin, Ihr Team mit den F\u00e4higkeiten und Kenntnissen auszustatten, die es ben\u00f6tigt, um in seinen Aufgaben zu gl\u00e4nzen und Ihr Unternehmen voranzubringen. Lassen Sie uns gemeinsam an Ihrem Erfolg arbeiten.<\/p>\n<\/p>\r\n                <\/article>\r\n            <\/div>\r\n        <\/div>\r\n\r\n    <\/div>\r\n<\/section>\r\n\r\n<\/section>\r\n<section class=\"block_parent      \" >\r\n\r\n    <a id=\"block_8c512f93a89ef179288e187998ee1e40\" style=\"position: absolute; top: -120px\"><\/a>\r\n\r\n    \r\n\r\n    \r\n    \r\n\r\n\r\n\r\n\r\n\r\n<section class=\"section customer-service-section\">\r\n    <div class=\"container\">\r\n\r\n        <div class=\"section-header\">\r\n            <h2>PKB-Kundendienst<\/h2>\r\n        <\/div>\r\n\r\n        <div class=\"customer-services\">\r\n            <span class=\"customer-service-icon z1\"><img decoding=\"async\" class=\"rotation_animation\" src=\"https:\/\/pkbmachines.com\/wp-content\/themes\/pkb\/html\/images\/pkb-icon.png\"\r\n                    alt=\"\"><\/span>\r\n\r\n            \r\n                <div class=\"customer-service\">\r\n                    <div class=\"customer-service-header\">\r\n                        <div class=\"customer-service-image bg-center bg-cover\"\r\n                            style=\"background-image:url(https:\/\/pkbmachines.com\/wp-content\/uploads\/2024\/07\/PKB-Mai-2022-115-533x800.jpeg);\"><\/div>\r\n                        <h4>Audit vor Ort<\/h4>\r\n                    <\/div>\r\n                    <article>\r\n                        <p><p>Unser bedarfsorientierter Vor-Ort-Audit-Service soll Ihnen dabei helfen, die <strong>optimale Produktivit\u00e4t Ihrer Maschinen zu erreichen<\/strong>. Ein erfahrener Au\u00dfendiensttechniker f\u00fchrt eine gr\u00fcndliche Analyse der Leistung Ihrer Maschinen durch und erteilt Ihnen praktische Verbesserungsvorschl\u00e4ge. Uns ist bewusst, dass Ihre Maschinen das R\u00fcckgrat Ihres Unternehmens sind, und wir sind immer f\u00fcr Sie da, damit Ihre Maschinen optimal funktionieren.<\/p>\n<\/p>\r\n                    <\/article>\r\n                <\/div>\r\n\r\n\r\n            \r\n                <div class=\"customer-service\">\r\n                    <div class=\"customer-service-header\">\r\n                        <div class=\"customer-service-image bg-center bg-cover\"\r\n                            style=\"background-image:url(https:\/\/pkbmachines.com\/wp-content\/uploads\/2023\/11\/PKB-Mai-2022-131-_edit-2.png);\"><\/div>\r\n                        <h4>Anpassung an neue Formate<\/h4>\r\n                    <\/div>\r\n                    <article>\r\n                        <p><p>Wir wissen, dass sich Ihre gesch\u00e4ftlichen Anforderungen st\u00e4ndig weiterentwickeln. Deshalb sind unsere Maschinen flexibel konzipiert und lassen sich an neue Formate anpassen. Wir sind bestrebt, Ihren Bed\u00fcrfnissen gerecht zu werden, und bieten Ihnen die erforderliche Konstruktion und Lieferung neuer Formatteile. Ob Sie nun <strong>Ihre Produktpalette erweitern oder Ihr Verpackungsformat \u00e4ndern<\/strong> m\u00f6chten, wir sind bei jedem Schritt f\u00fcr Sie da.<\/p>\n<\/p>\r\n                    <\/article>\r\n                <\/div>\r\n\r\n\r\n            \r\n                <div class=\"customer-service\">\r\n                    <div class=\"customer-service-header\">\r\n                        <div class=\"customer-service-image bg-center bg-cover\"\r\n                            style=\"background-image:url(https:\/\/pkbmachines.com\/wp-content\/uploads\/2023\/11\/PKB-Mai-2022-120-_edit-1.png);\"><\/div>\r\n                        <h4>Wartungsvertrag<\/h4>\r\n                    <\/div>\r\n                    <article>\r\n                        <p><p>Eine regelm\u00e4\u00dfige Wartung ist unerl\u00e4sslich, damit Ihre Produktionsmaschinen mit voller Leistung laufen k\u00f6nnen. Wir bieten <strong>speziell auf Ihre Maschinen zugeschnittene Wartungsvertr\u00e4ge an, die Ersatzteile und Arbeitsleistungen beinhalten<\/strong>. Unsere Ingenieure f\u00fchren vor Ort vorbeugende Wartungsarbeiten durch und sorgen daf\u00fcr, dass Ihre Maschinen optimal laufen. Wir wissen, dass Ihre Maschinen f\u00fcr Ihr Unternehmen von entscheidender Bedeutung sind, und wir helfen Ihnen gerne daf\u00fcr zu sorgen, dass sie reibungslos funktionieren.<\/p>\n<\/p>\r\n                    <\/article>\r\n                <\/div>\r\n\r\n\r\n            \r\n                <div class=\"customer-service\">\r\n                    <div class=\"customer-service-header\">\r\n                        <div class=\"customer-service-image bg-center bg-cover\"\r\n                            style=\"background-image:url(https:\/\/pkbmachines.com\/wp-content\/uploads\/2023\/11\/PKB-Mai-2022-13-_edit-1.png);\"><\/div>\r\n                        <h4>Aufr\u00fcstung und Modernisierung von Maschinen<\/h4>\r\n                    <\/div>\r\n                    <article>\r\n                        <p><p>Mit dem Ziel der Effizienzsteigerung arbeiten wir kontinuierlich daran, <strong>unsere Maschinen zu verbessern und neue Technologien zu integrieren<\/strong>. Wir halten Sie \u00fcber alle m\u00f6glichen Verbesserungen und Upgrades auf dem Laufenden, die an Ihren vorhandenen Maschinen vorgenommen werden k\u00f6nnen. Unsere Teams sind bestrebt, Ihnen dabei zu helfen, wettbewerbsf\u00e4hig zu bleiben und Ihre Produktivit\u00e4t und Effizienz zu steigern.<\/p>\n<\/p>\r\n                    <\/article>\r\n                <\/div>\r\n\r\n\r\n            \r\n        <\/div>\r\n\r\n    <\/div>\r\n<\/section>\r\n\r\n<\/section>\r\n\r\n<section class=\"block_parent image100\r\n     \" >\r\n\r\n    <a id=\"block_b09cc4977ce78aa25c3abacb59f15bcb\" style=\"position: absolute; top: -120px\"><\/a>\r\n\r\n    \r\n\r\n    \r\n    \r\n\r\n\r\n\r\n\r\n\r\n\r\n    <div data-offset=\"40\" class=\"section-block agile-production-banner super_light_grey-b-color bg-cover bg-center w100  d-flex align-items-end \r\n    parallax \" \r\n    style=\"background-image:url(https:\/\/pkbmachines.com\/wp-content\/uploads\/2024\/02\/PKB-Mai-2022-133-867x1300.jpeg); background-size: 140%\">\r\n                <\/div>\r\n\r\n<\/section>\r\n<section class=\"block_parent      \" >\r\n\r\n    <a id=\"block_043f5ce18346f1669b9c129deadf9f78\" style=\"position: absolute; top: -120px\"><\/a>\r\n\r\n    \r\n\r\n    \r\n    \r\n\r\n\r\n\r\n\r\n\r\n<section class=\"section after-support-section\">\r\n    <div class=\"container\">\r\n\r\n        <div class=\"section-header\">\r\n            <h2>Kundendienst und Unterst\u00fctzung<\/h2>\r\n        <\/div>\r\n\r\n        <div class=\"after-support-grid\">\r\n\r\n            <div class=\"after-support-image bg-center bg-cover\"\r\n                style=\"background-image:url(https:\/\/pkbmachines.com\/wp-content\/uploads\/2023\/11\/Frame-197.png);\">\r\n                <img decoding=\"async\" src=\"https:\/\/pkbmachines.com\/wp-content\/themes\/pkb\/html\/images\/badge.png\" alt=\"\">\r\n            <\/div>\r\n\r\n            \r\n                <div class=\"after-support\">\r\n                    <div class=\"after-support-header\">\r\n                        <div class=\"whereweare-header\">\r\n                            <span>\r\n                                <h6>01<\/h6>\r\n                                <div class=\"b-image-100 bg-center bg-cover border100p\"style=\"background-image:url(https:\/\/pkbmachines.com\/wp-content\/uploads\/2023\/11\/image-223-1.png);\"><\/div>\r\n                            <\/span>\r\n                        <\/div>\r\n                        <h4>Fernunterst\u00fctzung<\/h4>\r\n                    <\/div>\r\n                    <article>\r\n                        <p><p>Die meisten Maschinenausf\u00e4lle sind auf kleinere Probleme zur\u00fcckzuf\u00fchren, die sich schnell per Telefon oder E-Mail l\u00f6sen lassen. Unsere <strong>Hotline ist f\u00fcr Sie da<\/strong>. Wir k\u00f6nnen leicht zu l\u00f6sende Probleme effektiv kl\u00e4ren und bei schwerwiegenderen Vorf\u00e4llen, die eine eingehendere Untersuchung erfordern, umgehend Hilfe leisten. Wir wissen, dass Ausfallzeiten kostspielig sein k\u00f6nnen und Ihr Gesch\u00e4ft beeintr\u00e4chtigen. Deshalb setzen wir alles daran, Ihre Maschinen so schnell wie m\u00f6glich wieder zum Laufen zu bringen.<\/p>\n<\/p>\r\n                    <\/article>\r\n                <\/div>\r\n            \r\n                <div class=\"after-support\">\r\n                    <div class=\"after-support-header\">\r\n                        <div class=\"whereweare-header\">\r\n                            <span>\r\n                                <h6>02<\/h6>\r\n                                <div class=\"b-image-100 bg-center bg-cover border100p\"style=\"background-image:url(https:\/\/pkbmachines.com\/wp-content\/uploads\/2023\/11\/image-223-2.png);\"><\/div>\r\n                            <\/span>\r\n                        <\/div>\r\n                        <h4>Fernwartung<\/h4>\r\n                    <\/div>\r\n                    <article>\r\n                        <p><p>Unsere Maschinen sind f\u00fcr die <strong>Diagnose und Fernwartung \u00fcber das Internet<\/strong> vorkonfiguriert, sodass wir Ihnen sehr kurzfristig und ohne Anreise helfen k\u00f6nnen, insbesondere durch die Analyse und entsprechende Vorbereitung eines m\u00f6glichen Einsatzes vor Ort. So sparen Sie Zeit und Geld und erhalten einen qualitativ hochwertigeren Support.<\/p>\n<\/p>\r\n                    <\/article>\r\n                <\/div>\r\n            \r\n                <div class=\"after-support\">\r\n                    <div class=\"after-support-header\">\r\n                        <div class=\"whereweare-header\">\r\n                            <span>\r\n                                <h6>03<\/h6>\r\n                                <div class=\"b-image-100 bg-center bg-cover border100p\"style=\"background-image:url(https:\/\/pkbmachines.com\/wp-content\/uploads\/2023\/11\/image-223-3.png);\"><\/div>\r\n                            <\/span>\r\n                        <\/div>\r\n                        <h4>Bedarfsgesteuerte Eingriffe<\/h4>\r\n                    <\/div>\r\n                    <article>\r\n                        <p><p>Unabh\u00e4ngig davon, ob f\u00fcr die Maschine noch eine Garantie besteht oder nicht, verpflichten wir uns, <strong>\u00fcberall auf der Welt<\/strong> innerhalb k\u00fcrzester Zeit und wann immer erforderlich einzugreifen. Unsere erfahrenen zweisprachigen Ingenieure liefern Ihnen einen prompten und effektiven Service, v\u00f6llig unabh\u00e4ngig von Ihrem Standort.<\/p>\n<\/p>\r\n                    <\/article>\r\n                <\/div>\r\n            \r\n                <div class=\"after-support\">\r\n                    <div class=\"after-support-header\">\r\n                        <div class=\"whereweare-header\">\r\n                            <span>\r\n                                <h6>04<\/h6>\r\n                                <div class=\"b-image-100 bg-center bg-cover border100p\"style=\"background-image:url(https:\/\/pkbmachines.com\/wp-content\/uploads\/2023\/08\/AdobeStock_544997994-1-300x208.png);\"><\/div>\r\n                            <\/span>\r\n                        <\/div>\r\n                        <h4>Verf\u00fcgbarkeit von Ersatzteilen<\/h4>\r\n                    <\/div>\r\n                    <article>\r\n                        <p><p>Alle unsere CE-Teile sind auf Lager oder schnell und zum besten Preis verf\u00fcgbar. Wir sind uns bewusst, dass <strong>die richtigen Teile zur richtigen Zeit<\/strong> verf\u00fcgbar sein m\u00fcssen, damit Ihre Maschinen optimal funktionieren.<\/p>\n<\/p>\r\n                    <\/article>\r\n                <\/div>\r\n            \r\n        <\/div>\r\n\r\n    <\/div>\r\n<\/section>\r\n\r\n<\/section>","protected":false},"excerpt":{"rendered":"","protected":false},"author":1,"featured_media":0,"parent":0,"menu_order":90,"comment_status":"closed","ping_status":"closed","template":"","meta":{"_acf_changed":false,"inline_featured_image":false,"footnotes":""},"class_list":["post-5437","page","type-page","status-publish","hentry"],"acf":[],"yoast_head":"<!-- This site is optimized with the Yoast SEO plugin v27.1.1 - https:\/\/yoast.com\/product\/yoast-seo-wordpress\/ -->\n<title>Dienstleistungen - PKB<\/title>\n<meta name=\"description\" content=\"Erkunden Sie das umfangreiche Serviceangebot von PKB Machines zur Verbesserung und Wartung Ihrer Abf\u00fcll- und Verschlie\u00dfsysteme. Entdecken Sie unsere ma\u00dfgeschneiderten Wartungs-, Upgrade- und Schulungsprogramme zur Optimierung Ihrer Produktionseffizienz.\" \/>\n<meta name=\"robots\" content=\"index, follow, max-snippet:-1, max-image-preview:large, max-video-preview:-1\" \/>\n<link rel=\"canonical\" href=\"https:\/\/pkbmachines.com\/de\/dienstleistungen\/\" \/>\n<meta property=\"og:locale\" content=\"de_DE\" \/>\n<meta property=\"og:type\" content=\"article\" \/>\n<meta property=\"og:title\" content=\"Dienstleistungen - PKB\" \/>\n<meta property=\"og:description\" content=\"Erkunden Sie das umfangreiche Serviceangebot von PKB Machines zur Verbesserung und Wartung Ihrer Abf\u00fcll- und Verschlie\u00dfsysteme. Entdecken Sie unsere ma\u00dfgeschneiderten Wartungs-, Upgrade- und Schulungsprogramme zur Optimierung Ihrer Produktionseffizienz.\" \/>\n<meta property=\"og:url\" content=\"https:\/\/pkbmachines.com\/de\/dienstleistungen\/\" \/>\n<meta property=\"og:site_name\" content=\"PKB\" \/>\n<meta property=\"article:modified_time\" content=\"2025-02-12T14:22:20+00:00\" \/>\n<meta name=\"twitter:card\" content=\"summary_large_image\" \/>\n<script type=\"application\/ld+json\" class=\"yoast-schema-graph\">{\"@context\":\"https:\/\/schema.org\",\"@graph\":[{\"@type\":\"WebPage\",\"@id\":\"https:\/\/pkbmachines.com\/de\/dienstleistungen\/\",\"url\":\"https:\/\/pkbmachines.com\/de\/dienstleistungen\/\",\"name\":\"Dienstleistungen - PKB\",\"isPartOf\":{\"@id\":\"https:\/\/pkbmachines.com\/de\/#website\"},\"datePublished\":\"2023-07-10T12:46:19+00:00\",\"dateModified\":\"2025-02-12T14:22:20+00:00\",\"description\":\"Erkunden Sie das umfangreiche Serviceangebot von PKB Machines zur Verbesserung und Wartung Ihrer Abf\u00fcll- und Verschlie\u00dfsysteme. Entdecken Sie unsere ma\u00dfgeschneiderten Wartungs-, Upgrade- und Schulungsprogramme zur Optimierung Ihrer Produktionseffizienz.\",\"breadcrumb\":{\"@id\":\"https:\/\/pkbmachines.com\/de\/dienstleistungen\/#breadcrumb\"},\"inLanguage\":\"de\",\"potentialAction\":[{\"@type\":\"ReadAction\",\"target\":[\"https:\/\/pkbmachines.com\/de\/dienstleistungen\/\"]}]},{\"@type\":\"BreadcrumbList\",\"@id\":\"https:\/\/pkbmachines.com\/de\/dienstleistungen\/#breadcrumb\",\"itemListElement\":[{\"@type\":\"ListItem\",\"position\":1,\"name\":\"Home\",\"item\":\"https:\/\/pkbmachines.com\/de\/\"},{\"@type\":\"ListItem\",\"position\":2,\"name\":\"Dienstleistungen\"}]},{\"@type\":\"WebSite\",\"@id\":\"https:\/\/pkbmachines.com\/de\/#website\",\"url\":\"https:\/\/pkbmachines.com\/de\/\",\"name\":\"PKB Machines - Global leader in cosmetics and fragrance lines\",\"description\":\"Engineering Your Success in Cosmetics &amp; Perfume Industries\",\"alternateName\":\"PKB Machines\",\"potentialAction\":[{\"@type\":\"SearchAction\",\"target\":{\"@type\":\"EntryPoint\",\"urlTemplate\":\"https:\/\/pkbmachines.com\/de\/?s={search_term_string}\"},\"query-input\":{\"@type\":\"PropertyValueSpecification\",\"valueRequired\":true,\"valueName\":\"search_term_string\"}}],\"inLanguage\":\"de\"}]}<\/script>\n<!-- \/ Yoast SEO plugin. -->","yoast_head_json":{"title":"Dienstleistungen - PKB","description":"Erkunden Sie das umfangreiche Serviceangebot von PKB Machines zur Verbesserung und Wartung Ihrer Abf\u00fcll- und Verschlie\u00dfsysteme. Entdecken Sie unsere ma\u00dfgeschneiderten Wartungs-, Upgrade- und Schulungsprogramme zur Optimierung Ihrer Produktionseffizienz.","robots":{"index":"index","follow":"follow","max-snippet":"max-snippet:-1","max-image-preview":"max-image-preview:large","max-video-preview":"max-video-preview:-1"},"canonical":"https:\/\/pkbmachines.com\/de\/dienstleistungen\/","og_locale":"de_DE","og_type":"article","og_title":"Dienstleistungen - PKB","og_description":"Erkunden Sie das umfangreiche Serviceangebot von PKB Machines zur Verbesserung und Wartung Ihrer Abf\u00fcll- und Verschlie\u00dfsysteme. Entdecken Sie unsere ma\u00dfgeschneiderten Wartungs-, Upgrade- und Schulungsprogramme zur Optimierung Ihrer Produktionseffizienz.","og_url":"https:\/\/pkbmachines.com\/de\/dienstleistungen\/","og_site_name":"PKB","article_modified_time":"2025-02-12T14:22:20+00:00","twitter_card":"summary_large_image","schema":{"@context":"https:\/\/schema.org","@graph":[{"@type":"WebPage","@id":"https:\/\/pkbmachines.com\/de\/dienstleistungen\/","url":"https:\/\/pkbmachines.com\/de\/dienstleistungen\/","name":"Dienstleistungen - PKB","isPartOf":{"@id":"https:\/\/pkbmachines.com\/de\/#website"},"datePublished":"2023-07-10T12:46:19+00:00","dateModified":"2025-02-12T14:22:20+00:00","description":"Erkunden Sie das umfangreiche Serviceangebot von PKB Machines zur Verbesserung und Wartung Ihrer Abf\u00fcll- und Verschlie\u00dfsysteme. Entdecken Sie unsere ma\u00dfgeschneiderten Wartungs-, Upgrade- und Schulungsprogramme zur Optimierung Ihrer Produktionseffizienz.","breadcrumb":{"@id":"https:\/\/pkbmachines.com\/de\/dienstleistungen\/#breadcrumb"},"inLanguage":"de","potentialAction":[{"@type":"ReadAction","target":["https:\/\/pkbmachines.com\/de\/dienstleistungen\/"]}]},{"@type":"BreadcrumbList","@id":"https:\/\/pkbmachines.com\/de\/dienstleistungen\/#breadcrumb","itemListElement":[{"@type":"ListItem","position":1,"name":"Home","item":"https:\/\/pkbmachines.com\/de\/"},{"@type":"ListItem","position":2,"name":"Dienstleistungen"}]},{"@type":"WebSite","@id":"https:\/\/pkbmachines.com\/de\/#website","url":"https:\/\/pkbmachines.com\/de\/","name":"PKB Machines - Global leader in cosmetics and fragrance lines","description":"Engineering Your Success in Cosmetics &amp; Perfume Industries","alternateName":"PKB Machines","potentialAction":[{"@type":"SearchAction","target":{"@type":"EntryPoint","urlTemplate":"https:\/\/pkbmachines.com\/de\/?s={search_term_string}"},"query-input":{"@type":"PropertyValueSpecification","valueRequired":true,"valueName":"search_term_string"}}],"inLanguage":"de"}]}},"_links":{"self":[{"href":"https:\/\/pkbmachines.com\/de\/wp-json\/wp\/v2\/pages\/5437","targetHints":{"allow":["GET"]}}],"collection":[{"href":"https:\/\/pkbmachines.com\/de\/wp-json\/wp\/v2\/pages"}],"about":[{"href":"https:\/\/pkbmachines.com\/de\/wp-json\/wp\/v2\/types\/page"}],"author":[{"embeddable":true,"href":"https:\/\/pkbmachines.com\/de\/wp-json\/wp\/v2\/users\/1"}],"replies":[{"embeddable":true,"href":"https:\/\/pkbmachines.com\/de\/wp-json\/wp\/v2\/comments?post=5437"}],"version-history":[{"count":8,"href":"https:\/\/pkbmachines.com\/de\/wp-json\/wp\/v2\/pages\/5437\/revisions"}],"predecessor-version":[{"id":8123,"href":"https:\/\/pkbmachines.com\/de\/wp-json\/wp\/v2\/pages\/5437\/revisions\/8123"}],"wp:attachment":[{"href":"https:\/\/pkbmachines.com\/de\/wp-json\/wp\/v2\/media?parent=5437"}],"curies":[{"name":"wp","href":"https:\/\/api.w.org\/{rel}","templated":true}]}}