{"id":5375,"date":"2023-07-10T14:46:38","date_gmt":"2023-07-10T12:46:38","guid":{"rendered":"https:\/\/dev.pkbmachines.com\/newsroom\/"},"modified":"2025-02-12T15:20:51","modified_gmt":"2025-02-12T14:20:51","slug":"newsroom","status":"publish","type":"page","link":"https:\/\/pkbmachines.com\/de\/newsroom\/","title":{"rendered":"Newsroom"},"content":{"rendered":"\r\n<section class=\"block_parent      \" >\r\n\r\n    <a id=\"block_28b11e30abc5d138cfcd0e5183226a58\" style=\"position: absolute; top: -120px\"><\/a>\r\n\r\n    \r\n\r\n    \r\n    \r\n\r\n\r\n\r\n\r\n\r\n<section class=\"section newsroom-hero-section\">\r\n    <div class=\"container\">\r\n        <h1>Newsroom<\/h1>\r\n    <\/div>\r\n\r\n    <div class=\"swooch-divider swoosh67 py-50\">\r\n        <div class=\"light-gold-bg h100 position-relative z1\">\r\n            <img decoding=\"async\" src=\"https:\/\/pkbmachines.com\/wp-content\/uploads\/2023\/11\/newsroom_swooch-1900x648.png\" alt=\"\">\r\n        <\/div>\r\n    <\/div>  \r\n\r\n    <div class=\"container\">\r\n        <div class=\"row\">\r\n            <div class=\"col-lg-6 offset-lg-2 line12\">\r\n                                <h4><p>Werfen Sie einen Blick in die Welt<br \/>\nvon PKB, erfahren Sie mehr \u00fcber die Technologie und bleiben Sie auf dem Laufenden \u00fcber Branchenneuigkeiten<\/p>\n<\/h4>\r\n            <\/div>\r\n        <\/div>\r\n    <\/div>\r\n    \r\n<\/section>\r\n<!--\/\/END SECTION-->\r\n\r\n<\/section>\r\n<section class=\"block_parent      \" >\r\n\r\n    <a id=\"block_52cde0e23b637faad3ee32c58b5ca535\" style=\"position: absolute; top: -120px\"><\/a>\r\n\r\n    \r\n\r\n    \r\n    \r\n\r\n\r\n\r\n\r\n\r\n\r\n<section class=\"section newsroom-blog-section\">\r\n    <div class=\"container\">\r\n\r\n        <div class=\"section-header\">\r\n            <h1>Blog<\/h1>\r\n        <\/div>\r\n\r\n\r\n        \r\n\r\n        \r\n\r\n        <div class=\"posts\">\r\n\r\n            \r\n               \r\n\r\n        <\/div>\r\n\r\n        <div class=\"btn-wrap\"><a href=\"https:\/\/pkbmachines.com\/de\/\/blog\/\" class=\"btn-first\">ALL POSTS<\/a><\/div>\r\n\r\n    <\/div>\r\n<\/section>\r\n\r\n<\/section>\r\n<section class=\"block_parent section newsroom-events-section\r\n     my-50\" >\r\n\r\n    <a id=\"block_c4050fdb452cc70c64abf1bc3bedcbcc\" style=\"position: absolute; top: -120px\"><\/a>\r\n\r\n    \r\n\r\n    \r\n    \r\n\r\n\r\n\r\n\r\n\r\n            \r\n            \r\n    <div class=\"container\">\r\n\r\n        <div class=\"section-header\">\r\n            <h1>Handelsmessen &#038; Veranstaltungen<\/h1>\r\n        <\/div>\r\n\r\n        <div class=\"events\">\r\n\r\n\r\n            \r\n\r\n            \r\n                    \r\n<div fd=\"1778169679\" cd=\"1776902400\" event-start-date=\"1778169679\" class=\"clickable event \" style=\"order: 1778169679\">\r\n    <div class=\"newsroom-content-block\">\r\n        <a href=\"https:\/\/beauty-istanbul.com\/\" class=\"newsroom-logo-box\" style=\"height: auto; min-height: 22rem\"><span>\r\n            <img decoding=\"async\" src=\"https:\/\/pkbmachines.com\/wp-content\/themes\/pkb\/html\/images\/link-icon-box.png\" alt=\"\" ><\/span>\r\n            <img decoding=\"async\" src=\"https:\/\/pkbmachines.com\/wp-content\/uploads\/2025\/11\/BeautyIstanbul.jpg\" alt=\"\" style=\"max-height: 90px;\">\r\n        <\/a>\r\n\r\n                    <div class=\"date-box \">\r\n                <div class=\"date-box-icons\">\r\n                                            <span><img decoding=\"async\" src=\"https:\/\/pkbmachines.com\/wp-content\/themes\/pkb\/html\/images\/calendar.png\" alt=\"\"><\/span>\r\n                    \r\n                                            <span><img decoding=\"async\" src=\"https:\/\/pkbmachines.com\/wp-content\/themes\/pkb\/html\/images\/map-marker.png\" alt=\"\"><\/span>\r\n                                    <\/div>\r\n                <div>\r\n                                            <p>07\/05\/2026 &#8211; 09\/05\/2026<\/p>\r\n                    \r\n                                            <p>Istanbul<\/p>\r\n                                    <\/div>\r\n            <\/div>\r\n        \r\n        <h6>\r\n            BEAUTY ISTANBUL 2026            <a class=\"btn-first external\" href=\"https:\/\/beauty-istanbul.com\/\">\r\n               \r\n                Mehr            <\/a>\r\n        <\/h6>\r\n    <\/div>\r\n<\/div>   \r\n                \r\n            \r\n                       \r\n                \r\n            \r\n                       \r\n                \r\n            \r\n            \r\n        <\/div>\r\n\r\n        <div class=\"btn-wrap\"><a href=\"https:\/\/pkbmachines.com\/de\/\/trade-shows\" class=\"btn-first\">ALLE VERANSTALTUNGEN\n <span>\u00bb<\/span><\/a><\/div>\r\n\r\n    <\/div>\r\n\r\n    \r\n\r\n<\/section>","protected":false},"excerpt":{"rendered":"","protected":false},"author":1,"featured_media":5390,"parent":0,"menu_order":85,"comment_status":"closed","ping_status":"closed","template":"","meta":{"_acf_changed":false,"inline_featured_image":false,"footnotes":""},"class_list":["post-5375","page","type-page","status-publish","has-post-thumbnail","hentry"],"acf":[],"yoast_head":"<!-- This site is optimized with the Yoast SEO plugin v27.1.1 - https:\/\/yoast.com\/product\/yoast-seo-wordpress\/ -->\n<title>Newsroom - PKB<\/title>\n<meta name=\"description\" content=\"Bleiben Sie auf dem Laufenden mit den aktuellen Nachrichten von PKB Machines. In unserem Newsroom finden Sie die neuesten Informationen und Ank\u00fcndigungen zu unseren Abf\u00fcll- und Verschlie\u00dfl\u00f6sungen f\u00fcr die Kosmetik- und Parf\u00fcmindustrie.\" \/>\n<meta name=\"robots\" content=\"index, follow, max-snippet:-1, max-image-preview:large, max-video-preview:-1\" \/>\n<link rel=\"canonical\" href=\"https:\/\/pkbmachines.com\/de\/newsroom\/\" \/>\n<meta property=\"og:locale\" content=\"de_DE\" \/>\n<meta property=\"og:type\" content=\"article\" \/>\n<meta property=\"og:title\" content=\"Newsroom - PKB\" \/>\n<meta property=\"og:description\" content=\"Bleiben Sie auf dem Laufenden mit den aktuellen Nachrichten von PKB Machines. In unserem Newsroom finden Sie die neuesten Informationen und Ank\u00fcndigungen zu unseren Abf\u00fcll- und Verschlie\u00dfl\u00f6sungen f\u00fcr die Kosmetik- und Parf\u00fcmindustrie.\" \/>\n<meta property=\"og:url\" content=\"https:\/\/pkbmachines.com\/de\/newsroom\/\" \/>\n<meta property=\"og:site_name\" content=\"PKB\" \/>\n<meta property=\"article:modified_time\" content=\"2025-02-12T14:20:51+00:00\" \/>\n<meta property=\"og:image\" content=\"https:\/\/pkbmachines.com\/wp-content\/uploads\/2023\/11\/Frame-66.jpg\" \/>\n\t<meta property=\"og:image:width\" content=\"285\" \/>\n\t<meta property=\"og:image:height\" content=\"190\" \/>\n\t<meta property=\"og:image:type\" content=\"image\/jpeg\" \/>\n<meta name=\"twitter:card\" content=\"summary_large_image\" \/>\n<script type=\"application\/ld+json\" class=\"yoast-schema-graph\">{\"@context\":\"https:\/\/schema.org\",\"@graph\":[{\"@type\":\"WebPage\",\"@id\":\"https:\/\/pkbmachines.com\/de\/newsroom\/\",\"url\":\"https:\/\/pkbmachines.com\/de\/newsroom\/\",\"name\":\"Newsroom - PKB\",\"isPartOf\":{\"@id\":\"https:\/\/pkbmachines.com\/de\/#website\"},\"primaryImageOfPage\":{\"@id\":\"https:\/\/pkbmachines.com\/de\/newsroom\/#primaryimage\"},\"image\":{\"@id\":\"https:\/\/pkbmachines.com\/de\/newsroom\/#primaryimage\"},\"thumbnailUrl\":\"https:\/\/pkbmachines.com\/wp-content\/uploads\/2023\/11\/Frame-66.jpg\",\"datePublished\":\"2023-07-10T12:46:38+00:00\",\"dateModified\":\"2025-02-12T14:20:51+00:00\",\"description\":\"Bleiben Sie auf dem Laufenden mit den aktuellen Nachrichten von PKB Machines. In unserem Newsroom finden Sie die neuesten Informationen und Ank\u00fcndigungen zu unseren Abf\u00fcll- und Verschlie\u00dfl\u00f6sungen f\u00fcr die Kosmetik- und Parf\u00fcmindustrie.\",\"breadcrumb\":{\"@id\":\"https:\/\/pkbmachines.com\/de\/newsroom\/#breadcrumb\"},\"inLanguage\":\"de\",\"potentialAction\":[{\"@type\":\"ReadAction\",\"target\":[\"https:\/\/pkbmachines.com\/de\/newsroom\/\"]}]},{\"@type\":\"ImageObject\",\"inLanguage\":\"de\",\"@id\":\"https:\/\/pkbmachines.com\/de\/newsroom\/#primaryimage\",\"url\":\"https:\/\/pkbmachines.com\/wp-content\/uploads\/2023\/11\/Frame-66.jpg\",\"contentUrl\":\"https:\/\/pkbmachines.com\/wp-content\/uploads\/2023\/11\/Frame-66.jpg\",\"width\":285,\"height\":190},{\"@type\":\"BreadcrumbList\",\"@id\":\"https:\/\/pkbmachines.com\/de\/newsroom\/#breadcrumb\",\"itemListElement\":[{\"@type\":\"ListItem\",\"position\":1,\"name\":\"Home\",\"item\":\"https:\/\/pkbmachines.com\/de\/\"},{\"@type\":\"ListItem\",\"position\":2,\"name\":\"Newsroom\"}]},{\"@type\":\"WebSite\",\"@id\":\"https:\/\/pkbmachines.com\/de\/#website\",\"url\":\"https:\/\/pkbmachines.com\/de\/\",\"name\":\"PKB Machines - Global leader in cosmetics and fragrance lines\",\"description\":\"Engineering Your Success in Cosmetics &amp; Perfume Industries\",\"alternateName\":\"PKB Machines\",\"potentialAction\":[{\"@type\":\"SearchAction\",\"target\":{\"@type\":\"EntryPoint\",\"urlTemplate\":\"https:\/\/pkbmachines.com\/de\/?s={search_term_string}\"},\"query-input\":{\"@type\":\"PropertyValueSpecification\",\"valueRequired\":true,\"valueName\":\"search_term_string\"}}],\"inLanguage\":\"de\"}]}<\/script>\n<!-- \/ Yoast SEO plugin. -->","yoast_head_json":{"title":"Newsroom - PKB","description":"Bleiben Sie auf dem Laufenden mit den aktuellen Nachrichten von PKB Machines. In unserem Newsroom finden Sie die neuesten Informationen und Ank\u00fcndigungen zu unseren Abf\u00fcll- und Verschlie\u00dfl\u00f6sungen f\u00fcr die Kosmetik- und Parf\u00fcmindustrie.","robots":{"index":"index","follow":"follow","max-snippet":"max-snippet:-1","max-image-preview":"max-image-preview:large","max-video-preview":"max-video-preview:-1"},"canonical":"https:\/\/pkbmachines.com\/de\/newsroom\/","og_locale":"de_DE","og_type":"article","og_title":"Newsroom - PKB","og_description":"Bleiben Sie auf dem Laufenden mit den aktuellen Nachrichten von PKB Machines. In unserem Newsroom finden Sie die neuesten Informationen und Ank\u00fcndigungen zu unseren Abf\u00fcll- und Verschlie\u00dfl\u00f6sungen f\u00fcr die Kosmetik- und Parf\u00fcmindustrie.","og_url":"https:\/\/pkbmachines.com\/de\/newsroom\/","og_site_name":"PKB","article_modified_time":"2025-02-12T14:20:51+00:00","og_image":[{"width":285,"height":190,"url":"https:\/\/pkbmachines.com\/wp-content\/uploads\/2023\/11\/Frame-66.jpg","type":"image\/jpeg"}],"twitter_card":"summary_large_image","schema":{"@context":"https:\/\/schema.org","@graph":[{"@type":"WebPage","@id":"https:\/\/pkbmachines.com\/de\/newsroom\/","url":"https:\/\/pkbmachines.com\/de\/newsroom\/","name":"Newsroom - PKB","isPartOf":{"@id":"https:\/\/pkbmachines.com\/de\/#website"},"primaryImageOfPage":{"@id":"https:\/\/pkbmachines.com\/de\/newsroom\/#primaryimage"},"image":{"@id":"https:\/\/pkbmachines.com\/de\/newsroom\/#primaryimage"},"thumbnailUrl":"https:\/\/pkbmachines.com\/wp-content\/uploads\/2023\/11\/Frame-66.jpg","datePublished":"2023-07-10T12:46:38+00:00","dateModified":"2025-02-12T14:20:51+00:00","description":"Bleiben Sie auf dem Laufenden mit den aktuellen Nachrichten von PKB Machines. In unserem Newsroom finden Sie die neuesten Informationen und Ank\u00fcndigungen zu unseren Abf\u00fcll- und Verschlie\u00dfl\u00f6sungen f\u00fcr die Kosmetik- und Parf\u00fcmindustrie.","breadcrumb":{"@id":"https:\/\/pkbmachines.com\/de\/newsroom\/#breadcrumb"},"inLanguage":"de","potentialAction":[{"@type":"ReadAction","target":["https:\/\/pkbmachines.com\/de\/newsroom\/"]}]},{"@type":"ImageObject","inLanguage":"de","@id":"https:\/\/pkbmachines.com\/de\/newsroom\/#primaryimage","url":"https:\/\/pkbmachines.com\/wp-content\/uploads\/2023\/11\/Frame-66.jpg","contentUrl":"https:\/\/pkbmachines.com\/wp-content\/uploads\/2023\/11\/Frame-66.jpg","width":285,"height":190},{"@type":"BreadcrumbList","@id":"https:\/\/pkbmachines.com\/de\/newsroom\/#breadcrumb","itemListElement":[{"@type":"ListItem","position":1,"name":"Home","item":"https:\/\/pkbmachines.com\/de\/"},{"@type":"ListItem","position":2,"name":"Newsroom"}]},{"@type":"WebSite","@id":"https:\/\/pkbmachines.com\/de\/#website","url":"https:\/\/pkbmachines.com\/de\/","name":"PKB Machines - Global leader in cosmetics and fragrance lines","description":"Engineering Your Success in Cosmetics &amp; Perfume Industries","alternateName":"PKB Machines","potentialAction":[{"@type":"SearchAction","target":{"@type":"EntryPoint","urlTemplate":"https:\/\/pkbmachines.com\/de\/?s={search_term_string}"},"query-input":{"@type":"PropertyValueSpecification","valueRequired":true,"valueName":"search_term_string"}}],"inLanguage":"de"}]}},"_links":{"self":[{"href":"https:\/\/pkbmachines.com\/de\/wp-json\/wp\/v2\/pages\/5375","targetHints":{"allow":["GET"]}}],"collection":[{"href":"https:\/\/pkbmachines.com\/de\/wp-json\/wp\/v2\/pages"}],"about":[{"href":"https:\/\/pkbmachines.com\/de\/wp-json\/wp\/v2\/types\/page"}],"author":[{"embeddable":true,"href":"https:\/\/pkbmachines.com\/de\/wp-json\/wp\/v2\/users\/1"}],"replies":[{"embeddable":true,"href":"https:\/\/pkbmachines.com\/de\/wp-json\/wp\/v2\/comments?post=5375"}],"version-history":[{"count":9,"href":"https:\/\/pkbmachines.com\/de\/wp-json\/wp\/v2\/pages\/5375\/revisions"}],"predecessor-version":[{"id":8114,"href":"https:\/\/pkbmachines.com\/de\/wp-json\/wp\/v2\/pages\/5375\/revisions\/8114"}],"wp:featuredmedia":[{"embeddable":true,"href":"https:\/\/pkbmachines.com\/de\/wp-json\/wp\/v2\/media\/5390"}],"wp:attachment":[{"href":"https:\/\/pkbmachines.com\/de\/wp-json\/wp\/v2\/media?parent=5375"}],"curies":[{"name":"wp","href":"https:\/\/api.w.org\/{rel}","templated":true}]}}