{"id":5374,"date":"2023-08-10T22:03:36","date_gmt":"2023-08-10T20:03:36","guid":{"rendered":"https:\/\/dev.pkbmachines.com\/fallstudien\/"},"modified":"2025-02-12T15:00:58","modified_gmt":"2025-02-12T14:00:58","slug":"fallstudien","status":"publish","type":"page","link":"https:\/\/pkbmachines.com\/de\/fallstudien\/","title":{"rendered":"Fallstudien"},"content":{"rendered":"\r\n<section class=\"block_parent      \" >\r\n\r\n    <a id=\"block_d591f1ad58193fb3daa40d16982e2f31\" style=\"position: absolute; top: -120px\"><\/a>\r\n\r\n    \r\n\r\n    \r\n    \r\n\r\n\r\n\r\n\r\n\r\n<section class=\"section newsroom-hero-section\">\r\n    <div class=\"container\">\r\n        <h1>Fallstudien<\/h1>\r\n    <\/div>\r\n\r\n    <div class=\"swooch-divider swoosh67 py-50\">\r\n        <div class=\"light-gold-bg h100 position-relative z1\">\r\n            <img decoding=\"async\" src=\"https:\/\/pkbmachines.com\/wp-content\/uploads\/2023\/11\/case_studies_swoosh-1900x640.png\" alt=\"\">\r\n        <\/div>\r\n    <\/div>  \r\n\r\n    <div class=\"container\">\r\n        <div class=\"row\">\r\n            <div class=\"col-lg-6 offset-lg-2 line12\">\r\n                                <h4><p>Erfahren Sie, wie unsere Technologie die Leistung im Produktionsverfahren verbessert und zum Erfolg unserer Kunden beitr\u00e4gt.<\/p>\n<\/h4>\r\n            <\/div>\r\n        <\/div>\r\n    <\/div>\r\n    \r\n<\/section>\r\n<!--\/\/END SECTION-->\r\n\r\n<\/section>\r\n<section class=\"block_parent section case-studies-section white-b-color case-studies-section-list\r\n     \" >\r\n\r\n    <a id=\"block_3eb07baac5a94f8345f58d02ce0c1c4b\" style=\"position: absolute; top: -120px\"><\/a>\r\n\r\n    \r\n\r\n    \r\n    \r\n\r\n\r\n\r\n\r\n\r\n\r\n    <div class=\"container\">\r\n        <div class=\"col-lg-8 offset-lg-2\">\r\n            <div class=\"section-content\">\r\n                <div class=\"case-studies-slider\">\r\n                    <div class=\"swiper-wrapper grid1\">\r\n\r\n                        \r\n\r\n                        \r\n                        \r\n\r\n                    <\/div>\r\n                <\/div>\r\n            <\/div>\r\n        <\/div>\r\n        \r\n\r\n    <\/div>\r\n\r\n\r\n<\/section>","protected":false},"excerpt":{"rendered":"","protected":false},"author":1,"featured_media":0,"parent":0,"menu_order":33,"comment_status":"closed","ping_status":"closed","template":"","meta":{"_acf_changed":false,"inline_featured_image":false,"footnotes":""},"class_list":["post-5374","page","type-page","status-publish","hentry"],"acf":[],"yoast_head":"<!-- This site is optimized with the Yoast SEO plugin v27.1.1 - https:\/\/yoast.com\/product\/yoast-seo-wordpress\/ -->\n<title>Fallstudien - PKB<\/title>\n<meta name=\"description\" content=\"Sehen Sie sich Fallstudien von PKB Machines an und erfahren Sie, wie unsere fortschrittlichen Abf\u00fcll- und Verschlie\u00dfl\u00f6sungen den Erfolg in der Kosmetik- und Parf\u00fcmindustrie vorantreiben. Lernen Sie von den Anwendungen und Ergebnissen aus der Praxis.\" \/>\n<meta name=\"robots\" content=\"index, follow, max-snippet:-1, max-image-preview:large, max-video-preview:-1\" \/>\n<link rel=\"canonical\" href=\"https:\/\/pkbmachines.com\/de\/fallstudien\/\" \/>\n<meta property=\"og:locale\" content=\"de_DE\" \/>\n<meta property=\"og:type\" content=\"article\" \/>\n<meta property=\"og:title\" content=\"Fallstudien - PKB\" \/>\n<meta property=\"og:description\" content=\"Sehen Sie sich Fallstudien von PKB Machines an und erfahren Sie, wie unsere fortschrittlichen Abf\u00fcll- und Verschlie\u00dfl\u00f6sungen den Erfolg in der Kosmetik- und Parf\u00fcmindustrie vorantreiben. Lernen Sie von den Anwendungen und Ergebnissen aus der Praxis.\" \/>\n<meta property=\"og:url\" content=\"https:\/\/pkbmachines.com\/de\/fallstudien\/\" \/>\n<meta property=\"og:site_name\" content=\"PKB\" \/>\n<meta property=\"article:modified_time\" content=\"2025-02-12T14:00:58+00:00\" \/>\n<meta name=\"twitter:card\" content=\"summary_large_image\" \/>\n<script type=\"application\/ld+json\" class=\"yoast-schema-graph\">{\"@context\":\"https:\/\/schema.org\",\"@graph\":[{\"@type\":\"WebPage\",\"@id\":\"https:\/\/pkbmachines.com\/de\/fallstudien\/\",\"url\":\"https:\/\/pkbmachines.com\/de\/fallstudien\/\",\"name\":\"Fallstudien - PKB\",\"isPartOf\":{\"@id\":\"https:\/\/pkbmachines.com\/de\/#website\"},\"datePublished\":\"2023-08-10T20:03:36+00:00\",\"dateModified\":\"2025-02-12T14:00:58+00:00\",\"description\":\"Sehen Sie sich Fallstudien von PKB Machines an und erfahren Sie, wie unsere fortschrittlichen Abf\u00fcll- und Verschlie\u00dfl\u00f6sungen den Erfolg in der Kosmetik- und Parf\u00fcmindustrie vorantreiben. Lernen Sie von den Anwendungen und Ergebnissen aus der Praxis.\",\"breadcrumb\":{\"@id\":\"https:\/\/pkbmachines.com\/de\/fallstudien\/#breadcrumb\"},\"inLanguage\":\"de\",\"potentialAction\":[{\"@type\":\"ReadAction\",\"target\":[\"https:\/\/pkbmachines.com\/de\/fallstudien\/\"]}]},{\"@type\":\"BreadcrumbList\",\"@id\":\"https:\/\/pkbmachines.com\/de\/fallstudien\/#breadcrumb\",\"itemListElement\":[{\"@type\":\"ListItem\",\"position\":1,\"name\":\"Home\",\"item\":\"https:\/\/pkbmachines.com\/de\/\"},{\"@type\":\"ListItem\",\"position\":2,\"name\":\"Fallstudien\"}]},{\"@type\":\"WebSite\",\"@id\":\"https:\/\/pkbmachines.com\/de\/#website\",\"url\":\"https:\/\/pkbmachines.com\/de\/\",\"name\":\"PKB Machines - Global leader in cosmetics and fragrance lines\",\"description\":\"Engineering Your Success in Cosmetics &amp; Perfume Industries\",\"alternateName\":\"PKB Machines\",\"potentialAction\":[{\"@type\":\"SearchAction\",\"target\":{\"@type\":\"EntryPoint\",\"urlTemplate\":\"https:\/\/pkbmachines.com\/de\/?s={search_term_string}\"},\"query-input\":{\"@type\":\"PropertyValueSpecification\",\"valueRequired\":true,\"valueName\":\"search_term_string\"}}],\"inLanguage\":\"de\"}]}<\/script>\n<!-- \/ Yoast SEO plugin. -->","yoast_head_json":{"title":"Fallstudien - PKB","description":"Sehen Sie sich Fallstudien von PKB Machines an und erfahren Sie, wie unsere fortschrittlichen Abf\u00fcll- und Verschlie\u00dfl\u00f6sungen den Erfolg in der Kosmetik- und Parf\u00fcmindustrie vorantreiben. Lernen Sie von den Anwendungen und Ergebnissen aus der Praxis.","robots":{"index":"index","follow":"follow","max-snippet":"max-snippet:-1","max-image-preview":"max-image-preview:large","max-video-preview":"max-video-preview:-1"},"canonical":"https:\/\/pkbmachines.com\/de\/fallstudien\/","og_locale":"de_DE","og_type":"article","og_title":"Fallstudien - PKB","og_description":"Sehen Sie sich Fallstudien von PKB Machines an und erfahren Sie, wie unsere fortschrittlichen Abf\u00fcll- und Verschlie\u00dfl\u00f6sungen den Erfolg in der Kosmetik- und Parf\u00fcmindustrie vorantreiben. Lernen Sie von den Anwendungen und Ergebnissen aus der Praxis.","og_url":"https:\/\/pkbmachines.com\/de\/fallstudien\/","og_site_name":"PKB","article_modified_time":"2025-02-12T14:00:58+00:00","twitter_card":"summary_large_image","schema":{"@context":"https:\/\/schema.org","@graph":[{"@type":"WebPage","@id":"https:\/\/pkbmachines.com\/de\/fallstudien\/","url":"https:\/\/pkbmachines.com\/de\/fallstudien\/","name":"Fallstudien - PKB","isPartOf":{"@id":"https:\/\/pkbmachines.com\/de\/#website"},"datePublished":"2023-08-10T20:03:36+00:00","dateModified":"2025-02-12T14:00:58+00:00","description":"Sehen Sie sich Fallstudien von PKB Machines an und erfahren Sie, wie unsere fortschrittlichen Abf\u00fcll- und Verschlie\u00dfl\u00f6sungen den Erfolg in der Kosmetik- und Parf\u00fcmindustrie vorantreiben. Lernen Sie von den Anwendungen und Ergebnissen aus der Praxis.","breadcrumb":{"@id":"https:\/\/pkbmachines.com\/de\/fallstudien\/#breadcrumb"},"inLanguage":"de","potentialAction":[{"@type":"ReadAction","target":["https:\/\/pkbmachines.com\/de\/fallstudien\/"]}]},{"@type":"BreadcrumbList","@id":"https:\/\/pkbmachines.com\/de\/fallstudien\/#breadcrumb","itemListElement":[{"@type":"ListItem","position":1,"name":"Home","item":"https:\/\/pkbmachines.com\/de\/"},{"@type":"ListItem","position":2,"name":"Fallstudien"}]},{"@type":"WebSite","@id":"https:\/\/pkbmachines.com\/de\/#website","url":"https:\/\/pkbmachines.com\/de\/","name":"PKB Machines - Global leader in cosmetics and fragrance lines","description":"Engineering Your Success in Cosmetics &amp; Perfume Industries","alternateName":"PKB Machines","potentialAction":[{"@type":"SearchAction","target":{"@type":"EntryPoint","urlTemplate":"https:\/\/pkbmachines.com\/de\/?s={search_term_string}"},"query-input":{"@type":"PropertyValueSpecification","valueRequired":true,"valueName":"search_term_string"}}],"inLanguage":"de"}]}},"_links":{"self":[{"href":"https:\/\/pkbmachines.com\/de\/wp-json\/wp\/v2\/pages\/5374","targetHints":{"allow":["GET"]}}],"collection":[{"href":"https:\/\/pkbmachines.com\/de\/wp-json\/wp\/v2\/pages"}],"about":[{"href":"https:\/\/pkbmachines.com\/de\/wp-json\/wp\/v2\/types\/page"}],"author":[{"embeddable":true,"href":"https:\/\/pkbmachines.com\/de\/wp-json\/wp\/v2\/users\/1"}],"replies":[{"embeddable":true,"href":"https:\/\/pkbmachines.com\/de\/wp-json\/wp\/v2\/comments?post=5374"}],"version-history":[{"count":2,"href":"https:\/\/pkbmachines.com\/de\/wp-json\/wp\/v2\/pages\/5374\/revisions"}],"predecessor-version":[{"id":7942,"href":"https:\/\/pkbmachines.com\/de\/wp-json\/wp\/v2\/pages\/5374\/revisions\/7942"}],"wp:attachment":[{"href":"https:\/\/pkbmachines.com\/de\/wp-json\/wp\/v2\/media?parent=5374"}],"curies":[{"name":"wp","href":"https:\/\/api.w.org\/{rel}","templated":true}]}}